{"id":199,"date":"2019-07-06T22:04:08","date_gmt":"2019-07-06T19:04:08","guid":{"rendered":"https:\/\/meripelastus.fi\/helsinki-vedos\/?page_id=199"},"modified":"2025-10-19T22:32:14","modified_gmt":"2025-10-19T19:32:14","slug":"lehti","status":"publish","type":"page","link":"https:\/\/meripelastus.fi\/helsinki\/toiminta\/ole-mukana\/lehti\/","title":{"rendered":"Lehti ja esitteet"},"content":{"rendered":"<p><strong>Stadin Trossi -lehti<\/strong><\/p>\n<p>Helsingin Meripelastusyhdistyksen j\u00e4senlehti Stadin Trossi ilmestyy nelj\u00e4 kertaa vuodessa ja j\u00e4senet saavat sen kotiinsa automaattisesti.<\/p>\n<p>Lehdess\u00e4 k\u00e4sitell\u00e4\u00e4n ajankohtaisia meriturvallisuuteen liittyvi\u00e4 asioita paikallisesti p\u00e4\u00e4kaupunkiseudun n\u00e4k\u00f6kulmasta. Lehti toimii my\u00f6s yhdistyksen ajankohtaisten asioiden ja tapahtumien esittelij\u00e4n\u00e4 t\u00e4ydent\u00e4en n\u00e4in kattoj\u00e4rjest\u00f6 Suomen Meripelastusseuran j\u00e4senlehte\u00e4.<\/p>\n<p>Lehden ensimm\u00e4iset numerot ovat ilmestyneet 1970-luvulla ja s\u00e4\u00e4nn\u00f6llisesti lehti on ilmestynyt, ensin Meripelastus-nimisen\u00e4 1980-luvulta l\u00e4htien. Nimi muuttui Stadin Trossiksi vuoden 2016 aliusta. Uusimman j\u00e4senlehden voit lukea my\u00f6s tekstin alta. Uusin lehti tulee s\u00e4hk\u00f6isesti luettavaksi pari viikkoa ilmestymisen j\u00e4lkeen.<\/p>\n<p><a href=\"https:\/\/meripelastus.fi\/helsinki\/wp-content\/uploads\/sites\/21\/2024\/02\/No-3-4.2023-aukeamittain.pdf\" target=\"_blank\" rel=\"noopener\">Numero 3-4\/2023<\/a><\/p>\n<p><a href=\"https:\/\/meripelastus.fi\/helsinki\/wp-content\/uploads\/sites\/21\/2024\/02\/2_2023-aukeamittain.pdf\" target=\"_blank\" rel=\"noopener\">Numero 2\/2023<\/a><\/p>\n<p><a href=\"https:\/\/meripelastus.fi\/helsinki\/wp-content\/uploads\/sites\/21\/2024\/02\/1_23-StadinTrossi_aukeamittain.pdf\">Numero 1\/2023<\/a><\/p>\n<p><a href=\"https:\/\/meripelastus.fi\/helsinki\/wp-content\/uploads\/sites\/21\/2023\/05\/Stadin-Trossi3_22kevyt.pdf\">Numero 3\/2022<\/a><br \/>\n<a href=\"https:\/\/meripelastus.fi\/helsinki\/wp-content\/uploads\/sites\/21\/2023\/05\/TROSSI2_22-sivuttain.pdf\">Numero 2\/2022<\/a><br \/>\n<a href=\"https:\/\/meripelastus.fi\/helsinki\/wp-content\/uploads\/sites\/21\/2022\/06\/StadinTrossi1_2022.pdf\">Numero 1\/2022<\/a><\/p>\n<p><a href=\"https:\/\/meripelastus.fi\/helsinki\/wp-content\/uploads\/sites\/21\/2022\/01\/Stadin-trossi4_21.pdf\">Numero 4\/2021<\/a><br \/>\n<a href=\"https:\/\/meripelastus.fi\/helsinki\/wp-content\/uploads\/sites\/21\/2022\/01\/3_21_PDFsivuttain.pdf\">Numero 3\/2021<\/a><br \/>\n<a href=\"https:\/\/meripelastus.fi\/helsinki\/wp-content\/uploads\/sites\/21\/2021\/09\/Lehti_2_21_aukeamittain.pdf\" target=\"_blank\" rel=\"noopener\">Numero 2\/2021<\/a><br \/>\n<a href=\"https:\/\/meripelastus.fi\/helsinki\/wp-content\/uploads\/sites\/21\/2021\/06\/Lehti1_21_aukeamittain.pdf\">Numero 1\/2021<\/a><\/p>\n<p><a href=\"https:\/\/meripelastus.fi\/helsinki\/wp-content\/uploads\/sites\/21\/2020\/12\/Lehti_4_20-sivuttain.pdf\">Numero 4\/2020<\/a><br \/>\n<a href=\"https:\/\/meripelastus.fi\/helsinki\/wp-content\/uploads\/sites\/21\/2020\/09\/Lehti3__20_sivuttain.pdf\" target=\"_blank\" rel=\"noopener noreferrer\">Numero 3\/2020<\/a><br \/>\n<a href=\"https:\/\/meripelastus.fi\/helsinki\/wp-content\/uploads\/sites\/21\/2020\/07\/Lehti2__20_sivuttain.pdf\" target=\"_blank\" rel=\"noopener noreferrer\">Numero 2\/2020<\/a><br \/>\n<a href=\"https:\/\/meripelastus.fi\/helsinki\/wp-content\/uploads\/sites\/21\/2020\/04\/Lehti_1_20_sivuttain.pdf\">Numero 1\/2020<\/a><\/p>\n<p><a href=\"https:\/\/meripelastus.fi\/helsinki\/wp-content\/uploads\/sites\/21\/2020\/01\/Lehti_4_19.pdf\" target=\"_blank\" rel=\"noopener noreferrer\">Numero 4\/2019<\/a><br \/>\n<a href=\"https:\/\/meripelastus.fi\/helsinki\/wp-content\/uploads\/sites\/21\/2020\/01\/Lehti_3_19.pdf\" target=\"_blank\" rel=\"noopener noreferrer\">Numero 3\/2019<\/a><br \/>\n<a href=\"https:\/\/meripelastus.fi\/helsinki-vedos\/wp-content\/uploads\/sites\/21\/2019\/10\/Lehti_2_19.pdf\" target=\"_blank\" rel=\"noopener noreferrer\">Numero 2\/2019<\/a><br \/>\n<a href=\"https:\/\/meripelastus.fi\/helsinki-vedos\/wp-content\/uploads\/sites\/21\/2019\/10\/Lehti1_2019.pdf\" target=\"_blank\" rel=\"noopener noreferrer\">Numero 1\/2019<\/a><\/p>\n<p><a href=\"https:\/\/meripelastus.fi\/helsinki-vedos\/wp-content\/uploads\/sites\/21\/2019\/10\/Lehti3_18.pdf\" target=\"_blank\" rel=\"noopener noreferrer\">Numero 3-4\/2018<\/a><br \/>\n<a href=\"https:\/\/meripelastus.fi\/helsinki-vedos\/wp-content\/uploads\/sites\/21\/2019\/10\/Lehti2_18.pdf\" target=\"_blank\" rel=\"noopener noreferrer\">Numero 2\/2018<\/a><br \/>\n<a href=\"https:\/\/meripelastus.fi\/helsinki-vedos\/wp-content\/uploads\/sites\/21\/2019\/10\/Lehti1_18.pdf\" target=\"_blank\" rel=\"noopener noreferrer\">Numero 1\/2018<\/a><\/p>\n<p><a href=\"https:\/\/meripelastus.fi\/helsinki-vedos\/wp-content\/uploads\/sites\/21\/2019\/10\/Lehti4_17.pdf\" target=\"_blank\" rel=\"noopener noreferrer\">Numero 4\/2017<\/a><br \/>\n<a href=\"https:\/\/meripelastus.fi\/helsinki-vedos\/wp-content\/uploads\/sites\/21\/2019\/10\/Lehti3_17.pdf\" target=\"_blank\" rel=\"noopener noreferrer\">Numero 3\/2017<\/a><br \/>\n<a href=\"https:\/\/meripelastus.fi\/helsinki-vedos\/wp-content\/uploads\/sites\/21\/2019\/10\/Lehti2_17.pdf\" target=\"_blank\" rel=\"noopener noreferrer\">Numero 2\/2017<\/a><br \/>\n<a href=\"https:\/\/meripelastus.fi\/helsinki-vedos\/wp-content\/uploads\/sites\/21\/2019\/10\/Lehti1_17.pdf\" target=\"_blank\" rel=\"noopener noreferrer\">Numero 1\/2017<\/a><\/p>\n<p><a href=\"https:\/\/meripelastus.fi\/helsinki-vedos\/wp-content\/uploads\/sites\/21\/2019\/10\/mediakortti-2017kevyt.pdf\" target=\"_blank\" rel=\"noopener noreferrer\">Mediakortti<\/a><\/p>\n<hr \/>\n<p><strong>Arkisto<\/strong><\/p>\n<p>J\u00e4senlehden vanhemmat numerot on arkistoitu ja p\u00e4\u00e4set lukemaan niit\u00e4 <a href=\"https:\/\/meripelastus.fi\/helsinki\/lehtiarkisto\/\">t\u00e4\u00e4lt\u00e4.<\/a><\/p>\n","protected":false},"excerpt":{"rendered":"<p>Stadin Trossi -lehti Helsingin Meripelastusyhdistyksen j\u00e4senlehti Stadin Trossi ilmestyy nelj\u00e4 kertaa vuodessa ja j\u00e4senet saavat sen kotiinsa automaattisesti. Lehdess\u00e4 k\u00e4sitell\u00e4\u00e4n ajankohtaisia meriturvallisuuteen liittyvi\u00e4 asioita paikallisesti p\u00e4\u00e4kaupunkiseudun n\u00e4k\u00f6kulmasta. Lehti toimii my\u00f6s yhdistyksen ajankohtaisten asioiden ja tapahtumien esittelij\u00e4n\u00e4 t\u00e4ydent\u00e4en n\u00e4in kattoj\u00e4rjest\u00f6 Suomen Meripelastusseuran j\u00e4senlehte\u00e4. Lehden ensimm\u00e4iset numerot ovat ilmestyneet 1970-luvulla ja s\u00e4\u00e4nn\u00f6llisesti lehti on ilmestynyt, ensin Meripelastus-nimisen\u00e4 [&hellip;]<\/p>\n","protected":false},"author":51,"featured_media":2234,"parent":195,"menu_order":0,"comment_status":"closed","ping_status":"closed","template":"","meta":{"_acf_changed":false,"inline_featured_image":false,"footnotes":""},"class_list":["post-199","page","type-page","status-publish","has-post-thumbnail","hentry"],"acf":[],"yoast_head":"<!-- This site is optimized with the Yoast SEO Premium plugin v27.2 (Yoast SEO v27.2) - https:\/\/yoast.com\/product\/yoast-seo-premium-wordpress\/ -->\n<title>Lehti ja esitteet - Helsingin Meripelastusyhdistys<\/title>\n<meta name=\"robots\" content=\"index, follow, max-snippet:-1, max-image-preview:large, max-video-preview:-1\" \/>\n<link rel=\"canonical\" href=\"https:\/\/meripelastus.fi\/helsinki\/toiminta\/ole-mukana\/lehti\/\" \/>\n<meta property=\"og:locale\" content=\"fi_FI\" \/>\n<meta property=\"og:type\" content=\"article\" \/>\n<meta property=\"og:title\" content=\"Lehti ja esitteet\" \/>\n<meta property=\"og:description\" content=\"Stadin Trossi -lehti Helsingin Meripelastusyhdistyksen j\u00e4senlehti Stadin Trossi ilmestyy nelj\u00e4 kertaa vuodessa ja j\u00e4senet saavat sen kotiinsa automaattisesti. Lehdess\u00e4 k\u00e4sitell\u00e4\u00e4n ajankohtaisia meriturvallisuuteen liittyvi\u00e4 asioita paikallisesti p\u00e4\u00e4kaupunkiseudun n\u00e4k\u00f6kulmasta. Lehti toimii my\u00f6s yhdistyksen ajankohtaisten asioiden ja tapahtumien esittelij\u00e4n\u00e4 t\u00e4ydent\u00e4en n\u00e4in kattoj\u00e4rjest\u00f6 Suomen Meripelastusseuran j\u00e4senlehte\u00e4. Lehden ensimm\u00e4iset numerot ovat ilmestyneet 1970-luvulla ja s\u00e4\u00e4nn\u00f6llisesti lehti on ilmestynyt, ensin Meripelastus-nimisen\u00e4 [&hellip;]\" \/>\n<meta property=\"og:url\" content=\"https:\/\/meripelastus.fi\/helsinki\/toiminta\/ole-mukana\/lehti\/\" \/>\n<meta property=\"og:site_name\" content=\"Helsingin Meripelastusyhdistys\" \/>\n<meta property=\"article:modified_time\" content=\"2025-10-19T19:32:14+00:00\" \/>\n<meta property=\"og:image\" content=\"https:\/\/meripelastus.fi\/helsinki\/wp-content\/uploads\/sites\/21\/2025\/10\/Mika-Pakarinen_B0I6673-Edit-1.jpg\" \/>\n\t<meta property=\"og:image:width\" content=\"2048\" \/>\n\t<meta property=\"og:image:height\" content=\"1366\" \/>\n\t<meta property=\"og:image:type\" content=\"image\/jpeg\" \/>\n<meta name=\"twitter:card\" content=\"summary_large_image\" \/>\n<meta name=\"twitter:label1\" content=\"Arvioitu lukuaika\" \/>\n\t<meta name=\"twitter:data1\" content=\"2 minuuttia\" \/>\n<script type=\"application\/ld+json\" class=\"yoast-schema-graph\">{\"@context\":\"https:\/\/schema.org\",\"@graph\":[{\"@type\":\"WebPage\",\"@id\":\"https:\/\/meripelastus.fi\/helsinki\/toiminta\/ole-mukana\/lehti\/\",\"url\":\"https:\/\/meripelastus.fi\/helsinki\/toiminta\/ole-mukana\/lehti\/\",\"name\":\"Lehti ja esitteet - Helsingin Meripelastusyhdistys\",\"isPartOf\":{\"@id\":\"https:\/\/meripelastus.fi\/helsinki\/#website\"},\"primaryImageOfPage\":{\"@id\":\"https:\/\/meripelastus.fi\/helsinki\/toiminta\/ole-mukana\/lehti\/#primaryimage\"},\"image\":{\"@id\":\"https:\/\/meripelastus.fi\/helsinki\/toiminta\/ole-mukana\/lehti\/#primaryimage\"},\"thumbnailUrl\":\"https:\/\/meripelastus.fi\/helsinki\/wp-content\/uploads\/sites\/21\/2025\/10\/Mika-Pakarinen_B0I6673-Edit-1.jpg\",\"datePublished\":\"2019-07-06T19:04:08+00:00\",\"dateModified\":\"2025-10-19T19:32:14+00:00\",\"breadcrumb\":{\"@id\":\"https:\/\/meripelastus.fi\/helsinki\/toiminta\/ole-mukana\/lehti\/#breadcrumb\"},\"inLanguage\":\"fi\",\"potentialAction\":[{\"@type\":\"ReadAction\",\"target\":[\"https:\/\/meripelastus.fi\/helsinki\/toiminta\/ole-mukana\/lehti\/\"]}]},{\"@type\":\"ImageObject\",\"inLanguage\":\"fi\",\"@id\":\"https:\/\/meripelastus.fi\/helsinki\/toiminta\/ole-mukana\/lehti\/#primaryimage\",\"url\":\"https:\/\/meripelastus.fi\/helsinki\/wp-content\/uploads\/sites\/21\/2025\/10\/Mika-Pakarinen_B0I6673-Edit-1.jpg\",\"contentUrl\":\"https:\/\/meripelastus.fi\/helsinki\/wp-content\/uploads\/sites\/21\/2025\/10\/Mika-Pakarinen_B0I6673-Edit-1.jpg\",\"width\":2048,\"height\":1366},{\"@type\":\"BreadcrumbList\",\"@id\":\"https:\/\/meripelastus.fi\/helsinki\/toiminta\/ole-mukana\/lehti\/#breadcrumb\",\"itemListElement\":[{\"@type\":\"ListItem\",\"position\":1,\"name\":\"Etusivu\",\"item\":\"https:\/\/meripelastus.fi\/helsinki\/\"},{\"@type\":\"ListItem\",\"position\":2,\"name\":\"Toiminta\",\"item\":\"https:\/\/meripelastus.fi\/helsinki\/toiminta\/\"},{\"@type\":\"ListItem\",\"position\":3,\"name\":\"Ole mukana\",\"item\":\"https:\/\/meripelastus.fi\/helsinki\/toiminta\/ole-mukana\/\"},{\"@type\":\"ListItem\",\"position\":4,\"name\":\"Lehti ja esitteet\"}]},{\"@type\":\"WebSite\",\"@id\":\"https:\/\/meripelastus.fi\/helsinki\/#website\",\"url\":\"https:\/\/meripelastus.fi\/helsinki\/\",\"name\":\"Helsingin Meripelastusyhdistys\",\"description\":\"Vapaaehtoiset apunasi vesill\u00e4\",\"potentialAction\":[{\"@type\":\"SearchAction\",\"target\":{\"@type\":\"EntryPoint\",\"urlTemplate\":\"https:\/\/meripelastus.fi\/helsinki\/?s={search_term_string}\"},\"query-input\":{\"@type\":\"PropertyValueSpecification\",\"valueRequired\":true,\"valueName\":\"search_term_string\"}}],\"inLanguage\":\"fi\"}]}<\/script>\n<!-- \/ Yoast SEO Premium plugin. -->","yoast_head_json":{"title":"Lehti ja esitteet - Helsingin Meripelastusyhdistys","robots":{"index":"index","follow":"follow","max-snippet":"max-snippet:-1","max-image-preview":"max-image-preview:large","max-video-preview":"max-video-preview:-1"},"canonical":"https:\/\/meripelastus.fi\/helsinki\/toiminta\/ole-mukana\/lehti\/","og_locale":"fi_FI","og_type":"article","og_title":"Lehti ja esitteet","og_description":"Stadin Trossi -lehti Helsingin Meripelastusyhdistyksen j\u00e4senlehti Stadin Trossi ilmestyy nelj\u00e4 kertaa vuodessa ja j\u00e4senet saavat sen kotiinsa automaattisesti. Lehdess\u00e4 k\u00e4sitell\u00e4\u00e4n ajankohtaisia meriturvallisuuteen liittyvi\u00e4 asioita paikallisesti p\u00e4\u00e4kaupunkiseudun n\u00e4k\u00f6kulmasta. Lehti toimii my\u00f6s yhdistyksen ajankohtaisten asioiden ja tapahtumien esittelij\u00e4n\u00e4 t\u00e4ydent\u00e4en n\u00e4in kattoj\u00e4rjest\u00f6 Suomen Meripelastusseuran j\u00e4senlehte\u00e4. Lehden ensimm\u00e4iset numerot ovat ilmestyneet 1970-luvulla ja s\u00e4\u00e4nn\u00f6llisesti lehti on ilmestynyt, ensin Meripelastus-nimisen\u00e4 [&hellip;]","og_url":"https:\/\/meripelastus.fi\/helsinki\/toiminta\/ole-mukana\/lehti\/","og_site_name":"Helsingin Meripelastusyhdistys","article_modified_time":"2025-10-19T19:32:14+00:00","og_image":[{"width":2048,"height":1366,"url":"https:\/\/meripelastus.fi\/helsinki\/wp-content\/uploads\/sites\/21\/2025\/10\/Mika-Pakarinen_B0I6673-Edit-1.jpg","type":"image\/jpeg"}],"twitter_card":"summary_large_image","twitter_misc":{"Arvioitu lukuaika":"2 minuuttia"},"schema":{"@context":"https:\/\/schema.org","@graph":[{"@type":"WebPage","@id":"https:\/\/meripelastus.fi\/helsinki\/toiminta\/ole-mukana\/lehti\/","url":"https:\/\/meripelastus.fi\/helsinki\/toiminta\/ole-mukana\/lehti\/","name":"Lehti ja esitteet - Helsingin Meripelastusyhdistys","isPartOf":{"@id":"https:\/\/meripelastus.fi\/helsinki\/#website"},"primaryImageOfPage":{"@id":"https:\/\/meripelastus.fi\/helsinki\/toiminta\/ole-mukana\/lehti\/#primaryimage"},"image":{"@id":"https:\/\/meripelastus.fi\/helsinki\/toiminta\/ole-mukana\/lehti\/#primaryimage"},"thumbnailUrl":"https:\/\/meripelastus.fi\/helsinki\/wp-content\/uploads\/sites\/21\/2025\/10\/Mika-Pakarinen_B0I6673-Edit-1.jpg","datePublished":"2019-07-06T19:04:08+00:00","dateModified":"2025-10-19T19:32:14+00:00","breadcrumb":{"@id":"https:\/\/meripelastus.fi\/helsinki\/toiminta\/ole-mukana\/lehti\/#breadcrumb"},"inLanguage":"fi","potentialAction":[{"@type":"ReadAction","target":["https:\/\/meripelastus.fi\/helsinki\/toiminta\/ole-mukana\/lehti\/"]}]},{"@type":"ImageObject","inLanguage":"fi","@id":"https:\/\/meripelastus.fi\/helsinki\/toiminta\/ole-mukana\/lehti\/#primaryimage","url":"https:\/\/meripelastus.fi\/helsinki\/wp-content\/uploads\/sites\/21\/2025\/10\/Mika-Pakarinen_B0I6673-Edit-1.jpg","contentUrl":"https:\/\/meripelastus.fi\/helsinki\/wp-content\/uploads\/sites\/21\/2025\/10\/Mika-Pakarinen_B0I6673-Edit-1.jpg","width":2048,"height":1366},{"@type":"BreadcrumbList","@id":"https:\/\/meripelastus.fi\/helsinki\/toiminta\/ole-mukana\/lehti\/#breadcrumb","itemListElement":[{"@type":"ListItem","position":1,"name":"Etusivu","item":"https:\/\/meripelastus.fi\/helsinki\/"},{"@type":"ListItem","position":2,"name":"Toiminta","item":"https:\/\/meripelastus.fi\/helsinki\/toiminta\/"},{"@type":"ListItem","position":3,"name":"Ole mukana","item":"https:\/\/meripelastus.fi\/helsinki\/toiminta\/ole-mukana\/"},{"@type":"ListItem","position":4,"name":"Lehti ja esitteet"}]},{"@type":"WebSite","@id":"https:\/\/meripelastus.fi\/helsinki\/#website","url":"https:\/\/meripelastus.fi\/helsinki\/","name":"Helsingin Meripelastusyhdistys","description":"Vapaaehtoiset apunasi vesill\u00e4","potentialAction":[{"@type":"SearchAction","target":{"@type":"EntryPoint","urlTemplate":"https:\/\/meripelastus.fi\/helsinki\/?s={search_term_string}"},"query-input":{"@type":"PropertyValueSpecification","valueRequired":true,"valueName":"search_term_string"}}],"inLanguage":"fi"}]}},"_links":{"self":[{"href":"https:\/\/meripelastus.fi\/helsinki\/wp-json\/wp\/v2\/pages\/199","targetHints":{"allow":["GET"]}}],"collection":[{"href":"https:\/\/meripelastus.fi\/helsinki\/wp-json\/wp\/v2\/pages"}],"about":[{"href":"https:\/\/meripelastus.fi\/helsinki\/wp-json\/wp\/v2\/types\/page"}],"author":[{"embeddable":true,"href":"https:\/\/meripelastus.fi\/helsinki\/wp-json\/wp\/v2\/users\/51"}],"replies":[{"embeddable":true,"href":"https:\/\/meripelastus.fi\/helsinki\/wp-json\/wp\/v2\/comments?post=199"}],"version-history":[{"count":26,"href":"https:\/\/meripelastus.fi\/helsinki\/wp-json\/wp\/v2\/pages\/199\/revisions"}],"predecessor-version":[{"id":2061,"href":"https:\/\/meripelastus.fi\/helsinki\/wp-json\/wp\/v2\/pages\/199\/revisions\/2061"}],"up":[{"embeddable":true,"href":"https:\/\/meripelastus.fi\/helsinki\/wp-json\/wp\/v2\/pages\/195"}],"wp:featuredmedia":[{"embeddable":true,"href":"https:\/\/meripelastus.fi\/helsinki\/wp-json\/wp\/v2\/media\/2234"}],"wp:attachment":[{"href":"https:\/\/meripelastus.fi\/helsinki\/wp-json\/wp\/v2\/media?parent=199"}],"curies":[{"name":"wp","href":"https:\/\/api.w.org\/{rel}","templated":true}]}}