{"id":1418,"date":"2020-12-30T22:13:58","date_gmt":"2020-12-30T20:13:58","guid":{"rendered":"https:\/\/meripelastus.fi\/helsinki\/?page_id=1418"},"modified":"2021-01-01T20:23:09","modified_gmt":"2021-01-01T18:23:09","slug":"lehtiarkisto","status":"publish","type":"page","link":"https:\/\/meripelastus.fi\/helsinki\/lehtiarkisto\/","title":{"rendered":"Lehtiarkisto"},"content":{"rendered":"<p>Helsingin Meripelastusyhdistyksen j\u00e4senlehden ensimm\u00e4iset numerot ovat ilmestyneet 1970-luvulla. S\u00e4\u00e4nn\u00f6llisesti lehti on ilmestynyt, ensin Meripelastus-nimisen\u00e4 1980-luvulta l\u00e4htien. Nimi muuttui Stadin Trossiksi vuoden 2016 alusta.\u00a0 T\u00e4st\u00e4 l\u00f6yd\u00e4t osan lehden vanhoista numeroista.<\/p>\n<p><a href=\"https:\/\/meripelastus.fi\/helsinki\/wp-content\/uploads\/sites\/21\/2021\/01\/Lehti_1_17_aukeamittain-2.pdf\" target=\"_blank\" rel=\"noopener noreferrer\">1\/2017<\/a><\/p>\n<p><a href=\"https:\/\/meripelastus.fi\/helsinki\/wp-content\/uploads\/sites\/21\/2021\/01\/Lehti1_16_kevyt-aukeamittain-2.pdf\" target=\"_blank\" rel=\"noopener noreferrer\">1\/2016<\/a><br \/>\n<a href=\"https:\/\/meripelastus.fi\/helsinki\/wp-content\/uploads\/sites\/21\/2021\/01\/Lehti_2_16_aukeamittain-2.pdf\" target=\"_blank\" rel=\"noopener noreferrer\">2\/2016<\/a><br \/>\n<a href=\"https:\/\/meripelastus.fi\/helsinki\/wp-content\/uploads\/sites\/21\/2021\/01\/Lehti_3_16_aukeamittain-2.pdf\" target=\"_blank\" rel=\"noopener noreferrer\">3\/2016<\/a><br \/>\n<a href=\"https:\/\/meripelastus.fi\/helsinki\/wp-content\/uploads\/sites\/21\/2021\/01\/Lehti_4_16_kevyt_aukeamittain-2.pdf\" target=\"_blank\" rel=\"noopener noreferrer\">4\/2016<\/a><\/p>\n<p><a href=\"https:\/\/meripelastus.fi\/helsinki\/wp-content\/uploads\/sites\/21\/2021\/01\/Lehti1_15kevyt_aukeamittain-2.pdf\" target=\"_blank\" rel=\"noopener noreferrer\">1\/2015<\/a><br \/>\n<a href=\"https:\/\/meripelastus.fi\/helsinki\/wp-content\/uploads\/sites\/21\/2021\/01\/Lehi2_15_kevyt-2-1.pdf\" target=\"_blank\" rel=\"noopener noreferrer\">2\/2015<\/a><br \/>\n<a href=\"https:\/\/meripelastus.fi\/helsinki\/wp-content\/uploads\/sites\/21\/2021\/01\/Lehti4_15-1-2.pdf\" target=\"_blank\" rel=\"noopener noreferrer\">4\/2015<\/a><\/p>\n<p><a href=\"https:\/\/meripelastus.fi\/helsinki\/wp-content\/uploads\/sites\/21\/2020\/12\/Lehti1-14-2.pdf\" target=\"_blank\" rel=\"noopener noreferrer\">1\/2014<\/a><br \/>\n<a href=\"https:\/\/meripelastus.fi\/helsinki\/wp-content\/uploads\/sites\/21\/2020\/12\/Lehti3_14-2.pdf\" target=\"_blank\" rel=\"noopener noreferrer\">3\/2014<\/a><br \/>\n<a href=\"https:\/\/meripelastus.fi\/helsinki\/wp-content\/uploads\/sites\/21\/2020\/12\/Lehti4_14-1-2.pdf\" target=\"_blank\" rel=\"noopener noreferrer\">4\/2014<\/a><\/p>\n<p><a href=\"https:\/\/meripelastus.fi\/helsinki\/wp-content\/uploads\/sites\/21\/2020\/12\/Lehti1-13-2.pdf\" target=\"_blank\" rel=\"noopener noreferrer\">1\/2013<\/a><br \/>\n<a href=\"https:\/\/meripelastus.fi\/helsinki\/wp-content\/uploads\/sites\/21\/2020\/12\/Lehti2-13-2.pdf\" target=\"_blank\" rel=\"noopener noreferrer\">2\/2013<\/a><\/p>\n<p><a href=\"https:\/\/meripelastus.fi\/helsinki\/wp-content\/uploads\/sites\/21\/2020\/12\/Lehti1-12-2.pdf\" target=\"_blank\" rel=\"noopener noreferrer\">1\/2012<\/a><br \/>\n<a href=\"https:\/\/meripelastus.fi\/helsinki\/wp-content\/uploads\/sites\/21\/2020\/12\/Lehti2-12-2.pdf\" target=\"_blank\" rel=\"noopener noreferrer\">2\/2012<\/a><br \/>\n<a href=\"https:\/\/meripelastus.fi\/helsinki\/wp-content\/uploads\/sites\/21\/2020\/12\/Lehti3-12-1-1.pdf\" target=\"_blank\" rel=\"noopener noreferrer\">3\/2012<\/a><\/p>\n<p><a href=\"https:\/\/meripelastus.fi\/helsinki\/wp-content\/uploads\/sites\/21\/2020\/12\/Lehti1-11-2.pdf\" target=\"_blank\" rel=\"noopener noreferrer\">1\/2011<\/a><br \/>\n<a href=\"https:\/\/meripelastus.fi\/helsinki\/wp-content\/uploads\/sites\/21\/2020\/12\/Lehti2-11-2.pdf\" target=\"_blank\" rel=\"noopener noreferrer\">2\/2011<\/a><br \/>\n<a href=\"https:\/\/meripelastus.fi\/helsinki\/wp-content\/uploads\/sites\/21\/2020\/12\/Lehti3-11-1.pdf\" target=\"_blank\" rel=\"noopener noreferrer\">3\/2011<\/a><br \/>\n<a href=\"https:\/\/meripelastus.fi\/helsinki\/wp-content\/uploads\/sites\/21\/2020\/12\/Lehti4-11-1-1.pdf\" target=\"_blank\" rel=\"noopener noreferrer\">4\/2011<\/a><\/p>\n<p><a href=\"https:\/\/meripelastus.fi\/helsinki\/wp-content\/uploads\/sites\/21\/2021\/01\/Lehti3-10-1.pdf\" target=\"_blank\" rel=\"noopener noreferrer\">3\/2010<\/a><br \/>\n<a href=\"https:\/\/meripelastus.fi\/helsinki\/wp-content\/uploads\/sites\/21\/2021\/01\/Lehti4-10-1-1.pdf\" target=\"_blank\" rel=\"noopener noreferrer\">4\/2010<\/a><\/p>\n","protected":false},"excerpt":{"rendered":"<p>Helsingin Meripelastusyhdistyksen j\u00e4senlehden ensimm\u00e4iset numerot ovat ilmestyneet 1970-luvulla. S\u00e4\u00e4nn\u00f6llisesti lehti on ilmestynyt, ensin Meripelastus-nimisen\u00e4 1980-luvulta l\u00e4htien. Nimi muuttui Stadin Trossiksi vuoden 2016 alusta.\u00a0 T\u00e4st\u00e4 l\u00f6yd\u00e4t osan lehden vanhoista numeroista. 1\/2017 1\/2016 2\/2016 3\/2016 4\/2016 1\/2015 2\/2015 4\/2015 1\/2014 3\/2014 4\/2014 1\/2013 2\/2013 1\/2012 2\/2012 3\/2012 1\/2011 2\/2011 3\/2011 4\/2011 3\/2010 4\/2010<\/p>\n","protected":false},"author":66,"featured_media":0,"parent":0,"menu_order":0,"comment_status":"closed","ping_status":"closed","template":"","meta":{"_acf_changed":false,"inline_featured_image":false,"footnotes":""},"class_list":["post-1418","page","type-page","status-publish","hentry"],"acf":[],"yoast_head":"<!-- This site is optimized with the Yoast SEO Premium plugin v27.4 (Yoast SEO v27.4) - https:\/\/yoast.com\/product\/yoast-seo-premium-wordpress\/ -->\n<title>Lehtiarkisto - Helsingin Meripelastusyhdistys<\/title>\n<meta name=\"robots\" content=\"index, follow, max-snippet:-1, max-image-preview:large, max-video-preview:-1\" \/>\n<link rel=\"canonical\" href=\"https:\/\/meripelastus.fi\/helsinki\/lehtiarkisto\/\" \/>\n<meta property=\"og:locale\" content=\"fi_FI\" \/>\n<meta property=\"og:type\" content=\"article\" \/>\n<meta property=\"og:title\" content=\"Lehtiarkisto\" \/>\n<meta property=\"og:description\" content=\"Helsingin Meripelastusyhdistyksen j\u00e4senlehden ensimm\u00e4iset numerot ovat ilmestyneet 1970-luvulla. S\u00e4\u00e4nn\u00f6llisesti lehti on ilmestynyt, ensin Meripelastus-nimisen\u00e4 1980-luvulta l\u00e4htien. Nimi muuttui Stadin Trossiksi vuoden 2016 alusta.\u00a0 T\u00e4st\u00e4 l\u00f6yd\u00e4t osan lehden vanhoista numeroista. 1\/2017 1\/2016 2\/2016 3\/2016 4\/2016 1\/2015 2\/2015 4\/2015 1\/2014 3\/2014 4\/2014 1\/2013 2\/2013 1\/2012 2\/2012 3\/2012 1\/2011 2\/2011 3\/2011 4\/2011 3\/2010 4\/2010\" \/>\n<meta property=\"og:url\" content=\"https:\/\/meripelastus.fi\/helsinki\/lehtiarkisto\/\" \/>\n<meta property=\"og:site_name\" content=\"Helsingin Meripelastusyhdistys\" \/>\n<meta property=\"article:modified_time\" content=\"2021-01-01T18:23:09+00:00\" \/>\n<meta name=\"twitter:card\" content=\"summary_large_image\" \/>\n<script type=\"application\/ld+json\" class=\"yoast-schema-graph\">{\"@context\":\"https:\\\/\\\/schema.org\",\"@graph\":[{\"@type\":\"WebPage\",\"@id\":\"https:\\\/\\\/meripelastus.fi\\\/helsinki\\\/lehtiarkisto\\\/\",\"url\":\"https:\\\/\\\/meripelastus.fi\\\/helsinki\\\/lehtiarkisto\\\/\",\"name\":\"Lehtiarkisto - Helsingin Meripelastusyhdistys\",\"isPartOf\":{\"@id\":\"https:\\\/\\\/meripelastus.fi\\\/helsinki\\\/#website\"},\"datePublished\":\"2020-12-30T20:13:58+00:00\",\"dateModified\":\"2021-01-01T18:23:09+00:00\",\"breadcrumb\":{\"@id\":\"https:\\\/\\\/meripelastus.fi\\\/helsinki\\\/lehtiarkisto\\\/#breadcrumb\"},\"inLanguage\":\"fi\",\"potentialAction\":[{\"@type\":\"ReadAction\",\"target\":[\"https:\\\/\\\/meripelastus.fi\\\/helsinki\\\/lehtiarkisto\\\/\"]}]},{\"@type\":\"BreadcrumbList\",\"@id\":\"https:\\\/\\\/meripelastus.fi\\\/helsinki\\\/lehtiarkisto\\\/#breadcrumb\",\"itemListElement\":[{\"@type\":\"ListItem\",\"position\":1,\"name\":\"Etusivu\",\"item\":\"https:\\\/\\\/meripelastus.fi\\\/helsinki\\\/\"},{\"@type\":\"ListItem\",\"position\":2,\"name\":\"Lehtiarkisto\"}]},{\"@type\":\"WebSite\",\"@id\":\"https:\\\/\\\/meripelastus.fi\\\/helsinki\\\/#website\",\"url\":\"https:\\\/\\\/meripelastus.fi\\\/helsinki\\\/\",\"name\":\"Helsingin Meripelastusyhdistys\",\"description\":\"Vapaaehtoiset apunasi vesill\u00e4\",\"potentialAction\":[{\"@type\":\"SearchAction\",\"target\":{\"@type\":\"EntryPoint\",\"urlTemplate\":\"https:\\\/\\\/meripelastus.fi\\\/helsinki\\\/?s={search_term_string}\"},\"query-input\":{\"@type\":\"PropertyValueSpecification\",\"valueRequired\":true,\"valueName\":\"search_term_string\"}}],\"inLanguage\":\"fi\"}]}<\/script>\n<!-- \/ Yoast SEO Premium plugin. -->","yoast_head_json":{"title":"Lehtiarkisto - Helsingin Meripelastusyhdistys","robots":{"index":"index","follow":"follow","max-snippet":"max-snippet:-1","max-image-preview":"max-image-preview:large","max-video-preview":"max-video-preview:-1"},"canonical":"https:\/\/meripelastus.fi\/helsinki\/lehtiarkisto\/","og_locale":"fi_FI","og_type":"article","og_title":"Lehtiarkisto","og_description":"Helsingin Meripelastusyhdistyksen j\u00e4senlehden ensimm\u00e4iset numerot ovat ilmestyneet 1970-luvulla. S\u00e4\u00e4nn\u00f6llisesti lehti on ilmestynyt, ensin Meripelastus-nimisen\u00e4 1980-luvulta l\u00e4htien. Nimi muuttui Stadin Trossiksi vuoden 2016 alusta.\u00a0 T\u00e4st\u00e4 l\u00f6yd\u00e4t osan lehden vanhoista numeroista. 1\/2017 1\/2016 2\/2016 3\/2016 4\/2016 1\/2015 2\/2015 4\/2015 1\/2014 3\/2014 4\/2014 1\/2013 2\/2013 1\/2012 2\/2012 3\/2012 1\/2011 2\/2011 3\/2011 4\/2011 3\/2010 4\/2010","og_url":"https:\/\/meripelastus.fi\/helsinki\/lehtiarkisto\/","og_site_name":"Helsingin Meripelastusyhdistys","article_modified_time":"2021-01-01T18:23:09+00:00","twitter_card":"summary_large_image","schema":{"@context":"https:\/\/schema.org","@graph":[{"@type":"WebPage","@id":"https:\/\/meripelastus.fi\/helsinki\/lehtiarkisto\/","url":"https:\/\/meripelastus.fi\/helsinki\/lehtiarkisto\/","name":"Lehtiarkisto - Helsingin Meripelastusyhdistys","isPartOf":{"@id":"https:\/\/meripelastus.fi\/helsinki\/#website"},"datePublished":"2020-12-30T20:13:58+00:00","dateModified":"2021-01-01T18:23:09+00:00","breadcrumb":{"@id":"https:\/\/meripelastus.fi\/helsinki\/lehtiarkisto\/#breadcrumb"},"inLanguage":"fi","potentialAction":[{"@type":"ReadAction","target":["https:\/\/meripelastus.fi\/helsinki\/lehtiarkisto\/"]}]},{"@type":"BreadcrumbList","@id":"https:\/\/meripelastus.fi\/helsinki\/lehtiarkisto\/#breadcrumb","itemListElement":[{"@type":"ListItem","position":1,"name":"Etusivu","item":"https:\/\/meripelastus.fi\/helsinki\/"},{"@type":"ListItem","position":2,"name":"Lehtiarkisto"}]},{"@type":"WebSite","@id":"https:\/\/meripelastus.fi\/helsinki\/#website","url":"https:\/\/meripelastus.fi\/helsinki\/","name":"Helsingin Meripelastusyhdistys","description":"Vapaaehtoiset apunasi vesill\u00e4","potentialAction":[{"@type":"SearchAction","target":{"@type":"EntryPoint","urlTemplate":"https:\/\/meripelastus.fi\/helsinki\/?s={search_term_string}"},"query-input":{"@type":"PropertyValueSpecification","valueRequired":true,"valueName":"search_term_string"}}],"inLanguage":"fi"}]}},"_links":{"self":[{"href":"https:\/\/meripelastus.fi\/helsinki\/wp-json\/wp\/v2\/pages\/1418","targetHints":{"allow":["GET"]}}],"collection":[{"href":"https:\/\/meripelastus.fi\/helsinki\/wp-json\/wp\/v2\/pages"}],"about":[{"href":"https:\/\/meripelastus.fi\/helsinki\/wp-json\/wp\/v2\/types\/page"}],"author":[{"embeddable":true,"href":"https:\/\/meripelastus.fi\/helsinki\/wp-json\/wp\/v2\/users\/66"}],"replies":[{"embeddable":true,"href":"https:\/\/meripelastus.fi\/helsinki\/wp-json\/wp\/v2\/comments?post=1418"}],"version-history":[{"count":32,"href":"https:\/\/meripelastus.fi\/helsinki\/wp-json\/wp\/v2\/pages\/1418\/revisions"}],"predecessor-version":[{"id":1650,"href":"https:\/\/meripelastus.fi\/helsinki\/wp-json\/wp\/v2\/pages\/1418\/revisions\/1650"}],"wp:attachment":[{"href":"https:\/\/meripelastus.fi\/helsinki\/wp-json\/wp\/v2\/media?parent=1418"}],"curies":[{"name":"wp","href":"https:\/\/api.w.org\/{rel}","templated":true}]}}