{"id":1358,"date":"2020-01-30T11:46:57","date_gmt":"2020-01-30T09:46:57","guid":{"rendered":"https:\/\/meripelastus.fi\/helsinki\/?page_id=1358"},"modified":"2025-10-03T12:38:47","modified_gmt":"2025-10-03T09:38:47","slug":"osoite-ja-laskutustiedot","status":"publish","type":"page","link":"https:\/\/meripelastus.fi\/helsinki\/yhteystiedot\/osoite-ja-laskutustiedot\/","title":{"rendered":"Osoite- ja laskutustiedot"},"content":{"rendered":"\n<h3 class=\"wp-block-heading\" id=\"h-postiosoite\">Postiosoite:<\/h3>\n\n\n\n<p>Helsingin Meripelastusyhdistys<br>Matosaarentie 22<br>00850 Helsinki<\/p>\n\n\n\n<h3 class=\"wp-block-heading\" id=\"h-laskut\">Laskut:<\/h3>\n\n\n\n<p>Toivomme verkkolaskutusta:<br>OVT-tunnuksemme on&nbsp;<a href=\"tel:003720144458\" target=\"_blank\" rel=\"noreferrer noopener\">003720144458<\/a><br>Verkko-operaattoritunnuksemme on 003708599126 (OpenText).<br>Y-tunnuksemme on 2014445-8.<\/p>\n\n\n\n<p>Jos verkkolaskua ei voida l\u00e4hett\u00e4\u00e4 on toiseksi paras vaihtoehto l\u00e4hett\u00e4\u00e4 lasku s\u00e4hk\u00f6postilla osoitteeseen: <a href=\"mailto:laskutus@meripelastushelsinki.fi\" target=\"_blank\" rel=\"noreferrer noopener\">laskutus@meripelastushelsinki.fi.<\/a> S\u00e4hk\u00f6postitse toimitetuissa laskuissa tulee olla lasku ja sen liitteet yhten\u00e4 PDF-tiedostona.<\/p>\n\n\n\n<p>Emme suosittele laskujen l\u00e4hett\u00e4mist\u00e4 postitse.<\/p>\n\n\n\n<h3 class=\"wp-block-heading\" id=\"h-tilinumero-nbsp-fi43-4405-0010-0437-61\">Tilinumero:&nbsp; FI43 4405 0010 0437 61<\/h3>\n\n\n\n<h3 class=\"wp-block-heading\" id=\"h-mobilepay-52210\">MobilePay: 52210<\/h3>\n","protected":false},"excerpt":{"rendered":"<p>Postiosoite: Helsingin MeripelastusyhdistysMatosaarentie 2200850 Helsinki Laskut: Toivomme verkkolaskutusta:OVT-tunnuksemme on&nbsp;003720144458Verkko-operaattoritunnuksemme on 003708599126 (OpenText).Y-tunnuksemme on 2014445-8. Jos verkkolaskua ei voida l\u00e4hett\u00e4\u00e4 on toiseksi paras vaihtoehto l\u00e4hett\u00e4\u00e4 lasku s\u00e4hk\u00f6postilla osoitteeseen: laskutus@meripelastushelsinki.fi. S\u00e4hk\u00f6postitse toimitetuissa laskuissa tulee olla lasku ja sen liitteet yhten\u00e4 PDF-tiedostona. Emme suosittele laskujen l\u00e4hett\u00e4mist\u00e4 postitse. Tilinumero:&nbsp; FI43 4405 0010 0437 61 MobilePay: 52210<\/p>\n","protected":false},"author":66,"featured_media":0,"parent":51,"menu_order":4,"comment_status":"closed","ping_status":"closed","template":"","meta":{"_acf_changed":false,"inline_featured_image":false,"footnotes":""},"class_list":["post-1358","page","type-page","status-publish","hentry"],"acf":[],"yoast_head":"<!-- This site is optimized with the Yoast SEO Premium plugin v27.2 (Yoast SEO v27.2) - https:\/\/yoast.com\/product\/yoast-seo-premium-wordpress\/ -->\n<title>Osoite- ja laskutustiedot - Helsingin Meripelastusyhdistys<\/title>\n<meta name=\"robots\" content=\"index, follow, max-snippet:-1, max-image-preview:large, max-video-preview:-1\" \/>\n<link rel=\"canonical\" href=\"https:\/\/meripelastus.fi\/helsinki\/yhteystiedot\/osoite-ja-laskutustiedot\/\" \/>\n<meta property=\"og:locale\" content=\"fi_FI\" \/>\n<meta property=\"og:type\" content=\"article\" \/>\n<meta property=\"og:title\" content=\"Osoite- ja laskutustiedot\" \/>\n<meta property=\"og:description\" content=\"Postiosoite: Helsingin MeripelastusyhdistysMatosaarentie 2200850 Helsinki Laskut: Toivomme verkkolaskutusta:OVT-tunnuksemme on&nbsp;003720144458Verkko-operaattoritunnuksemme on 003708599126 (OpenText).Y-tunnuksemme on 2014445-8. Jos verkkolaskua ei voida l\u00e4hett\u00e4\u00e4 on toiseksi paras vaihtoehto l\u00e4hett\u00e4\u00e4 lasku s\u00e4hk\u00f6postilla osoitteeseen: laskutus@meripelastushelsinki.fi. S\u00e4hk\u00f6postitse toimitetuissa laskuissa tulee olla lasku ja sen liitteet yhten\u00e4 PDF-tiedostona. Emme suosittele laskujen l\u00e4hett\u00e4mist\u00e4 postitse. Tilinumero:&nbsp; FI43 4405 0010 0437 61 MobilePay: 52210\" \/>\n<meta property=\"og:url\" content=\"https:\/\/meripelastus.fi\/helsinki\/yhteystiedot\/osoite-ja-laskutustiedot\/\" \/>\n<meta property=\"og:site_name\" content=\"Helsingin Meripelastusyhdistys\" \/>\n<meta property=\"article:modified_time\" content=\"2025-10-03T09:38:47+00:00\" \/>\n<meta name=\"twitter:card\" content=\"summary_large_image\" \/>\n<meta name=\"twitter:label1\" content=\"Arvioitu lukuaika\" \/>\n\t<meta name=\"twitter:data1\" content=\"1 minuutti\" \/>\n<script type=\"application\/ld+json\" class=\"yoast-schema-graph\">{\"@context\":\"https:\/\/schema.org\",\"@graph\":[{\"@type\":\"WebPage\",\"@id\":\"https:\/\/meripelastus.fi\/helsinki\/yhteystiedot\/osoite-ja-laskutustiedot\/\",\"url\":\"https:\/\/meripelastus.fi\/helsinki\/yhteystiedot\/osoite-ja-laskutustiedot\/\",\"name\":\"Osoite- ja laskutustiedot - Helsingin Meripelastusyhdistys\",\"isPartOf\":{\"@id\":\"https:\/\/meripelastus.fi\/helsinki\/#website\"},\"datePublished\":\"2020-01-30T09:46:57+00:00\",\"dateModified\":\"2025-10-03T09:38:47+00:00\",\"breadcrumb\":{\"@id\":\"https:\/\/meripelastus.fi\/helsinki\/yhteystiedot\/osoite-ja-laskutustiedot\/#breadcrumb\"},\"inLanguage\":\"fi\",\"potentialAction\":[{\"@type\":\"ReadAction\",\"target\":[\"https:\/\/meripelastus.fi\/helsinki\/yhteystiedot\/osoite-ja-laskutustiedot\/\"]}]},{\"@type\":\"BreadcrumbList\",\"@id\":\"https:\/\/meripelastus.fi\/helsinki\/yhteystiedot\/osoite-ja-laskutustiedot\/#breadcrumb\",\"itemListElement\":[{\"@type\":\"ListItem\",\"position\":1,\"name\":\"Etusivu\",\"item\":\"https:\/\/meripelastus.fi\/helsinki\/\"},{\"@type\":\"ListItem\",\"position\":2,\"name\":\"Yhteystiedot\",\"item\":\"https:\/\/meripelastus.fi\/helsinki\/yhteystiedot\/\"},{\"@type\":\"ListItem\",\"position\":3,\"name\":\"Osoite- ja laskutustiedot\"}]},{\"@type\":\"WebSite\",\"@id\":\"https:\/\/meripelastus.fi\/helsinki\/#website\",\"url\":\"https:\/\/meripelastus.fi\/helsinki\/\",\"name\":\"Helsingin Meripelastusyhdistys\",\"description\":\"Vapaaehtoiset apunasi vesill\u00e4\",\"potentialAction\":[{\"@type\":\"SearchAction\",\"target\":{\"@type\":\"EntryPoint\",\"urlTemplate\":\"https:\/\/meripelastus.fi\/helsinki\/?s={search_term_string}\"},\"query-input\":{\"@type\":\"PropertyValueSpecification\",\"valueRequired\":true,\"valueName\":\"search_term_string\"}}],\"inLanguage\":\"fi\"}]}<\/script>\n<!-- \/ Yoast SEO Premium plugin. -->","yoast_head_json":{"title":"Osoite- ja laskutustiedot - Helsingin Meripelastusyhdistys","robots":{"index":"index","follow":"follow","max-snippet":"max-snippet:-1","max-image-preview":"max-image-preview:large","max-video-preview":"max-video-preview:-1"},"canonical":"https:\/\/meripelastus.fi\/helsinki\/yhteystiedot\/osoite-ja-laskutustiedot\/","og_locale":"fi_FI","og_type":"article","og_title":"Osoite- ja laskutustiedot","og_description":"Postiosoite: Helsingin MeripelastusyhdistysMatosaarentie 2200850 Helsinki Laskut: Toivomme verkkolaskutusta:OVT-tunnuksemme on&nbsp;003720144458Verkko-operaattoritunnuksemme on 003708599126 (OpenText).Y-tunnuksemme on 2014445-8. Jos verkkolaskua ei voida l\u00e4hett\u00e4\u00e4 on toiseksi paras vaihtoehto l\u00e4hett\u00e4\u00e4 lasku s\u00e4hk\u00f6postilla osoitteeseen: laskutus@meripelastushelsinki.fi. S\u00e4hk\u00f6postitse toimitetuissa laskuissa tulee olla lasku ja sen liitteet yhten\u00e4 PDF-tiedostona. Emme suosittele laskujen l\u00e4hett\u00e4mist\u00e4 postitse. Tilinumero:&nbsp; FI43 4405 0010 0437 61 MobilePay: 52210","og_url":"https:\/\/meripelastus.fi\/helsinki\/yhteystiedot\/osoite-ja-laskutustiedot\/","og_site_name":"Helsingin Meripelastusyhdistys","article_modified_time":"2025-10-03T09:38:47+00:00","twitter_card":"summary_large_image","twitter_misc":{"Arvioitu lukuaika":"1 minuutti"},"schema":{"@context":"https:\/\/schema.org","@graph":[{"@type":"WebPage","@id":"https:\/\/meripelastus.fi\/helsinki\/yhteystiedot\/osoite-ja-laskutustiedot\/","url":"https:\/\/meripelastus.fi\/helsinki\/yhteystiedot\/osoite-ja-laskutustiedot\/","name":"Osoite- ja laskutustiedot - Helsingin Meripelastusyhdistys","isPartOf":{"@id":"https:\/\/meripelastus.fi\/helsinki\/#website"},"datePublished":"2020-01-30T09:46:57+00:00","dateModified":"2025-10-03T09:38:47+00:00","breadcrumb":{"@id":"https:\/\/meripelastus.fi\/helsinki\/yhteystiedot\/osoite-ja-laskutustiedot\/#breadcrumb"},"inLanguage":"fi","potentialAction":[{"@type":"ReadAction","target":["https:\/\/meripelastus.fi\/helsinki\/yhteystiedot\/osoite-ja-laskutustiedot\/"]}]},{"@type":"BreadcrumbList","@id":"https:\/\/meripelastus.fi\/helsinki\/yhteystiedot\/osoite-ja-laskutustiedot\/#breadcrumb","itemListElement":[{"@type":"ListItem","position":1,"name":"Etusivu","item":"https:\/\/meripelastus.fi\/helsinki\/"},{"@type":"ListItem","position":2,"name":"Yhteystiedot","item":"https:\/\/meripelastus.fi\/helsinki\/yhteystiedot\/"},{"@type":"ListItem","position":3,"name":"Osoite- ja laskutustiedot"}]},{"@type":"WebSite","@id":"https:\/\/meripelastus.fi\/helsinki\/#website","url":"https:\/\/meripelastus.fi\/helsinki\/","name":"Helsingin Meripelastusyhdistys","description":"Vapaaehtoiset apunasi vesill\u00e4","potentialAction":[{"@type":"SearchAction","target":{"@type":"EntryPoint","urlTemplate":"https:\/\/meripelastus.fi\/helsinki\/?s={search_term_string}"},"query-input":{"@type":"PropertyValueSpecification","valueRequired":true,"valueName":"search_term_string"}}],"inLanguage":"fi"}]}},"_links":{"self":[{"href":"https:\/\/meripelastus.fi\/helsinki\/wp-json\/wp\/v2\/pages\/1358","targetHints":{"allow":["GET"]}}],"collection":[{"href":"https:\/\/meripelastus.fi\/helsinki\/wp-json\/wp\/v2\/pages"}],"about":[{"href":"https:\/\/meripelastus.fi\/helsinki\/wp-json\/wp\/v2\/types\/page"}],"author":[{"embeddable":true,"href":"https:\/\/meripelastus.fi\/helsinki\/wp-json\/wp\/v2\/users\/66"}],"replies":[{"embeddable":true,"href":"https:\/\/meripelastus.fi\/helsinki\/wp-json\/wp\/v2\/comments?post=1358"}],"version-history":[{"count":18,"href":"https:\/\/meripelastus.fi\/helsinki\/wp-json\/wp\/v2\/pages\/1358\/revisions"}],"predecessor-version":[{"id":2181,"href":"https:\/\/meripelastus.fi\/helsinki\/wp-json\/wp\/v2\/pages\/1358\/revisions\/2181"}],"up":[{"embeddable":true,"href":"https:\/\/meripelastus.fi\/helsinki\/wp-json\/wp\/v2\/pages\/51"}],"wp:attachment":[{"href":"https:\/\/meripelastus.fi\/helsinki\/wp-json\/wp\/v2\/media?parent=1358"}],"curies":[{"name":"wp","href":"https:\/\/api.w.org\/{rel}","templated":true}]}}