{"id":1224,"date":"2019-09-26T12:49:49","date_gmt":"2019-09-26T09:49:49","guid":{"rendered":"https:\/\/meripelastus.fi\/helsinki-vedos\/?page_id=1224"},"modified":"2023-12-22T13:16:34","modified_gmt":"2023-12-22T11:16:34","slug":"anna-palautetta","status":"publish","type":"page","link":"https:\/\/meripelastus.fi\/helsinki\/yhteystiedot\/anna-palautetta\/","title":{"rendered":"Anna palautetta"},"content":{"rendered":"\n<p>Anna palautetta toiminnastamme<\/p>\n\n\n\n<p>Palauteosion kautta voitte antaa palautetta ainoastaan Helsingin Meripelastusyhdistyksen pelastusveneiden Rautauoman ja Aiskon suorittamista teht\u00e4vist\u00e4. Olette saaneet teht\u00e4v\u00e4n yhteydess\u00e4 lomakkeen, jossa on viitenumero. Sy\u00f6tt\u00e4k\u00e4\u00e4 viitenumero palautelomakkeeseen, jotta pystymme kohdentamaan palautteen oikeaan teht\u00e4v\u00e4\u00e4n.<\/p>\n\n\n\n<p>Kiitos palautteestanne, sen avulla pystymme kehitt\u00e4m\u00e4\u00e4n toimintaamme.<\/p>\n\n\n\n<p>Arvioikaa seuraavia kysymyksi\u00e4 siten, ett\u00e4 arvosana 1 on huonoin ja 5 paras. Mik\u00e4li haluatte antaa palautteen nimett\u00f6m\u00e4n\u00e4, laittakaa rasti kohtaan &#8221;haluan antaa palautteen nimett\u00f6m\u00e4n\u00e4&#8221;. Viestikentt\u00e4\u00e4n voitte j\u00e4tt\u00e4\u00e4 vapaamuotoista palautetta.<\/p>\n\n\n\n<div class=\"wp-block-contact-form-7-contact-form-selector\">\n<div class=\"wpcf7 no-js\" id=\"wpcf7-f633-o1\" lang=\"fi\" dir=\"ltr\" data-wpcf7-id=\"633\">\n<div class=\"screen-reader-response\"><p role=\"status\" aria-live=\"polite\" aria-atomic=\"true\"><\/p> <ul><\/ul><\/div>\n<form action=\"\/helsinki\/wp-json\/wp\/v2\/pages\/1224#wpcf7-f633-o1\" method=\"post\" class=\"wpcf7-form init\" aria-label=\"Yhteydenottolomake\" novalidate=\"novalidate\" data-status=\"init\">\n<fieldset class=\"hidden-fields-container\"><input type=\"hidden\" name=\"_wpcf7\" value=\"633\" \/><input type=\"hidden\" name=\"_wpcf7_version\" value=\"6.1.5\" \/><input type=\"hidden\" name=\"_wpcf7_locale\" value=\"fi\" \/><input type=\"hidden\" name=\"_wpcf7_unit_tag\" value=\"wpcf7-f633-o1\" \/><input type=\"hidden\" name=\"_wpcf7_container_post\" value=\"0\" \/><input type=\"hidden\" name=\"_wpcf7_posted_data_hash\" value=\"\" \/><input type=\"hidden\" name=\"_wpcf7_recaptcha_response\" value=\"\" \/>\n<\/fieldset>\n<div class=\"palaute\">\n\t<div class=\"form-group\">\n\t\t<p><label for=\"viitenumero\" class=\"control-label\">Viitenumero<\/label><br \/>\n<span class=\"wpcf7-form-control-wrap\" data-name=\"viitenumero\"><input size=\"40\" maxlength=\"400\" class=\"wpcf7-form-control wpcf7-text form-control\" aria-invalid=\"false\" value=\"\" type=\"text\" name=\"viitenumero\" \/><\/span>\n\t\t<\/p>\n\t<\/div>\n\t<div class=\"form-group\">\n\t\t<p><label for=\"yleisarvosana\" class=\"control-label\">Yleisarvosana<\/label><br \/>\n<span class=\"wpcf7-form-control-wrap\" data-name=\"yleisarvosana\"><span class=\"wpcf7-form-control wpcf7-radio\"><span class=\"wpcf7-list-item first\"><input type=\"radio\" name=\"yleisarvosana\" value=\"1\" \/><span class=\"wpcf7-list-item-label\">1<\/span><\/span><span class=\"wpcf7-list-item\"><input type=\"radio\" name=\"yleisarvosana\" value=\"2\" \/><span class=\"wpcf7-list-item-label\">2<\/span><\/span><span class=\"wpcf7-list-item\"><input type=\"radio\" name=\"yleisarvosana\" value=\"3\" \/><span class=\"wpcf7-list-item-label\">3<\/span><\/span><span class=\"wpcf7-list-item\"><input type=\"radio\" name=\"yleisarvosana\" value=\"4\" \/><span class=\"wpcf7-list-item-label\">4<\/span><\/span><span class=\"wpcf7-list-item last\"><input type=\"radio\" name=\"yleisarvosana\" value=\"5\" \/><span class=\"wpcf7-list-item-label\">5<\/span><\/span><\/span><\/span>\n\t\t<\/p>\n\t<\/div>\n\t<div class=\"form-group\">\n\t\t<p><label for=\"pelastusvene\" class=\"control-label\">Saitteko tietoa milloin pelastusvene on luonanne?<\/label><br \/>\n<span class=\"wpcf7-form-control-wrap\" data-name=\"pelastusvene\"><span class=\"wpcf7-form-control wpcf7-radio\"><span class=\"wpcf7-list-item first\"><input type=\"radio\" name=\"pelastusvene\" value=\"Kyll\u00e4\" \/><span class=\"wpcf7-list-item-label\">Kyll\u00e4<\/span><\/span><span class=\"wpcf7-list-item last\"><input type=\"radio\" name=\"pelastusvene\" value=\"Ei\" \/><span class=\"wpcf7-list-item-label\">Ei<\/span><\/span><\/span><\/span>\n\t\t<\/p>\n\t<\/div>\n\t<div class=\"form-group\">\n\t\t<p><label for=\"miehisto\" class=\"control-label\">Informoiko pelastusveneen miehist\u00f6 teit\u00e4 miten pelastusoperaatio tullaan tekem\u00e4\u00e4n?<\/label>\n\t\t<\/p>\n\t\t<p><span class=\"wpcf7-form-control-wrap\" data-name=\"miehisto\"><span class=\"wpcf7-form-control wpcf7-radio\"><span class=\"wpcf7-list-item first\"><input type=\"radio\" name=\"miehisto\" value=\"1\" \/><span class=\"wpcf7-list-item-label\">1<\/span><\/span><span class=\"wpcf7-list-item\"><input type=\"radio\" name=\"miehisto\" value=\"2\" \/><span class=\"wpcf7-list-item-label\">2<\/span><\/span><span class=\"wpcf7-list-item\"><input type=\"radio\" name=\"miehisto\" value=\"3\" \/><span class=\"wpcf7-list-item-label\">3<\/span><\/span><span class=\"wpcf7-list-item\"><input type=\"radio\" name=\"miehisto\" value=\"4\" \/><span class=\"wpcf7-list-item-label\">4<\/span><\/span><span class=\"wpcf7-list-item last\"><input type=\"radio\" name=\"miehisto\" value=\"5\" \/><span class=\"wpcf7-list-item-label\">5<\/span><\/span><\/span><\/span>\n\t\t<\/p>\n\t<\/div>\n\t<div class=\"form-group\">\n\t\t<p><label for=\"hinaus\" class=\"control-label\">Mik\u00e4li teht\u00e4v\u00e4\u00e4n liittyi hinaus, saitteko tarpeeksi tietoa mit\u00e4 teid\u00e4n pit\u00e4isi ottaa huomioon hinauksen alussa, aikana tai lopussa?<\/label><br \/>\n<span class=\"wpcf7-form-control-wrap\" data-name=\"hinaus\"><span class=\"wpcf7-form-control wpcf7-radio\"><span class=\"wpcf7-list-item first\"><input type=\"radio\" name=\"hinaus\" value=\"1\" \/><span class=\"wpcf7-list-item-label\">1<\/span><\/span><span class=\"wpcf7-list-item\"><input type=\"radio\" name=\"hinaus\" value=\"2\" \/><span class=\"wpcf7-list-item-label\">2<\/span><\/span><span class=\"wpcf7-list-item\"><input type=\"radio\" name=\"hinaus\" value=\"3\" \/><span class=\"wpcf7-list-item-label\">3<\/span><\/span><span class=\"wpcf7-list-item\"><input type=\"radio\" name=\"hinaus\" value=\"4\" \/><span class=\"wpcf7-list-item-label\">4<\/span><\/span><span class=\"wpcf7-list-item last\"><input type=\"radio\" name=\"hinaus\" value=\"5\" \/><span class=\"wpcf7-list-item-label\">5<\/span><\/span><\/span><\/span>\n\t\t<\/p>\n\t<\/div>\n\t<div class=\"form-group\">\n\t\t<p><label for=\"ammattitaito\" class=\"control-label\">Millaiseksi koitte pelastusvenemiehist\u00f6n ammattitaidon?<\/label><br \/>\n<span class=\"wpcf7-form-control-wrap\" data-name=\"ammattitaito\"><span class=\"wpcf7-form-control wpcf7-radio\"><span class=\"wpcf7-list-item first\"><input type=\"radio\" name=\"ammattitaito\" value=\"1\" \/><span class=\"wpcf7-list-item-label\">1<\/span><\/span><span class=\"wpcf7-list-item\"><input type=\"radio\" name=\"ammattitaito\" value=\"2\" \/><span class=\"wpcf7-list-item-label\">2<\/span><\/span><span class=\"wpcf7-list-item\"><input type=\"radio\" name=\"ammattitaito\" value=\"3\" \/><span class=\"wpcf7-list-item-label\">3<\/span><\/span><span class=\"wpcf7-list-item\"><input type=\"radio\" name=\"ammattitaito\" value=\"4\" \/><span class=\"wpcf7-list-item-label\">4<\/span><\/span><span class=\"wpcf7-list-item last\"><input type=\"radio\" name=\"ammattitaito\" value=\"5\" \/><span class=\"wpcf7-list-item-label\">5<\/span><\/span><\/span><\/span>\n\t\t<\/p>\n\t<\/div>\n\t<div class=\"form-group\">\n\t\t<p><label for=\"nimeton\" class=\"control-label\">Haluan antaa palautteen nimett\u00f6m\u00e4n\u00e4<\/label><br \/>\n<span class=\"wpcf7-form-control-wrap\" data-name=\"nimeton\"><span class=\"wpcf7-form-control wpcf7-radio\"><span class=\"wpcf7-list-item first\"><input type=\"radio\" name=\"nimeton\" value=\"Kyll\u00e4\" \/><span class=\"wpcf7-list-item-label\">Kyll\u00e4<\/span><\/span><span class=\"wpcf7-list-item last\"><input type=\"radio\" name=\"nimeton\" value=\"Ei\" \/><span class=\"wpcf7-list-item-label\">Ei<\/span><\/span><\/span><\/span>\n\t\t<\/p>\n\t<\/div>\n\t<div class=\"form-group\">\n\t\t<p><label for=\"vapaa-palaute\" class=\"control-label\">Vapaa palaute<\/label>\n\t\t<\/p>\n\t\t<div class=\"row\">\n\t\t\t<div class=\"col-sm-12\">\n\t\t\t\t<p><span class=\"wpcf7-form-control-wrap\" data-name=\"vapaa-palaute\"><textarea cols=\"40\" rows=\"10\" maxlength=\"2000\" class=\"wpcf7-form-control wpcf7-textarea form-control\" aria-invalid=\"false\" name=\"vapaa-palaute\"><\/textarea><\/span>\n\t\t\t\t<\/p>\n\t\t\t<\/div>\n\t\t<\/div>\n\t<\/div>\n\t<p><input class=\"wpcf7-form-control wpcf7-submit has-spinner btn-block btn btn-primary btn-lg\" type=\"submit\" value=\"L\u00e4het\u00e4\" \/>\n\t<\/p>\n<\/div><div class=\"wpcf7-response-output\" aria-hidden=\"true\"><\/div>\n<\/form>\n<\/div>\n<\/div>\n","protected":false},"excerpt":{"rendered":"<p>Anna palautetta toiminnastamme Palauteosion kautta voitte antaa palautetta ainoastaan Helsingin Meripelastusyhdistyksen pelastusveneiden Rautauoman ja Aiskon suorittamista teht\u00e4vist\u00e4. Olette saaneet teht\u00e4v\u00e4n yhteydess\u00e4 lomakkeen, jossa on viitenumero. Sy\u00f6tt\u00e4k\u00e4\u00e4 viitenumero palautelomakkeeseen, jotta pystymme kohdentamaan palautteen oikeaan teht\u00e4v\u00e4\u00e4n. Kiitos palautteestanne, sen avulla pystymme kehitt\u00e4m\u00e4\u00e4n toimintaamme. Arvioikaa seuraavia kysymyksi\u00e4 siten, ett\u00e4 arvosana 1 on huonoin ja 5 paras. Mik\u00e4li haluatte [&hellip;]<\/p>\n","protected":false},"author":1,"featured_media":0,"parent":51,"menu_order":0,"comment_status":"closed","ping_status":"closed","template":"","meta":{"_acf_changed":false,"inline_featured_image":false,"footnotes":""},"class_list":["post-1224","page","type-page","status-publish","hentry"],"acf":[],"yoast_head":"<!-- This site is optimized with the Yoast SEO Premium plugin v27.2 (Yoast SEO v27.2) - https:\/\/yoast.com\/product\/yoast-seo-premium-wordpress\/ -->\n<title>Anna palautetta - Helsingin Meripelastusyhdistys<\/title>\n<meta name=\"robots\" content=\"index, follow, max-snippet:-1, max-image-preview:large, max-video-preview:-1\" \/>\n<link rel=\"canonical\" href=\"https:\/\/meripelastus.fi\/helsinki\/yhteystiedot\/anna-palautetta\/\" \/>\n<meta property=\"og:locale\" content=\"fi_FI\" \/>\n<meta property=\"og:type\" content=\"article\" \/>\n<meta property=\"og:title\" content=\"Anna palautetta\" \/>\n<meta property=\"og:description\" content=\"Anna palautetta toiminnastamme Palauteosion kautta voitte antaa palautetta ainoastaan Helsingin Meripelastusyhdistyksen pelastusveneiden Rautauoman ja Aiskon suorittamista teht\u00e4vist\u00e4. Olette saaneet teht\u00e4v\u00e4n yhteydess\u00e4 lomakkeen, jossa on viitenumero. Sy\u00f6tt\u00e4k\u00e4\u00e4 viitenumero palautelomakkeeseen, jotta pystymme kohdentamaan palautteen oikeaan teht\u00e4v\u00e4\u00e4n. Kiitos palautteestanne, sen avulla pystymme kehitt\u00e4m\u00e4\u00e4n toimintaamme. Arvioikaa seuraavia kysymyksi\u00e4 siten, ett\u00e4 arvosana 1 on huonoin ja 5 paras. Mik\u00e4li haluatte [&hellip;]\" \/>\n<meta property=\"og:url\" content=\"https:\/\/meripelastus.fi\/helsinki\/yhteystiedot\/anna-palautetta\/\" \/>\n<meta property=\"og:site_name\" content=\"Helsingin Meripelastusyhdistys\" \/>\n<meta property=\"article:modified_time\" content=\"2023-12-22T11:16:34+00:00\" \/>\n<meta name=\"twitter:card\" content=\"summary_large_image\" \/>\n<meta name=\"twitter:label1\" content=\"Arvioitu lukuaika\" \/>\n\t<meta name=\"twitter:data1\" content=\"1 minuutti\" \/>\n<script type=\"application\/ld+json\" class=\"yoast-schema-graph\">{\"@context\":\"https:\/\/schema.org\",\"@graph\":[{\"@type\":\"WebPage\",\"@id\":\"https:\/\/meripelastus.fi\/helsinki\/yhteystiedot\/anna-palautetta\/\",\"url\":\"https:\/\/meripelastus.fi\/helsinki\/yhteystiedot\/anna-palautetta\/\",\"name\":\"Anna palautetta - Helsingin Meripelastusyhdistys\",\"isPartOf\":{\"@id\":\"https:\/\/meripelastus.fi\/helsinki\/#website\"},\"datePublished\":\"2019-09-26T09:49:49+00:00\",\"dateModified\":\"2023-12-22T11:16:34+00:00\",\"breadcrumb\":{\"@id\":\"https:\/\/meripelastus.fi\/helsinki\/yhteystiedot\/anna-palautetta\/#breadcrumb\"},\"inLanguage\":\"fi\",\"potentialAction\":[{\"@type\":\"ReadAction\",\"target\":[\"https:\/\/meripelastus.fi\/helsinki\/yhteystiedot\/anna-palautetta\/\"]}]},{\"@type\":\"BreadcrumbList\",\"@id\":\"https:\/\/meripelastus.fi\/helsinki\/yhteystiedot\/anna-palautetta\/#breadcrumb\",\"itemListElement\":[{\"@type\":\"ListItem\",\"position\":1,\"name\":\"Etusivu\",\"item\":\"https:\/\/meripelastus.fi\/helsinki\/\"},{\"@type\":\"ListItem\",\"position\":2,\"name\":\"Yhteystiedot\",\"item\":\"https:\/\/meripelastus.fi\/helsinki\/yhteystiedot\/\"},{\"@type\":\"ListItem\",\"position\":3,\"name\":\"Anna palautetta\"}]},{\"@type\":\"WebSite\",\"@id\":\"https:\/\/meripelastus.fi\/helsinki\/#website\",\"url\":\"https:\/\/meripelastus.fi\/helsinki\/\",\"name\":\"Helsingin Meripelastusyhdistys\",\"description\":\"Vapaaehtoiset apunasi vesill\u00e4\",\"potentialAction\":[{\"@type\":\"SearchAction\",\"target\":{\"@type\":\"EntryPoint\",\"urlTemplate\":\"https:\/\/meripelastus.fi\/helsinki\/?s={search_term_string}\"},\"query-input\":{\"@type\":\"PropertyValueSpecification\",\"valueRequired\":true,\"valueName\":\"search_term_string\"}}],\"inLanguage\":\"fi\"}]}<\/script>\n<!-- \/ Yoast SEO Premium plugin. -->","yoast_head_json":{"title":"Anna palautetta - Helsingin Meripelastusyhdistys","robots":{"index":"index","follow":"follow","max-snippet":"max-snippet:-1","max-image-preview":"max-image-preview:large","max-video-preview":"max-video-preview:-1"},"canonical":"https:\/\/meripelastus.fi\/helsinki\/yhteystiedot\/anna-palautetta\/","og_locale":"fi_FI","og_type":"article","og_title":"Anna palautetta","og_description":"Anna palautetta toiminnastamme Palauteosion kautta voitte antaa palautetta ainoastaan Helsingin Meripelastusyhdistyksen pelastusveneiden Rautauoman ja Aiskon suorittamista teht\u00e4vist\u00e4. Olette saaneet teht\u00e4v\u00e4n yhteydess\u00e4 lomakkeen, jossa on viitenumero. Sy\u00f6tt\u00e4k\u00e4\u00e4 viitenumero palautelomakkeeseen, jotta pystymme kohdentamaan palautteen oikeaan teht\u00e4v\u00e4\u00e4n. Kiitos palautteestanne, sen avulla pystymme kehitt\u00e4m\u00e4\u00e4n toimintaamme. Arvioikaa seuraavia kysymyksi\u00e4 siten, ett\u00e4 arvosana 1 on huonoin ja 5 paras. Mik\u00e4li haluatte [&hellip;]","og_url":"https:\/\/meripelastus.fi\/helsinki\/yhteystiedot\/anna-palautetta\/","og_site_name":"Helsingin Meripelastusyhdistys","article_modified_time":"2023-12-22T11:16:34+00:00","twitter_card":"summary_large_image","twitter_misc":{"Arvioitu lukuaika":"1 minuutti"},"schema":{"@context":"https:\/\/schema.org","@graph":[{"@type":"WebPage","@id":"https:\/\/meripelastus.fi\/helsinki\/yhteystiedot\/anna-palautetta\/","url":"https:\/\/meripelastus.fi\/helsinki\/yhteystiedot\/anna-palautetta\/","name":"Anna palautetta - Helsingin Meripelastusyhdistys","isPartOf":{"@id":"https:\/\/meripelastus.fi\/helsinki\/#website"},"datePublished":"2019-09-26T09:49:49+00:00","dateModified":"2023-12-22T11:16:34+00:00","breadcrumb":{"@id":"https:\/\/meripelastus.fi\/helsinki\/yhteystiedot\/anna-palautetta\/#breadcrumb"},"inLanguage":"fi","potentialAction":[{"@type":"ReadAction","target":["https:\/\/meripelastus.fi\/helsinki\/yhteystiedot\/anna-palautetta\/"]}]},{"@type":"BreadcrumbList","@id":"https:\/\/meripelastus.fi\/helsinki\/yhteystiedot\/anna-palautetta\/#breadcrumb","itemListElement":[{"@type":"ListItem","position":1,"name":"Etusivu","item":"https:\/\/meripelastus.fi\/helsinki\/"},{"@type":"ListItem","position":2,"name":"Yhteystiedot","item":"https:\/\/meripelastus.fi\/helsinki\/yhteystiedot\/"},{"@type":"ListItem","position":3,"name":"Anna palautetta"}]},{"@type":"WebSite","@id":"https:\/\/meripelastus.fi\/helsinki\/#website","url":"https:\/\/meripelastus.fi\/helsinki\/","name":"Helsingin Meripelastusyhdistys","description":"Vapaaehtoiset apunasi vesill\u00e4","potentialAction":[{"@type":"SearchAction","target":{"@type":"EntryPoint","urlTemplate":"https:\/\/meripelastus.fi\/helsinki\/?s={search_term_string}"},"query-input":{"@type":"PropertyValueSpecification","valueRequired":true,"valueName":"search_term_string"}}],"inLanguage":"fi"}]}},"_links":{"self":[{"href":"https:\/\/meripelastus.fi\/helsinki\/wp-json\/wp\/v2\/pages\/1224","targetHints":{"allow":["GET"]}}],"collection":[{"href":"https:\/\/meripelastus.fi\/helsinki\/wp-json\/wp\/v2\/pages"}],"about":[{"href":"https:\/\/meripelastus.fi\/helsinki\/wp-json\/wp\/v2\/types\/page"}],"author":[{"embeddable":true,"href":"https:\/\/meripelastus.fi\/helsinki\/wp-json\/wp\/v2\/users\/1"}],"replies":[{"embeddable":true,"href":"https:\/\/meripelastus.fi\/helsinki\/wp-json\/wp\/v2\/comments?post=1224"}],"version-history":[{"count":6,"href":"https:\/\/meripelastus.fi\/helsinki\/wp-json\/wp\/v2\/pages\/1224\/revisions"}],"predecessor-version":[{"id":1868,"href":"https:\/\/meripelastus.fi\/helsinki\/wp-json\/wp\/v2\/pages\/1224\/revisions\/1868"}],"up":[{"embeddable":true,"href":"https:\/\/meripelastus.fi\/helsinki\/wp-json\/wp\/v2\/pages\/51"}],"wp:attachment":[{"href":"https:\/\/meripelastus.fi\/helsinki\/wp-json\/wp\/v2\/media?parent=1224"}],"curies":[{"name":"wp","href":"https:\/\/api.w.org\/{rel}","templated":true}]}}