{"id":8,"date":"2018-03-19T09:16:29","date_gmt":"2018-03-19T07:16:29","guid":{"rendered":"http:\/\/basetemplate.smpsyhdistykset.16.testivedos.com\/?page_id=8"},"modified":"2025-07-14T11:27:45","modified_gmt":"2025-07-14T08:27:45","slug":"tietoa-meista","status":"publish","type":"page","link":"https:\/\/meripelastus.fi\/heinola\/heinolan-jarvipelastajat\/tietoa-meista\/","title":{"rendered":"Tietoa meist\u00e4"},"content":{"rendered":"<p>Heinolan J\u00e4rvipelastajat ry on vuonna 1974 perustettu yhdistys, joka yll\u00e4pit\u00e4\u00e4 vesipelastusvalmiutta Ruotsalaisen, Konniveden Ja Pyh\u00e4j\u00e4rven vesist\u00f6alueella. Suurin osa teht\u00e4vist\u00e4mme on vesill\u00e4liikkujien avustamista, yleisimmin konevikaisten alusten hinaamista.<\/p>\n<p>Yhdistyksell\u00e4 on kaksi asemaa. Heinolan Ja Kouvolan J\u00e4rvipelastusasemat<\/p>\n<p>Pelastusveneemme p\u00e4ivyst\u00e4v\u00e4t 24 tuntia vuorokaudessa avovesikautena, valmiina l\u00e4htem\u00e4\u00e4n j\u00e4rvelle onnettomuuden sattuessa.<\/p>\n<p>Pelastusveneidemme miehist\u00f6 muodostuu vapaaehtoisista, eiv\u00e4tk\u00e4 miehist\u00f6mme j\u00e4senet saa palkkaa tekem\u00e4st\u00e4\u00e4n ty\u00f6st\u00e4. Pelastustoiminnan kustannukset ovat kuitenkin kymmeni\u00e4tuhansia euroja vuodessa. J\u00e4senmaksut ja lahjoitukset ovat suurin yksitt\u00e4inen tulonl\u00e4hteemme.<\/p>\n<p>Koulutamme j\u00e4senist\u00f6\u00e4mme veneilytaidoissa ja valmistamme vesiliikenneturvallisuuteen liittyviss\u00e4 asioissa.<\/p>\n<p>Tervetuloa mukaan toimintaan!<\/p>\n","protected":false},"excerpt":{"rendered":"<p>Heinolan J\u00e4rvipelastajat ry on vuonna 1974 perustettu yhdistys, joka yll\u00e4pit\u00e4\u00e4 vesipelastusvalmiutta Ruotsalaisen, Konniveden Ja Pyh\u00e4j\u00e4rven vesist\u00f6alueella. Suurin osa teht\u00e4vist\u00e4mme on vesill\u00e4liikkujien avustamista, yleisimmin konevikaisten alusten hinaamista. Yhdistyksell\u00e4 on kaksi asemaa. Heinolan Ja Kouvolan J\u00e4rvipelastusasemat Pelastusveneemme p\u00e4ivyst\u00e4v\u00e4t 24 tuntia vuorokaudessa avovesikautena, valmiina l\u00e4htem\u00e4\u00e4n j\u00e4rvelle onnettomuuden sattuessa. Pelastusveneidemme miehist\u00f6 muodostuu vapaaehtoisista, eiv\u00e4tk\u00e4 miehist\u00f6mme j\u00e4senet saa palkkaa tekem\u00e4st\u00e4\u00e4n [&hellip;]<\/p>\n","protected":false},"author":1,"featured_media":0,"parent":6,"menu_order":0,"comment_status":"closed","ping_status":"closed","template":"","meta":{"_acf_changed":false,"inline_featured_image":false,"footnotes":""},"class_list":["post-8","page","type-page","status-publish","hentry"],"acf":[],"yoast_head":"<!-- This site is optimized with the Yoast SEO Premium plugin v27.2 (Yoast SEO v27.2) - https:\/\/yoast.com\/product\/yoast-seo-premium-wordpress\/ -->\n<title>Tietoa meist\u00e4 - Heinolan J\u00e4rvipelastajat<\/title>\n<meta name=\"robots\" content=\"index, follow, max-snippet:-1, max-image-preview:large, max-video-preview:-1\" \/>\n<link rel=\"canonical\" href=\"https:\/\/meripelastus.fi\/heinola\/heinolan-jarvipelastajat\/tietoa-meista\/\" \/>\n<meta property=\"og:locale\" content=\"fi_FI\" \/>\n<meta property=\"og:type\" content=\"article\" \/>\n<meta property=\"og:title\" content=\"Tietoa meist\u00e4\" \/>\n<meta property=\"og:description\" content=\"Heinolan J\u00e4rvipelastajat ry on vuonna 1974 perustettu yhdistys, joka yll\u00e4pit\u00e4\u00e4 vesipelastusvalmiutta Ruotsalaisen, Konniveden Ja Pyh\u00e4j\u00e4rven vesist\u00f6alueella. Suurin osa teht\u00e4vist\u00e4mme on vesill\u00e4liikkujien avustamista, yleisimmin konevikaisten alusten hinaamista. Yhdistyksell\u00e4 on kaksi asemaa. Heinolan Ja Kouvolan J\u00e4rvipelastusasemat Pelastusveneemme p\u00e4ivyst\u00e4v\u00e4t 24 tuntia vuorokaudessa avovesikautena, valmiina l\u00e4htem\u00e4\u00e4n j\u00e4rvelle onnettomuuden sattuessa. Pelastusveneidemme miehist\u00f6 muodostuu vapaaehtoisista, eiv\u00e4tk\u00e4 miehist\u00f6mme j\u00e4senet saa palkkaa tekem\u00e4st\u00e4\u00e4n [&hellip;]\" \/>\n<meta property=\"og:url\" content=\"https:\/\/meripelastus.fi\/heinola\/heinolan-jarvipelastajat\/tietoa-meista\/\" \/>\n<meta property=\"og:site_name\" content=\"Heinolan J\u00e4rvipelastajat\" \/>\n<meta property=\"article:modified_time\" content=\"2025-07-14T08:27:45+00:00\" \/>\n<meta name=\"twitter:card\" content=\"summary_large_image\" \/>\n<meta name=\"twitter:label1\" content=\"Arvioitu lukuaika\" \/>\n\t<meta name=\"twitter:data1\" content=\"1 minuutti\" \/>\n<script type=\"application\/ld+json\" class=\"yoast-schema-graph\">{\"@context\":\"https:\/\/schema.org\",\"@graph\":[{\"@type\":\"WebPage\",\"@id\":\"https:\/\/meripelastus.fi\/heinola\/heinolan-jarvipelastajat\/tietoa-meista\/\",\"url\":\"https:\/\/meripelastus.fi\/heinola\/heinolan-jarvipelastajat\/tietoa-meista\/\",\"name\":\"Tietoa meist\u00e4 - Heinolan J\u00e4rvipelastajat\",\"isPartOf\":{\"@id\":\"https:\/\/meripelastus.fi\/heinola\/#website\"},\"datePublished\":\"2018-03-19T07:16:29+00:00\",\"dateModified\":\"2025-07-14T08:27:45+00:00\",\"breadcrumb\":{\"@id\":\"https:\/\/meripelastus.fi\/heinola\/heinolan-jarvipelastajat\/tietoa-meista\/#breadcrumb\"},\"inLanguage\":\"fi\",\"potentialAction\":[{\"@type\":\"ReadAction\",\"target\":[\"https:\/\/meripelastus.fi\/heinola\/heinolan-jarvipelastajat\/tietoa-meista\/\"]}]},{\"@type\":\"BreadcrumbList\",\"@id\":\"https:\/\/meripelastus.fi\/heinola\/heinolan-jarvipelastajat\/tietoa-meista\/#breadcrumb\",\"itemListElement\":[{\"@type\":\"ListItem\",\"position\":1,\"name\":\"Etusivu\",\"item\":\"https:\/\/meripelastus.fi\/heinola\/\"},{\"@type\":\"ListItem\",\"position\":2,\"name\":\"Heinolan J\u00e4rvipelastajat\",\"item\":\"https:\/\/meripelastus.fi\/heinola\/heinolan-jarvipelastajat\/\"},{\"@type\":\"ListItem\",\"position\":3,\"name\":\"Tietoa meist\u00e4\"}]},{\"@type\":\"WebSite\",\"@id\":\"https:\/\/meripelastus.fi\/heinola\/#website\",\"url\":\"https:\/\/meripelastus.fi\/heinola\/\",\"name\":\"Heinolan J\u00e4rvipelastajat\",\"description\":\"Uusi SMPS Yhdistykset -sivusto\",\"potentialAction\":[{\"@type\":\"SearchAction\",\"target\":{\"@type\":\"EntryPoint\",\"urlTemplate\":\"https:\/\/meripelastus.fi\/heinola\/?s={search_term_string}\"},\"query-input\":{\"@type\":\"PropertyValueSpecification\",\"valueRequired\":true,\"valueName\":\"search_term_string\"}}],\"inLanguage\":\"fi\"}]}<\/script>\n<!-- \/ Yoast SEO Premium plugin. -->","yoast_head_json":{"title":"Tietoa meist\u00e4 - Heinolan J\u00e4rvipelastajat","robots":{"index":"index","follow":"follow","max-snippet":"max-snippet:-1","max-image-preview":"max-image-preview:large","max-video-preview":"max-video-preview:-1"},"canonical":"https:\/\/meripelastus.fi\/heinola\/heinolan-jarvipelastajat\/tietoa-meista\/","og_locale":"fi_FI","og_type":"article","og_title":"Tietoa meist\u00e4","og_description":"Heinolan J\u00e4rvipelastajat ry on vuonna 1974 perustettu yhdistys, joka yll\u00e4pit\u00e4\u00e4 vesipelastusvalmiutta Ruotsalaisen, Konniveden Ja Pyh\u00e4j\u00e4rven vesist\u00f6alueella. Suurin osa teht\u00e4vist\u00e4mme on vesill\u00e4liikkujien avustamista, yleisimmin konevikaisten alusten hinaamista. Yhdistyksell\u00e4 on kaksi asemaa. Heinolan Ja Kouvolan J\u00e4rvipelastusasemat Pelastusveneemme p\u00e4ivyst\u00e4v\u00e4t 24 tuntia vuorokaudessa avovesikautena, valmiina l\u00e4htem\u00e4\u00e4n j\u00e4rvelle onnettomuuden sattuessa. Pelastusveneidemme miehist\u00f6 muodostuu vapaaehtoisista, eiv\u00e4tk\u00e4 miehist\u00f6mme j\u00e4senet saa palkkaa tekem\u00e4st\u00e4\u00e4n [&hellip;]","og_url":"https:\/\/meripelastus.fi\/heinola\/heinolan-jarvipelastajat\/tietoa-meista\/","og_site_name":"Heinolan J\u00e4rvipelastajat","article_modified_time":"2025-07-14T08:27:45+00:00","twitter_card":"summary_large_image","twitter_misc":{"Arvioitu lukuaika":"1 minuutti"},"schema":{"@context":"https:\/\/schema.org","@graph":[{"@type":"WebPage","@id":"https:\/\/meripelastus.fi\/heinola\/heinolan-jarvipelastajat\/tietoa-meista\/","url":"https:\/\/meripelastus.fi\/heinola\/heinolan-jarvipelastajat\/tietoa-meista\/","name":"Tietoa meist\u00e4 - Heinolan J\u00e4rvipelastajat","isPartOf":{"@id":"https:\/\/meripelastus.fi\/heinola\/#website"},"datePublished":"2018-03-19T07:16:29+00:00","dateModified":"2025-07-14T08:27:45+00:00","breadcrumb":{"@id":"https:\/\/meripelastus.fi\/heinola\/heinolan-jarvipelastajat\/tietoa-meista\/#breadcrumb"},"inLanguage":"fi","potentialAction":[{"@type":"ReadAction","target":["https:\/\/meripelastus.fi\/heinola\/heinolan-jarvipelastajat\/tietoa-meista\/"]}]},{"@type":"BreadcrumbList","@id":"https:\/\/meripelastus.fi\/heinola\/heinolan-jarvipelastajat\/tietoa-meista\/#breadcrumb","itemListElement":[{"@type":"ListItem","position":1,"name":"Etusivu","item":"https:\/\/meripelastus.fi\/heinola\/"},{"@type":"ListItem","position":2,"name":"Heinolan J\u00e4rvipelastajat","item":"https:\/\/meripelastus.fi\/heinola\/heinolan-jarvipelastajat\/"},{"@type":"ListItem","position":3,"name":"Tietoa meist\u00e4"}]},{"@type":"WebSite","@id":"https:\/\/meripelastus.fi\/heinola\/#website","url":"https:\/\/meripelastus.fi\/heinola\/","name":"Heinolan J\u00e4rvipelastajat","description":"Uusi SMPS Yhdistykset -sivusto","potentialAction":[{"@type":"SearchAction","target":{"@type":"EntryPoint","urlTemplate":"https:\/\/meripelastus.fi\/heinola\/?s={search_term_string}"},"query-input":{"@type":"PropertyValueSpecification","valueRequired":true,"valueName":"search_term_string"}}],"inLanguage":"fi"}]}},"_links":{"self":[{"href":"https:\/\/meripelastus.fi\/heinola\/wp-json\/wp\/v2\/pages\/8","targetHints":{"allow":["GET"]}}],"collection":[{"href":"https:\/\/meripelastus.fi\/heinola\/wp-json\/wp\/v2\/pages"}],"about":[{"href":"https:\/\/meripelastus.fi\/heinola\/wp-json\/wp\/v2\/types\/page"}],"author":[{"embeddable":true,"href":"https:\/\/meripelastus.fi\/heinola\/wp-json\/wp\/v2\/users\/1"}],"replies":[{"embeddable":true,"href":"https:\/\/meripelastus.fi\/heinola\/wp-json\/wp\/v2\/comments?post=8"}],"version-history":[{"count":9,"href":"https:\/\/meripelastus.fi\/heinola\/wp-json\/wp\/v2\/pages\/8\/revisions"}],"predecessor-version":[{"id":350,"href":"https:\/\/meripelastus.fi\/heinola\/wp-json\/wp\/v2\/pages\/8\/revisions\/350"}],"up":[{"embeddable":true,"href":"https:\/\/meripelastus.fi\/heinola\/wp-json\/wp\/v2\/pages\/6"}],"wp:attachment":[{"href":"https:\/\/meripelastus.fi\/heinola\/wp-json\/wp\/v2\/media?parent=8"}],"curies":[{"name":"wp","href":"https:\/\/api.w.org\/{rel}","templated":true}]}}