{"id":51,"date":"2018-03-19T09:24:37","date_gmt":"2018-03-19T07:24:37","guid":{"rendered":"http:\/\/basetemplate.smpsyhdistykset.16.testivedos.com\/?page_id=51"},"modified":"2026-02-11T17:16:24","modified_gmt":"2026-02-11T15:16:24","slug":"yhteystiedot","status":"publish","type":"page","link":"https:\/\/meripelastus.fi\/heinola\/yhteystiedot\/","title":{"rendered":"Yhteystiedot"},"content":{"rendered":"<div class=\"view-content\">\n<div class=\"views-row views-row-1 views-row-odd views-row-first views-row-last\">\n<div class=\"views-field views-field-Nimi-virallinen\">\n<h2 class=\"field-content\">Suomen Meripelastusseura Heinolan J\u00e4rvipelastajat ry<\/h2>\n<h3 class=\"field-content\">Puheenjohtaja<\/h3>\n<\/div>\n<div class=\"views-field views-field-Posti-co\">Joona Tapanainen<\/div>\n<div class=\"views-field views-field-Puhelin\">Puhelin: 0405820727<\/div>\n<div class=\"views-field views-field-php\">S\u00e4hk\u00f6posti: <a href=\"mailto:pj.heinola@messi.meripelastus.fi\">pj.heinola@messi.meripelastus.fi<\/a><\/div>\n<\/div>\n<div>\n<div class=\"views-field views-field-Nimi-virallinen\">\n<h3 class=\"field-content\">Varapuheenjohtaja<\/h3>\n<\/div>\n<div class=\"views-field views-field-Posti-co\">Nina Fachar<\/div>\n<div class=\"views-field views-field-php\">S\u00e4hk\u00f6posti: <a href=\"mailto:vpj.heinola@messi.meripelastus.fi\">vpj.heinola@messi.meripelastus.fi<\/a><\/div>\n<\/div>\n<\/div>\n<div class=\"views-field views-field-Nimi-fi\">\n<h3 class=\"field-content\">Nuorisovastaava<\/h3>\n<\/div>\n<div class=\"views-field views-field-Nimi-fi\">Veikka Numminen<\/div>\n<div class=\"views-field views-field-Nimi-fi\">Puhelin: 0440708710<\/div>\n<div class=\"views-field views-field-Nimi-fi\">S\u00e4hk\u00f6posti:\u00a0<a href=\"mailto:nuoriso.heinola@messi.meripelastus.fi\">nuoriso.heinola@messi.meripelastus.fi<\/a><\/div>\n<div class=\"views-field views-field-Nimi-fi\"><\/div>\n<div class=\"view-footer\">\n<div class=\"view view-asemat view-id-asemat view-display-id-panel_pane_1 view-dom-id-74305cc5c93543d61a78e925c1021615\">\n<div class=\"view-header\">\n<div class=\"title\">\n<h2 class=\"title\">Asemat<\/h2>\n<h3 class=\"views-field views-field-Nimi-virallinen\">Heinolan pelastusasema<\/h3>\n<div>Ruotsalainen ja Konnivesi<\/div>\n<div><\/div>\n<div class=\"views-field views-field-Posti-co\">Puhelin:\u00a00400123034<\/div>\n<div>S\u00e4hk\u00f6posti:\u00a0<a href=\"mailto:heinolanjpy@gmail.com\">heinolanjpy@gmail.com<\/a><\/div>\n<\/div>\n<\/div>\n<div class=\"view-content\">\n<div class=\"views-row views-row-1 views-row-odd views-row-first\">\n<h3 class=\"views-field views-field-Nimi-virallinen\">Kouvolan pelastusasema<\/h3>\n<div>Pyh\u00e4j\u00e4rvi<\/div>\n<div><\/div>\n<div class=\"views-field views-field-Posti-co\">Puhelin:\u00a00401203211<\/div>\n<div class=\"views-field views-field-Posti-co\">S\u00e4hk\u00f6posti:\u00a0<a style=\"font-size: 12pt\" href=\"mailto:kouvolanjarvipelastusasema@gmail.com\">kouvolanjarvipelastusasema@gmail.com<\/a><\/div>\n<\/div>\n<div class=\"views-row views-row-2 views-row-even views-row-last\">\n<div class=\"views-field views-field-Puhelin\"><\/div>\n<\/div>\n<\/div>\n<\/div>\n<\/div>\n","protected":false},"excerpt":{"rendered":"<p>Suomen Meripelastusseura Heinolan J\u00e4rvipelastajat ry Puheenjohtaja Joona Tapanainen Puhelin: 0405820727 S\u00e4hk\u00f6posti: pj.heinola@messi.meripelastus.fi Varapuheenjohtaja Nina Fachar S\u00e4hk\u00f6posti: vpj.heinola@messi.meripelastus.fi Nuorisovastaava Veikka Numminen Puhelin: 0440708710 S\u00e4hk\u00f6posti:\u00a0nuoriso.heinola@messi.meripelastus.fi Asemat Heinolan pelastusasema Ruotsalainen ja Konnivesi Puhelin:\u00a00400123034 S\u00e4hk\u00f6posti:\u00a0heinolanjpy@gmail.com Kouvolan pelastusasema Pyh\u00e4j\u00e4rvi Puhelin:\u00a00401203211 S\u00e4hk\u00f6posti:\u00a0kouvolanjarvipelastusasema@gmail.com<\/p>\n","protected":false},"author":1,"featured_media":0,"parent":0,"menu_order":4,"comment_status":"closed","ping_status":"closed","template":"","meta":{"_acf_changed":false,"inline_featured_image":false,"footnotes":""},"class_list":["post-51","page","type-page","status-publish","hentry"],"acf":[],"yoast_head":"<!-- This site is optimized with the Yoast SEO Premium plugin v27.2 (Yoast SEO v27.2) - https:\/\/yoast.com\/product\/yoast-seo-premium-wordpress\/ -->\n<title>Yhteystiedot - Heinolan J\u00e4rvipelastajat<\/title>\n<meta name=\"robots\" content=\"index, follow, max-snippet:-1, max-image-preview:large, max-video-preview:-1\" \/>\n<link rel=\"canonical\" href=\"https:\/\/meripelastus.fi\/heinola\/yhteystiedot\/\" \/>\n<meta property=\"og:locale\" content=\"fi_FI\" \/>\n<meta property=\"og:type\" content=\"article\" \/>\n<meta property=\"og:title\" content=\"Yhteystiedot\" \/>\n<meta property=\"og:description\" content=\"Suomen Meripelastusseura Heinolan J\u00e4rvipelastajat ry Puheenjohtaja Joona Tapanainen Puhelin: 0405820727 S\u00e4hk\u00f6posti: pj.heinola@messi.meripelastus.fi Varapuheenjohtaja Nina Fachar S\u00e4hk\u00f6posti: vpj.heinola@messi.meripelastus.fi Nuorisovastaava Veikka Numminen Puhelin: 0440708710 S\u00e4hk\u00f6posti:\u00a0nuoriso.heinola@messi.meripelastus.fi Asemat Heinolan pelastusasema Ruotsalainen ja Konnivesi Puhelin:\u00a00400123034 S\u00e4hk\u00f6posti:\u00a0heinolanjpy@gmail.com Kouvolan pelastusasema Pyh\u00e4j\u00e4rvi Puhelin:\u00a00401203211 S\u00e4hk\u00f6posti:\u00a0kouvolanjarvipelastusasema@gmail.com\" \/>\n<meta property=\"og:url\" content=\"https:\/\/meripelastus.fi\/heinola\/yhteystiedot\/\" \/>\n<meta property=\"og:site_name\" content=\"Heinolan J\u00e4rvipelastajat\" \/>\n<meta property=\"article:modified_time\" content=\"2026-02-11T15:16:24+00:00\" \/>\n<meta name=\"twitter:card\" content=\"summary_large_image\" \/>\n<meta name=\"twitter:label1\" content=\"Arvioitu lukuaika\" \/>\n\t<meta name=\"twitter:data1\" content=\"1 minuutti\" \/>\n<script type=\"application\/ld+json\" class=\"yoast-schema-graph\">{\"@context\":\"https:\/\/schema.org\",\"@graph\":[{\"@type\":\"WebPage\",\"@id\":\"https:\/\/meripelastus.fi\/heinola\/yhteystiedot\/\",\"url\":\"https:\/\/meripelastus.fi\/heinola\/yhteystiedot\/\",\"name\":\"Yhteystiedot - Heinolan J\u00e4rvipelastajat\",\"isPartOf\":{\"@id\":\"https:\/\/meripelastus.fi\/heinola\/#website\"},\"datePublished\":\"2018-03-19T07:24:37+00:00\",\"dateModified\":\"2026-02-11T15:16:24+00:00\",\"breadcrumb\":{\"@id\":\"https:\/\/meripelastus.fi\/heinola\/yhteystiedot\/#breadcrumb\"},\"inLanguage\":\"fi\",\"potentialAction\":[{\"@type\":\"ReadAction\",\"target\":[\"https:\/\/meripelastus.fi\/heinola\/yhteystiedot\/\"]}]},{\"@type\":\"BreadcrumbList\",\"@id\":\"https:\/\/meripelastus.fi\/heinola\/yhteystiedot\/#breadcrumb\",\"itemListElement\":[{\"@type\":\"ListItem\",\"position\":1,\"name\":\"Etusivu\",\"item\":\"https:\/\/meripelastus.fi\/heinola\/\"},{\"@type\":\"ListItem\",\"position\":2,\"name\":\"Yhteystiedot\"}]},{\"@type\":\"WebSite\",\"@id\":\"https:\/\/meripelastus.fi\/heinola\/#website\",\"url\":\"https:\/\/meripelastus.fi\/heinola\/\",\"name\":\"Heinolan J\u00e4rvipelastajat\",\"description\":\"Uusi SMPS Yhdistykset -sivusto\",\"potentialAction\":[{\"@type\":\"SearchAction\",\"target\":{\"@type\":\"EntryPoint\",\"urlTemplate\":\"https:\/\/meripelastus.fi\/heinola\/?s={search_term_string}\"},\"query-input\":{\"@type\":\"PropertyValueSpecification\",\"valueRequired\":true,\"valueName\":\"search_term_string\"}}],\"inLanguage\":\"fi\"}]}<\/script>\n<!-- \/ Yoast SEO Premium plugin. -->","yoast_head_json":{"title":"Yhteystiedot - Heinolan J\u00e4rvipelastajat","robots":{"index":"index","follow":"follow","max-snippet":"max-snippet:-1","max-image-preview":"max-image-preview:large","max-video-preview":"max-video-preview:-1"},"canonical":"https:\/\/meripelastus.fi\/heinola\/yhteystiedot\/","og_locale":"fi_FI","og_type":"article","og_title":"Yhteystiedot","og_description":"Suomen Meripelastusseura Heinolan J\u00e4rvipelastajat ry Puheenjohtaja Joona Tapanainen Puhelin: 0405820727 S\u00e4hk\u00f6posti: pj.heinola@messi.meripelastus.fi Varapuheenjohtaja Nina Fachar S\u00e4hk\u00f6posti: vpj.heinola@messi.meripelastus.fi Nuorisovastaava Veikka Numminen Puhelin: 0440708710 S\u00e4hk\u00f6posti:\u00a0nuoriso.heinola@messi.meripelastus.fi Asemat Heinolan pelastusasema Ruotsalainen ja Konnivesi Puhelin:\u00a00400123034 S\u00e4hk\u00f6posti:\u00a0heinolanjpy@gmail.com Kouvolan pelastusasema Pyh\u00e4j\u00e4rvi Puhelin:\u00a00401203211 S\u00e4hk\u00f6posti:\u00a0kouvolanjarvipelastusasema@gmail.com","og_url":"https:\/\/meripelastus.fi\/heinola\/yhteystiedot\/","og_site_name":"Heinolan J\u00e4rvipelastajat","article_modified_time":"2026-02-11T15:16:24+00:00","twitter_card":"summary_large_image","twitter_misc":{"Arvioitu lukuaika":"1 minuutti"},"schema":{"@context":"https:\/\/schema.org","@graph":[{"@type":"WebPage","@id":"https:\/\/meripelastus.fi\/heinola\/yhteystiedot\/","url":"https:\/\/meripelastus.fi\/heinola\/yhteystiedot\/","name":"Yhteystiedot - Heinolan J\u00e4rvipelastajat","isPartOf":{"@id":"https:\/\/meripelastus.fi\/heinola\/#website"},"datePublished":"2018-03-19T07:24:37+00:00","dateModified":"2026-02-11T15:16:24+00:00","breadcrumb":{"@id":"https:\/\/meripelastus.fi\/heinola\/yhteystiedot\/#breadcrumb"},"inLanguage":"fi","potentialAction":[{"@type":"ReadAction","target":["https:\/\/meripelastus.fi\/heinola\/yhteystiedot\/"]}]},{"@type":"BreadcrumbList","@id":"https:\/\/meripelastus.fi\/heinola\/yhteystiedot\/#breadcrumb","itemListElement":[{"@type":"ListItem","position":1,"name":"Etusivu","item":"https:\/\/meripelastus.fi\/heinola\/"},{"@type":"ListItem","position":2,"name":"Yhteystiedot"}]},{"@type":"WebSite","@id":"https:\/\/meripelastus.fi\/heinola\/#website","url":"https:\/\/meripelastus.fi\/heinola\/","name":"Heinolan J\u00e4rvipelastajat","description":"Uusi SMPS Yhdistykset -sivusto","potentialAction":[{"@type":"SearchAction","target":{"@type":"EntryPoint","urlTemplate":"https:\/\/meripelastus.fi\/heinola\/?s={search_term_string}"},"query-input":{"@type":"PropertyValueSpecification","valueRequired":true,"valueName":"search_term_string"}}],"inLanguage":"fi"}]}},"_links":{"self":[{"href":"https:\/\/meripelastus.fi\/heinola\/wp-json\/wp\/v2\/pages\/51","targetHints":{"allow":["GET"]}}],"collection":[{"href":"https:\/\/meripelastus.fi\/heinola\/wp-json\/wp\/v2\/pages"}],"about":[{"href":"https:\/\/meripelastus.fi\/heinola\/wp-json\/wp\/v2\/types\/page"}],"author":[{"embeddable":true,"href":"https:\/\/meripelastus.fi\/heinola\/wp-json\/wp\/v2\/users\/1"}],"replies":[{"embeddable":true,"href":"https:\/\/meripelastus.fi\/heinola\/wp-json\/wp\/v2\/comments?post=51"}],"version-history":[{"count":11,"href":"https:\/\/meripelastus.fi\/heinola\/wp-json\/wp\/v2\/pages\/51\/revisions"}],"predecessor-version":[{"id":371,"href":"https:\/\/meripelastus.fi\/heinola\/wp-json\/wp\/v2\/pages\/51\/revisions\/371"}],"wp:attachment":[{"href":"https:\/\/meripelastus.fi\/heinola\/wp-json\/wp\/v2\/media?parent=51"}],"curies":[{"name":"wp","href":"https:\/\/api.w.org\/{rel}","templated":true}]}}