{"id":22,"date":"2018-03-19T09:18:43","date_gmt":"2018-03-19T07:18:43","guid":{"rendered":"http:\/\/basetemplate.smpsyhdistykset.16.testivedos.com\/?page_id=22"},"modified":"2025-08-13T13:22:02","modified_gmt":"2025-08-13T10:22:02","slug":"halytysohje","status":"publish","type":"page","link":"https:\/\/meripelastus.fi\/heinola\/toiminta\/halytysohje\/","title":{"rendered":"H\u00e4lytysohje"},"content":{"rendered":"<h2>Sis\u00e4vesill\u00e4 yleinen h\u00e4t\u00e4numero:<\/h2>\n<h2><a href=\"tel:112\">112<\/a><\/h2>\n<h2><strong>Kiireett\u00f6miss\u00e4 tilanteissa?<\/strong><\/h2>\n<p>Heinolan J\u00e4rvipelastajat p\u00e4ivyst\u00e4v\u00e4t sulanveden aikaan 24h vuorokaudessa Ruotsalaisella, Konnivedell\u00e4 ja Pyh\u00e4j\u00e4rvell\u00e4<\/p>\n<h2><a href=\"tel:0800 30 22 30\">0800 30 22 30<\/a><\/h2>\n<h3>Trossi-palvelupyynn\u00f6t (1.5.-31.10.)\u00a0<\/h3>\n<h3>Heinolan p\u00e4ivystys Konnivesi ja Ruotsalainen: <a href=\"tel:0400123034\">0400123034<\/a><\/h3>\n<h3>Kouvolan p\u00e4ivystys Pyh\u00e4j\u00e4rvi: <a href=\"tel:0401203211\">0401203211<\/a><\/h3>\n\n\n<p><\/p>\n","protected":false},"excerpt":{"rendered":"<p>Sis\u00e4vesill\u00e4 yleinen h\u00e4t\u00e4numero: 112 Kiireett\u00f6miss\u00e4 tilanteissa? Heinolan J\u00e4rvipelastajat p\u00e4ivyst\u00e4v\u00e4t sulanveden aikaan 24h vuorokaudessa Ruotsalaisella, Konnivedell\u00e4 ja Pyh\u00e4j\u00e4rvell\u00e4 0800 30 22 30 Trossi-palvelupyynn\u00f6t (1.5.-31.10.)\u00a0 Heinolan p\u00e4ivystys Konnivesi ja Ruotsalainen: 0400123034 Kouvolan p\u00e4ivystys Pyh\u00e4j\u00e4rvi: 0401203211<\/p>\n","protected":false},"author":1,"featured_media":0,"parent":20,"menu_order":0,"comment_status":"closed","ping_status":"closed","template":"","meta":{"_acf_changed":false,"inline_featured_image":false,"footnotes":""},"class_list":["post-22","page","type-page","status-publish","hentry"],"acf":[],"yoast_head":"<!-- This site is optimized with the Yoast SEO Premium plugin v27.2 (Yoast SEO v27.2) - https:\/\/yoast.com\/product\/yoast-seo-premium-wordpress\/ -->\n<title>H\u00e4lytysohje - Heinolan J\u00e4rvipelastajat<\/title>\n<meta name=\"robots\" content=\"index, follow, max-snippet:-1, max-image-preview:large, max-video-preview:-1\" \/>\n<link rel=\"canonical\" href=\"https:\/\/meripelastus.fi\/heinola\/toiminta\/halytysohje\/\" \/>\n<meta property=\"og:locale\" content=\"fi_FI\" \/>\n<meta property=\"og:type\" content=\"article\" \/>\n<meta property=\"og:title\" content=\"H\u00e4lytysohje\" \/>\n<meta property=\"og:description\" content=\"Sis\u00e4vesill\u00e4 yleinen h\u00e4t\u00e4numero: 112 Kiireett\u00f6miss\u00e4 tilanteissa? Heinolan J\u00e4rvipelastajat p\u00e4ivyst\u00e4v\u00e4t sulanveden aikaan 24h vuorokaudessa Ruotsalaisella, Konnivedell\u00e4 ja Pyh\u00e4j\u00e4rvell\u00e4 0800 30 22 30 Trossi-palvelupyynn\u00f6t (1.5.-31.10.)\u00a0 Heinolan p\u00e4ivystys Konnivesi ja Ruotsalainen: 0400123034 Kouvolan p\u00e4ivystys Pyh\u00e4j\u00e4rvi: 0401203211\" \/>\n<meta property=\"og:url\" content=\"https:\/\/meripelastus.fi\/heinola\/toiminta\/halytysohje\/\" \/>\n<meta property=\"og:site_name\" content=\"Heinolan J\u00e4rvipelastajat\" \/>\n<meta property=\"article:modified_time\" content=\"2025-08-13T10:22:02+00:00\" \/>\n<meta name=\"twitter:card\" content=\"summary_large_image\" \/>\n<meta name=\"twitter:label1\" content=\"Arvioitu lukuaika\" \/>\n\t<meta name=\"twitter:data1\" content=\"1 minuutti\" \/>\n<script type=\"application\/ld+json\" class=\"yoast-schema-graph\">{\"@context\":\"https:\/\/schema.org\",\"@graph\":[{\"@type\":\"WebPage\",\"@id\":\"https:\/\/meripelastus.fi\/heinola\/toiminta\/halytysohje\/\",\"url\":\"https:\/\/meripelastus.fi\/heinola\/toiminta\/halytysohje\/\",\"name\":\"H\u00e4lytysohje - Heinolan J\u00e4rvipelastajat\",\"isPartOf\":{\"@id\":\"https:\/\/meripelastus.fi\/heinola\/#website\"},\"datePublished\":\"2018-03-19T07:18:43+00:00\",\"dateModified\":\"2025-08-13T10:22:02+00:00\",\"breadcrumb\":{\"@id\":\"https:\/\/meripelastus.fi\/heinola\/toiminta\/halytysohje\/#breadcrumb\"},\"inLanguage\":\"fi\",\"potentialAction\":[{\"@type\":\"ReadAction\",\"target\":[\"https:\/\/meripelastus.fi\/heinola\/toiminta\/halytysohje\/\"]}]},{\"@type\":\"BreadcrumbList\",\"@id\":\"https:\/\/meripelastus.fi\/heinola\/toiminta\/halytysohje\/#breadcrumb\",\"itemListElement\":[{\"@type\":\"ListItem\",\"position\":1,\"name\":\"Etusivu\",\"item\":\"https:\/\/meripelastus.fi\/heinola\/\"},{\"@type\":\"ListItem\",\"position\":2,\"name\":\"Toiminta\",\"item\":\"https:\/\/meripelastus.fi\/heinola\/toiminta\/\"},{\"@type\":\"ListItem\",\"position\":3,\"name\":\"H\u00e4lytysohje\"}]},{\"@type\":\"WebSite\",\"@id\":\"https:\/\/meripelastus.fi\/heinola\/#website\",\"url\":\"https:\/\/meripelastus.fi\/heinola\/\",\"name\":\"Heinolan J\u00e4rvipelastajat\",\"description\":\"Uusi SMPS Yhdistykset -sivusto\",\"potentialAction\":[{\"@type\":\"SearchAction\",\"target\":{\"@type\":\"EntryPoint\",\"urlTemplate\":\"https:\/\/meripelastus.fi\/heinola\/?s={search_term_string}\"},\"query-input\":{\"@type\":\"PropertyValueSpecification\",\"valueRequired\":true,\"valueName\":\"search_term_string\"}}],\"inLanguage\":\"fi\"}]}<\/script>\n<!-- \/ Yoast SEO Premium plugin. -->","yoast_head_json":{"title":"H\u00e4lytysohje - Heinolan J\u00e4rvipelastajat","robots":{"index":"index","follow":"follow","max-snippet":"max-snippet:-1","max-image-preview":"max-image-preview:large","max-video-preview":"max-video-preview:-1"},"canonical":"https:\/\/meripelastus.fi\/heinola\/toiminta\/halytysohje\/","og_locale":"fi_FI","og_type":"article","og_title":"H\u00e4lytysohje","og_description":"Sis\u00e4vesill\u00e4 yleinen h\u00e4t\u00e4numero: 112 Kiireett\u00f6miss\u00e4 tilanteissa? Heinolan J\u00e4rvipelastajat p\u00e4ivyst\u00e4v\u00e4t sulanveden aikaan 24h vuorokaudessa Ruotsalaisella, Konnivedell\u00e4 ja Pyh\u00e4j\u00e4rvell\u00e4 0800 30 22 30 Trossi-palvelupyynn\u00f6t (1.5.-31.10.)\u00a0 Heinolan p\u00e4ivystys Konnivesi ja Ruotsalainen: 0400123034 Kouvolan p\u00e4ivystys Pyh\u00e4j\u00e4rvi: 0401203211","og_url":"https:\/\/meripelastus.fi\/heinola\/toiminta\/halytysohje\/","og_site_name":"Heinolan J\u00e4rvipelastajat","article_modified_time":"2025-08-13T10:22:02+00:00","twitter_card":"summary_large_image","twitter_misc":{"Arvioitu lukuaika":"1 minuutti"},"schema":{"@context":"https:\/\/schema.org","@graph":[{"@type":"WebPage","@id":"https:\/\/meripelastus.fi\/heinola\/toiminta\/halytysohje\/","url":"https:\/\/meripelastus.fi\/heinola\/toiminta\/halytysohje\/","name":"H\u00e4lytysohje - Heinolan J\u00e4rvipelastajat","isPartOf":{"@id":"https:\/\/meripelastus.fi\/heinola\/#website"},"datePublished":"2018-03-19T07:18:43+00:00","dateModified":"2025-08-13T10:22:02+00:00","breadcrumb":{"@id":"https:\/\/meripelastus.fi\/heinola\/toiminta\/halytysohje\/#breadcrumb"},"inLanguage":"fi","potentialAction":[{"@type":"ReadAction","target":["https:\/\/meripelastus.fi\/heinola\/toiminta\/halytysohje\/"]}]},{"@type":"BreadcrumbList","@id":"https:\/\/meripelastus.fi\/heinola\/toiminta\/halytysohje\/#breadcrumb","itemListElement":[{"@type":"ListItem","position":1,"name":"Etusivu","item":"https:\/\/meripelastus.fi\/heinola\/"},{"@type":"ListItem","position":2,"name":"Toiminta","item":"https:\/\/meripelastus.fi\/heinola\/toiminta\/"},{"@type":"ListItem","position":3,"name":"H\u00e4lytysohje"}]},{"@type":"WebSite","@id":"https:\/\/meripelastus.fi\/heinola\/#website","url":"https:\/\/meripelastus.fi\/heinola\/","name":"Heinolan J\u00e4rvipelastajat","description":"Uusi SMPS Yhdistykset -sivusto","potentialAction":[{"@type":"SearchAction","target":{"@type":"EntryPoint","urlTemplate":"https:\/\/meripelastus.fi\/heinola\/?s={search_term_string}"},"query-input":{"@type":"PropertyValueSpecification","valueRequired":true,"valueName":"search_term_string"}}],"inLanguage":"fi"}]}},"_links":{"self":[{"href":"https:\/\/meripelastus.fi\/heinola\/wp-json\/wp\/v2\/pages\/22","targetHints":{"allow":["GET"]}}],"collection":[{"href":"https:\/\/meripelastus.fi\/heinola\/wp-json\/wp\/v2\/pages"}],"about":[{"href":"https:\/\/meripelastus.fi\/heinola\/wp-json\/wp\/v2\/types\/page"}],"author":[{"embeddable":true,"href":"https:\/\/meripelastus.fi\/heinola\/wp-json\/wp\/v2\/users\/1"}],"replies":[{"embeddable":true,"href":"https:\/\/meripelastus.fi\/heinola\/wp-json\/wp\/v2\/comments?post=22"}],"version-history":[{"count":7,"href":"https:\/\/meripelastus.fi\/heinola\/wp-json\/wp\/v2\/pages\/22\/revisions"}],"predecessor-version":[{"id":359,"href":"https:\/\/meripelastus.fi\/heinola\/wp-json\/wp\/v2\/pages\/22\/revisions\/359"}],"up":[{"embeddable":true,"href":"https:\/\/meripelastus.fi\/heinola\/wp-json\/wp\/v2\/pages\/20"}],"wp:attachment":[{"href":"https:\/\/meripelastus.fi\/heinola\/wp-json\/wp\/v2\/media?parent=22"}],"curies":[{"name":"wp","href":"https:\/\/api.w.org\/{rel}","templated":true}]}}