{"id":8,"date":"2018-03-19T09:16:29","date_gmt":"2018-03-19T07:16:29","guid":{"rendered":"http:\/\/basetemplate.smpsyhdistykset.16.testivedos.com\/?page_id=8"},"modified":"2024-03-22T09:12:02","modified_gmt":"2024-03-22T07:12:02","slug":"tietoa-meista","status":"publish","type":"page","link":"https:\/\/meripelastus.fi\/hamina\/haminan-seudun-meripelastusyhdistys\/tietoa-meista\/","title":{"rendered":"Tietoa meist\u00e4"},"content":{"rendered":"\t\n   <div class=\"compass-wrapper\"><img loading=\"lazy\" decoding=\"async\" src=\"https:\/\/meripelastus.fi\/hamina\/wp-content\/themes\/jarjestot\/img\/smps-kompassi-sininen.png\" width=\"1083\" height=\"110\" class=\"kompassi-block\" aria-hidden=\"true\"\/><\/div>\n\n\n<p>Haminan Seudun Meripelastusyhdistys on perustettu 1984, vaikkakin Meripelastustoiminta Haminan alueella on alkanut jo 1734.<\/p>\n\n\n\n<p>Yhdistykseen kuuluu 315 j\u00e4sent\u00e4.<\/p>\n\n\n\n<p>Asemapaikka sijaitsee Haminan Pit\u00e4j\u00e4nsaaressa.<\/p>\n\n\n\n<p>Toiminta alueemme on It\u00e4inen Suomenlahti.<\/p>\n\n\n\t\n   <div class=\"compass-wrapper\"><img loading=\"lazy\" decoding=\"async\" src=\"https:\/\/meripelastus.fi\/hamina\/wp-content\/themes\/jarjestot\/img\/smps-kompassi-sininen.png\" width=\"1083\" height=\"110\" class=\"kompassi-block\" aria-hidden=\"true\"\/><\/div>\n\n\n<p><strong>Historiaa<\/strong><\/p>\n\n\n\n<figure class=\"wp-block-image size-full\"><img loading=\"lazy\" decoding=\"async\" width=\"706\" height=\"376\" src=\"https:\/\/meripelastus.fi\/hamina-vedos\/wp-content\/uploads\/sites\/39\/2024\/03\/haapasaari-1.jpg\" alt=\"\" class=\"wp-image-339\" srcset=\"https:\/\/meripelastus.fi\/hamina\/wp-content\/uploads\/sites\/39\/2024\/03\/haapasaari-1.jpg 706w, https:\/\/meripelastus.fi\/hamina\/wp-content\/uploads\/sites\/39\/2024\/03\/haapasaari-1-300x160.jpg 300w\" sizes=\"auto, (max-width: 706px) 100vw, 706px\" \/><\/figure>\n\n\n\n<p>Haminan alueen meripelastusty\u00f6 juontaa alkunsa jo vuodesta 1734. T\u00e4ll\u00f6in lukuisten haaksirikkojen takia haminalaiset l\u00e4hettiv\u00e4t edustajansa kauppias Carl Clayhillsin Tukholman valtiop\u00e4iville. H\u00e4nen teht\u00e4v\u00e4n\u00e4 oli hankkia kuninkaalta lupa kaupungin oman pelastusveneen hankkimiselle. Valitettavasti lupaa ei saatu, joten vene j\u00e4i hankkimatta.<\/p>\n\n\n\n<p>Suomen varsinainen ensimm\u00e4inen meripelastusasema perustettiin Haminan kaupungin em\u00e4pit\u00e4j\u00e4\u00e4n Vehkalahden Suursaareen 1821. Haminan seudun meripelastusyhdistys k\u00e4vi viem\u00e4ss\u00e4 1992 muistolaatan Suurkyl\u00e4 lahden rantakiveen. Hamina itse joutui odottamaan jopa 230 vuotta omaa venett\u00e4, kunnes PV Haapasaari siirtyi Haapasaaresta Haminaan 1962. Suoraan Meripelastusseuran alainen meripelastusasema toimi Haminassa vuodesta 1962 vuoteen 1982. T\u00e4ll\u00f6in my\u00f6s PV Haapasaari siirrettiin el\u00e4kkeelle eli museoitavaksi. Alus on n\u00e4ht\u00e4vill\u00e4 Kotkassa Merikeskus Velllamossa.<\/p>\n\n\n\n<p>Toiminta oli aktiivista, siit\u00e4 vastasi aluksi Haminan Reserviupseerikerhon merijaosto. Vuonna 1971 astui kuvaan mukaan Haminan Pursiseura jonka kilpailujaosto alkoi aktiivisesti toimia PV Haapasaaren ymp\u00e4rill\u00e4. T\u00e4ll\u00f6in astui kuvaan jatkuva partiointi saaristossa, aluksi ns. Juhannus p\u00e4ivystyksen\u00e4.<\/p>\n\n\n\n<p>Ensimm\u00e4inen Etsint\u00e4- ja Pelastuslaivue perustettiin kuuden veneen voimin 1979. Oman yhdistyksen perustamista alettiin harkita 1980-luvun alusta. Mutta vasta 16.2.1984 perustettiin Haminan oma yhdistys. Veneiden apuna oli yksityisveneiden muodostama SAR-laivue, jonka toiminta lakkautettiin vuonna 2007.<\/p>\n\n\n\n<p>Perustetun yhdistyksen ensimm\u00e4inen alus PV Tervasaari saatiin vuonna 1984 ja toinen alus PV Hailikari vuonna 1998 sek\u00e4 apuvene AV Patu vuonna 2000.<\/p>\n\n\n\n<p>Meripelastuskoiratoiminta aloitettiin yhteisty\u00f6ss\u00e4 Kaakon K\u00e4ytt\u00f6koirat ry:n kanssa vuonna 2000 ja jatkuu edelleen aktiivisena.<\/p>\n\n\n\n<p>PV Tervasaari siirtyi kev\u00e4\u00e4ll\u00e4 2008 Keuruulle ja AV Patu siirrettiin koulutusk\u00e4ytt\u00f6\u00f6n B\u00e5gask\u00e4riin. PV Hailikari siirrettiin kev\u00e4\u00e4ll\u00e4 2009 J\u00e4ms\u00e4n j\u00e4rvipelastajille.<\/p>\n\n\n\n<p>T\u00e4ll\u00e4 hetkell\u00e4 yhdistyksen aseman laiturissa komeilee kaksi pelastusalusta. PV403 on valmistettu vuonna 1996 ja alus siirtyi Kotkasta Haminaan talvella 2009 ja peri nimekseen PV Hailikari J\u00e4ms\u00e4\u00e4n siirtyneelt\u00e4 PV408:lta. PV Pikkumusta on uusi PV1-luokan RIB-vene, joka saapui Haminaan kev\u00e4\u00e4ll\u00e4 2008.<\/p>\n\n\n\t\n   <div class=\"compass-wrapper\"><img loading=\"lazy\" decoding=\"async\" src=\"https:\/\/meripelastus.fi\/hamina\/wp-content\/themes\/jarjestot\/img\/smps-kompassi-sininen.png\" width=\"1083\" height=\"110\" class=\"kompassi-block\" aria-hidden=\"true\"\/><\/div>","protected":false},"excerpt":{"rendered":"<p>Haminan Seudun Meripelastusyhdistys on perustettu 1984, vaikkakin Meripelastustoiminta Haminan alueella on alkanut jo 1734. Yhdistykseen kuuluu 315 j\u00e4sent\u00e4. Asemapaikka sijaitsee Haminan Pit\u00e4j\u00e4nsaaressa. Toiminta alueemme on It\u00e4inen Suomenlahti. Historiaa Haminan alueen meripelastusty\u00f6 juontaa alkunsa jo vuodesta 1734. T\u00e4ll\u00f6in lukuisten haaksirikkojen takia haminalaiset l\u00e4hettiv\u00e4t edustajansa kauppias Carl Clayhillsin Tukholman valtiop\u00e4iville. H\u00e4nen teht\u00e4v\u00e4n\u00e4 oli hankkia kuninkaalta lupa kaupungin [&hellip;]<\/p>\n","protected":false},"author":1,"featured_media":198,"parent":6,"menu_order":0,"comment_status":"closed","ping_status":"closed","template":"","meta":{"_acf_changed":false,"inline_featured_image":false,"footnotes":""},"class_list":["post-8","page","type-page","status-publish","has-post-thumbnail","hentry"],"acf":[],"yoast_head":"<!-- This site is optimized with the Yoast SEO Premium plugin v27.4 (Yoast SEO v27.4) - https:\/\/yoast.com\/product\/yoast-seo-premium-wordpress\/ -->\n<title>Tietoa meist\u00e4 - Haminan Seudun Meripelastusyhdistys Ry<\/title>\n<meta name=\"robots\" content=\"index, follow, max-snippet:-1, max-image-preview:large, max-video-preview:-1\" \/>\n<link rel=\"canonical\" href=\"https:\/\/meripelastus.fi\/hamina\/haminan-seudun-meripelastusyhdistys\/tietoa-meista\/\" \/>\n<meta property=\"og:locale\" content=\"fi_FI\" \/>\n<meta property=\"og:type\" content=\"article\" \/>\n<meta property=\"og:title\" content=\"Tietoa meist\u00e4\" \/>\n<meta property=\"og:description\" content=\"Haminan Seudun Meripelastusyhdistys on perustettu 1984, vaikkakin Meripelastustoiminta Haminan alueella on alkanut jo 1734. Yhdistykseen kuuluu 315 j\u00e4sent\u00e4. Asemapaikka sijaitsee Haminan Pit\u00e4j\u00e4nsaaressa. Toiminta alueemme on It\u00e4inen Suomenlahti. Historiaa Haminan alueen meripelastusty\u00f6 juontaa alkunsa jo vuodesta 1734. T\u00e4ll\u00f6in lukuisten haaksirikkojen takia haminalaiset l\u00e4hettiv\u00e4t edustajansa kauppias Carl Clayhillsin Tukholman valtiop\u00e4iville. H\u00e4nen teht\u00e4v\u00e4n\u00e4 oli hankkia kuninkaalta lupa kaupungin [&hellip;]\" \/>\n<meta property=\"og:url\" content=\"https:\/\/meripelastus.fi\/hamina\/haminan-seudun-meripelastusyhdistys\/tietoa-meista\/\" \/>\n<meta property=\"og:site_name\" content=\"Haminan Seudun Meripelastusyhdistys Ry\" \/>\n<meta property=\"article:modified_time\" content=\"2024-03-22T07:12:02+00:00\" \/>\n<meta property=\"og:image\" content=\"https:\/\/meripelastus.fi\/hamina\/wp-content\/uploads\/sites\/39\/2023\/04\/haminan-seudun-meripelastusyhdistys-scaled.jpg\" \/>\n\t<meta property=\"og:image:width\" content=\"2560\" \/>\n\t<meta property=\"og:image:height\" content=\"1920\" \/>\n\t<meta property=\"og:image:type\" content=\"image\/jpeg\" \/>\n<meta name=\"twitter:card\" content=\"summary_large_image\" \/>\n<meta name=\"twitter:label1\" content=\"Arvioitu lukuaika\" \/>\n\t<meta name=\"twitter:data1\" content=\"3 minuuttia\" \/>\n<script type=\"application\/ld+json\" class=\"yoast-schema-graph\">{\"@context\":\"https:\\\/\\\/schema.org\",\"@graph\":[{\"@type\":\"WebPage\",\"@id\":\"https:\\\/\\\/meripelastus.fi\\\/hamina\\\/haminan-seudun-meripelastusyhdistys\\\/tietoa-meista\\\/\",\"url\":\"https:\\\/\\\/meripelastus.fi\\\/hamina\\\/haminan-seudun-meripelastusyhdistys\\\/tietoa-meista\\\/\",\"name\":\"Tietoa meist\u00e4 - Haminan Seudun Meripelastusyhdistys Ry\",\"isPartOf\":{\"@id\":\"https:\\\/\\\/meripelastus.fi\\\/hamina\\\/#website\"},\"primaryImageOfPage\":{\"@id\":\"https:\\\/\\\/meripelastus.fi\\\/hamina\\\/haminan-seudun-meripelastusyhdistys\\\/tietoa-meista\\\/#primaryimage\"},\"image\":{\"@id\":\"https:\\\/\\\/meripelastus.fi\\\/hamina\\\/haminan-seudun-meripelastusyhdistys\\\/tietoa-meista\\\/#primaryimage\"},\"thumbnailUrl\":\"https:\\\/\\\/meripelastus.fi\\\/hamina\\\/wp-content\\\/uploads\\\/sites\\\/39\\\/2023\\\/04\\\/haminan-seudun-meripelastusyhdistys-scaled.jpg\",\"datePublished\":\"2018-03-19T07:16:29+00:00\",\"dateModified\":\"2024-03-22T07:12:02+00:00\",\"breadcrumb\":{\"@id\":\"https:\\\/\\\/meripelastus.fi\\\/hamina\\\/haminan-seudun-meripelastusyhdistys\\\/tietoa-meista\\\/#breadcrumb\"},\"inLanguage\":\"fi\",\"potentialAction\":[{\"@type\":\"ReadAction\",\"target\":[\"https:\\\/\\\/meripelastus.fi\\\/hamina\\\/haminan-seudun-meripelastusyhdistys\\\/tietoa-meista\\\/\"]}]},{\"@type\":\"ImageObject\",\"inLanguage\":\"fi\",\"@id\":\"https:\\\/\\\/meripelastus.fi\\\/hamina\\\/haminan-seudun-meripelastusyhdistys\\\/tietoa-meista\\\/#primaryimage\",\"url\":\"https:\\\/\\\/meripelastus.fi\\\/hamina\\\/wp-content\\\/uploads\\\/sites\\\/39\\\/2023\\\/04\\\/haminan-seudun-meripelastusyhdistys-scaled.jpg\",\"contentUrl\":\"https:\\\/\\\/meripelastus.fi\\\/hamina\\\/wp-content\\\/uploads\\\/sites\\\/39\\\/2023\\\/04\\\/haminan-seudun-meripelastusyhdistys-scaled.jpg\",\"width\":2560,\"height\":1920},{\"@type\":\"BreadcrumbList\",\"@id\":\"https:\\\/\\\/meripelastus.fi\\\/hamina\\\/haminan-seudun-meripelastusyhdistys\\\/tietoa-meista\\\/#breadcrumb\",\"itemListElement\":[{\"@type\":\"ListItem\",\"position\":1,\"name\":\"Home\",\"item\":\"https:\\\/\\\/meripelastus.fi\\\/hamina\\\/\"},{\"@type\":\"ListItem\",\"position\":2,\"name\":\"Haminan Seudun Meripelastusyhdistys\",\"item\":\"https:\\\/\\\/meripelastus.fi\\\/hamina\\\/haminan-seudun-meripelastusyhdistys\\\/\"},{\"@type\":\"ListItem\",\"position\":3,\"name\":\"Tietoa meist\u00e4\"}]},{\"@type\":\"WebSite\",\"@id\":\"https:\\\/\\\/meripelastus.fi\\\/hamina\\\/#website\",\"url\":\"https:\\\/\\\/meripelastus.fi\\\/hamina\\\/\",\"name\":\"Haminan Seudun Meripelastusyhdistys Ry\",\"description\":\"Vapaaehtoiset apunasi vesill\u00e4\",\"potentialAction\":[{\"@type\":\"SearchAction\",\"target\":{\"@type\":\"EntryPoint\",\"urlTemplate\":\"https:\\\/\\\/meripelastus.fi\\\/hamina\\\/?s={search_term_string}\"},\"query-input\":{\"@type\":\"PropertyValueSpecification\",\"valueRequired\":true,\"valueName\":\"search_term_string\"}}],\"inLanguage\":\"fi\"}]}<\/script>\n<!-- \/ Yoast SEO Premium plugin. -->","yoast_head_json":{"title":"Tietoa meist\u00e4 - Haminan Seudun Meripelastusyhdistys Ry","robots":{"index":"index","follow":"follow","max-snippet":"max-snippet:-1","max-image-preview":"max-image-preview:large","max-video-preview":"max-video-preview:-1"},"canonical":"https:\/\/meripelastus.fi\/hamina\/haminan-seudun-meripelastusyhdistys\/tietoa-meista\/","og_locale":"fi_FI","og_type":"article","og_title":"Tietoa meist\u00e4","og_description":"Haminan Seudun Meripelastusyhdistys on perustettu 1984, vaikkakin Meripelastustoiminta Haminan alueella on alkanut jo 1734. Yhdistykseen kuuluu 315 j\u00e4sent\u00e4. Asemapaikka sijaitsee Haminan Pit\u00e4j\u00e4nsaaressa. Toiminta alueemme on It\u00e4inen Suomenlahti. Historiaa Haminan alueen meripelastusty\u00f6 juontaa alkunsa jo vuodesta 1734. T\u00e4ll\u00f6in lukuisten haaksirikkojen takia haminalaiset l\u00e4hettiv\u00e4t edustajansa kauppias Carl Clayhillsin Tukholman valtiop\u00e4iville. H\u00e4nen teht\u00e4v\u00e4n\u00e4 oli hankkia kuninkaalta lupa kaupungin [&hellip;]","og_url":"https:\/\/meripelastus.fi\/hamina\/haminan-seudun-meripelastusyhdistys\/tietoa-meista\/","og_site_name":"Haminan Seudun Meripelastusyhdistys Ry","article_modified_time":"2024-03-22T07:12:02+00:00","og_image":[{"width":2560,"height":1920,"url":"https:\/\/meripelastus.fi\/hamina\/wp-content\/uploads\/sites\/39\/2023\/04\/haminan-seudun-meripelastusyhdistys-scaled.jpg","type":"image\/jpeg"}],"twitter_card":"summary_large_image","twitter_misc":{"Arvioitu lukuaika":"3 minuuttia"},"schema":{"@context":"https:\/\/schema.org","@graph":[{"@type":"WebPage","@id":"https:\/\/meripelastus.fi\/hamina\/haminan-seudun-meripelastusyhdistys\/tietoa-meista\/","url":"https:\/\/meripelastus.fi\/hamina\/haminan-seudun-meripelastusyhdistys\/tietoa-meista\/","name":"Tietoa meist\u00e4 - Haminan Seudun Meripelastusyhdistys Ry","isPartOf":{"@id":"https:\/\/meripelastus.fi\/hamina\/#website"},"primaryImageOfPage":{"@id":"https:\/\/meripelastus.fi\/hamina\/haminan-seudun-meripelastusyhdistys\/tietoa-meista\/#primaryimage"},"image":{"@id":"https:\/\/meripelastus.fi\/hamina\/haminan-seudun-meripelastusyhdistys\/tietoa-meista\/#primaryimage"},"thumbnailUrl":"https:\/\/meripelastus.fi\/hamina\/wp-content\/uploads\/sites\/39\/2023\/04\/haminan-seudun-meripelastusyhdistys-scaled.jpg","datePublished":"2018-03-19T07:16:29+00:00","dateModified":"2024-03-22T07:12:02+00:00","breadcrumb":{"@id":"https:\/\/meripelastus.fi\/hamina\/haminan-seudun-meripelastusyhdistys\/tietoa-meista\/#breadcrumb"},"inLanguage":"fi","potentialAction":[{"@type":"ReadAction","target":["https:\/\/meripelastus.fi\/hamina\/haminan-seudun-meripelastusyhdistys\/tietoa-meista\/"]}]},{"@type":"ImageObject","inLanguage":"fi","@id":"https:\/\/meripelastus.fi\/hamina\/haminan-seudun-meripelastusyhdistys\/tietoa-meista\/#primaryimage","url":"https:\/\/meripelastus.fi\/hamina\/wp-content\/uploads\/sites\/39\/2023\/04\/haminan-seudun-meripelastusyhdistys-scaled.jpg","contentUrl":"https:\/\/meripelastus.fi\/hamina\/wp-content\/uploads\/sites\/39\/2023\/04\/haminan-seudun-meripelastusyhdistys-scaled.jpg","width":2560,"height":1920},{"@type":"BreadcrumbList","@id":"https:\/\/meripelastus.fi\/hamina\/haminan-seudun-meripelastusyhdistys\/tietoa-meista\/#breadcrumb","itemListElement":[{"@type":"ListItem","position":1,"name":"Home","item":"https:\/\/meripelastus.fi\/hamina\/"},{"@type":"ListItem","position":2,"name":"Haminan Seudun Meripelastusyhdistys","item":"https:\/\/meripelastus.fi\/hamina\/haminan-seudun-meripelastusyhdistys\/"},{"@type":"ListItem","position":3,"name":"Tietoa meist\u00e4"}]},{"@type":"WebSite","@id":"https:\/\/meripelastus.fi\/hamina\/#website","url":"https:\/\/meripelastus.fi\/hamina\/","name":"Haminan Seudun Meripelastusyhdistys Ry","description":"Vapaaehtoiset apunasi vesill\u00e4","potentialAction":[{"@type":"SearchAction","target":{"@type":"EntryPoint","urlTemplate":"https:\/\/meripelastus.fi\/hamina\/?s={search_term_string}"},"query-input":{"@type":"PropertyValueSpecification","valueRequired":true,"valueName":"search_term_string"}}],"inLanguage":"fi"}]}},"_links":{"self":[{"href":"https:\/\/meripelastus.fi\/hamina\/wp-json\/wp\/v2\/pages\/8","targetHints":{"allow":["GET"]}}],"collection":[{"href":"https:\/\/meripelastus.fi\/hamina\/wp-json\/wp\/v2\/pages"}],"about":[{"href":"https:\/\/meripelastus.fi\/hamina\/wp-json\/wp\/v2\/types\/page"}],"author":[{"embeddable":true,"href":"https:\/\/meripelastus.fi\/hamina\/wp-json\/wp\/v2\/users\/1"}],"replies":[{"embeddable":true,"href":"https:\/\/meripelastus.fi\/hamina\/wp-json\/wp\/v2\/comments?post=8"}],"version-history":[{"count":8,"href":"https:\/\/meripelastus.fi\/hamina\/wp-json\/wp\/v2\/pages\/8\/revisions"}],"predecessor-version":[{"id":340,"href":"https:\/\/meripelastus.fi\/hamina\/wp-json\/wp\/v2\/pages\/8\/revisions\/340"}],"up":[{"embeddable":true,"href":"https:\/\/meripelastus.fi\/hamina\/wp-json\/wp\/v2\/pages\/6"}],"wp:featuredmedia":[{"embeddable":true,"href":"https:\/\/meripelastus.fi\/hamina\/wp-json\/wp\/v2\/media\/198"}],"wp:attachment":[{"href":"https:\/\/meripelastus.fi\/hamina\/wp-json\/wp\/v2\/media?parent=8"}],"curies":[{"name":"wp","href":"https:\/\/api.w.org\/{rel}","templated":true}]}}