{"id":28,"date":"2018-03-19T09:19:27","date_gmt":"2018-03-19T07:19:27","guid":{"rendered":"http:\/\/basetemplate.smpsyhdistykset.16.testivedos.com\/?page_id=28"},"modified":"2024-03-22T09:05:23","modified_gmt":"2024-03-22T07:05:23","slug":"miehisto","status":"publish","type":"page","link":"https:\/\/meripelastus.fi\/hamina\/toiminta\/miehisto\/","title":{"rendered":"Tule mukaan!"},"content":{"rendered":"\t\n   <div class=\"compass-wrapper\"><img loading=\"lazy\" decoding=\"async\" src=\"https:\/\/meripelastus.fi\/hamina\/wp-content\/themes\/jarjestot\/img\/smps-kompassi-sininen.png\" width=\"1083\" height=\"110\" class=\"kompassi-block\" aria-hidden=\"true\"\/><\/div>\n\n\n<p>Haminan seudun Meripelastusyhdistyksen toimintaan p\u00e4\u00e4set tutustumaan ja mukaan miehist\u00f6n j\u00e4seneksi t\u00e4ytt\u00e4m\u00e4ll\u00e4 alla olevasta linkist\u00e4 kaavakkeen. Muista valita yhdistykseksi Haminan seudun Meripelastusyhdistys.<\/p>\n\n\n\n<div class=\"wp-block-buttons is-layout-flex wp-block-buttons-is-layout-flex\">\n<div class=\"wp-block-button\"><a class=\"wp-block-button__link wp-element-button\" href=\"https:\/\/meripelastus.fi\/toiminta\/tule-mukaan\/\" target=\"_blank\" rel=\"noreferrer noopener\">Tule mukaan!<\/a><\/div>\n<\/div>\n\n\n\n<div class=\"wp-block-buttons is-layout-flex wp-block-buttons-is-layout-flex\">\n<div class=\"wp-block-button\"><a class=\"wp-block-button__link wp-element-button\" href=\"http:\/\/view.24mags.com\/mobilev\/b96aff83a6a4bbbdcfbada9f7d2ead02#\/page=1\" target=\"_blank\" rel=\"noreferrer noopener\">Lataa hakijan opas<\/a><\/div>\n<\/div>\n\n\n\t\n   <div class=\"compass-wrapper\"><img loading=\"lazy\" decoding=\"async\" src=\"https:\/\/meripelastus.fi\/hamina\/wp-content\/themes\/jarjestot\/img\/smps-kompassi-sininen.png\" width=\"1083\" height=\"110\" class=\"kompassi-block\" aria-hidden=\"true\"\/><\/div>","protected":false},"excerpt":{"rendered":"<p>Haminan seudun Meripelastusyhdistyksen toimintaan p\u00e4\u00e4set tutustumaan ja mukaan miehist\u00f6n j\u00e4seneksi t\u00e4ytt\u00e4m\u00e4ll\u00e4 alla olevasta linkist\u00e4 kaavakkeen. Muista valita yhdistykseksi Haminan seudun Meripelastusyhdistys.<\/p>\n","protected":false},"author":1,"featured_media":0,"parent":20,"menu_order":0,"comment_status":"closed","ping_status":"closed","template":"","meta":{"_acf_changed":false,"inline_featured_image":false,"footnotes":""},"class_list":["post-28","page","type-page","status-publish","hentry"],"acf":[],"yoast_head":"<!-- This site is optimized with the Yoast SEO Premium plugin v27.4 (Yoast SEO v27.4) - https:\/\/yoast.com\/product\/yoast-seo-premium-wordpress\/ -->\n<title>Tule mukaan! - Haminan Seudun Meripelastusyhdistys Ry<\/title>\n<meta name=\"robots\" content=\"index, follow, max-snippet:-1, max-image-preview:large, max-video-preview:-1\" \/>\n<link rel=\"canonical\" href=\"https:\/\/meripelastus.fi\/hamina\/toiminta\/miehisto\/\" \/>\n<meta property=\"og:locale\" content=\"fi_FI\" \/>\n<meta property=\"og:type\" content=\"article\" \/>\n<meta property=\"og:title\" content=\"Tule mukaan!\" \/>\n<meta property=\"og:description\" content=\"Haminan seudun Meripelastusyhdistyksen toimintaan p\u00e4\u00e4set tutustumaan ja mukaan miehist\u00f6n j\u00e4seneksi t\u00e4ytt\u00e4m\u00e4ll\u00e4 alla olevasta linkist\u00e4 kaavakkeen. Muista valita yhdistykseksi Haminan seudun Meripelastusyhdistys.\" \/>\n<meta property=\"og:url\" content=\"https:\/\/meripelastus.fi\/hamina\/toiminta\/miehisto\/\" \/>\n<meta property=\"og:site_name\" content=\"Haminan Seudun Meripelastusyhdistys Ry\" \/>\n<meta property=\"article:modified_time\" content=\"2024-03-22T07:05:23+00:00\" \/>\n<meta name=\"twitter:card\" content=\"summary_large_image\" \/>\n<meta name=\"twitter:label1\" content=\"Arvioitu lukuaika\" \/>\n\t<meta name=\"twitter:data1\" content=\"1 minuutti\" \/>\n<script type=\"application\/ld+json\" class=\"yoast-schema-graph\">{\"@context\":\"https:\\\/\\\/schema.org\",\"@graph\":[{\"@type\":\"WebPage\",\"@id\":\"https:\\\/\\\/meripelastus.fi\\\/hamina\\\/toiminta\\\/miehisto\\\/\",\"url\":\"https:\\\/\\\/meripelastus.fi\\\/hamina\\\/toiminta\\\/miehisto\\\/\",\"name\":\"Tule mukaan! - Haminan Seudun Meripelastusyhdistys Ry\",\"isPartOf\":{\"@id\":\"https:\\\/\\\/meripelastus.fi\\\/hamina\\\/#website\"},\"datePublished\":\"2018-03-19T07:19:27+00:00\",\"dateModified\":\"2024-03-22T07:05:23+00:00\",\"breadcrumb\":{\"@id\":\"https:\\\/\\\/meripelastus.fi\\\/hamina\\\/toiminta\\\/miehisto\\\/#breadcrumb\"},\"inLanguage\":\"fi\",\"potentialAction\":[{\"@type\":\"ReadAction\",\"target\":[\"https:\\\/\\\/meripelastus.fi\\\/hamina\\\/toiminta\\\/miehisto\\\/\"]}]},{\"@type\":\"BreadcrumbList\",\"@id\":\"https:\\\/\\\/meripelastus.fi\\\/hamina\\\/toiminta\\\/miehisto\\\/#breadcrumb\",\"itemListElement\":[{\"@type\":\"ListItem\",\"position\":1,\"name\":\"Home\",\"item\":\"https:\\\/\\\/meripelastus.fi\\\/hamina\\\/\"},{\"@type\":\"ListItem\",\"position\":2,\"name\":\"Toiminta\",\"item\":\"https:\\\/\\\/meripelastus.fi\\\/hamina\\\/toiminta\\\/\"},{\"@type\":\"ListItem\",\"position\":3,\"name\":\"Tule mukaan!\"}]},{\"@type\":\"WebSite\",\"@id\":\"https:\\\/\\\/meripelastus.fi\\\/hamina\\\/#website\",\"url\":\"https:\\\/\\\/meripelastus.fi\\\/hamina\\\/\",\"name\":\"Haminan Seudun Meripelastusyhdistys Ry\",\"description\":\"Vapaaehtoiset apunasi vesill\u00e4\",\"potentialAction\":[{\"@type\":\"SearchAction\",\"target\":{\"@type\":\"EntryPoint\",\"urlTemplate\":\"https:\\\/\\\/meripelastus.fi\\\/hamina\\\/?s={search_term_string}\"},\"query-input\":{\"@type\":\"PropertyValueSpecification\",\"valueRequired\":true,\"valueName\":\"search_term_string\"}}],\"inLanguage\":\"fi\"}]}<\/script>\n<!-- \/ Yoast SEO Premium plugin. -->","yoast_head_json":{"title":"Tule mukaan! - Haminan Seudun Meripelastusyhdistys Ry","robots":{"index":"index","follow":"follow","max-snippet":"max-snippet:-1","max-image-preview":"max-image-preview:large","max-video-preview":"max-video-preview:-1"},"canonical":"https:\/\/meripelastus.fi\/hamina\/toiminta\/miehisto\/","og_locale":"fi_FI","og_type":"article","og_title":"Tule mukaan!","og_description":"Haminan seudun Meripelastusyhdistyksen toimintaan p\u00e4\u00e4set tutustumaan ja mukaan miehist\u00f6n j\u00e4seneksi t\u00e4ytt\u00e4m\u00e4ll\u00e4 alla olevasta linkist\u00e4 kaavakkeen. Muista valita yhdistykseksi Haminan seudun Meripelastusyhdistys.","og_url":"https:\/\/meripelastus.fi\/hamina\/toiminta\/miehisto\/","og_site_name":"Haminan Seudun Meripelastusyhdistys Ry","article_modified_time":"2024-03-22T07:05:23+00:00","twitter_card":"summary_large_image","twitter_misc":{"Arvioitu lukuaika":"1 minuutti"},"schema":{"@context":"https:\/\/schema.org","@graph":[{"@type":"WebPage","@id":"https:\/\/meripelastus.fi\/hamina\/toiminta\/miehisto\/","url":"https:\/\/meripelastus.fi\/hamina\/toiminta\/miehisto\/","name":"Tule mukaan! - Haminan Seudun Meripelastusyhdistys Ry","isPartOf":{"@id":"https:\/\/meripelastus.fi\/hamina\/#website"},"datePublished":"2018-03-19T07:19:27+00:00","dateModified":"2024-03-22T07:05:23+00:00","breadcrumb":{"@id":"https:\/\/meripelastus.fi\/hamina\/toiminta\/miehisto\/#breadcrumb"},"inLanguage":"fi","potentialAction":[{"@type":"ReadAction","target":["https:\/\/meripelastus.fi\/hamina\/toiminta\/miehisto\/"]}]},{"@type":"BreadcrumbList","@id":"https:\/\/meripelastus.fi\/hamina\/toiminta\/miehisto\/#breadcrumb","itemListElement":[{"@type":"ListItem","position":1,"name":"Home","item":"https:\/\/meripelastus.fi\/hamina\/"},{"@type":"ListItem","position":2,"name":"Toiminta","item":"https:\/\/meripelastus.fi\/hamina\/toiminta\/"},{"@type":"ListItem","position":3,"name":"Tule mukaan!"}]},{"@type":"WebSite","@id":"https:\/\/meripelastus.fi\/hamina\/#website","url":"https:\/\/meripelastus.fi\/hamina\/","name":"Haminan Seudun Meripelastusyhdistys Ry","description":"Vapaaehtoiset apunasi vesill\u00e4","potentialAction":[{"@type":"SearchAction","target":{"@type":"EntryPoint","urlTemplate":"https:\/\/meripelastus.fi\/hamina\/?s={search_term_string}"},"query-input":{"@type":"PropertyValueSpecification","valueRequired":true,"valueName":"search_term_string"}}],"inLanguage":"fi"}]}},"_links":{"self":[{"href":"https:\/\/meripelastus.fi\/hamina\/wp-json\/wp\/v2\/pages\/28","targetHints":{"allow":["GET"]}}],"collection":[{"href":"https:\/\/meripelastus.fi\/hamina\/wp-json\/wp\/v2\/pages"}],"about":[{"href":"https:\/\/meripelastus.fi\/hamina\/wp-json\/wp\/v2\/types\/page"}],"author":[{"embeddable":true,"href":"https:\/\/meripelastus.fi\/hamina\/wp-json\/wp\/v2\/users\/1"}],"replies":[{"embeddable":true,"href":"https:\/\/meripelastus.fi\/hamina\/wp-json\/wp\/v2\/comments?post=28"}],"version-history":[{"count":7,"href":"https:\/\/meripelastus.fi\/hamina\/wp-json\/wp\/v2\/pages\/28\/revisions"}],"predecessor-version":[{"id":337,"href":"https:\/\/meripelastus.fi\/hamina\/wp-json\/wp\/v2\/pages\/28\/revisions\/337"}],"up":[{"embeddable":true,"href":"https:\/\/meripelastus.fi\/hamina\/wp-json\/wp\/v2\/pages\/20"}],"wp:attachment":[{"href":"https:\/\/meripelastus.fi\/hamina\/wp-json\/wp\/v2\/media?parent=28"}],"curies":[{"name":"wp","href":"https:\/\/api.w.org\/{rel}","templated":true}]}}