{"id":26,"date":"2018-03-19T09:19:10","date_gmt":"2018-03-19T07:19:10","guid":{"rendered":"http:\/\/basetemplate.smpsyhdistykset.16.testivedos.com\/?page_id=26"},"modified":"2024-03-22T08:05:51","modified_gmt":"2024-03-22T06:05:51","slug":"alukset","status":"publish","type":"page","link":"https:\/\/meripelastus.fi\/hamina\/toiminta\/alukset\/","title":{"rendered":"Alukset"},"content":{"rendered":"\t\n   <div class=\"compass-wrapper\"><img loading=\"lazy\" decoding=\"async\" src=\"https:\/\/meripelastus.fi\/hamina\/wp-content\/themes\/jarjestot\/img\/smps-kompassi-sininen.png\" width=\"1083\" height=\"110\" class=\"kompassi-block\" aria-hidden=\"true\"\/><\/div>\n\n\n<p><strong>PV Pikkumusta<\/strong><\/p>\n\n\n\n<p>PV113, VSL1084<\/p>\n\n\n\n<figure class=\"wp-block-image size-large is-resized\"><img loading=\"lazy\" decoding=\"async\" width=\"648\" height=\"432\" src=\"https:\/\/meripelastus.fi\/hamina-vedos\/wp-content\/uploads\/sites\/39\/2024\/03\/alamarin_haima_some-20-1-edited.jpg\" alt=\"\" class=\"wp-image-311\" style=\"width:546px;height:auto\" srcset=\"https:\/\/meripelastus.fi\/hamina\/wp-content\/uploads\/sites\/39\/2024\/03\/alamarin_haima_some-20-1-edited.jpg 648w, https:\/\/meripelastus.fi\/hamina\/wp-content\/uploads\/sites\/39\/2024\/03\/alamarin_haima_some-20-1-edited-300x200.jpg 300w\" sizes=\"auto, (max-width: 648px) 100vw, 648px\" \/><\/figure>\n\n\n\n<p>Valmistaja:  Boomeranger Boats Oy<\/p>\n\n\n\n<p>Pituus: 6,5m<\/p>\n\n\n\n<p>Leveys: 2,5m<\/p>\n\n\n\n<p>Paino: 1,4tn<\/p>\n\n\n\n<p>Nopeus: 31kn<\/p>\n\n\n\n<p>Koneteho: 120kW<\/p>\n\n\n\n<p>Propulsio: Vesisuihku<\/p>\n\n\n\n<p>Toimintas\u00e4de: 60nm<\/p>\n\n\n\n<p>Miehist\u00f6: 2<\/p>\n\n\n\n<p>Kotisatama: Hamina, Pit\u00e4j\u00e4nsaari<\/p>\n\n\n\t\n   <div class=\"compass-wrapper\"><img loading=\"lazy\" decoding=\"async\" src=\"https:\/\/meripelastus.fi\/hamina\/wp-content\/themes\/jarjestot\/img\/smps-kompassi-sininen.png\" width=\"1083\" height=\"110\" class=\"kompassi-block\" aria-hidden=\"true\"\/><\/div>\n\n\n<p><strong>PV Hailikari<\/strong><\/p>\n\n\n\n<p>PV 403, VSL108<\/p>\n\n\n\n<figure class=\"wp-block-image size-large is-resized\"><img loading=\"lazy\" decoding=\"async\" width=\"1024\" height=\"689\" src=\"https:\/\/meripelastus.fi\/hamina-vedos\/wp-content\/uploads\/sites\/39\/2024\/03\/alamarin_haima_some-22-1-1024x689.jpg\" alt=\"\" class=\"wp-image-315\" style=\"width:553px;height:auto\" srcset=\"https:\/\/meripelastus.fi\/hamina\/wp-content\/uploads\/sites\/39\/2024\/03\/alamarin_haima_some-22-1-1024x689.jpg 1024w, https:\/\/meripelastus.fi\/hamina\/wp-content\/uploads\/sites\/39\/2024\/03\/alamarin_haima_some-22-1-300x202.jpg 300w, https:\/\/meripelastus.fi\/hamina\/wp-content\/uploads\/sites\/39\/2024\/03\/alamarin_haima_some-22-1-768x517.jpg 768w, https:\/\/meripelastus.fi\/hamina\/wp-content\/uploads\/sites\/39\/2024\/03\/alamarin_haima_some-22-1.jpg 1309w\" sizes=\"auto, (max-width: 1024px) 100vw, 1024px\" \/><\/figure>\n\n\n\n<p>Valmistaja: Marine Alutech Oy<\/p>\n\n\n\n<p>Pituus: 12,1m<\/p>\n\n\n\n<p>Leveys: 3,5<\/p>\n\n\n\n<p>Paino: 8,8tn<\/p>\n\n\n\n<p>Nopeus: +40kn<\/p>\n\n\n\n<p>Koneteho: 808kW<\/p>\n\n\n\n<p>Propulsio: Vesisuihku<\/p>\n\n\n\n<p>Toimintas\u00e4de: 130nm<\/p>\n\n\n\n<p>Miehist\u00f6: 3<\/p>\n\n\n\n<p>Kotisatama: Hamina, Pit\u00e4j\u00e4nsaari<\/p>\n\n\n\t\n   <div class=\"compass-wrapper\"><img loading=\"lazy\" decoding=\"async\" src=\"https:\/\/meripelastus.fi\/hamina\/wp-content\/themes\/jarjestot\/img\/smps-kompassi-sininen.png\" width=\"1083\" height=\"110\" class=\"kompassi-block\" aria-hidden=\"true\"\/><\/div>","protected":false},"excerpt":{"rendered":"<p>PV Pikkumusta PV113, VSL1084 Valmistaja: Boomeranger Boats Oy Pituus: 6,5m Leveys: 2,5m Paino: 1,4tn Nopeus: 31kn Koneteho: 120kW Propulsio: Vesisuihku Toimintas\u00e4de: 60nm Miehist\u00f6: 2 Kotisatama: Hamina, Pit\u00e4j\u00e4nsaari PV Hailikari PV 403, VSL108 Valmistaja: Marine Alutech Oy Pituus: 12,1m Leveys: 3,5 Paino: 8,8tn Nopeus: +40kn Koneteho: 808kW Propulsio: Vesisuihku Toimintas\u00e4de: 130nm Miehist\u00f6: 3 Kotisatama: Hamina, Pit\u00e4j\u00e4nsaari<\/p>\n","protected":false},"author":1,"featured_media":0,"parent":20,"menu_order":0,"comment_status":"closed","ping_status":"closed","template":"","meta":{"_acf_changed":false,"inline_featured_image":false,"footnotes":""},"class_list":["post-26","page","type-page","status-publish","hentry"],"acf":[],"yoast_head":"<!-- This site is optimized with the Yoast SEO Premium plugin v27.4 (Yoast SEO v27.4) - https:\/\/yoast.com\/product\/yoast-seo-premium-wordpress\/ -->\n<title>Alukset - Haminan Seudun Meripelastusyhdistys Ry<\/title>\n<meta name=\"robots\" content=\"index, follow, max-snippet:-1, max-image-preview:large, max-video-preview:-1\" \/>\n<link rel=\"canonical\" href=\"https:\/\/meripelastus.fi\/hamina\/toiminta\/alukset\/\" \/>\n<meta property=\"og:locale\" content=\"fi_FI\" \/>\n<meta property=\"og:type\" content=\"article\" \/>\n<meta property=\"og:title\" content=\"Alukset\" \/>\n<meta property=\"og:description\" content=\"PV Pikkumusta PV113, VSL1084 Valmistaja: Boomeranger Boats Oy Pituus: 6,5m Leveys: 2,5m Paino: 1,4tn Nopeus: 31kn Koneteho: 120kW Propulsio: Vesisuihku Toimintas\u00e4de: 60nm Miehist\u00f6: 2 Kotisatama: Hamina, Pit\u00e4j\u00e4nsaari PV Hailikari PV 403, VSL108 Valmistaja: Marine Alutech Oy Pituus: 12,1m Leveys: 3,5 Paino: 8,8tn Nopeus: +40kn Koneteho: 808kW Propulsio: Vesisuihku Toimintas\u00e4de: 130nm Miehist\u00f6: 3 Kotisatama: Hamina, Pit\u00e4j\u00e4nsaari\" \/>\n<meta property=\"og:url\" content=\"https:\/\/meripelastus.fi\/hamina\/toiminta\/alukset\/\" \/>\n<meta property=\"og:site_name\" content=\"Haminan Seudun Meripelastusyhdistys Ry\" \/>\n<meta property=\"article:modified_time\" content=\"2024-03-22T06:05:51+00:00\" \/>\n<meta property=\"og:image\" content=\"https:\/\/meripelastus.fi\/hamina-vedos\/wp-content\/uploads\/sites\/39\/2024\/03\/alamarin_haima_some-20-1-edited.jpg\" \/>\n<meta name=\"twitter:card\" content=\"summary_large_image\" \/>\n<meta name=\"twitter:label1\" content=\"Arvioitu lukuaika\" \/>\n\t<meta name=\"twitter:data1\" content=\"1 minuutti\" \/>\n<script type=\"application\/ld+json\" class=\"yoast-schema-graph\">{\"@context\":\"https:\\\/\\\/schema.org\",\"@graph\":[{\"@type\":\"WebPage\",\"@id\":\"https:\\\/\\\/meripelastus.fi\\\/hamina\\\/toiminta\\\/alukset\\\/\",\"url\":\"https:\\\/\\\/meripelastus.fi\\\/hamina\\\/toiminta\\\/alukset\\\/\",\"name\":\"Alukset - Haminan Seudun Meripelastusyhdistys Ry\",\"isPartOf\":{\"@id\":\"https:\\\/\\\/meripelastus.fi\\\/hamina\\\/#website\"},\"primaryImageOfPage\":{\"@id\":\"https:\\\/\\\/meripelastus.fi\\\/hamina\\\/toiminta\\\/alukset\\\/#primaryimage\"},\"image\":{\"@id\":\"https:\\\/\\\/meripelastus.fi\\\/hamina\\\/toiminta\\\/alukset\\\/#primaryimage\"},\"thumbnailUrl\":\"https:\\\/\\\/meripelastus.fi\\\/hamina-vedos\\\/wp-content\\\/uploads\\\/sites\\\/39\\\/2024\\\/03\\\/alamarin_haima_some-20-1-edited.jpg\",\"datePublished\":\"2018-03-19T07:19:10+00:00\",\"dateModified\":\"2024-03-22T06:05:51+00:00\",\"breadcrumb\":{\"@id\":\"https:\\\/\\\/meripelastus.fi\\\/hamina\\\/toiminta\\\/alukset\\\/#breadcrumb\"},\"inLanguage\":\"fi\",\"potentialAction\":[{\"@type\":\"ReadAction\",\"target\":[\"https:\\\/\\\/meripelastus.fi\\\/hamina\\\/toiminta\\\/alukset\\\/\"]}]},{\"@type\":\"ImageObject\",\"inLanguage\":\"fi\",\"@id\":\"https:\\\/\\\/meripelastus.fi\\\/hamina\\\/toiminta\\\/alukset\\\/#primaryimage\",\"url\":\"https:\\\/\\\/meripelastus.fi\\\/hamina\\\/wp-content\\\/uploads\\\/sites\\\/39\\\/2024\\\/03\\\/alamarin_haima_some-20-1-edited.jpg\",\"contentUrl\":\"https:\\\/\\\/meripelastus.fi\\\/hamina\\\/wp-content\\\/uploads\\\/sites\\\/39\\\/2024\\\/03\\\/alamarin_haima_some-20-1-edited.jpg\",\"width\":648,\"height\":432},{\"@type\":\"BreadcrumbList\",\"@id\":\"https:\\\/\\\/meripelastus.fi\\\/hamina\\\/toiminta\\\/alukset\\\/#breadcrumb\",\"itemListElement\":[{\"@type\":\"ListItem\",\"position\":1,\"name\":\"Home\",\"item\":\"https:\\\/\\\/meripelastus.fi\\\/hamina\\\/\"},{\"@type\":\"ListItem\",\"position\":2,\"name\":\"Toiminta\",\"item\":\"https:\\\/\\\/meripelastus.fi\\\/hamina\\\/toiminta\\\/\"},{\"@type\":\"ListItem\",\"position\":3,\"name\":\"Alukset\"}]},{\"@type\":\"WebSite\",\"@id\":\"https:\\\/\\\/meripelastus.fi\\\/hamina\\\/#website\",\"url\":\"https:\\\/\\\/meripelastus.fi\\\/hamina\\\/\",\"name\":\"Haminan Seudun Meripelastusyhdistys Ry\",\"description\":\"Vapaaehtoiset apunasi vesill\u00e4\",\"potentialAction\":[{\"@type\":\"SearchAction\",\"target\":{\"@type\":\"EntryPoint\",\"urlTemplate\":\"https:\\\/\\\/meripelastus.fi\\\/hamina\\\/?s={search_term_string}\"},\"query-input\":{\"@type\":\"PropertyValueSpecification\",\"valueRequired\":true,\"valueName\":\"search_term_string\"}}],\"inLanguage\":\"fi\"}]}<\/script>\n<!-- \/ Yoast SEO Premium plugin. -->","yoast_head_json":{"title":"Alukset - Haminan Seudun Meripelastusyhdistys Ry","robots":{"index":"index","follow":"follow","max-snippet":"max-snippet:-1","max-image-preview":"max-image-preview:large","max-video-preview":"max-video-preview:-1"},"canonical":"https:\/\/meripelastus.fi\/hamina\/toiminta\/alukset\/","og_locale":"fi_FI","og_type":"article","og_title":"Alukset","og_description":"PV Pikkumusta PV113, VSL1084 Valmistaja: Boomeranger Boats Oy Pituus: 6,5m Leveys: 2,5m Paino: 1,4tn Nopeus: 31kn Koneteho: 120kW Propulsio: Vesisuihku Toimintas\u00e4de: 60nm Miehist\u00f6: 2 Kotisatama: Hamina, Pit\u00e4j\u00e4nsaari PV Hailikari PV 403, VSL108 Valmistaja: Marine Alutech Oy Pituus: 12,1m Leveys: 3,5 Paino: 8,8tn Nopeus: +40kn Koneteho: 808kW Propulsio: Vesisuihku Toimintas\u00e4de: 130nm Miehist\u00f6: 3 Kotisatama: Hamina, Pit\u00e4j\u00e4nsaari","og_url":"https:\/\/meripelastus.fi\/hamina\/toiminta\/alukset\/","og_site_name":"Haminan Seudun Meripelastusyhdistys Ry","article_modified_time":"2024-03-22T06:05:51+00:00","og_image":[{"url":"https:\/\/meripelastus.fi\/hamina-vedos\/wp-content\/uploads\/sites\/39\/2024\/03\/alamarin_haima_some-20-1-edited.jpg","type":"","width":"","height":""}],"twitter_card":"summary_large_image","twitter_misc":{"Arvioitu lukuaika":"1 minuutti"},"schema":{"@context":"https:\/\/schema.org","@graph":[{"@type":"WebPage","@id":"https:\/\/meripelastus.fi\/hamina\/toiminta\/alukset\/","url":"https:\/\/meripelastus.fi\/hamina\/toiminta\/alukset\/","name":"Alukset - Haminan Seudun Meripelastusyhdistys Ry","isPartOf":{"@id":"https:\/\/meripelastus.fi\/hamina\/#website"},"primaryImageOfPage":{"@id":"https:\/\/meripelastus.fi\/hamina\/toiminta\/alukset\/#primaryimage"},"image":{"@id":"https:\/\/meripelastus.fi\/hamina\/toiminta\/alukset\/#primaryimage"},"thumbnailUrl":"https:\/\/meripelastus.fi\/hamina-vedos\/wp-content\/uploads\/sites\/39\/2024\/03\/alamarin_haima_some-20-1-edited.jpg","datePublished":"2018-03-19T07:19:10+00:00","dateModified":"2024-03-22T06:05:51+00:00","breadcrumb":{"@id":"https:\/\/meripelastus.fi\/hamina\/toiminta\/alukset\/#breadcrumb"},"inLanguage":"fi","potentialAction":[{"@type":"ReadAction","target":["https:\/\/meripelastus.fi\/hamina\/toiminta\/alukset\/"]}]},{"@type":"ImageObject","inLanguage":"fi","@id":"https:\/\/meripelastus.fi\/hamina\/toiminta\/alukset\/#primaryimage","url":"https:\/\/meripelastus.fi\/hamina\/wp-content\/uploads\/sites\/39\/2024\/03\/alamarin_haima_some-20-1-edited.jpg","contentUrl":"https:\/\/meripelastus.fi\/hamina\/wp-content\/uploads\/sites\/39\/2024\/03\/alamarin_haima_some-20-1-edited.jpg","width":648,"height":432},{"@type":"BreadcrumbList","@id":"https:\/\/meripelastus.fi\/hamina\/toiminta\/alukset\/#breadcrumb","itemListElement":[{"@type":"ListItem","position":1,"name":"Home","item":"https:\/\/meripelastus.fi\/hamina\/"},{"@type":"ListItem","position":2,"name":"Toiminta","item":"https:\/\/meripelastus.fi\/hamina\/toiminta\/"},{"@type":"ListItem","position":3,"name":"Alukset"}]},{"@type":"WebSite","@id":"https:\/\/meripelastus.fi\/hamina\/#website","url":"https:\/\/meripelastus.fi\/hamina\/","name":"Haminan Seudun Meripelastusyhdistys Ry","description":"Vapaaehtoiset apunasi vesill\u00e4","potentialAction":[{"@type":"SearchAction","target":{"@type":"EntryPoint","urlTemplate":"https:\/\/meripelastus.fi\/hamina\/?s={search_term_string}"},"query-input":{"@type":"PropertyValueSpecification","valueRequired":true,"valueName":"search_term_string"}}],"inLanguage":"fi"}]}},"_links":{"self":[{"href":"https:\/\/meripelastus.fi\/hamina\/wp-json\/wp\/v2\/pages\/26","targetHints":{"allow":["GET"]}}],"collection":[{"href":"https:\/\/meripelastus.fi\/hamina\/wp-json\/wp\/v2\/pages"}],"about":[{"href":"https:\/\/meripelastus.fi\/hamina\/wp-json\/wp\/v2\/types\/page"}],"author":[{"embeddable":true,"href":"https:\/\/meripelastus.fi\/hamina\/wp-json\/wp\/v2\/users\/1"}],"replies":[{"embeddable":true,"href":"https:\/\/meripelastus.fi\/hamina\/wp-json\/wp\/v2\/comments?post=26"}],"version-history":[{"count":8,"href":"https:\/\/meripelastus.fi\/hamina\/wp-json\/wp\/v2\/pages\/26\/revisions"}],"predecessor-version":[{"id":319,"href":"https:\/\/meripelastus.fi\/hamina\/wp-json\/wp\/v2\/pages\/26\/revisions\/319"}],"up":[{"embeddable":true,"href":"https:\/\/meripelastus.fi\/hamina\/wp-json\/wp\/v2\/pages\/20"}],"wp:attachment":[{"href":"https:\/\/meripelastus.fi\/hamina\/wp-json\/wp\/v2\/media?parent=26"}],"curies":[{"name":"wp","href":"https:\/\/api.w.org\/{rel}","templated":true}]}}