{"id":22,"date":"2018-03-19T09:18:43","date_gmt":"2018-03-19T07:18:43","guid":{"rendered":"http:\/\/basetemplate.smpsyhdistykset.16.testivedos.com\/?page_id=22"},"modified":"2024-03-22T08:42:23","modified_gmt":"2024-03-22T06:42:23","slug":"halytysohje","status":"publish","type":"page","link":"https:\/\/meripelastus.fi\/hamina\/toiminta\/halytysohje\/","title":{"rendered":"H\u00e4lytysohje"},"content":{"rendered":"\t\n   <div class=\"compass-wrapper\"><img loading=\"lazy\" decoding=\"async\" src=\"https:\/\/meripelastus.fi\/hamina\/wp-content\/themes\/jarjestot\/img\/smps-kompassi-sininen.png\" width=\"1083\" height=\"110\" class=\"kompassi-block\" aria-hidden=\"true\"\/><\/div>\n\n\n<h2 class=\"wp-block-heading\">H\u00e4t\u00e4tilanne! Mihin soitan?<\/h2>\n\n\n\n<h3 class=\"wp-block-heading\">Merell\u00e4: <a href=\"tel:02941000\">0294 1000<\/a><\/h3>\n\n\n\n<h3 class=\"wp-block-heading\">VHF-kanava: <mark style=\"background-color:#fff\" class=\"has-inline-color has-secondary-color\">16<\/mark> \/ VHF-DCS <mark style=\"background-color:#fff\" class=\"has-inline-color has-secondary-color\">70<\/mark><\/h3>\n\n\n\n<h3 class=\"wp-block-heading\">Sis\u00e4vesill\u00e4: <a href=\"tel:112\">112<\/a><\/h3>\n\n\n\n<p><strong>H\u00e4t\u00e4- tai vaaratilanteessa ilmoita:<\/strong><\/p>\n\n\n\n<ul class=\"wp-block-list\">\n<li>nimesi (aluksesi nimi) ja yhteysmahdollisuudet<\/li>\n\n\n\n<li>tapahtumapaikka mahdollisimman tarkasti<\/li>\n\n\n\n<li>mit\u00e4 on tapahtunut<\/li>\n\n\n\n<li>onko loukkaantuneita tai ihmishenki\u00e4 vaarassa<\/li>\n\n\n\n<li>mit\u00e4 apua tarvitaan<\/li>\n\n\n\n<li>\u00c4L\u00c4 KATKAISE YHTEYTT\u00c4 ennen kuin saat luvan.<\/li>\n<\/ul>\n\n\n\n<p>Kiireett\u00f6m\u00e4t Trossi-palvelupyynn\u00f6t numerosta <strong>0800 30 22 30<\/strong> (1.5.-31.10.).<\/p>\n\n\n\t\n   <div class=\"compass-wrapper\"><img loading=\"lazy\" decoding=\"async\" src=\"https:\/\/meripelastus.fi\/hamina\/wp-content\/themes\/jarjestot\/img\/smps-kompassi-sininen.png\" width=\"1083\" height=\"110\" class=\"kompassi-block\" aria-hidden=\"true\"\/><\/div>\n\n","protected":false},"excerpt":{"rendered":"<p>H\u00e4t\u00e4tilanne! Mihin soitan? Merell\u00e4: 0294 1000 VHF-kanava: 16 \/ VHF-DCS 70 Sis\u00e4vesill\u00e4: 112 H\u00e4t\u00e4- tai vaaratilanteessa ilmoita: Kiireett\u00f6m\u00e4t Trossi-palvelupyynn\u00f6t numerosta 0800 30 22 30 (1.5.-31.10.).<\/p>\n","protected":false},"author":1,"featured_media":200,"parent":20,"menu_order":0,"comment_status":"closed","ping_status":"closed","template":"","meta":{"_acf_changed":false,"inline_featured_image":false,"footnotes":"[]"},"class_list":["post-22","page","type-page","status-publish","has-post-thumbnail","hentry"],"acf":[],"yoast_head":"<!-- This site is optimized with the Yoast SEO Premium plugin v27.2 (Yoast SEO v27.2) - https:\/\/yoast.com\/product\/yoast-seo-premium-wordpress\/ -->\n<title>H\u00e4lytysohje - Haminan Seudun Meripelastusyhdistys Ry<\/title>\n<meta name=\"robots\" content=\"index, follow, max-snippet:-1, max-image-preview:large, max-video-preview:-1\" \/>\n<link rel=\"canonical\" href=\"https:\/\/meripelastus.fi\/hamina\/toiminta\/halytysohje\/\" \/>\n<meta property=\"og:locale\" content=\"fi_FI\" \/>\n<meta property=\"og:type\" content=\"article\" \/>\n<meta property=\"og:title\" content=\"H\u00e4lytysohje\" \/>\n<meta property=\"og:description\" content=\"H\u00e4t\u00e4tilanne! Mihin soitan? Merell\u00e4: 0294 1000 VHF-kanava: 16 \/ VHF-DCS 70 Sis\u00e4vesill\u00e4: 112 H\u00e4t\u00e4- tai vaaratilanteessa ilmoita: Kiireett\u00f6m\u00e4t Trossi-palvelupyynn\u00f6t numerosta 0800 30 22 30 (1.5.-31.10.).\" \/>\n<meta property=\"og:url\" content=\"https:\/\/meripelastus.fi\/hamina\/toiminta\/halytysohje\/\" \/>\n<meta property=\"og:site_name\" content=\"Haminan Seudun Meripelastusyhdistys Ry\" \/>\n<meta property=\"article:modified_time\" content=\"2024-03-22T06:42:23+00:00\" \/>\n<meta property=\"og:image\" content=\"https:\/\/meripelastus.fi\/hamina\/wp-content\/uploads\/sites\/39\/2023\/04\/cover.jpg\" \/>\n\t<meta property=\"og:image:width\" content=\"1800\" \/>\n\t<meta property=\"og:image:height\" content=\"850\" \/>\n\t<meta property=\"og:image:type\" content=\"image\/jpeg\" \/>\n<meta name=\"twitter:card\" content=\"summary_large_image\" \/>\n<meta name=\"twitter:label1\" content=\"Arvioitu lukuaika\" \/>\n\t<meta name=\"twitter:data1\" content=\"1 minuutti\" \/>\n<script type=\"application\/ld+json\" class=\"yoast-schema-graph\">{\"@context\":\"https:\/\/schema.org\",\"@graph\":[{\"@type\":\"WebPage\",\"@id\":\"https:\/\/meripelastus.fi\/hamina\/toiminta\/halytysohje\/\",\"url\":\"https:\/\/meripelastus.fi\/hamina\/toiminta\/halytysohje\/\",\"name\":\"H\u00e4lytysohje - Haminan Seudun Meripelastusyhdistys Ry\",\"isPartOf\":{\"@id\":\"https:\/\/meripelastus.fi\/hamina\/#website\"},\"primaryImageOfPage\":{\"@id\":\"https:\/\/meripelastus.fi\/hamina\/toiminta\/halytysohje\/#primaryimage\"},\"image\":{\"@id\":\"https:\/\/meripelastus.fi\/hamina\/toiminta\/halytysohje\/#primaryimage\"},\"thumbnailUrl\":\"https:\/\/meripelastus.fi\/hamina\/wp-content\/uploads\/sites\/39\/2023\/04\/cover.jpg\",\"datePublished\":\"2018-03-19T07:18:43+00:00\",\"dateModified\":\"2024-03-22T06:42:23+00:00\",\"breadcrumb\":{\"@id\":\"https:\/\/meripelastus.fi\/hamina\/toiminta\/halytysohje\/#breadcrumb\"},\"inLanguage\":\"fi\",\"potentialAction\":[{\"@type\":\"ReadAction\",\"target\":[\"https:\/\/meripelastus.fi\/hamina\/toiminta\/halytysohje\/\"]}]},{\"@type\":\"ImageObject\",\"inLanguage\":\"fi\",\"@id\":\"https:\/\/meripelastus.fi\/hamina\/toiminta\/halytysohje\/#primaryimage\",\"url\":\"https:\/\/meripelastus.fi\/hamina\/wp-content\/uploads\/sites\/39\/2023\/04\/cover.jpg\",\"contentUrl\":\"https:\/\/meripelastus.fi\/hamina\/wp-content\/uploads\/sites\/39\/2023\/04\/cover.jpg\",\"width\":1800,\"height\":850},{\"@type\":\"BreadcrumbList\",\"@id\":\"https:\/\/meripelastus.fi\/hamina\/toiminta\/halytysohje\/#breadcrumb\",\"itemListElement\":[{\"@type\":\"ListItem\",\"position\":1,\"name\":\"Home\",\"item\":\"https:\/\/meripelastus.fi\/hamina\/\"},{\"@type\":\"ListItem\",\"position\":2,\"name\":\"Toiminta\",\"item\":\"https:\/\/meripelastus.fi\/hamina\/toiminta\/\"},{\"@type\":\"ListItem\",\"position\":3,\"name\":\"H\u00e4lytysohje\"}]},{\"@type\":\"WebSite\",\"@id\":\"https:\/\/meripelastus.fi\/hamina\/#website\",\"url\":\"https:\/\/meripelastus.fi\/hamina\/\",\"name\":\"Haminan Seudun Meripelastusyhdistys Ry\",\"description\":\"Vapaaehtoiset apunasi vesill\u00e4\",\"potentialAction\":[{\"@type\":\"SearchAction\",\"target\":{\"@type\":\"EntryPoint\",\"urlTemplate\":\"https:\/\/meripelastus.fi\/hamina\/?s={search_term_string}\"},\"query-input\":{\"@type\":\"PropertyValueSpecification\",\"valueRequired\":true,\"valueName\":\"search_term_string\"}}],\"inLanguage\":\"fi\"}]}<\/script>\n<!-- \/ Yoast SEO Premium plugin. -->","yoast_head_json":{"title":"H\u00e4lytysohje - Haminan Seudun Meripelastusyhdistys Ry","robots":{"index":"index","follow":"follow","max-snippet":"max-snippet:-1","max-image-preview":"max-image-preview:large","max-video-preview":"max-video-preview:-1"},"canonical":"https:\/\/meripelastus.fi\/hamina\/toiminta\/halytysohje\/","og_locale":"fi_FI","og_type":"article","og_title":"H\u00e4lytysohje","og_description":"H\u00e4t\u00e4tilanne! Mihin soitan? Merell\u00e4: 0294 1000 VHF-kanava: 16 \/ VHF-DCS 70 Sis\u00e4vesill\u00e4: 112 H\u00e4t\u00e4- tai vaaratilanteessa ilmoita: Kiireett\u00f6m\u00e4t Trossi-palvelupyynn\u00f6t numerosta 0800 30 22 30 (1.5.-31.10.).","og_url":"https:\/\/meripelastus.fi\/hamina\/toiminta\/halytysohje\/","og_site_name":"Haminan Seudun Meripelastusyhdistys Ry","article_modified_time":"2024-03-22T06:42:23+00:00","og_image":[{"width":1800,"height":850,"url":"https:\/\/meripelastus.fi\/hamina\/wp-content\/uploads\/sites\/39\/2023\/04\/cover.jpg","type":"image\/jpeg"}],"twitter_card":"summary_large_image","twitter_misc":{"Arvioitu lukuaika":"1 minuutti"},"schema":{"@context":"https:\/\/schema.org","@graph":[{"@type":"WebPage","@id":"https:\/\/meripelastus.fi\/hamina\/toiminta\/halytysohje\/","url":"https:\/\/meripelastus.fi\/hamina\/toiminta\/halytysohje\/","name":"H\u00e4lytysohje - Haminan Seudun Meripelastusyhdistys Ry","isPartOf":{"@id":"https:\/\/meripelastus.fi\/hamina\/#website"},"primaryImageOfPage":{"@id":"https:\/\/meripelastus.fi\/hamina\/toiminta\/halytysohje\/#primaryimage"},"image":{"@id":"https:\/\/meripelastus.fi\/hamina\/toiminta\/halytysohje\/#primaryimage"},"thumbnailUrl":"https:\/\/meripelastus.fi\/hamina\/wp-content\/uploads\/sites\/39\/2023\/04\/cover.jpg","datePublished":"2018-03-19T07:18:43+00:00","dateModified":"2024-03-22T06:42:23+00:00","breadcrumb":{"@id":"https:\/\/meripelastus.fi\/hamina\/toiminta\/halytysohje\/#breadcrumb"},"inLanguage":"fi","potentialAction":[{"@type":"ReadAction","target":["https:\/\/meripelastus.fi\/hamina\/toiminta\/halytysohje\/"]}]},{"@type":"ImageObject","inLanguage":"fi","@id":"https:\/\/meripelastus.fi\/hamina\/toiminta\/halytysohje\/#primaryimage","url":"https:\/\/meripelastus.fi\/hamina\/wp-content\/uploads\/sites\/39\/2023\/04\/cover.jpg","contentUrl":"https:\/\/meripelastus.fi\/hamina\/wp-content\/uploads\/sites\/39\/2023\/04\/cover.jpg","width":1800,"height":850},{"@type":"BreadcrumbList","@id":"https:\/\/meripelastus.fi\/hamina\/toiminta\/halytysohje\/#breadcrumb","itemListElement":[{"@type":"ListItem","position":1,"name":"Home","item":"https:\/\/meripelastus.fi\/hamina\/"},{"@type":"ListItem","position":2,"name":"Toiminta","item":"https:\/\/meripelastus.fi\/hamina\/toiminta\/"},{"@type":"ListItem","position":3,"name":"H\u00e4lytysohje"}]},{"@type":"WebSite","@id":"https:\/\/meripelastus.fi\/hamina\/#website","url":"https:\/\/meripelastus.fi\/hamina\/","name":"Haminan Seudun Meripelastusyhdistys Ry","description":"Vapaaehtoiset apunasi vesill\u00e4","potentialAction":[{"@type":"SearchAction","target":{"@type":"EntryPoint","urlTemplate":"https:\/\/meripelastus.fi\/hamina\/?s={search_term_string}"},"query-input":{"@type":"PropertyValueSpecification","valueRequired":true,"valueName":"search_term_string"}}],"inLanguage":"fi"}]}},"_links":{"self":[{"href":"https:\/\/meripelastus.fi\/hamina\/wp-json\/wp\/v2\/pages\/22","targetHints":{"allow":["GET"]}}],"collection":[{"href":"https:\/\/meripelastus.fi\/hamina\/wp-json\/wp\/v2\/pages"}],"about":[{"href":"https:\/\/meripelastus.fi\/hamina\/wp-json\/wp\/v2\/types\/page"}],"author":[{"embeddable":true,"href":"https:\/\/meripelastus.fi\/hamina\/wp-json\/wp\/v2\/users\/1"}],"replies":[{"embeddable":true,"href":"https:\/\/meripelastus.fi\/hamina\/wp-json\/wp\/v2\/comments?post=22"}],"version-history":[{"count":5,"href":"https:\/\/meripelastus.fi\/hamina\/wp-json\/wp\/v2\/pages\/22\/revisions"}],"predecessor-version":[{"id":327,"href":"https:\/\/meripelastus.fi\/hamina\/wp-json\/wp\/v2\/pages\/22\/revisions\/327"}],"up":[{"embeddable":true,"href":"https:\/\/meripelastus.fi\/hamina\/wp-json\/wp\/v2\/pages\/20"}],"wp:featuredmedia":[{"embeddable":true,"href":"https:\/\/meripelastus.fi\/hamina\/wp-json\/wp\/v2\/media\/200"}],"wp:attachment":[{"href":"https:\/\/meripelastus.fi\/hamina\/wp-json\/wp\/v2\/media?parent=22"}],"curies":[{"name":"wp","href":"https:\/\/api.w.org\/{rel}","templated":true}]}}