{"id":8,"date":"2018-03-19T09:16:29","date_gmt":"2018-03-19T07:16:29","guid":{"rendered":"http:\/\/basetemplate.smpsyhdistykset.16.testivedos.com\/?page_id=8"},"modified":"2025-12-18T12:08:44","modified_gmt":"2025-12-18T10:08:44","slug":"tietoa-meista","status":"publish","type":"page","link":"https:\/\/meripelastus.fi\/hameenlinna\/hameenlinnan-jarvipelastajat\/tietoa-meista\/","title":{"rendered":"Tietoa meist\u00e4"},"content":{"rendered":"<p><b>KUN TARVITSET APUA VANAJAVEDELL\u00c4<\/b><\/p>\n<p><b>Soita <a href=\"tel:112\">112<\/a><\/b>, kun ihmisi\u00e4 on vaarassa. <a href=\"https:\/\/112.fi\/112-suomi\">112-sovellus<\/a> nopeuttaa avun kutsumista l\u00e4hett\u00e4m\u00e4ll\u00e4 automaattisesti avuntarvitsijan koordinaatit h\u00e4t\u00e4keskukseen. Ihmisten pelastaminen on aina ilmaista.<\/p>\n<p><b>Soita <a href=\"tel:0800 30 22 30\">0800 30 22 30<\/a>, <\/b>kun tarvitset kiireet\u00f6nt\u00e4 apua, kuten hinausta tai apuvirranantoa. Suomen Meripelastusseuran valtakunnallinen palvelunumero on kaikkien k\u00e4ytett\u00e4viss\u00e4. Se toimii 1.5.-31.10. v\u00e4lisen ajan 24\/7. Omaisuuden pelastaminen on p\u00e4\u00e4s\u00e4\u00e4nt\u00f6isesti maksullista. Sis\u00e4ministeri\u00f6n vahvistama tuntihinta PV Nihdille on 190\u20ac \/ tunti. <strong>Meripelastusseuran Plus ja Premium j\u00e4senpalvelulla avunanto on ilmaista.<\/strong><\/p>\n<p style=\"text-align: left\"><strong>H\u00e4meenlinnan J\u00e4rvipelastajat ry<\/strong> on perustettu vuonna 1997. J\u00e4seni\u00e4 on noin 250, n\u00e4ist\u00e4 aktiiveja toiminnassa mukanaolevia on noin 20. K\u00e4yt\u00f6ss\u00e4mme on kaksi pelastusvenett\u00e4 ja pelastusjetti. Isomman pelastusveneen (RKH588) ja -jetin (RKH5883) kotisatama sijaitsee H\u00e4meenlinnan Sotkan Satamassa. Pienempi pelastusvene (RKH5882) on trailerilla siirrett\u00e4viss\u00e4 tarpeen mukaan toiminta-alueella. Veneet omistaa Suomen Meripelastusseura, ja me vastaamme niiden k\u00e4ytt\u00f6- ja huoltokustannuksista. Pelastusjetti on H\u00e4meenlinnan J\u00e4rvipelastajat ry:n omistuksessa.<\/p>\n<p style=\"text-align: left\">Toimintamme perustuu t\u00e4ysin vapaaehtoisuuteen. Miehist\u00f6n j\u00e4senille ei makseta korvausta.<\/p>\n<p style=\"text-align: left\">Toiminta-alueemme ulottuu Vanajavedell\u00e4 aina Kernaalanj\u00e4rvelt\u00e4 Lemp\u00e4\u00e4l\u00e4n ja Valkeakosken kanaville. Toimimme vesialueella Kanta-H\u00e4meen pelastuslaitoksen sopimusyksikk\u00f6n\u00e4, ja olemme jatkuvassa puolen tunnin l\u00e4ht\u00f6valmiudessa 1.5. \u2013 31.10. v\u00e4lisen ajan. Teht\u00e4vi\u00e4 meill\u00e4 on keskim\u00e4\u00e4rin 40\u201350 kappaletta kauden aikana.<\/p>\n<p style=\"text-align: left\">Koulutamme itse miehist\u00f6mme Suomen Meripelastusseuran koulutussuunnitelmien mukaisesti. Toiminnasta kiinnostuneille, mukaan aktiivimiehist\u00f6\u00f6n haluaville pid\u00e4mme kerran vuodessa INFO-tilaisuuden, ja sen j\u00e4lkeen reilun kuukauden kest\u00e4v\u00e4n harjoittelijakurssin.<\/p>\n","protected":false},"excerpt":{"rendered":"<p>KUN TARVITSET APUA VANAJAVEDELL\u00c4 Soita 112, kun ihmisi\u00e4 on vaarassa. 112-sovellus nopeuttaa avun kutsumista l\u00e4hett\u00e4m\u00e4ll\u00e4 automaattisesti avuntarvitsijan koordinaatit h\u00e4t\u00e4keskukseen. Ihmisten pelastaminen on aina ilmaista. Soita 0800 30 22 30, kun tarvitset kiireet\u00f6nt\u00e4 apua, kuten hinausta tai apuvirranantoa. Suomen Meripelastusseuran valtakunnallinen palvelunumero on kaikkien k\u00e4ytett\u00e4viss\u00e4. Se toimii 1.5.-31.10. v\u00e4lisen ajan 24\/7. Omaisuuden pelastaminen on p\u00e4\u00e4s\u00e4\u00e4nt\u00f6isesti maksullista. [&hellip;]<\/p>\n","protected":false},"author":1,"featured_media":1153,"parent":6,"menu_order":0,"comment_status":"closed","ping_status":"closed","template":"","meta":{"_acf_changed":false,"inline_featured_image":false,"footnotes":""},"class_list":["post-8","page","type-page","status-publish","has-post-thumbnail","hentry"],"acf":[],"yoast_head":"<!-- This site is optimized with the Yoast SEO Premium plugin v27.2 (Yoast SEO v27.2) - https:\/\/yoast.com\/product\/yoast-seo-premium-wordpress\/ -->\n<title>Tietoa meist\u00e4 - H\u00e4meenlinnan j\u00e4rvipelastajat<\/title>\n<meta name=\"robots\" content=\"index, follow, max-snippet:-1, max-image-preview:large, max-video-preview:-1\" \/>\n<link rel=\"canonical\" href=\"https:\/\/meripelastus.fi\/hameenlinna\/hameenlinnan-jarvipelastajat\/tietoa-meista\/\" \/>\n<meta property=\"og:locale\" content=\"fi_FI\" \/>\n<meta property=\"og:type\" content=\"article\" \/>\n<meta property=\"og:title\" content=\"Tietoa meist\u00e4\" \/>\n<meta property=\"og:description\" content=\"KUN TARVITSET APUA VANAJAVEDELL\u00c4 Soita 112, kun ihmisi\u00e4 on vaarassa. 112-sovellus nopeuttaa avun kutsumista l\u00e4hett\u00e4m\u00e4ll\u00e4 automaattisesti avuntarvitsijan koordinaatit h\u00e4t\u00e4keskukseen. Ihmisten pelastaminen on aina ilmaista. Soita 0800 30 22 30, kun tarvitset kiireet\u00f6nt\u00e4 apua, kuten hinausta tai apuvirranantoa. Suomen Meripelastusseuran valtakunnallinen palvelunumero on kaikkien k\u00e4ytett\u00e4viss\u00e4. Se toimii 1.5.-31.10. v\u00e4lisen ajan 24\/7. Omaisuuden pelastaminen on p\u00e4\u00e4s\u00e4\u00e4nt\u00f6isesti maksullista. [&hellip;]\" \/>\n<meta property=\"og:url\" content=\"https:\/\/meripelastus.fi\/hameenlinna\/hameenlinnan-jarvipelastajat\/tietoa-meista\/\" \/>\n<meta property=\"og:site_name\" content=\"H\u00e4meenlinnan j\u00e4rvipelastajat\" \/>\n<meta property=\"article:modified_time\" content=\"2025-12-18T10:08:44+00:00\" \/>\n<meta property=\"og:image\" content=\"https:\/\/meripelastus.fi\/hameenlinna\/wp-content\/uploads\/sites\/8\/2025\/12\/WhatsApp-Image-2025-10-15-at-21.14.34-1.jpeg\" \/>\n\t<meta property=\"og:image:width\" content=\"2048\" \/>\n\t<meta property=\"og:image:height\" content=\"1536\" \/>\n\t<meta property=\"og:image:type\" content=\"image\/jpeg\" \/>\n<meta name=\"twitter:card\" content=\"summary_large_image\" \/>\n<meta name=\"twitter:label1\" content=\"Arvioitu lukuaika\" \/>\n\t<meta name=\"twitter:data1\" content=\"2 minuuttia\" \/>\n<script type=\"application\/ld+json\" class=\"yoast-schema-graph\">{\"@context\":\"https:\/\/schema.org\",\"@graph\":[{\"@type\":\"WebPage\",\"@id\":\"https:\/\/meripelastus.fi\/hameenlinna\/hameenlinnan-jarvipelastajat\/tietoa-meista\/\",\"url\":\"https:\/\/meripelastus.fi\/hameenlinna\/hameenlinnan-jarvipelastajat\/tietoa-meista\/\",\"name\":\"Tietoa meist\u00e4 - H\u00e4meenlinnan j\u00e4rvipelastajat\",\"isPartOf\":{\"@id\":\"https:\/\/meripelastus.fi\/hameenlinna\/#website\"},\"primaryImageOfPage\":{\"@id\":\"https:\/\/meripelastus.fi\/hameenlinna\/hameenlinnan-jarvipelastajat\/tietoa-meista\/#primaryimage\"},\"image\":{\"@id\":\"https:\/\/meripelastus.fi\/hameenlinna\/hameenlinnan-jarvipelastajat\/tietoa-meista\/#primaryimage\"},\"thumbnailUrl\":\"https:\/\/meripelastus.fi\/hameenlinna\/wp-content\/uploads\/sites\/8\/2025\/12\/WhatsApp-Image-2025-10-15-at-21.14.34-1.jpeg\",\"datePublished\":\"2018-03-19T07:16:29+00:00\",\"dateModified\":\"2025-12-18T10:08:44+00:00\",\"breadcrumb\":{\"@id\":\"https:\/\/meripelastus.fi\/hameenlinna\/hameenlinnan-jarvipelastajat\/tietoa-meista\/#breadcrumb\"},\"inLanguage\":\"fi\",\"potentialAction\":[{\"@type\":\"ReadAction\",\"target\":[\"https:\/\/meripelastus.fi\/hameenlinna\/hameenlinnan-jarvipelastajat\/tietoa-meista\/\"]}]},{\"@type\":\"ImageObject\",\"inLanguage\":\"fi\",\"@id\":\"https:\/\/meripelastus.fi\/hameenlinna\/hameenlinnan-jarvipelastajat\/tietoa-meista\/#primaryimage\",\"url\":\"https:\/\/meripelastus.fi\/hameenlinna\/wp-content\/uploads\/sites\/8\/2025\/12\/WhatsApp-Image-2025-10-15-at-21.14.34-1.jpeg\",\"contentUrl\":\"https:\/\/meripelastus.fi\/hameenlinna\/wp-content\/uploads\/sites\/8\/2025\/12\/WhatsApp-Image-2025-10-15-at-21.14.34-1.jpeg\",\"width\":2048,\"height\":1536},{\"@type\":\"BreadcrumbList\",\"@id\":\"https:\/\/meripelastus.fi\/hameenlinna\/hameenlinnan-jarvipelastajat\/tietoa-meista\/#breadcrumb\",\"itemListElement\":[{\"@type\":\"ListItem\",\"position\":1,\"name\":\"Etusivu\",\"item\":\"https:\/\/meripelastus.fi\/hameenlinna\/\"},{\"@type\":\"ListItem\",\"position\":2,\"name\":\"H\u00e4meenlinnan J\u00e4rvipelastajat\",\"item\":\"https:\/\/meripelastus.fi\/hameenlinna\/hameenlinnan-jarvipelastajat\/\"},{\"@type\":\"ListItem\",\"position\":3,\"name\":\"Tietoa meist\u00e4\"}]},{\"@type\":\"WebSite\",\"@id\":\"https:\/\/meripelastus.fi\/hameenlinna\/#website\",\"url\":\"https:\/\/meripelastus.fi\/hameenlinna\/\",\"name\":\"H\u00e4meenlinnan j\u00e4rvipelastajat\",\"description\":\"Vapaaehtoiset apunasi vesill\u00e4\",\"potentialAction\":[{\"@type\":\"SearchAction\",\"target\":{\"@type\":\"EntryPoint\",\"urlTemplate\":\"https:\/\/meripelastus.fi\/hameenlinna\/?s={search_term_string}\"},\"query-input\":{\"@type\":\"PropertyValueSpecification\",\"valueRequired\":true,\"valueName\":\"search_term_string\"}}],\"inLanguage\":\"fi\"}]}<\/script>\n<!-- \/ Yoast SEO Premium plugin. -->","yoast_head_json":{"title":"Tietoa meist\u00e4 - H\u00e4meenlinnan j\u00e4rvipelastajat","robots":{"index":"index","follow":"follow","max-snippet":"max-snippet:-1","max-image-preview":"max-image-preview:large","max-video-preview":"max-video-preview:-1"},"canonical":"https:\/\/meripelastus.fi\/hameenlinna\/hameenlinnan-jarvipelastajat\/tietoa-meista\/","og_locale":"fi_FI","og_type":"article","og_title":"Tietoa meist\u00e4","og_description":"KUN TARVITSET APUA VANAJAVEDELL\u00c4 Soita 112, kun ihmisi\u00e4 on vaarassa. 112-sovellus nopeuttaa avun kutsumista l\u00e4hett\u00e4m\u00e4ll\u00e4 automaattisesti avuntarvitsijan koordinaatit h\u00e4t\u00e4keskukseen. Ihmisten pelastaminen on aina ilmaista. Soita 0800 30 22 30, kun tarvitset kiireet\u00f6nt\u00e4 apua, kuten hinausta tai apuvirranantoa. Suomen Meripelastusseuran valtakunnallinen palvelunumero on kaikkien k\u00e4ytett\u00e4viss\u00e4. Se toimii 1.5.-31.10. v\u00e4lisen ajan 24\/7. Omaisuuden pelastaminen on p\u00e4\u00e4s\u00e4\u00e4nt\u00f6isesti maksullista. [&hellip;]","og_url":"https:\/\/meripelastus.fi\/hameenlinna\/hameenlinnan-jarvipelastajat\/tietoa-meista\/","og_site_name":"H\u00e4meenlinnan j\u00e4rvipelastajat","article_modified_time":"2025-12-18T10:08:44+00:00","og_image":[{"width":2048,"height":1536,"url":"https:\/\/meripelastus.fi\/hameenlinna\/wp-content\/uploads\/sites\/8\/2025\/12\/WhatsApp-Image-2025-10-15-at-21.14.34-1.jpeg","type":"image\/jpeg"}],"twitter_card":"summary_large_image","twitter_misc":{"Arvioitu lukuaika":"2 minuuttia"},"schema":{"@context":"https:\/\/schema.org","@graph":[{"@type":"WebPage","@id":"https:\/\/meripelastus.fi\/hameenlinna\/hameenlinnan-jarvipelastajat\/tietoa-meista\/","url":"https:\/\/meripelastus.fi\/hameenlinna\/hameenlinnan-jarvipelastajat\/tietoa-meista\/","name":"Tietoa meist\u00e4 - H\u00e4meenlinnan j\u00e4rvipelastajat","isPartOf":{"@id":"https:\/\/meripelastus.fi\/hameenlinna\/#website"},"primaryImageOfPage":{"@id":"https:\/\/meripelastus.fi\/hameenlinna\/hameenlinnan-jarvipelastajat\/tietoa-meista\/#primaryimage"},"image":{"@id":"https:\/\/meripelastus.fi\/hameenlinna\/hameenlinnan-jarvipelastajat\/tietoa-meista\/#primaryimage"},"thumbnailUrl":"https:\/\/meripelastus.fi\/hameenlinna\/wp-content\/uploads\/sites\/8\/2025\/12\/WhatsApp-Image-2025-10-15-at-21.14.34-1.jpeg","datePublished":"2018-03-19T07:16:29+00:00","dateModified":"2025-12-18T10:08:44+00:00","breadcrumb":{"@id":"https:\/\/meripelastus.fi\/hameenlinna\/hameenlinnan-jarvipelastajat\/tietoa-meista\/#breadcrumb"},"inLanguage":"fi","potentialAction":[{"@type":"ReadAction","target":["https:\/\/meripelastus.fi\/hameenlinna\/hameenlinnan-jarvipelastajat\/tietoa-meista\/"]}]},{"@type":"ImageObject","inLanguage":"fi","@id":"https:\/\/meripelastus.fi\/hameenlinna\/hameenlinnan-jarvipelastajat\/tietoa-meista\/#primaryimage","url":"https:\/\/meripelastus.fi\/hameenlinna\/wp-content\/uploads\/sites\/8\/2025\/12\/WhatsApp-Image-2025-10-15-at-21.14.34-1.jpeg","contentUrl":"https:\/\/meripelastus.fi\/hameenlinna\/wp-content\/uploads\/sites\/8\/2025\/12\/WhatsApp-Image-2025-10-15-at-21.14.34-1.jpeg","width":2048,"height":1536},{"@type":"BreadcrumbList","@id":"https:\/\/meripelastus.fi\/hameenlinna\/hameenlinnan-jarvipelastajat\/tietoa-meista\/#breadcrumb","itemListElement":[{"@type":"ListItem","position":1,"name":"Etusivu","item":"https:\/\/meripelastus.fi\/hameenlinna\/"},{"@type":"ListItem","position":2,"name":"H\u00e4meenlinnan J\u00e4rvipelastajat","item":"https:\/\/meripelastus.fi\/hameenlinna\/hameenlinnan-jarvipelastajat\/"},{"@type":"ListItem","position":3,"name":"Tietoa meist\u00e4"}]},{"@type":"WebSite","@id":"https:\/\/meripelastus.fi\/hameenlinna\/#website","url":"https:\/\/meripelastus.fi\/hameenlinna\/","name":"H\u00e4meenlinnan j\u00e4rvipelastajat","description":"Vapaaehtoiset apunasi vesill\u00e4","potentialAction":[{"@type":"SearchAction","target":{"@type":"EntryPoint","urlTemplate":"https:\/\/meripelastus.fi\/hameenlinna\/?s={search_term_string}"},"query-input":{"@type":"PropertyValueSpecification","valueRequired":true,"valueName":"search_term_string"}}],"inLanguage":"fi"}]}},"_links":{"self":[{"href":"https:\/\/meripelastus.fi\/hameenlinna\/wp-json\/wp\/v2\/pages\/8","targetHints":{"allow":["GET"]}}],"collection":[{"href":"https:\/\/meripelastus.fi\/hameenlinna\/wp-json\/wp\/v2\/pages"}],"about":[{"href":"https:\/\/meripelastus.fi\/hameenlinna\/wp-json\/wp\/v2\/types\/page"}],"author":[{"embeddable":true,"href":"https:\/\/meripelastus.fi\/hameenlinna\/wp-json\/wp\/v2\/users\/1"}],"replies":[{"embeddable":true,"href":"https:\/\/meripelastus.fi\/hameenlinna\/wp-json\/wp\/v2\/comments?post=8"}],"version-history":[{"count":26,"href":"https:\/\/meripelastus.fi\/hameenlinna\/wp-json\/wp\/v2\/pages\/8\/revisions"}],"predecessor-version":[{"id":1159,"href":"https:\/\/meripelastus.fi\/hameenlinna\/wp-json\/wp\/v2\/pages\/8\/revisions\/1159"}],"up":[{"embeddable":true,"href":"https:\/\/meripelastus.fi\/hameenlinna\/wp-json\/wp\/v2\/pages\/6"}],"wp:featuredmedia":[{"embeddable":true,"href":"https:\/\/meripelastus.fi\/hameenlinna\/wp-json\/wp\/v2\/media\/1153"}],"wp:attachment":[{"href":"https:\/\/meripelastus.fi\/hameenlinna\/wp-json\/wp\/v2\/media?parent=8"}],"curies":[{"name":"wp","href":"https:\/\/api.w.org\/{rel}","templated":true}]}}