{"id":51,"date":"2018-03-19T09:24:37","date_gmt":"2018-03-19T07:24:37","guid":{"rendered":"http:\/\/basetemplate.smpsyhdistykset.16.testivedos.com\/?page_id=51"},"modified":"2025-12-18T11:40:11","modified_gmt":"2025-12-18T09:40:11","slug":"yhteystiedot","status":"publish","type":"page","link":"https:\/\/meripelastus.fi\/hameenlinna\/yhteystiedot\/","title":{"rendered":"Yhteystiedot"},"content":{"rendered":"<p><b>KUN TARVITSET APUA VANAJAVEDELL\u00c4<\/b><\/p>\n<p><b>Soita <a href=\"tel:112\">112<\/a><\/b>, kun ihmisi\u00e4 on vaarassa. <a href=\"https:\/\/112.fi\/112-suomi\">112-sovellus<\/a> nopeuttaa avun kutsumista l\u00e4hett\u00e4m\u00e4ll\u00e4 automaattisesti avuntarvitsijan koordinaatit h\u00e4t\u00e4keskukseen. Ihmisten pelastaminen on aina ilmaista.<\/p>\n<p><b>Soita <a href=\"tel:0800 30 22 30\">0800 30 22 30<\/a>, <\/b>kun tarvitset kiireet\u00f6nt\u00e4 apua, kuten hinausta tai apuvirranantoa. Suomen Meripelastusseuran valtakunnallinen <strong>palvelunumero on kaikkien k\u00e4ytett\u00e4viss\u00e4<\/strong>. Se toimii 1.5.-31.10. v\u00e4lisen ajan 24\/7. Omaisuuden pelastaminen on p\u00e4\u00e4s\u00e4\u00e4nt\u00f6isesti maksullista. Sis\u00e4ministeri\u00f6n vahvistama tuntihinta PV Nihdille on 190\u20ac \/ tunti. <strong>Meripelastusseuran Plus ja Premium j\u00e4senpalvelulla avunanto on ilmaista.<\/strong><\/p>\n<p><strong>Pelastusasema 58<br \/><\/strong>Myll\u00e4rinkatu 11, 13110 H\u00e4meenlinna<\/p>\n<p><strong>H\u00e4meenlinnan J\u00e4rvipelastajat ry.<\/strong><br \/>c\/o<br \/>Sami Toivonen<br \/>Kruununkatu 5b1<br \/>13130<br \/>H\u00e4meenlinna<\/p>\n<p>Email:\u00a0<a href=\"mailto:hameenlinna@messi.meripelastus.fi\" target=\"_blank\" rel=\"noopener noreferrer\">hameenlinna@messi.meripelastus.fi<\/a><br \/>Puhelinnumero: 0504584278<\/p>\n<p><strong>Rekisteriselosteet<\/strong><\/p>\n<p><a href=\"https:\/\/meripelastus.fi\/hameenlinna\/yhteystiedot\/rekisteriseloste_avustussopimus_1-4\/\" target=\"_blank\" rel=\"attachment noopener wp-att-693 noreferrer\">Avustussopimus<\/a><br \/><a href=\"https:\/\/meripelastus.fi\/hameenlinna\/yhteystiedot\/rekisteriseloste_jasenreksiteri_1-3\/\" target=\"_blank\" rel=\"attachment noopener wp-att-694 noreferrer\">J\u00e4senrekisteri<\/a><br \/><a href=\"https:\/\/meripelastus.fi\/hameenlinna\/yhteystiedot\/rekisteriseloste_laivapaivakirjat_1-4\/\" target=\"_blank\" rel=\"attachment noopener wp-att-695 noreferrer\">Laivap\u00e4iv\u00e4kirjat<\/a><a href=\"https:\/\/meripelastus.fi\/hameenlinna\/wp-content\/uploads\/sites\/8\/2025\/03\/Rekisteriseloste_laivapaivakirjat_1.4.pdf\" target=\"_blank\" rel=\"attachment noopener wp-att-695 noreferrer\"><br \/><\/a><a href=\"https:\/\/meripelastus.fi\/hameenlinna\/yhteystiedot\/rekisteriseloste_salassapitositoumus_1-3\/\" target=\"_blank\" rel=\"attachment noopener wp-att-694 noreferrer\">Salassapitositoumus<\/a><\/p>\n\n\n<p><\/p>\n","protected":false},"excerpt":{"rendered":"<p>KUN TARVITSET APUA VANAJAVEDELL\u00c4 Soita 112, kun ihmisi\u00e4 on vaarassa. 112-sovellus nopeuttaa avun kutsumista l\u00e4hett\u00e4m\u00e4ll\u00e4 automaattisesti avuntarvitsijan koordinaatit h\u00e4t\u00e4keskukseen. Ihmisten pelastaminen on aina ilmaista. Soita 0800 30 22 30, kun tarvitset kiireet\u00f6nt\u00e4 apua, kuten hinausta tai apuvirranantoa. Suomen Meripelastusseuran valtakunnallinen palvelunumero on kaikkien k\u00e4ytett\u00e4viss\u00e4. Se toimii 1.5.-31.10. v\u00e4lisen ajan 24\/7. Omaisuuden pelastaminen on p\u00e4\u00e4s\u00e4\u00e4nt\u00f6isesti maksullista. [&hellip;]<\/p>\n","protected":false},"author":1,"featured_media":892,"parent":0,"menu_order":4,"comment_status":"closed","ping_status":"closed","template":"","meta":{"_acf_changed":false,"inline_featured_image":false,"footnotes":""},"class_list":["post-51","page","type-page","status-publish","has-post-thumbnail","hentry"],"acf":[],"yoast_head":"<!-- This site is optimized with the Yoast SEO Premium plugin v27.2 (Yoast SEO v27.2) - https:\/\/yoast.com\/product\/yoast-seo-premium-wordpress\/ -->\n<title>Yhteystiedot - H\u00e4meenlinnan j\u00e4rvipelastajat<\/title>\n<meta name=\"robots\" content=\"index, follow, max-snippet:-1, max-image-preview:large, max-video-preview:-1\" \/>\n<link rel=\"canonical\" href=\"https:\/\/meripelastus.fi\/hameenlinna\/yhteystiedot\/\" \/>\n<meta property=\"og:locale\" content=\"fi_FI\" \/>\n<meta property=\"og:type\" content=\"article\" \/>\n<meta property=\"og:title\" content=\"Yhteystiedot\" \/>\n<meta property=\"og:description\" content=\"KUN TARVITSET APUA VANAJAVEDELL\u00c4 Soita 112, kun ihmisi\u00e4 on vaarassa. 112-sovellus nopeuttaa avun kutsumista l\u00e4hett\u00e4m\u00e4ll\u00e4 automaattisesti avuntarvitsijan koordinaatit h\u00e4t\u00e4keskukseen. Ihmisten pelastaminen on aina ilmaista. Soita 0800 30 22 30, kun tarvitset kiireet\u00f6nt\u00e4 apua, kuten hinausta tai apuvirranantoa. Suomen Meripelastusseuran valtakunnallinen palvelunumero on kaikkien k\u00e4ytett\u00e4viss\u00e4. Se toimii 1.5.-31.10. v\u00e4lisen ajan 24\/7. Omaisuuden pelastaminen on p\u00e4\u00e4s\u00e4\u00e4nt\u00f6isesti maksullista. [&hellip;]\" \/>\n<meta property=\"og:url\" content=\"https:\/\/meripelastus.fi\/hameenlinna\/yhteystiedot\/\" \/>\n<meta property=\"og:site_name\" content=\"H\u00e4meenlinnan j\u00e4rvipelastajat\" \/>\n<meta property=\"article:modified_time\" content=\"2025-12-18T09:40:11+00:00\" \/>\n<meta property=\"og:image\" content=\"https:\/\/meripelastus.fi\/hameenlinna\/wp-content\/uploads\/sites\/8\/2022\/11\/yhteystiedot_kansikuva.jpg\" \/>\n\t<meta property=\"og:image:width\" content=\"1800\" \/>\n\t<meta property=\"og:image:height\" content=\"850\" \/>\n\t<meta property=\"og:image:type\" content=\"image\/jpeg\" \/>\n<meta name=\"twitter:card\" content=\"summary_large_image\" \/>\n<meta name=\"twitter:label1\" content=\"Arvioitu lukuaika\" \/>\n\t<meta name=\"twitter:data1\" content=\"1 minuutti\" \/>\n<script type=\"application\/ld+json\" class=\"yoast-schema-graph\">{\"@context\":\"https:\/\/schema.org\",\"@graph\":[{\"@type\":\"WebPage\",\"@id\":\"https:\/\/meripelastus.fi\/hameenlinna\/yhteystiedot\/\",\"url\":\"https:\/\/meripelastus.fi\/hameenlinna\/yhteystiedot\/\",\"name\":\"Yhteystiedot - H\u00e4meenlinnan j\u00e4rvipelastajat\",\"isPartOf\":{\"@id\":\"https:\/\/meripelastus.fi\/hameenlinna\/#website\"},\"primaryImageOfPage\":{\"@id\":\"https:\/\/meripelastus.fi\/hameenlinna\/yhteystiedot\/#primaryimage\"},\"image\":{\"@id\":\"https:\/\/meripelastus.fi\/hameenlinna\/yhteystiedot\/#primaryimage\"},\"thumbnailUrl\":\"https:\/\/meripelastus.fi\/hameenlinna\/wp-content\/uploads\/sites\/8\/2022\/11\/yhteystiedot_kansikuva.jpg\",\"datePublished\":\"2018-03-19T07:24:37+00:00\",\"dateModified\":\"2025-12-18T09:40:11+00:00\",\"breadcrumb\":{\"@id\":\"https:\/\/meripelastus.fi\/hameenlinna\/yhteystiedot\/#breadcrumb\"},\"inLanguage\":\"fi\",\"potentialAction\":[{\"@type\":\"ReadAction\",\"target\":[\"https:\/\/meripelastus.fi\/hameenlinna\/yhteystiedot\/\"]}]},{\"@type\":\"ImageObject\",\"inLanguage\":\"fi\",\"@id\":\"https:\/\/meripelastus.fi\/hameenlinna\/yhteystiedot\/#primaryimage\",\"url\":\"https:\/\/meripelastus.fi\/hameenlinna\/wp-content\/uploads\/sites\/8\/2022\/11\/yhteystiedot_kansikuva.jpg\",\"contentUrl\":\"https:\/\/meripelastus.fi\/hameenlinna\/wp-content\/uploads\/sites\/8\/2022\/11\/yhteystiedot_kansikuva.jpg\",\"width\":1800,\"height\":850},{\"@type\":\"BreadcrumbList\",\"@id\":\"https:\/\/meripelastus.fi\/hameenlinna\/yhteystiedot\/#breadcrumb\",\"itemListElement\":[{\"@type\":\"ListItem\",\"position\":1,\"name\":\"Etusivu\",\"item\":\"https:\/\/meripelastus.fi\/hameenlinna\/\"},{\"@type\":\"ListItem\",\"position\":2,\"name\":\"Yhteystiedot\"}]},{\"@type\":\"WebSite\",\"@id\":\"https:\/\/meripelastus.fi\/hameenlinna\/#website\",\"url\":\"https:\/\/meripelastus.fi\/hameenlinna\/\",\"name\":\"H\u00e4meenlinnan j\u00e4rvipelastajat\",\"description\":\"Vapaaehtoiset apunasi vesill\u00e4\",\"potentialAction\":[{\"@type\":\"SearchAction\",\"target\":{\"@type\":\"EntryPoint\",\"urlTemplate\":\"https:\/\/meripelastus.fi\/hameenlinna\/?s={search_term_string}\"},\"query-input\":{\"@type\":\"PropertyValueSpecification\",\"valueRequired\":true,\"valueName\":\"search_term_string\"}}],\"inLanguage\":\"fi\"}]}<\/script>\n<!-- \/ Yoast SEO Premium plugin. -->","yoast_head_json":{"title":"Yhteystiedot - H\u00e4meenlinnan j\u00e4rvipelastajat","robots":{"index":"index","follow":"follow","max-snippet":"max-snippet:-1","max-image-preview":"max-image-preview:large","max-video-preview":"max-video-preview:-1"},"canonical":"https:\/\/meripelastus.fi\/hameenlinna\/yhteystiedot\/","og_locale":"fi_FI","og_type":"article","og_title":"Yhteystiedot","og_description":"KUN TARVITSET APUA VANAJAVEDELL\u00c4 Soita 112, kun ihmisi\u00e4 on vaarassa. 112-sovellus nopeuttaa avun kutsumista l\u00e4hett\u00e4m\u00e4ll\u00e4 automaattisesti avuntarvitsijan koordinaatit h\u00e4t\u00e4keskukseen. Ihmisten pelastaminen on aina ilmaista. Soita 0800 30 22 30, kun tarvitset kiireet\u00f6nt\u00e4 apua, kuten hinausta tai apuvirranantoa. Suomen Meripelastusseuran valtakunnallinen palvelunumero on kaikkien k\u00e4ytett\u00e4viss\u00e4. Se toimii 1.5.-31.10. v\u00e4lisen ajan 24\/7. Omaisuuden pelastaminen on p\u00e4\u00e4s\u00e4\u00e4nt\u00f6isesti maksullista. [&hellip;]","og_url":"https:\/\/meripelastus.fi\/hameenlinna\/yhteystiedot\/","og_site_name":"H\u00e4meenlinnan j\u00e4rvipelastajat","article_modified_time":"2025-12-18T09:40:11+00:00","og_image":[{"width":1800,"height":850,"url":"https:\/\/meripelastus.fi\/hameenlinna\/wp-content\/uploads\/sites\/8\/2022\/11\/yhteystiedot_kansikuva.jpg","type":"image\/jpeg"}],"twitter_card":"summary_large_image","twitter_misc":{"Arvioitu lukuaika":"1 minuutti"},"schema":{"@context":"https:\/\/schema.org","@graph":[{"@type":"WebPage","@id":"https:\/\/meripelastus.fi\/hameenlinna\/yhteystiedot\/","url":"https:\/\/meripelastus.fi\/hameenlinna\/yhteystiedot\/","name":"Yhteystiedot - H\u00e4meenlinnan j\u00e4rvipelastajat","isPartOf":{"@id":"https:\/\/meripelastus.fi\/hameenlinna\/#website"},"primaryImageOfPage":{"@id":"https:\/\/meripelastus.fi\/hameenlinna\/yhteystiedot\/#primaryimage"},"image":{"@id":"https:\/\/meripelastus.fi\/hameenlinna\/yhteystiedot\/#primaryimage"},"thumbnailUrl":"https:\/\/meripelastus.fi\/hameenlinna\/wp-content\/uploads\/sites\/8\/2022\/11\/yhteystiedot_kansikuva.jpg","datePublished":"2018-03-19T07:24:37+00:00","dateModified":"2025-12-18T09:40:11+00:00","breadcrumb":{"@id":"https:\/\/meripelastus.fi\/hameenlinna\/yhteystiedot\/#breadcrumb"},"inLanguage":"fi","potentialAction":[{"@type":"ReadAction","target":["https:\/\/meripelastus.fi\/hameenlinna\/yhteystiedot\/"]}]},{"@type":"ImageObject","inLanguage":"fi","@id":"https:\/\/meripelastus.fi\/hameenlinna\/yhteystiedot\/#primaryimage","url":"https:\/\/meripelastus.fi\/hameenlinna\/wp-content\/uploads\/sites\/8\/2022\/11\/yhteystiedot_kansikuva.jpg","contentUrl":"https:\/\/meripelastus.fi\/hameenlinna\/wp-content\/uploads\/sites\/8\/2022\/11\/yhteystiedot_kansikuva.jpg","width":1800,"height":850},{"@type":"BreadcrumbList","@id":"https:\/\/meripelastus.fi\/hameenlinna\/yhteystiedot\/#breadcrumb","itemListElement":[{"@type":"ListItem","position":1,"name":"Etusivu","item":"https:\/\/meripelastus.fi\/hameenlinna\/"},{"@type":"ListItem","position":2,"name":"Yhteystiedot"}]},{"@type":"WebSite","@id":"https:\/\/meripelastus.fi\/hameenlinna\/#website","url":"https:\/\/meripelastus.fi\/hameenlinna\/","name":"H\u00e4meenlinnan j\u00e4rvipelastajat","description":"Vapaaehtoiset apunasi vesill\u00e4","potentialAction":[{"@type":"SearchAction","target":{"@type":"EntryPoint","urlTemplate":"https:\/\/meripelastus.fi\/hameenlinna\/?s={search_term_string}"},"query-input":{"@type":"PropertyValueSpecification","valueRequired":true,"valueName":"search_term_string"}}],"inLanguage":"fi"}]}},"_links":{"self":[{"href":"https:\/\/meripelastus.fi\/hameenlinna\/wp-json\/wp\/v2\/pages\/51","targetHints":{"allow":["GET"]}}],"collection":[{"href":"https:\/\/meripelastus.fi\/hameenlinna\/wp-json\/wp\/v2\/pages"}],"about":[{"href":"https:\/\/meripelastus.fi\/hameenlinna\/wp-json\/wp\/v2\/types\/page"}],"author":[{"embeddable":true,"href":"https:\/\/meripelastus.fi\/hameenlinna\/wp-json\/wp\/v2\/users\/1"}],"replies":[{"embeddable":true,"href":"https:\/\/meripelastus.fi\/hameenlinna\/wp-json\/wp\/v2\/comments?post=51"}],"version-history":[{"count":23,"href":"https:\/\/meripelastus.fi\/hameenlinna\/wp-json\/wp\/v2\/pages\/51\/revisions"}],"predecessor-version":[{"id":1157,"href":"https:\/\/meripelastus.fi\/hameenlinna\/wp-json\/wp\/v2\/pages\/51\/revisions\/1157"}],"wp:featuredmedia":[{"embeddable":true,"href":"https:\/\/meripelastus.fi\/hameenlinna\/wp-json\/wp\/v2\/media\/892"}],"wp:attachment":[{"href":"https:\/\/meripelastus.fi\/hameenlinna\/wp-json\/wp\/v2\/media?parent=51"}],"curies":[{"name":"wp","href":"https:\/\/api.w.org\/{rel}","templated":true}]}}