{"id":4,"date":"2018-03-19T09:15:43","date_gmt":"2018-03-19T07:15:43","guid":{"rendered":"http:\/\/basetemplate.smpsyhdistykset.16.testivedos.com\/?page_id=4"},"modified":"2025-12-05T09:50:39","modified_gmt":"2025-12-05T07:50:39","slug":"etusivu","status":"publish","type":"page","link":"https:\/\/meripelastus.fi\/hameenlinna\/","title":{"rendered":"Vapaaehtoiset apunasi vesill\u00e4"},"content":{"rendered":"\n<div style=\"height:3rem\" aria-hidden=\"true\" class=\"wp-block-spacer\"><\/div>\n\n\n\t\n<div class=\"container home-container\"> \n  <div class=\"row gridparent post-lists\">\n            <figure class=\"gridchild d-flex align-items-stretch\">\n            <div class=\"post-item relative\">\n                    <a href=\"https:\/\/meripelastus.fi\/hameenlinna\/kevatkokous-6\/\" title=\"Kev\u00e4tkokous\">\n                        <img loading=\"lazy\" decoding=\"async\" src=\"https:\/\/meripelastus.fi\/hameenlinna\/wp-content\/themes\/jarjestot\/img\/news-big.jpg\" alt=\"Kev\u00e4tkokous\" width=\"730\" height=\"460\" \/>\n                        <div class=\"postgradient\"><\/div><!--postgradient-->\n                    <\/a>\n                    <figcaption class=\"post-list-content\">\n                        <p class=\"article-meta has-white-color\">\n                            25.02.2026 \n                                                                                                <a href=\"https:\/\/meripelastus.fi\/hameenlinna\/category\/uutiset\/\">Uutiset<\/a>\n                                                                                    <\/p>\n                        <a href=\"https:\/\/meripelastus.fi\/hameenlinna\/kevatkokous-6\/\" title=\"Kev\u00e4tkokous\">\n                            <h4 class=\"has-white-color my-0\">Kev\u00e4tkokous<\/h4>\n                        <\/a>\n                    <\/figcaption>\t\n            <\/div>\n        <\/figure>\n            <figure class=\"gridchild d-flex align-items-stretch\">\n            <div class=\"post-item relative\">\n                    <a href=\"https:\/\/meripelastus.fi\/hameenlinna\/valmiuspaivystys-on-paattynyt-vuoden-2025-osalta\/\" title=\"Valmiusp\u00e4ivystys on p\u00e4\u00e4ttynyt vuoden 2025 osalta\">\n                        <img loading=\"lazy\" decoding=\"async\" src=\"https:\/\/meripelastus.fi\/hameenlinna\/wp-content\/themes\/jarjestot\/img\/news-big.jpg\" alt=\"Valmiusp\u00e4ivystys on p\u00e4\u00e4ttynyt vuoden 2025 osalta\" width=\"730\" height=\"460\" \/>\n                        <div class=\"postgradient\"><\/div><!--postgradient-->\n                    <\/a>\n                    <figcaption class=\"post-list-content\">\n                        <p class=\"article-meta has-white-color\">\n                            01.11.2025 \n                                                                                                <a href=\"https:\/\/meripelastus.fi\/hameenlinna\/category\/uutiset\/\">Uutiset<\/a>\n                                                                                    <\/p>\n                        <a href=\"https:\/\/meripelastus.fi\/hameenlinna\/valmiuspaivystys-on-paattynyt-vuoden-2025-osalta\/\" title=\"Valmiusp\u00e4ivystys on p\u00e4\u00e4ttynyt vuoden 2025 osalta\">\n                            <h4 class=\"has-white-color my-0\">Valmiusp\u00e4ivystys on p\u00e4\u00e4ttynyt vuoden 2&#8230;<\/h4>\n                        <\/a>\n                    <\/figcaption>\t\n            <\/div>\n        <\/figure>\n            <figure class=\"gridchild d-flex align-items-stretch\">\n            <div class=\"post-item relative\">\n                    <a href=\"https:\/\/meripelastus.fi\/hameenlinna\/syyskokous-7\/\" title=\"Syyskokous\">\n                        <img loading=\"lazy\" decoding=\"async\" src=\"https:\/\/meripelastus.fi\/hameenlinna\/wp-content\/themes\/jarjestot\/img\/news-big.jpg\" alt=\"Syyskokous\" width=\"730\" height=\"460\" \/>\n                        <div class=\"postgradient\"><\/div><!--postgradient-->\n                    <\/a>\n                    <figcaption class=\"post-list-content\">\n                        <p class=\"article-meta has-white-color\">\n                            20.10.2025 \n                                                                                                <a href=\"https:\/\/meripelastus.fi\/hameenlinna\/category\/uutiset\/\">Uutiset<\/a>\n                                                                                    <\/p>\n                        <a href=\"https:\/\/meripelastus.fi\/hameenlinna\/syyskokous-7\/\" title=\"Syyskokous\">\n                            <h4 class=\"has-white-color my-0\">Syyskokous<\/h4>\n                        <\/a>\n                    <\/figcaption>\t\n            <\/div>\n        <\/figure>\n      <\/div>\n\n    \t\n\n    <div class=\"row\">\n      <div class=\"d-none d-sm-block col-2 col-md-3 col-xl-4\"><hr class=\"has-primary-background-color\"><\/div>\n      <div class=\"col-12 col-sm-8 col-md-6 col-xl-4\">\n      <div class=\"d-flex justify-content-center\">\t\n        <a href=\"https:\/\/meripelastus.fi\/hameenlinna\/hameenlinnan-jarvipelastajat\/uutiset\/\" target=\"_self\" class=\"btn btn-primary mt-0 mb-3 my-sm-0\">Lis\u00e4\u00e4 kuulumisia<\/a>\t\t\t\t\t\t\t\t\t\t\n      <\/div>\n      <\/div>\n      <div class=\"col-12 col-sm-2 col-md-3 col-xl-4\"><hr class=\"has-primary-background-color\"><\/div>\n    <\/div>\n  \n<\/div>\n\n\n<div style=\"height:6rem\" aria-hidden=\"true\" class=\"wp-block-spacer\"><\/div>\n\n\n \n\t\n<div class=\"container home-container\"> \n    <div class=\"row home-img-lifts py-0 d-flex justify-content-center\">\n\n            \t\t\t\t \n\t\t\t\t\t\t<div class=\"col-10 offset-1 offset-md-0 col-md-6 col-lg-3 col-xxl-4 has-secondary-background-color d-flex flex-column align-items-stretch justify-content-between text-white text-center homelifts homelifts-lahjoita\">\n                            <div class=\"homelifts-lahjoita-img\"><img loading=\"lazy\" decoding=\"async\" src=\"https:\/\/meripelastus.fi\/hameenlinna\/wp-content\/uploads\/sites\/8\/2024\/01\/svg-huutomerkki-white.svg\" alt=\"\" width=\"300\" height=\"273\" \/><\/div> \n                            <div class=\"homelifts-lahjoita-content\">\n                                <h3 class=\"h2 text-white mt-0 mb-0\">H\u00e4t\u00e4tilanne! Mihin soitan?<\/h3>                                                                <div class=\"homelifts-lahjoita-content-otsikkoryhma\">\n                                    <h4 class=\"text-white mt-0\"><span>Sis\u00e4vesill\u00e4<\/span><\/h4>\n                                    <p><a href=\"tel:112\">112<\/a><\/p>\n                                <\/div>\n                                                                <div class=\"homelifts-lahjoita-content-otsikkoryhma\">\n                                    <h4 class=\"text-white mt-0\"><span>Merell\u00e4<\/span><\/h4>\n                                    <p><a href=\"tel:02941000\">02 94 1000<\/a><\/p>\n                                <\/div>\n                                                                                            <\/div>\n                            <a href=\"https:\/\/meripelastus.fi\/hameenlinna\/toiminta\/halytysohje\/\" class=\"btn btn-default my-0 mx-auto\" target=\"_self\">H\u00e4lytysohjeet<\/a>                             \n                        <\/div>\n\t\t\t\t\t\t\t\n            \t\t\t\t \n\t\t\t\t\t\t\t<div class=\"col-10 offset-1 offset-md-0 col-md-6 col-lg-3 col-xxl-4 has-white-background-color d-flex flex-column align-items-stretch justify-content-between text-center homelifts homelifts-trossi\">\n                                <div class=\"homelifts-trossi-img\"><img loading=\"lazy\" decoding=\"async\" src=\"https:\/\/meripelastus.fi\/hameenlinna\/wp-content\/uploads\/sites\/8\/2024\/01\/svg-alus.svg\" alt=\"\" width=\"300\" height=\"300\" \/><\/div>                          \n                                <div class=\"homelifts-trossi-content\">\n                                    <h3 class=\"h2 mt-0\">Suoritetut teht\u00e4v\u00e4t<\/h3>                                                                                                                <ul class=\"list-unstyled\" id=\"tehtavatrss\" data-amount=\"2\" data-city=\"13\">\n                                            <template>\n                                                <li>\n                                                    <time><\/time>\n                                                    <strong><\/strong>\n                                                    <br \/>\n                                                    <span><\/span>\n                                                <\/li>\n                                            <\/template>\n                                        <\/ul>\n                                                                    <\/div>\n                                <a href=\"https:\/\/meripelastus.fi\/hameenlinna\/toiminta\/tehtavat\/\" class=\"btn btn-primary mb-0 mx-auto\" target=\"_self\">Selaa teht\u00e4vi\u00e4<\/a>                             \n                            <\/div>\n\t\t\t\t\t\t\t           \n\n            \t\t\t\t \n\t\t\t\t\t\t<div class=\"col-10 offset-1 offset-md-0 col-md-6 col-lg-3 col-xxl-4 has-secondary-background-color d-flex flex-column align-items-stretch justify-content-between text-white text-center homelifts homelifts-liity\">\n                            <div class=\"homelifts-liity-img\"><img loading=\"lazy\" decoding=\"async\" src=\"https:\/\/meripelastus.fi\/hameenlinna\/wp-content\/uploads\/sites\/8\/2025\/12\/smps-plus-jasenpalvelu-300x300.png\" alt=\"Ympyr\u00e4ikoni\" width=\"300\" height=\"300\" \/><\/div>  \n                            <div class=\"homelifts-liity-content\">\n                                <h3 class=\"h2 text-white mt-0\">J\u00e4senpalvelu<\/h3>                                <hr class=\"homelift-border\">\n                                <p>Hankkimalla j\u00e4senpalvelun varmistat my\u00f6s veneellesi maksuttoman avun.<\/p>\n                            <\/div>\n                            <a href=\"https:\/\/meripelastus.fi\/jaseneksi\/\" class=\"btn btn-default mb-0 mx-auto\" target=\"_blank\">Liity j\u00e4seneksi<\/a>                             \n                        <\/div>\n\t\t\t\t\t\t\t    <\/div>\n<\/div>\n\n\n<div style=\"height:3rem\" aria-hidden=\"true\" class=\"wp-block-spacer\"><\/div>\n\n\n\n<div class=\"wp-block-group alignfull border-top has-white-background-color has-background\"><div class=\"wp-block-group__inner-container is-layout-constrained wp-block-group-is-layout-constrained\">\n<div style=\"height:3rem\" aria-hidden=\"true\" class=\"wp-block-spacer\"><\/div>\n\n\n\n<h4 class=\"wp-block-heading has-text-align-center has-x-large-font-size\" id=\"h-kun-tarvitset-apua-vanajavedella\" style=\"text-transform:uppercase\"><b>KUN TARVITSET APUA VANAJAVEDELL\u00c4<\/b><\/h4>\n\n\n\n<p class=\"has-text-align-center\"><b>Soita <a href=\"tel:112\">112<\/a><\/b>, kun ihmisi\u00e4 on vaarassa. 112-sovellus nopeuttaa avun kutsumista l\u00e4hett\u00e4m\u00e4ll\u00e4 automaattisesti avuntarvitsijan koordinaatit h\u00e4t\u00e4keskukseen. Ihmisten pelastaminen on aina ilmaista.<\/p>\n\n\n\n<p class=\"has-text-align-center\"><b>Soita <a href=\"tel:0800 30 22 30\">0800 30 22 30<\/a>, <\/b>kun tarvitset kiireet\u00f6nt\u00e4 apua, kuten hinausta tai apuvirranantoa. Suomen Meripelastusseuran valtakunnallinen palvelunumero on kaikkien k\u00e4ytett\u00e4viss\u00e4. <br>Se toimii 1.5.-31.10. v\u00e4lisen ajan 24\/7. Omaisuuden pelastaminen on p\u00e4\u00e4s\u00e4\u00e4nt\u00f6isesti maksullista.<\/p>\n\n\n\t\n   <div class=\"compass-wrapper\"><img loading=\"lazy\" decoding=\"async\" src=\"https:\/\/meripelastus.fi\/hameenlinna\/wp-content\/themes\/jarjestot\/img\/smps-kompassi-sininen.png\" width=\"1083\" height=\"110\" class=\"kompassi-block\" aria-hidden=\"true\"\/><\/div><\/div><\/div>\n","protected":false},"excerpt":{"rendered":"<p>KUN TARVITSET APUA VANAJAVEDELL\u00c4 Soita 112, kun ihmisi\u00e4 on vaarassa. 112-sovellus nopeuttaa avun kutsumista l\u00e4hett\u00e4m\u00e4ll\u00e4 automaattisesti avuntarvitsijan koordinaatit h\u00e4t\u00e4keskukseen. Ihmisten pelastaminen on aina ilmaista. Soita 0800 30 22 30, kun tarvitset kiireet\u00f6nt\u00e4 apua, kuten hinausta tai apuvirranantoa. Suomen Meripelastusseuran valtakunnallinen palvelunumero on kaikkien k\u00e4ytett\u00e4viss\u00e4. Se toimii 1.5.-31.10. v\u00e4lisen ajan 24\/7. Omaisuuden pelastaminen on p\u00e4\u00e4s\u00e4\u00e4nt\u00f6isesti maksullista.<\/p>\n","protected":false},"author":1,"featured_media":868,"parent":0,"menu_order":1,"comment_status":"closed","ping_status":"closed","template":"templates\/frontpage.php","meta":{"_acf_changed":false,"inline_featured_image":false,"footnotes":""},"class_list":["post-4","page","type-page","status-publish","has-post-thumbnail","hentry"],"acf":[],"yoast_head":"<!-- This site is optimized with the Yoast SEO Premium plugin v27.2 (Yoast SEO v27.2) - https:\/\/yoast.com\/product\/yoast-seo-premium-wordpress\/ -->\n<title>Vapaaehtoiset apunasi vesill\u00e4 - H\u00e4meenlinnan j\u00e4rvipelastajat<\/title>\n<meta name=\"robots\" content=\"index, follow, max-snippet:-1, max-image-preview:large, max-video-preview:-1\" \/>\n<link rel=\"canonical\" href=\"https:\/\/meripelastus.fi\/hameenlinna\/\" \/>\n<meta property=\"og:locale\" content=\"fi_FI\" \/>\n<meta property=\"og:type\" content=\"article\" \/>\n<meta property=\"og:title\" content=\"Vapaaehtoiset apunasi vesill\u00e4\" \/>\n<meta property=\"og:description\" content=\"KUN TARVITSET APUA VANAJAVEDELL\u00c4 Soita 112, kun ihmisi\u00e4 on vaarassa. 112-sovellus nopeuttaa avun kutsumista l\u00e4hett\u00e4m\u00e4ll\u00e4 automaattisesti avuntarvitsijan koordinaatit h\u00e4t\u00e4keskukseen. Ihmisten pelastaminen on aina ilmaista. Soita 0800 30 22 30, kun tarvitset kiireet\u00f6nt\u00e4 apua, kuten hinausta tai apuvirranantoa. Suomen Meripelastusseuran valtakunnallinen palvelunumero on kaikkien k\u00e4ytett\u00e4viss\u00e4. Se toimii 1.5.-31.10. v\u00e4lisen ajan 24\/7. Omaisuuden pelastaminen on p\u00e4\u00e4s\u00e4\u00e4nt\u00f6isesti maksullista.\" \/>\n<meta property=\"og:url\" content=\"https:\/\/meripelastus.fi\/hameenlinna\/\" \/>\n<meta property=\"og:site_name\" content=\"H\u00e4meenlinnan j\u00e4rvipelastajat\" \/>\n<meta property=\"article:modified_time\" content=\"2025-12-05T07:50:39+00:00\" \/>\n<meta property=\"og:image\" content=\"https:\/\/meripelastus.fi\/hameenlinna\/wp-content\/uploads\/sites\/8\/2022\/09\/JAPE_KANSI-1.jpg\" \/>\n\t<meta property=\"og:image:width\" content=\"2500\" \/>\n\t<meta property=\"og:image:height\" content=\"1181\" \/>\n\t<meta property=\"og:image:type\" content=\"image\/jpeg\" \/>\n<meta name=\"twitter:card\" content=\"summary_large_image\" \/>\n<meta name=\"twitter:label1\" content=\"Arvioitu lukuaika\" \/>\n\t<meta name=\"twitter:data1\" content=\"1 minuutti\" \/>\n<script type=\"application\/ld+json\" class=\"yoast-schema-graph\">{\"@context\":\"https:\/\/schema.org\",\"@graph\":[{\"@type\":\"WebPage\",\"@id\":\"https:\/\/meripelastus.fi\/hameenlinna\/\",\"url\":\"https:\/\/meripelastus.fi\/hameenlinna\/\",\"name\":\"Vapaaehtoiset apunasi vesill\u00e4 - H\u00e4meenlinnan j\u00e4rvipelastajat\",\"isPartOf\":{\"@id\":\"https:\/\/meripelastus.fi\/hameenlinna\/#website\"},\"primaryImageOfPage\":{\"@id\":\"https:\/\/meripelastus.fi\/hameenlinna\/#primaryimage\"},\"image\":{\"@id\":\"https:\/\/meripelastus.fi\/hameenlinna\/#primaryimage\"},\"thumbnailUrl\":\"https:\/\/meripelastus.fi\/hameenlinna\/wp-content\/uploads\/sites\/8\/2022\/09\/JAPE_KANSI-1.jpg\",\"datePublished\":\"2018-03-19T07:15:43+00:00\",\"dateModified\":\"2025-12-05T07:50:39+00:00\",\"breadcrumb\":{\"@id\":\"https:\/\/meripelastus.fi\/hameenlinna\/#breadcrumb\"},\"inLanguage\":\"fi\",\"potentialAction\":[{\"@type\":\"ReadAction\",\"target\":[\"https:\/\/meripelastus.fi\/hameenlinna\/\"]}]},{\"@type\":\"ImageObject\",\"inLanguage\":\"fi\",\"@id\":\"https:\/\/meripelastus.fi\/hameenlinna\/#primaryimage\",\"url\":\"https:\/\/meripelastus.fi\/hameenlinna\/wp-content\/uploads\/sites\/8\/2022\/09\/JAPE_KANSI-1.jpg\",\"contentUrl\":\"https:\/\/meripelastus.fi\/hameenlinna\/wp-content\/uploads\/sites\/8\/2022\/09\/JAPE_KANSI-1.jpg\",\"width\":2500,\"height\":1181},{\"@type\":\"BreadcrumbList\",\"@id\":\"https:\/\/meripelastus.fi\/hameenlinna\/#breadcrumb\",\"itemListElement\":[{\"@type\":\"ListItem\",\"position\":1,\"name\":\"Etusivu\",\"item\":\"https:\/\/meripelastus.fi\/hameenlinna\/\"},{\"@type\":\"ListItem\",\"position\":2,\"name\":\"Vapaaehtoiset apunasi vesill\u00e4\"}]},{\"@type\":\"WebSite\",\"@id\":\"https:\/\/meripelastus.fi\/hameenlinna\/#website\",\"url\":\"https:\/\/meripelastus.fi\/hameenlinna\/\",\"name\":\"H\u00e4meenlinnan j\u00e4rvipelastajat\",\"description\":\"Vapaaehtoiset apunasi vesill\u00e4\",\"potentialAction\":[{\"@type\":\"SearchAction\",\"target\":{\"@type\":\"EntryPoint\",\"urlTemplate\":\"https:\/\/meripelastus.fi\/hameenlinna\/?s={search_term_string}\"},\"query-input\":{\"@type\":\"PropertyValueSpecification\",\"valueRequired\":true,\"valueName\":\"search_term_string\"}}],\"inLanguage\":\"fi\"}]}<\/script>\n<!-- \/ Yoast SEO Premium plugin. -->","yoast_head_json":{"title":"Vapaaehtoiset apunasi vesill\u00e4 - H\u00e4meenlinnan j\u00e4rvipelastajat","robots":{"index":"index","follow":"follow","max-snippet":"max-snippet:-1","max-image-preview":"max-image-preview:large","max-video-preview":"max-video-preview:-1"},"canonical":"https:\/\/meripelastus.fi\/hameenlinna\/","og_locale":"fi_FI","og_type":"article","og_title":"Vapaaehtoiset apunasi vesill\u00e4","og_description":"KUN TARVITSET APUA VANAJAVEDELL\u00c4 Soita 112, kun ihmisi\u00e4 on vaarassa. 112-sovellus nopeuttaa avun kutsumista l\u00e4hett\u00e4m\u00e4ll\u00e4 automaattisesti avuntarvitsijan koordinaatit h\u00e4t\u00e4keskukseen. Ihmisten pelastaminen on aina ilmaista. Soita 0800 30 22 30, kun tarvitset kiireet\u00f6nt\u00e4 apua, kuten hinausta tai apuvirranantoa. Suomen Meripelastusseuran valtakunnallinen palvelunumero on kaikkien k\u00e4ytett\u00e4viss\u00e4. Se toimii 1.5.-31.10. v\u00e4lisen ajan 24\/7. Omaisuuden pelastaminen on p\u00e4\u00e4s\u00e4\u00e4nt\u00f6isesti maksullista.","og_url":"https:\/\/meripelastus.fi\/hameenlinna\/","og_site_name":"H\u00e4meenlinnan j\u00e4rvipelastajat","article_modified_time":"2025-12-05T07:50:39+00:00","og_image":[{"width":2500,"height":1181,"url":"https:\/\/meripelastus.fi\/hameenlinna\/wp-content\/uploads\/sites\/8\/2022\/09\/JAPE_KANSI-1.jpg","type":"image\/jpeg"}],"twitter_card":"summary_large_image","twitter_misc":{"Arvioitu lukuaika":"1 minuutti"},"schema":{"@context":"https:\/\/schema.org","@graph":[{"@type":"WebPage","@id":"https:\/\/meripelastus.fi\/hameenlinna\/","url":"https:\/\/meripelastus.fi\/hameenlinna\/","name":"Vapaaehtoiset apunasi vesill\u00e4 - H\u00e4meenlinnan j\u00e4rvipelastajat","isPartOf":{"@id":"https:\/\/meripelastus.fi\/hameenlinna\/#website"},"primaryImageOfPage":{"@id":"https:\/\/meripelastus.fi\/hameenlinna\/#primaryimage"},"image":{"@id":"https:\/\/meripelastus.fi\/hameenlinna\/#primaryimage"},"thumbnailUrl":"https:\/\/meripelastus.fi\/hameenlinna\/wp-content\/uploads\/sites\/8\/2022\/09\/JAPE_KANSI-1.jpg","datePublished":"2018-03-19T07:15:43+00:00","dateModified":"2025-12-05T07:50:39+00:00","breadcrumb":{"@id":"https:\/\/meripelastus.fi\/hameenlinna\/#breadcrumb"},"inLanguage":"fi","potentialAction":[{"@type":"ReadAction","target":["https:\/\/meripelastus.fi\/hameenlinna\/"]}]},{"@type":"ImageObject","inLanguage":"fi","@id":"https:\/\/meripelastus.fi\/hameenlinna\/#primaryimage","url":"https:\/\/meripelastus.fi\/hameenlinna\/wp-content\/uploads\/sites\/8\/2022\/09\/JAPE_KANSI-1.jpg","contentUrl":"https:\/\/meripelastus.fi\/hameenlinna\/wp-content\/uploads\/sites\/8\/2022\/09\/JAPE_KANSI-1.jpg","width":2500,"height":1181},{"@type":"BreadcrumbList","@id":"https:\/\/meripelastus.fi\/hameenlinna\/#breadcrumb","itemListElement":[{"@type":"ListItem","position":1,"name":"Etusivu","item":"https:\/\/meripelastus.fi\/hameenlinna\/"},{"@type":"ListItem","position":2,"name":"Vapaaehtoiset apunasi vesill\u00e4"}]},{"@type":"WebSite","@id":"https:\/\/meripelastus.fi\/hameenlinna\/#website","url":"https:\/\/meripelastus.fi\/hameenlinna\/","name":"H\u00e4meenlinnan j\u00e4rvipelastajat","description":"Vapaaehtoiset apunasi vesill\u00e4","potentialAction":[{"@type":"SearchAction","target":{"@type":"EntryPoint","urlTemplate":"https:\/\/meripelastus.fi\/hameenlinna\/?s={search_term_string}"},"query-input":{"@type":"PropertyValueSpecification","valueRequired":true,"valueName":"search_term_string"}}],"inLanguage":"fi"}]}},"_links":{"self":[{"href":"https:\/\/meripelastus.fi\/hameenlinna\/wp-json\/wp\/v2\/pages\/4","targetHints":{"allow":["GET"]}}],"collection":[{"href":"https:\/\/meripelastus.fi\/hameenlinna\/wp-json\/wp\/v2\/pages"}],"about":[{"href":"https:\/\/meripelastus.fi\/hameenlinna\/wp-json\/wp\/v2\/types\/page"}],"author":[{"embeddable":true,"href":"https:\/\/meripelastus.fi\/hameenlinna\/wp-json\/wp\/v2\/users\/1"}],"replies":[{"embeddable":true,"href":"https:\/\/meripelastus.fi\/hameenlinna\/wp-json\/wp\/v2\/comments?post=4"}],"version-history":[{"count":53,"href":"https:\/\/meripelastus.fi\/hameenlinna\/wp-json\/wp\/v2\/pages\/4\/revisions"}],"predecessor-version":[{"id":1130,"href":"https:\/\/meripelastus.fi\/hameenlinna\/wp-json\/wp\/v2\/pages\/4\/revisions\/1130"}],"wp:featuredmedia":[{"embeddable":true,"href":"https:\/\/meripelastus.fi\/hameenlinna\/wp-json\/wp\/v2\/media\/868"}],"wp:attachment":[{"href":"https:\/\/meripelastus.fi\/hameenlinna\/wp-json\/wp\/v2\/media?parent=4"}],"curies":[{"name":"wp","href":"https:\/\/api.w.org\/{rel}","templated":true}]}}