{"id":22,"date":"2018-03-19T09:18:43","date_gmt":"2018-03-19T07:18:43","guid":{"rendered":"http:\/\/basetemplate.smpsyhdistykset.16.testivedos.com\/?page_id=22"},"modified":"2025-12-18T10:35:47","modified_gmt":"2025-12-18T08:35:47","slug":"halytysohje","status":"publish","type":"page","link":"https:\/\/meripelastus.fi\/hameenlinna\/toiminta\/halytysohje\/","title":{"rendered":"H\u00e4lytysohje \u2013 N\u00e4in h\u00e4lyt\u00e4t apua"},"content":{"rendered":"<p>Merell\u00e4 meripelastuksen h\u00e4lytysnumero\u00a0<strong>0294 1000<\/strong><\/p>\n<p>Tai VHF-kanava 16 \/ VHF-DSC 70<\/p>\n<p>Sis\u00e4vesill\u00e4 yleinen h\u00e4t\u00e4numero\u00a0<strong>112<\/strong><\/p>\n<p><strong>H\u00e4t\u00e4- tai vaaratilanteessa ilmoita:<\/strong><\/p>\n<ul>\n<li>nimesi (aluksesi nimi) ja yhteysmahdollisuudet<\/li>\n<li>tapahtumapaikka mahdollisimman tarkasti<\/li>\n<li>mit\u00e4 on tapahtunut<\/li>\n<li>onko loukkaantuneita tai ihmishenki\u00e4 vaarassa<\/li>\n<li>mit\u00e4 apua tarvitaan<\/li>\n<li>\u00c4L\u00c4 KATKAISE YHTEYTT\u00c4 ennen kuin saat luvan.<\/li>\n<\/ul>\n<p>Kiireett\u00f6m\u00e4t palvelupyynn\u00f6t numerosta <strong>0800 30 22 30<\/strong>\u00a0(1.5.-31.10.).<\/p>\n","protected":false},"excerpt":{"rendered":"<p>Merell\u00e4 meripelastuksen h\u00e4lytysnumero\u00a00294 1000 Tai VHF-kanava 16 \/ VHF-DSC 70 Sis\u00e4vesill\u00e4 yleinen h\u00e4t\u00e4numero\u00a0112 H\u00e4t\u00e4- tai vaaratilanteessa ilmoita: nimesi (aluksesi nimi) ja yhteysmahdollisuudet tapahtumapaikka mahdollisimman tarkasti mit\u00e4 on tapahtunut onko loukkaantuneita tai ihmishenki\u00e4 vaarassa mit\u00e4 apua tarvitaan \u00c4L\u00c4 KATKAISE YHTEYTT\u00c4 ennen kuin saat luvan. Kiireett\u00f6m\u00e4t palvelupyynn\u00f6t numerosta 0800 30 22 30\u00a0(1.5.-31.10.).<\/p>\n","protected":false},"author":1,"featured_media":888,"parent":20,"menu_order":0,"comment_status":"closed","ping_status":"closed","template":"","meta":{"_acf_changed":false,"inline_featured_image":false,"footnotes":""},"class_list":["post-22","page","type-page","status-publish","has-post-thumbnail","hentry"],"acf":[],"yoast_head":"<!-- This site is optimized with the Yoast SEO Premium plugin v27.2 (Yoast SEO v27.2) - https:\/\/yoast.com\/product\/yoast-seo-premium-wordpress\/ -->\n<title>H\u00e4lytysohje \u2013 N\u00e4in h\u00e4lyt\u00e4t apua - H\u00e4meenlinnan j\u00e4rvipelastajat<\/title>\n<meta name=\"robots\" content=\"index, follow, max-snippet:-1, max-image-preview:large, max-video-preview:-1\" \/>\n<link rel=\"canonical\" href=\"https:\/\/meripelastus.fi\/hameenlinna\/toiminta\/halytysohje\/\" \/>\n<meta property=\"og:locale\" content=\"fi_FI\" \/>\n<meta property=\"og:type\" content=\"article\" \/>\n<meta property=\"og:title\" content=\"H\u00e4lytysohje \u2013 N\u00e4in h\u00e4lyt\u00e4t apua\" \/>\n<meta property=\"og:description\" content=\"Merell\u00e4 meripelastuksen h\u00e4lytysnumero\u00a00294 1000 Tai VHF-kanava 16 \/ VHF-DSC 70 Sis\u00e4vesill\u00e4 yleinen h\u00e4t\u00e4numero\u00a0112 H\u00e4t\u00e4- tai vaaratilanteessa ilmoita: nimesi (aluksesi nimi) ja yhteysmahdollisuudet tapahtumapaikka mahdollisimman tarkasti mit\u00e4 on tapahtunut onko loukkaantuneita tai ihmishenki\u00e4 vaarassa mit\u00e4 apua tarvitaan \u00c4L\u00c4 KATKAISE YHTEYTT\u00c4 ennen kuin saat luvan. Kiireett\u00f6m\u00e4t palvelupyynn\u00f6t numerosta 0800 30 22 30\u00a0(1.5.-31.10.).\" \/>\n<meta property=\"og:url\" content=\"https:\/\/meripelastus.fi\/hameenlinna\/toiminta\/halytysohje\/\" \/>\n<meta property=\"og:site_name\" content=\"H\u00e4meenlinnan j\u00e4rvipelastajat\" \/>\n<meta property=\"article:modified_time\" content=\"2025-12-18T08:35:47+00:00\" \/>\n<meta property=\"og:image\" content=\"https:\/\/meripelastus.fi\/hameenlinna\/wp-content\/uploads\/sites\/8\/2022\/11\/uutiset_kansikuva.jpg\" \/>\n\t<meta property=\"og:image:width\" content=\"1800\" \/>\n\t<meta property=\"og:image:height\" content=\"850\" \/>\n\t<meta property=\"og:image:type\" content=\"image\/jpeg\" \/>\n<meta name=\"twitter:card\" content=\"summary_large_image\" \/>\n<meta name=\"twitter:label1\" content=\"Arvioitu lukuaika\" \/>\n\t<meta name=\"twitter:data1\" content=\"1 minuutti\" \/>\n<script type=\"application\/ld+json\" class=\"yoast-schema-graph\">{\"@context\":\"https:\/\/schema.org\",\"@graph\":[{\"@type\":\"WebPage\",\"@id\":\"https:\/\/meripelastus.fi\/hameenlinna\/toiminta\/halytysohje\/\",\"url\":\"https:\/\/meripelastus.fi\/hameenlinna\/toiminta\/halytysohje\/\",\"name\":\"H\u00e4lytysohje \u2013 N\u00e4in h\u00e4lyt\u00e4t apua - H\u00e4meenlinnan j\u00e4rvipelastajat\",\"isPartOf\":{\"@id\":\"https:\/\/meripelastus.fi\/hameenlinna\/#website\"},\"primaryImageOfPage\":{\"@id\":\"https:\/\/meripelastus.fi\/hameenlinna\/toiminta\/halytysohje\/#primaryimage\"},\"image\":{\"@id\":\"https:\/\/meripelastus.fi\/hameenlinna\/toiminta\/halytysohje\/#primaryimage\"},\"thumbnailUrl\":\"https:\/\/meripelastus.fi\/hameenlinna\/wp-content\/uploads\/sites\/8\/2022\/11\/uutiset_kansikuva.jpg\",\"datePublished\":\"2018-03-19T07:18:43+00:00\",\"dateModified\":\"2025-12-18T08:35:47+00:00\",\"breadcrumb\":{\"@id\":\"https:\/\/meripelastus.fi\/hameenlinna\/toiminta\/halytysohje\/#breadcrumb\"},\"inLanguage\":\"fi\",\"potentialAction\":[{\"@type\":\"ReadAction\",\"target\":[\"https:\/\/meripelastus.fi\/hameenlinna\/toiminta\/halytysohje\/\"]}]},{\"@type\":\"ImageObject\",\"inLanguage\":\"fi\",\"@id\":\"https:\/\/meripelastus.fi\/hameenlinna\/toiminta\/halytysohje\/#primaryimage\",\"url\":\"https:\/\/meripelastus.fi\/hameenlinna\/wp-content\/uploads\/sites\/8\/2022\/11\/uutiset_kansikuva.jpg\",\"contentUrl\":\"https:\/\/meripelastus.fi\/hameenlinna\/wp-content\/uploads\/sites\/8\/2022\/11\/uutiset_kansikuva.jpg\",\"width\":1800,\"height\":850},{\"@type\":\"BreadcrumbList\",\"@id\":\"https:\/\/meripelastus.fi\/hameenlinna\/toiminta\/halytysohje\/#breadcrumb\",\"itemListElement\":[{\"@type\":\"ListItem\",\"position\":1,\"name\":\"Etusivu\",\"item\":\"https:\/\/meripelastus.fi\/hameenlinna\/\"},{\"@type\":\"ListItem\",\"position\":2,\"name\":\"Toiminta\",\"item\":\"https:\/\/meripelastus.fi\/hameenlinna\/toiminta\/\"},{\"@type\":\"ListItem\",\"position\":3,\"name\":\"H\u00e4lytysohje \u2013 N\u00e4in h\u00e4lyt\u00e4t apua\"}]},{\"@type\":\"WebSite\",\"@id\":\"https:\/\/meripelastus.fi\/hameenlinna\/#website\",\"url\":\"https:\/\/meripelastus.fi\/hameenlinna\/\",\"name\":\"H\u00e4meenlinnan j\u00e4rvipelastajat\",\"description\":\"Vapaaehtoiset apunasi vesill\u00e4\",\"potentialAction\":[{\"@type\":\"SearchAction\",\"target\":{\"@type\":\"EntryPoint\",\"urlTemplate\":\"https:\/\/meripelastus.fi\/hameenlinna\/?s={search_term_string}\"},\"query-input\":{\"@type\":\"PropertyValueSpecification\",\"valueRequired\":true,\"valueName\":\"search_term_string\"}}],\"inLanguage\":\"fi\"}]}<\/script>\n<!-- \/ Yoast SEO Premium plugin. -->","yoast_head_json":{"title":"H\u00e4lytysohje \u2013 N\u00e4in h\u00e4lyt\u00e4t apua - H\u00e4meenlinnan j\u00e4rvipelastajat","robots":{"index":"index","follow":"follow","max-snippet":"max-snippet:-1","max-image-preview":"max-image-preview:large","max-video-preview":"max-video-preview:-1"},"canonical":"https:\/\/meripelastus.fi\/hameenlinna\/toiminta\/halytysohje\/","og_locale":"fi_FI","og_type":"article","og_title":"H\u00e4lytysohje \u2013 N\u00e4in h\u00e4lyt\u00e4t apua","og_description":"Merell\u00e4 meripelastuksen h\u00e4lytysnumero\u00a00294 1000 Tai VHF-kanava 16 \/ VHF-DSC 70 Sis\u00e4vesill\u00e4 yleinen h\u00e4t\u00e4numero\u00a0112 H\u00e4t\u00e4- tai vaaratilanteessa ilmoita: nimesi (aluksesi nimi) ja yhteysmahdollisuudet tapahtumapaikka mahdollisimman tarkasti mit\u00e4 on tapahtunut onko loukkaantuneita tai ihmishenki\u00e4 vaarassa mit\u00e4 apua tarvitaan \u00c4L\u00c4 KATKAISE YHTEYTT\u00c4 ennen kuin saat luvan. Kiireett\u00f6m\u00e4t palvelupyynn\u00f6t numerosta 0800 30 22 30\u00a0(1.5.-31.10.).","og_url":"https:\/\/meripelastus.fi\/hameenlinna\/toiminta\/halytysohje\/","og_site_name":"H\u00e4meenlinnan j\u00e4rvipelastajat","article_modified_time":"2025-12-18T08:35:47+00:00","og_image":[{"width":1800,"height":850,"url":"https:\/\/meripelastus.fi\/hameenlinna\/wp-content\/uploads\/sites\/8\/2022\/11\/uutiset_kansikuva.jpg","type":"image\/jpeg"}],"twitter_card":"summary_large_image","twitter_misc":{"Arvioitu lukuaika":"1 minuutti"},"schema":{"@context":"https:\/\/schema.org","@graph":[{"@type":"WebPage","@id":"https:\/\/meripelastus.fi\/hameenlinna\/toiminta\/halytysohje\/","url":"https:\/\/meripelastus.fi\/hameenlinna\/toiminta\/halytysohje\/","name":"H\u00e4lytysohje \u2013 N\u00e4in h\u00e4lyt\u00e4t apua - H\u00e4meenlinnan j\u00e4rvipelastajat","isPartOf":{"@id":"https:\/\/meripelastus.fi\/hameenlinna\/#website"},"primaryImageOfPage":{"@id":"https:\/\/meripelastus.fi\/hameenlinna\/toiminta\/halytysohje\/#primaryimage"},"image":{"@id":"https:\/\/meripelastus.fi\/hameenlinna\/toiminta\/halytysohje\/#primaryimage"},"thumbnailUrl":"https:\/\/meripelastus.fi\/hameenlinna\/wp-content\/uploads\/sites\/8\/2022\/11\/uutiset_kansikuva.jpg","datePublished":"2018-03-19T07:18:43+00:00","dateModified":"2025-12-18T08:35:47+00:00","breadcrumb":{"@id":"https:\/\/meripelastus.fi\/hameenlinna\/toiminta\/halytysohje\/#breadcrumb"},"inLanguage":"fi","potentialAction":[{"@type":"ReadAction","target":["https:\/\/meripelastus.fi\/hameenlinna\/toiminta\/halytysohje\/"]}]},{"@type":"ImageObject","inLanguage":"fi","@id":"https:\/\/meripelastus.fi\/hameenlinna\/toiminta\/halytysohje\/#primaryimage","url":"https:\/\/meripelastus.fi\/hameenlinna\/wp-content\/uploads\/sites\/8\/2022\/11\/uutiset_kansikuva.jpg","contentUrl":"https:\/\/meripelastus.fi\/hameenlinna\/wp-content\/uploads\/sites\/8\/2022\/11\/uutiset_kansikuva.jpg","width":1800,"height":850},{"@type":"BreadcrumbList","@id":"https:\/\/meripelastus.fi\/hameenlinna\/toiminta\/halytysohje\/#breadcrumb","itemListElement":[{"@type":"ListItem","position":1,"name":"Etusivu","item":"https:\/\/meripelastus.fi\/hameenlinna\/"},{"@type":"ListItem","position":2,"name":"Toiminta","item":"https:\/\/meripelastus.fi\/hameenlinna\/toiminta\/"},{"@type":"ListItem","position":3,"name":"H\u00e4lytysohje \u2013 N\u00e4in h\u00e4lyt\u00e4t apua"}]},{"@type":"WebSite","@id":"https:\/\/meripelastus.fi\/hameenlinna\/#website","url":"https:\/\/meripelastus.fi\/hameenlinna\/","name":"H\u00e4meenlinnan j\u00e4rvipelastajat","description":"Vapaaehtoiset apunasi vesill\u00e4","potentialAction":[{"@type":"SearchAction","target":{"@type":"EntryPoint","urlTemplate":"https:\/\/meripelastus.fi\/hameenlinna\/?s={search_term_string}"},"query-input":{"@type":"PropertyValueSpecification","valueRequired":true,"valueName":"search_term_string"}}],"inLanguage":"fi"}]}},"_links":{"self":[{"href":"https:\/\/meripelastus.fi\/hameenlinna\/wp-json\/wp\/v2\/pages\/22","targetHints":{"allow":["GET"]}}],"collection":[{"href":"https:\/\/meripelastus.fi\/hameenlinna\/wp-json\/wp\/v2\/pages"}],"about":[{"href":"https:\/\/meripelastus.fi\/hameenlinna\/wp-json\/wp\/v2\/types\/page"}],"author":[{"embeddable":true,"href":"https:\/\/meripelastus.fi\/hameenlinna\/wp-json\/wp\/v2\/users\/1"}],"replies":[{"embeddable":true,"href":"https:\/\/meripelastus.fi\/hameenlinna\/wp-json\/wp\/v2\/comments?post=22"}],"version-history":[{"count":5,"href":"https:\/\/meripelastus.fi\/hameenlinna\/wp-json\/wp\/v2\/pages\/22\/revisions"}],"predecessor-version":[{"id":1134,"href":"https:\/\/meripelastus.fi\/hameenlinna\/wp-json\/wp\/v2\/pages\/22\/revisions\/1134"}],"up":[{"embeddable":true,"href":"https:\/\/meripelastus.fi\/hameenlinna\/wp-json\/wp\/v2\/pages\/20"}],"wp:featuredmedia":[{"embeddable":true,"href":"https:\/\/meripelastus.fi\/hameenlinna\/wp-json\/wp\/v2\/media\/888"}],"wp:attachment":[{"href":"https:\/\/meripelastus.fi\/hameenlinna\/wp-json\/wp\/v2\/media?parent=22"}],"curies":[{"name":"wp","href":"https:\/\/api.w.org\/{rel}","templated":true}]}}