{"id":195,"date":"2018-06-20T13:31:26","date_gmt":"2018-06-20T10:31:26","guid":{"rendered":"https:\/\/meripelastus.fi\/hameenlinna\/?page_id=195"},"modified":"2025-12-18T11:37:18","modified_gmt":"2025-12-18T09:37:18","slug":"tue-toimintaa","status":"publish","type":"page","link":"https:\/\/meripelastus.fi\/hameenlinna\/tue-toimintaa\/","title":{"rendered":"Tukijamme"},"content":{"rendered":"\n<p>Vaikka vapaaehtoiset miehist\u00f6nj\u00e4senemme tekev\u00e4t ty\u00f6t\u00e4\u00e4n korvauksetta, vaatii pelastusveneiden ja varusteiden yll\u00e4pito sek\u00e4 miehist\u00f6koulutus jatkuvaa rahoitusta. Yhteis\u00f6jen ja yritysten tuki onkin toimintamme jatkumisen edellytys.<\/p>\n\n\n\n<p><strong>H\u00e4meenlinnan J\u00e4rvipelastajien toimintaa ovat tukemassa<\/strong>:<\/p>\n\n\n<div class=\"wp-block-image\">\n<figure class=\"aligncenter size-full\"><img loading=\"lazy\" decoding=\"async\" width=\"674\" height=\"391\" src=\"https:\/\/meripelastus.fi\/hameenlinna\/wp-content\/uploads\/sites\/8\/2025\/12\/tukijat-jape-PNG.png\" alt=\"\" class=\"wp-image-1155\" srcset=\"https:\/\/meripelastus.fi\/hameenlinna\/wp-content\/uploads\/sites\/8\/2025\/12\/tukijat-jape-PNG.png 674w, https:\/\/meripelastus.fi\/hameenlinna\/wp-content\/uploads\/sites\/8\/2025\/12\/tukijat-jape-PNG-300x174.png 300w\" sizes=\"auto, (max-width: 674px) 100vw, 674px\" \/><\/figure>\n<\/div>\n\n\n<p><\/p>\n\n\n\n<p>\u200b<\/p>\n","protected":false},"excerpt":{"rendered":"<p>Vaikka vapaaehtoiset miehist\u00f6nj\u00e4senemme tekev\u00e4t ty\u00f6t\u00e4\u00e4n korvauksetta, vaatii pelastusveneiden ja varusteiden yll\u00e4pito sek\u00e4 miehist\u00f6koulutus jatkuvaa rahoitusta. Yhteis\u00f6jen ja yritysten tuki onkin toimintamme jatkumisen edellytys. H\u00e4meenlinnan J\u00e4rvipelastajien toimintaa ovat tukemassa: \u200b<\/p>\n","protected":false},"author":12,"featured_media":891,"parent":0,"menu_order":0,"comment_status":"closed","ping_status":"closed","template":"","meta":{"_acf_changed":false,"inline_featured_image":false,"footnotes":""},"class_list":["post-195","page","type-page","status-publish","has-post-thumbnail","hentry"],"acf":[],"yoast_head":"<!-- This site is optimized with the Yoast SEO Premium plugin v27.2 (Yoast SEO v27.2) - https:\/\/yoast.com\/product\/yoast-seo-premium-wordpress\/ -->\n<title>Tukijamme - H\u00e4meenlinnan j\u00e4rvipelastajat<\/title>\n<meta name=\"robots\" content=\"index, follow, max-snippet:-1, max-image-preview:large, max-video-preview:-1\" \/>\n<link rel=\"canonical\" href=\"https:\/\/meripelastus.fi\/hameenlinna\/tue-toimintaa\/\" \/>\n<meta property=\"og:locale\" content=\"fi_FI\" \/>\n<meta property=\"og:type\" content=\"article\" \/>\n<meta property=\"og:title\" content=\"Tukijamme\" \/>\n<meta property=\"og:description\" content=\"Vaikka vapaaehtoiset miehist\u00f6nj\u00e4senemme tekev\u00e4t ty\u00f6t\u00e4\u00e4n korvauksetta, vaatii pelastusveneiden ja varusteiden yll\u00e4pito sek\u00e4 miehist\u00f6koulutus jatkuvaa rahoitusta. Yhteis\u00f6jen ja yritysten tuki onkin toimintamme jatkumisen edellytys. H\u00e4meenlinnan J\u00e4rvipelastajien toimintaa ovat tukemassa: \u200b\" \/>\n<meta property=\"og:url\" content=\"https:\/\/meripelastus.fi\/hameenlinna\/tue-toimintaa\/\" \/>\n<meta property=\"og:site_name\" content=\"H\u00e4meenlinnan j\u00e4rvipelastajat\" \/>\n<meta property=\"article:modified_time\" content=\"2025-12-18T09:37:18+00:00\" \/>\n<meta property=\"og:image\" content=\"https:\/\/meripelastus.fi\/hameenlinna\/wp-content\/uploads\/sites\/8\/2022\/11\/tukijamme_kansikuva.jpg\" \/>\n\t<meta property=\"og:image:width\" content=\"1800\" \/>\n\t<meta property=\"og:image:height\" content=\"850\" \/>\n\t<meta property=\"og:image:type\" content=\"image\/jpeg\" \/>\n<meta name=\"twitter:card\" content=\"summary_large_image\" \/>\n<meta name=\"twitter:label1\" content=\"Arvioitu lukuaika\" \/>\n\t<meta name=\"twitter:data1\" content=\"1 minuutti\" \/>\n<script type=\"application\/ld+json\" class=\"yoast-schema-graph\">{\"@context\":\"https:\/\/schema.org\",\"@graph\":[{\"@type\":\"WebPage\",\"@id\":\"https:\/\/meripelastus.fi\/hameenlinna\/tue-toimintaa\/\",\"url\":\"https:\/\/meripelastus.fi\/hameenlinna\/tue-toimintaa\/\",\"name\":\"Tukijamme - H\u00e4meenlinnan j\u00e4rvipelastajat\",\"isPartOf\":{\"@id\":\"https:\/\/meripelastus.fi\/hameenlinna\/#website\"},\"primaryImageOfPage\":{\"@id\":\"https:\/\/meripelastus.fi\/hameenlinna\/tue-toimintaa\/#primaryimage\"},\"image\":{\"@id\":\"https:\/\/meripelastus.fi\/hameenlinna\/tue-toimintaa\/#primaryimage\"},\"thumbnailUrl\":\"https:\/\/meripelastus.fi\/hameenlinna\/wp-content\/uploads\/sites\/8\/2022\/11\/tukijamme_kansikuva.jpg\",\"datePublished\":\"2018-06-20T10:31:26+00:00\",\"dateModified\":\"2025-12-18T09:37:18+00:00\",\"breadcrumb\":{\"@id\":\"https:\/\/meripelastus.fi\/hameenlinna\/tue-toimintaa\/#breadcrumb\"},\"inLanguage\":\"fi\",\"potentialAction\":[{\"@type\":\"ReadAction\",\"target\":[\"https:\/\/meripelastus.fi\/hameenlinna\/tue-toimintaa\/\"]}]},{\"@type\":\"ImageObject\",\"inLanguage\":\"fi\",\"@id\":\"https:\/\/meripelastus.fi\/hameenlinna\/tue-toimintaa\/#primaryimage\",\"url\":\"https:\/\/meripelastus.fi\/hameenlinna\/wp-content\/uploads\/sites\/8\/2022\/11\/tukijamme_kansikuva.jpg\",\"contentUrl\":\"https:\/\/meripelastus.fi\/hameenlinna\/wp-content\/uploads\/sites\/8\/2022\/11\/tukijamme_kansikuva.jpg\",\"width\":1800,\"height\":850},{\"@type\":\"BreadcrumbList\",\"@id\":\"https:\/\/meripelastus.fi\/hameenlinna\/tue-toimintaa\/#breadcrumb\",\"itemListElement\":[{\"@type\":\"ListItem\",\"position\":1,\"name\":\"Etusivu\",\"item\":\"https:\/\/meripelastus.fi\/hameenlinna\/\"},{\"@type\":\"ListItem\",\"position\":2,\"name\":\"Tukijamme\"}]},{\"@type\":\"WebSite\",\"@id\":\"https:\/\/meripelastus.fi\/hameenlinna\/#website\",\"url\":\"https:\/\/meripelastus.fi\/hameenlinna\/\",\"name\":\"H\u00e4meenlinnan j\u00e4rvipelastajat\",\"description\":\"Vapaaehtoiset apunasi vesill\u00e4\",\"potentialAction\":[{\"@type\":\"SearchAction\",\"target\":{\"@type\":\"EntryPoint\",\"urlTemplate\":\"https:\/\/meripelastus.fi\/hameenlinna\/?s={search_term_string}\"},\"query-input\":{\"@type\":\"PropertyValueSpecification\",\"valueRequired\":true,\"valueName\":\"search_term_string\"}}],\"inLanguage\":\"fi\"}]}<\/script>\n<!-- \/ Yoast SEO Premium plugin. -->","yoast_head_json":{"title":"Tukijamme - H\u00e4meenlinnan j\u00e4rvipelastajat","robots":{"index":"index","follow":"follow","max-snippet":"max-snippet:-1","max-image-preview":"max-image-preview:large","max-video-preview":"max-video-preview:-1"},"canonical":"https:\/\/meripelastus.fi\/hameenlinna\/tue-toimintaa\/","og_locale":"fi_FI","og_type":"article","og_title":"Tukijamme","og_description":"Vaikka vapaaehtoiset miehist\u00f6nj\u00e4senemme tekev\u00e4t ty\u00f6t\u00e4\u00e4n korvauksetta, vaatii pelastusveneiden ja varusteiden yll\u00e4pito sek\u00e4 miehist\u00f6koulutus jatkuvaa rahoitusta. Yhteis\u00f6jen ja yritysten tuki onkin toimintamme jatkumisen edellytys. H\u00e4meenlinnan J\u00e4rvipelastajien toimintaa ovat tukemassa: \u200b","og_url":"https:\/\/meripelastus.fi\/hameenlinna\/tue-toimintaa\/","og_site_name":"H\u00e4meenlinnan j\u00e4rvipelastajat","article_modified_time":"2025-12-18T09:37:18+00:00","og_image":[{"width":1800,"height":850,"url":"https:\/\/meripelastus.fi\/hameenlinna\/wp-content\/uploads\/sites\/8\/2022\/11\/tukijamme_kansikuva.jpg","type":"image\/jpeg"}],"twitter_card":"summary_large_image","twitter_misc":{"Arvioitu lukuaika":"1 minuutti"},"schema":{"@context":"https:\/\/schema.org","@graph":[{"@type":"WebPage","@id":"https:\/\/meripelastus.fi\/hameenlinna\/tue-toimintaa\/","url":"https:\/\/meripelastus.fi\/hameenlinna\/tue-toimintaa\/","name":"Tukijamme - H\u00e4meenlinnan j\u00e4rvipelastajat","isPartOf":{"@id":"https:\/\/meripelastus.fi\/hameenlinna\/#website"},"primaryImageOfPage":{"@id":"https:\/\/meripelastus.fi\/hameenlinna\/tue-toimintaa\/#primaryimage"},"image":{"@id":"https:\/\/meripelastus.fi\/hameenlinna\/tue-toimintaa\/#primaryimage"},"thumbnailUrl":"https:\/\/meripelastus.fi\/hameenlinna\/wp-content\/uploads\/sites\/8\/2022\/11\/tukijamme_kansikuva.jpg","datePublished":"2018-06-20T10:31:26+00:00","dateModified":"2025-12-18T09:37:18+00:00","breadcrumb":{"@id":"https:\/\/meripelastus.fi\/hameenlinna\/tue-toimintaa\/#breadcrumb"},"inLanguage":"fi","potentialAction":[{"@type":"ReadAction","target":["https:\/\/meripelastus.fi\/hameenlinna\/tue-toimintaa\/"]}]},{"@type":"ImageObject","inLanguage":"fi","@id":"https:\/\/meripelastus.fi\/hameenlinna\/tue-toimintaa\/#primaryimage","url":"https:\/\/meripelastus.fi\/hameenlinna\/wp-content\/uploads\/sites\/8\/2022\/11\/tukijamme_kansikuva.jpg","contentUrl":"https:\/\/meripelastus.fi\/hameenlinna\/wp-content\/uploads\/sites\/8\/2022\/11\/tukijamme_kansikuva.jpg","width":1800,"height":850},{"@type":"BreadcrumbList","@id":"https:\/\/meripelastus.fi\/hameenlinna\/tue-toimintaa\/#breadcrumb","itemListElement":[{"@type":"ListItem","position":1,"name":"Etusivu","item":"https:\/\/meripelastus.fi\/hameenlinna\/"},{"@type":"ListItem","position":2,"name":"Tukijamme"}]},{"@type":"WebSite","@id":"https:\/\/meripelastus.fi\/hameenlinna\/#website","url":"https:\/\/meripelastus.fi\/hameenlinna\/","name":"H\u00e4meenlinnan j\u00e4rvipelastajat","description":"Vapaaehtoiset apunasi vesill\u00e4","potentialAction":[{"@type":"SearchAction","target":{"@type":"EntryPoint","urlTemplate":"https:\/\/meripelastus.fi\/hameenlinna\/?s={search_term_string}"},"query-input":{"@type":"PropertyValueSpecification","valueRequired":true,"valueName":"search_term_string"}}],"inLanguage":"fi"}]}},"_links":{"self":[{"href":"https:\/\/meripelastus.fi\/hameenlinna\/wp-json\/wp\/v2\/pages\/195","targetHints":{"allow":["GET"]}}],"collection":[{"href":"https:\/\/meripelastus.fi\/hameenlinna\/wp-json\/wp\/v2\/pages"}],"about":[{"href":"https:\/\/meripelastus.fi\/hameenlinna\/wp-json\/wp\/v2\/types\/page"}],"author":[{"embeddable":true,"href":"https:\/\/meripelastus.fi\/hameenlinna\/wp-json\/wp\/v2\/users\/12"}],"replies":[{"embeddable":true,"href":"https:\/\/meripelastus.fi\/hameenlinna\/wp-json\/wp\/v2\/comments?post=195"}],"version-history":[{"count":139,"href":"https:\/\/meripelastus.fi\/hameenlinna\/wp-json\/wp\/v2\/pages\/195\/revisions"}],"predecessor-version":[{"id":1156,"href":"https:\/\/meripelastus.fi\/hameenlinna\/wp-json\/wp\/v2\/pages\/195\/revisions\/1156"}],"wp:featuredmedia":[{"embeddable":true,"href":"https:\/\/meripelastus.fi\/hameenlinna\/wp-json\/wp\/v2\/media\/891"}],"wp:attachment":[{"href":"https:\/\/meripelastus.fi\/hameenlinna\/wp-json\/wp\/v2\/media?parent=195"}],"curies":[{"name":"wp","href":"https:\/\/api.w.org\/{rel}","templated":true}]}}