{"id":1144,"date":"2025-12-18T11:15:19","date_gmt":"2025-12-18T09:15:19","guid":{"rendered":"https:\/\/meripelastus.fi\/hameenlinna\/?page_id=1144"},"modified":"2025-12-18T11:21:32","modified_gmt":"2025-12-18T09:21:32","slug":"pelastusasema-58","status":"publish","type":"page","link":"https:\/\/meripelastus.fi\/hameenlinna\/toiminta\/pelastusasema-58\/","title":{"rendered":"Pelastusasema 58"},"content":{"rendered":"\n<p>H\u00e4meenlinnan J\u00e4rvipelastajat ry:n uusi pelastusasema Sotkanrannan satamassa<\/p>\n\n\n\n<p>Linnaseudun Leader-ryhm\u00e4 ja H\u00e4meen ELY-keskus on my\u00f6nt\u00e4nyt H\u00e4meenlinnan J\u00e4rvipelastajat ry:lle tukea Pelastusasema 58 -hankkeelle. Julkinen rahoitus kattaa 60 prosenttia hankkeen kustannuksista, jotka ovat yhteens\u00e4 70 000 euroa. Rahoitus tulee Euroopan maaseuturahastosta ja valtiolta, ja hanke toteutetaan Leader-ryhm\u00e4 Linnaseutu ry:n kautta.<\/p>\n\n\n\n<p>Hanke uudistaa yhdistyksen pelastusaseman H\u00e4meenlinnan Sotkanrannan satamassa. Uudet tilat koostuvat kahdesta varustellusta kontista, jotka mahdollistavat varusteiden kuivatuksen, huollon ja s\u00e4ilytyksen paikan p\u00e4\u00e4ll\u00e4. Lis\u00e4ksi kontit toimivat toimistona ja katettuna ty\u00f6skentelytilana yhdistyksen sek\u00e4 kumppaneiden koulutuksissa. Hanke toteutetaan kev\u00e4\u00e4ll\u00e4 2026, ja lopullinen sijoituspaikka viimeistell\u00e4\u00e4n Sotkanrannan sataman kunnostuksen yhteydess\u00e4.<\/p>\n\n\n\n<p>Pelastusasema 58 parantaa j\u00e4rvipelastajien olosuhteita, helpottaa rekrytointia ja vahvistaa toimintakyky\u00e4. Yhdistys lis\u00e4\u00e4 turvallisuutta Vanajavedell\u00e4 pelastamalla ja avustamalla vesill\u00e4 h\u00e4t\u00e4\u00e4n joutuneita, torjumalla ymp\u00e4rist\u00f6vahinkoja sek\u00e4 ennaltaehk\u00e4isem\u00e4ll\u00e4 onnettomuuksia valistusviestinn\u00e4n ja koulutuksen avulla. Miehist\u00f6 toimii korvauksetta ja on valmiudessa avovesikaudella 24\/7.<\/p>\n\n\n\n<p>&#8221;Hanke on merkitt\u00e4v\u00e4 askel yhdistyksemme kehityksess\u00e4. Uudet tilat mahdollistavat tehokkaamman huollon ja koulutuksen, mik\u00e4 parantaa palveluamme veneilij\u00f6ille ja alueen asukkaille. Olemme kiitollisia ELY-keskukselle, Linnaseutu ry:lle ja H\u00e4meenlinnan kaupungille tuesta, joka turvaa toiminnan jatkuvuuden&#8221;, sanoo hankevastaava Sami Toivonen.<\/p>\n\n\n\n<p>Hankkeesta hy\u00f6tyv\u00e4t H\u00e4meenlinnan, Janakkalan ja Hattulan alueen veneilij\u00e4t, kes\u00e4asukkaat sek\u00e4 Vanajavedell\u00e4 vierailevat. Se toteuttaa maaseudun kehitt\u00e4misohjelmaa ja Linnaseutu ry:n strategian painopistett\u00e4 &#8221;Yhteis\u00f6llisyyden ja osallisuuden voima&#8221;.<\/p>\n\n\n\n<figure class=\"wp-block-image size-full\"><img loading=\"lazy\" decoding=\"async\" width=\"940\" height=\"788\" src=\"https:\/\/meripelastus.fi\/hameenlinna\/wp-content\/uploads\/sites\/8\/2025\/12\/Leader-4.png\" alt=\"\" class=\"wp-image-1149\" srcset=\"https:\/\/meripelastus.fi\/hameenlinna\/wp-content\/uploads\/sites\/8\/2025\/12\/Leader-4.png 940w, https:\/\/meripelastus.fi\/hameenlinna\/wp-content\/uploads\/sites\/8\/2025\/12\/Leader-4-300x251.png 300w, https:\/\/meripelastus.fi\/hameenlinna\/wp-content\/uploads\/sites\/8\/2025\/12\/Leader-4-768x644.png 768w\" sizes=\"auto, (max-width: 940px) 100vw, 940px\" \/><\/figure>\n","protected":false},"excerpt":{"rendered":"<p>H\u00e4meenlinnan J\u00e4rvipelastajat ry:n uusi pelastusasema Sotkanrannan satamassa Linnaseudun Leader-ryhm\u00e4 ja H\u00e4meen ELY-keskus on my\u00f6nt\u00e4nyt H\u00e4meenlinnan J\u00e4rvipelastajat ry:lle tukea Pelastusasema 58 -hankkeelle. Julkinen rahoitus kattaa 60 prosenttia hankkeen kustannuksista, jotka ovat yhteens\u00e4 70 000 euroa. Rahoitus tulee Euroopan maaseuturahastosta ja valtiolta, ja hanke toteutetaan Leader-ryhm\u00e4 Linnaseutu ry:n kautta. Hanke uudistaa yhdistyksen pelastusaseman H\u00e4meenlinnan Sotkanrannan satamassa. Uudet [&hellip;]<\/p>\n","protected":false},"author":145,"featured_media":1147,"parent":20,"menu_order":0,"comment_status":"closed","ping_status":"closed","template":"","meta":{"_acf_changed":false,"inline_featured_image":false,"footnotes":""},"class_list":["post-1144","page","type-page","status-publish","has-post-thumbnail","hentry"],"acf":[],"yoast_head":"<!-- This site is optimized with the Yoast SEO Premium plugin v27.2 (Yoast SEO v27.2) - https:\/\/yoast.com\/product\/yoast-seo-premium-wordpress\/ -->\n<title>Pelastusasema 58 - H\u00e4meenlinnan j\u00e4rvipelastajat<\/title>\n<meta name=\"robots\" content=\"index, follow, max-snippet:-1, max-image-preview:large, max-video-preview:-1\" \/>\n<link rel=\"canonical\" href=\"https:\/\/meripelastus.fi\/hameenlinna\/toiminta\/pelastusasema-58\/\" \/>\n<meta property=\"og:locale\" content=\"fi_FI\" \/>\n<meta property=\"og:type\" content=\"article\" \/>\n<meta property=\"og:title\" content=\"Pelastusasema 58\" \/>\n<meta property=\"og:description\" content=\"H\u00e4meenlinnan J\u00e4rvipelastajat ry:n uusi pelastusasema Sotkanrannan satamassa Linnaseudun Leader-ryhm\u00e4 ja H\u00e4meen ELY-keskus on my\u00f6nt\u00e4nyt H\u00e4meenlinnan J\u00e4rvipelastajat ry:lle tukea Pelastusasema 58 -hankkeelle. Julkinen rahoitus kattaa 60 prosenttia hankkeen kustannuksista, jotka ovat yhteens\u00e4 70 000 euroa. Rahoitus tulee Euroopan maaseuturahastosta ja valtiolta, ja hanke toteutetaan Leader-ryhm\u00e4 Linnaseutu ry:n kautta. Hanke uudistaa yhdistyksen pelastusaseman H\u00e4meenlinnan Sotkanrannan satamassa. Uudet [&hellip;]\" \/>\n<meta property=\"og:url\" content=\"https:\/\/meripelastus.fi\/hameenlinna\/toiminta\/pelastusasema-58\/\" \/>\n<meta property=\"og:site_name\" content=\"H\u00e4meenlinnan j\u00e4rvipelastajat\" \/>\n<meta property=\"article:modified_time\" content=\"2025-12-18T09:21:32+00:00\" \/>\n<meta property=\"og:image\" content=\"https:\/\/meripelastus.fi\/hameenlinna\/wp-content\/uploads\/sites\/8\/2025\/12\/sotkanranta-1.jpg\" \/>\n\t<meta property=\"og:image:width\" content=\"960\" \/>\n\t<meta property=\"og:image:height\" content=\"640\" \/>\n\t<meta property=\"og:image:type\" content=\"image\/jpeg\" \/>\n<meta name=\"twitter:card\" content=\"summary_large_image\" \/>\n<meta name=\"twitter:label1\" content=\"Arvioitu lukuaika\" \/>\n\t<meta name=\"twitter:data1\" content=\"2 minuuttia\" \/>\n<script type=\"application\/ld+json\" class=\"yoast-schema-graph\">{\"@context\":\"https:\/\/schema.org\",\"@graph\":[{\"@type\":\"WebPage\",\"@id\":\"https:\/\/meripelastus.fi\/hameenlinna\/toiminta\/pelastusasema-58\/\",\"url\":\"https:\/\/meripelastus.fi\/hameenlinna\/toiminta\/pelastusasema-58\/\",\"name\":\"Pelastusasema 58 - H\u00e4meenlinnan j\u00e4rvipelastajat\",\"isPartOf\":{\"@id\":\"https:\/\/meripelastus.fi\/hameenlinna\/#website\"},\"primaryImageOfPage\":{\"@id\":\"https:\/\/meripelastus.fi\/hameenlinna\/toiminta\/pelastusasema-58\/#primaryimage\"},\"image\":{\"@id\":\"https:\/\/meripelastus.fi\/hameenlinna\/toiminta\/pelastusasema-58\/#primaryimage\"},\"thumbnailUrl\":\"https:\/\/meripelastus.fi\/hameenlinna\/wp-content\/uploads\/sites\/8\/2025\/12\/sotkanranta-1.jpg\",\"datePublished\":\"2025-12-18T09:15:19+00:00\",\"dateModified\":\"2025-12-18T09:21:32+00:00\",\"breadcrumb\":{\"@id\":\"https:\/\/meripelastus.fi\/hameenlinna\/toiminta\/pelastusasema-58\/#breadcrumb\"},\"inLanguage\":\"fi\",\"potentialAction\":[{\"@type\":\"ReadAction\",\"target\":[\"https:\/\/meripelastus.fi\/hameenlinna\/toiminta\/pelastusasema-58\/\"]}]},{\"@type\":\"ImageObject\",\"inLanguage\":\"fi\",\"@id\":\"https:\/\/meripelastus.fi\/hameenlinna\/toiminta\/pelastusasema-58\/#primaryimage\",\"url\":\"https:\/\/meripelastus.fi\/hameenlinna\/wp-content\/uploads\/sites\/8\/2025\/12\/sotkanranta-1.jpg\",\"contentUrl\":\"https:\/\/meripelastus.fi\/hameenlinna\/wp-content\/uploads\/sites\/8\/2025\/12\/sotkanranta-1.jpg\",\"width\":960,\"height\":640},{\"@type\":\"BreadcrumbList\",\"@id\":\"https:\/\/meripelastus.fi\/hameenlinna\/toiminta\/pelastusasema-58\/#breadcrumb\",\"itemListElement\":[{\"@type\":\"ListItem\",\"position\":1,\"name\":\"Etusivu\",\"item\":\"https:\/\/meripelastus.fi\/hameenlinna\/\"},{\"@type\":\"ListItem\",\"position\":2,\"name\":\"Toiminta\",\"item\":\"https:\/\/meripelastus.fi\/hameenlinna\/toiminta\/\"},{\"@type\":\"ListItem\",\"position\":3,\"name\":\"Pelastusasema 58\"}]},{\"@type\":\"WebSite\",\"@id\":\"https:\/\/meripelastus.fi\/hameenlinna\/#website\",\"url\":\"https:\/\/meripelastus.fi\/hameenlinna\/\",\"name\":\"H\u00e4meenlinnan j\u00e4rvipelastajat\",\"description\":\"Vapaaehtoiset apunasi vesill\u00e4\",\"potentialAction\":[{\"@type\":\"SearchAction\",\"target\":{\"@type\":\"EntryPoint\",\"urlTemplate\":\"https:\/\/meripelastus.fi\/hameenlinna\/?s={search_term_string}\"},\"query-input\":{\"@type\":\"PropertyValueSpecification\",\"valueRequired\":true,\"valueName\":\"search_term_string\"}}],\"inLanguage\":\"fi\"}]}<\/script>\n<!-- \/ Yoast SEO Premium plugin. -->","yoast_head_json":{"title":"Pelastusasema 58 - H\u00e4meenlinnan j\u00e4rvipelastajat","robots":{"index":"index","follow":"follow","max-snippet":"max-snippet:-1","max-image-preview":"max-image-preview:large","max-video-preview":"max-video-preview:-1"},"canonical":"https:\/\/meripelastus.fi\/hameenlinna\/toiminta\/pelastusasema-58\/","og_locale":"fi_FI","og_type":"article","og_title":"Pelastusasema 58","og_description":"H\u00e4meenlinnan J\u00e4rvipelastajat ry:n uusi pelastusasema Sotkanrannan satamassa Linnaseudun Leader-ryhm\u00e4 ja H\u00e4meen ELY-keskus on my\u00f6nt\u00e4nyt H\u00e4meenlinnan J\u00e4rvipelastajat ry:lle tukea Pelastusasema 58 -hankkeelle. Julkinen rahoitus kattaa 60 prosenttia hankkeen kustannuksista, jotka ovat yhteens\u00e4 70 000 euroa. Rahoitus tulee Euroopan maaseuturahastosta ja valtiolta, ja hanke toteutetaan Leader-ryhm\u00e4 Linnaseutu ry:n kautta. Hanke uudistaa yhdistyksen pelastusaseman H\u00e4meenlinnan Sotkanrannan satamassa. Uudet [&hellip;]","og_url":"https:\/\/meripelastus.fi\/hameenlinna\/toiminta\/pelastusasema-58\/","og_site_name":"H\u00e4meenlinnan j\u00e4rvipelastajat","article_modified_time":"2025-12-18T09:21:32+00:00","og_image":[{"width":960,"height":640,"url":"https:\/\/meripelastus.fi\/hameenlinna\/wp-content\/uploads\/sites\/8\/2025\/12\/sotkanranta-1.jpg","type":"image\/jpeg"}],"twitter_card":"summary_large_image","twitter_misc":{"Arvioitu lukuaika":"2 minuuttia"},"schema":{"@context":"https:\/\/schema.org","@graph":[{"@type":"WebPage","@id":"https:\/\/meripelastus.fi\/hameenlinna\/toiminta\/pelastusasema-58\/","url":"https:\/\/meripelastus.fi\/hameenlinna\/toiminta\/pelastusasema-58\/","name":"Pelastusasema 58 - H\u00e4meenlinnan j\u00e4rvipelastajat","isPartOf":{"@id":"https:\/\/meripelastus.fi\/hameenlinna\/#website"},"primaryImageOfPage":{"@id":"https:\/\/meripelastus.fi\/hameenlinna\/toiminta\/pelastusasema-58\/#primaryimage"},"image":{"@id":"https:\/\/meripelastus.fi\/hameenlinna\/toiminta\/pelastusasema-58\/#primaryimage"},"thumbnailUrl":"https:\/\/meripelastus.fi\/hameenlinna\/wp-content\/uploads\/sites\/8\/2025\/12\/sotkanranta-1.jpg","datePublished":"2025-12-18T09:15:19+00:00","dateModified":"2025-12-18T09:21:32+00:00","breadcrumb":{"@id":"https:\/\/meripelastus.fi\/hameenlinna\/toiminta\/pelastusasema-58\/#breadcrumb"},"inLanguage":"fi","potentialAction":[{"@type":"ReadAction","target":["https:\/\/meripelastus.fi\/hameenlinna\/toiminta\/pelastusasema-58\/"]}]},{"@type":"ImageObject","inLanguage":"fi","@id":"https:\/\/meripelastus.fi\/hameenlinna\/toiminta\/pelastusasema-58\/#primaryimage","url":"https:\/\/meripelastus.fi\/hameenlinna\/wp-content\/uploads\/sites\/8\/2025\/12\/sotkanranta-1.jpg","contentUrl":"https:\/\/meripelastus.fi\/hameenlinna\/wp-content\/uploads\/sites\/8\/2025\/12\/sotkanranta-1.jpg","width":960,"height":640},{"@type":"BreadcrumbList","@id":"https:\/\/meripelastus.fi\/hameenlinna\/toiminta\/pelastusasema-58\/#breadcrumb","itemListElement":[{"@type":"ListItem","position":1,"name":"Etusivu","item":"https:\/\/meripelastus.fi\/hameenlinna\/"},{"@type":"ListItem","position":2,"name":"Toiminta","item":"https:\/\/meripelastus.fi\/hameenlinna\/toiminta\/"},{"@type":"ListItem","position":3,"name":"Pelastusasema 58"}]},{"@type":"WebSite","@id":"https:\/\/meripelastus.fi\/hameenlinna\/#website","url":"https:\/\/meripelastus.fi\/hameenlinna\/","name":"H\u00e4meenlinnan j\u00e4rvipelastajat","description":"Vapaaehtoiset apunasi vesill\u00e4","potentialAction":[{"@type":"SearchAction","target":{"@type":"EntryPoint","urlTemplate":"https:\/\/meripelastus.fi\/hameenlinna\/?s={search_term_string}"},"query-input":{"@type":"PropertyValueSpecification","valueRequired":true,"valueName":"search_term_string"}}],"inLanguage":"fi"}]}},"_links":{"self":[{"href":"https:\/\/meripelastus.fi\/hameenlinna\/wp-json\/wp\/v2\/pages\/1144","targetHints":{"allow":["GET"]}}],"collection":[{"href":"https:\/\/meripelastus.fi\/hameenlinna\/wp-json\/wp\/v2\/pages"}],"about":[{"href":"https:\/\/meripelastus.fi\/hameenlinna\/wp-json\/wp\/v2\/types\/page"}],"author":[{"embeddable":true,"href":"https:\/\/meripelastus.fi\/hameenlinna\/wp-json\/wp\/v2\/users\/145"}],"replies":[{"embeddable":true,"href":"https:\/\/meripelastus.fi\/hameenlinna\/wp-json\/wp\/v2\/comments?post=1144"}],"version-history":[{"count":2,"href":"https:\/\/meripelastus.fi\/hameenlinna\/wp-json\/wp\/v2\/pages\/1144\/revisions"}],"predecessor-version":[{"id":1150,"href":"https:\/\/meripelastus.fi\/hameenlinna\/wp-json\/wp\/v2\/pages\/1144\/revisions\/1150"}],"up":[{"embeddable":true,"href":"https:\/\/meripelastus.fi\/hameenlinna\/wp-json\/wp\/v2\/pages\/20"}],"wp:featuredmedia":[{"embeddable":true,"href":"https:\/\/meripelastus.fi\/hameenlinna\/wp-json\/wp\/v2\/media\/1147"}],"wp:attachment":[{"href":"https:\/\/meripelastus.fi\/hameenlinna\/wp-json\/wp\/v2\/media?parent=1144"}],"curies":[{"name":"wp","href":"https:\/\/api.w.org\/{rel}","templated":true}]}}