{"id":8,"date":"2018-03-19T09:16:29","date_gmt":"2018-03-19T07:16:29","guid":{"rendered":"http:\/\/basetemplate.smpsyhdistykset.16.testivedos.com\/?page_id=8"},"modified":"2025-12-03T17:01:36","modified_gmt":"2025-12-03T15:01:36","slug":"tietoa-meista","status":"publish","type":"page","link":"https:\/\/meripelastus.fi\/espoo\/espoon-meripelastajat\/tietoa-meista\/","title":{"rendered":"Aina valmiina auttamaan"},"content":{"rendered":"\n<p>Meripelastuksessa t\u00e4rkeint\u00e4 on ihmishenkien pelastaminen. Toimimme yhteisty\u00f6ss\u00e4 Merivartioston ja H\u00e4t\u00e4keskuksen kanssa. Vakavia h\u00e4t\u00e4tilanteita sattuu alueellamme onneksi harvoin, mutta kiireett\u00f6m\u00e4mpi\u00e4 havereita usein.<\/p>\n\n\n\n<p>Teht\u00e4viimme kuuluu muun muassa karilleajon tai konevian vuoksi toimintakyvytt\u00f6mien veneiden hinaukset. Lis\u00e4ksi autamme viranomaisia etsinn\u00f6iss\u00e4 ja suoritamme sairaankuljetuksia merialueella.<\/p>\n\n\n\n<p>Olemme sopimuspalokunta ja aluksillamme on siirrett\u00e4v\u00e4\u00e4 sammutuskalustoa, jota k\u00e4yt\u00e4mme L\u00e4nsi-Uudenmaan Pelastuslaitoksen johdolla.<\/p>\n\n\n\n<h2 class=\"wp-block-heading\" id=\"h-meripelastusseura-plus-ja-meripelastusseura-premium\">Meripelastusseura plus ja meripelastusseura premium<\/h2>\n\n\n\n<p>Ihmiset pelastetaan vesill\u00e4 aina korvauksetta, mutta veneen kiireett\u00f6m\u00e4st\u00e4 siirrosta turvaan joudutaan yleens\u00e4 perim\u00e4\u00e4n kulukorvaus. Summa voi nousta satoihin euroihin. Hankkimalla Meripelastusseura Plus -j\u00e4senpalvelun varmistat veneellesi avun j\u00e4senetuna silloinkin, kun ihmisi\u00e4 ei ole vaarassa. Premium-j\u00e4senpalvelu takaa saman avun kaikille veneillesi, my\u00f6s perheen yhteisk\u00e4yt\u00f6ss\u00e4, sek\u00e4 sinulle veneilless\u00e4si jonkun muun omistamalla veneell\u00e4. J\u00e4senen\u00e4 tuet my\u00f6s vapaaehtoista meripelastusty\u00f6t\u00e4.<\/p>\n\n\n\n<figure class=\"wp-block-pullquote\"><blockquote><p>Liity <a href=\"https:\/\/meripelastus.fi\/espoo\/jasenyys\/\">kannatusj\u00e4seneksi<\/a> tai ota veneellesi <a href=\"https:\/\/meripelastus.fi\/espoo\/jasenyys\/\">Meripelastus Plus tai Meripelastus Premium -j\u00e4senyys<\/a>. Yritykset tai yhteis\u00f6t voivat liitty\u00e4 <a href=\"https:\/\/meripelastus.fi\/espoo\/yhteisojasen\/\">yhteis\u00f6j\u00e4seneksi<\/a>.<\/p><\/blockquote><\/figure>\n\n\n\n<p><\/p>\n","protected":false},"excerpt":{"rendered":"<p>Meripelastuksessa t\u00e4rkeint\u00e4 on ihmishenkien pelastaminen. Toimimme yhteisty\u00f6ss\u00e4 Merivartioston ja H\u00e4t\u00e4keskuksen kanssa. Vakavia h\u00e4t\u00e4tilanteita sattuu alueellamme onneksi harvoin, mutta kiireett\u00f6m\u00e4mpi\u00e4 havereita usein. Teht\u00e4viimme kuuluu muun muassa karilleajon tai konevian vuoksi toimintakyvytt\u00f6mien veneiden hinaukset. Lis\u00e4ksi autamme viranomaisia etsinn\u00f6iss\u00e4 ja suoritamme sairaankuljetuksia merialueella. Olemme sopimuspalokunta ja aluksillamme on siirrett\u00e4v\u00e4\u00e4 sammutuskalustoa, jota k\u00e4yt\u00e4mme L\u00e4nsi-Uudenmaan Pelastuslaitoksen johdolla. Meripelastusseura plus ja [&hellip;]<\/p>\n","protected":false},"author":1,"featured_media":204,"parent":6,"menu_order":0,"comment_status":"closed","ping_status":"closed","template":"","meta":{"_acf_changed":false,"inline_featured_image":false,"footnotes":""},"class_list":["post-8","page","type-page","status-publish","has-post-thumbnail","hentry"],"acf":[],"yoast_head":"<!-- This site is optimized with the Yoast SEO Premium plugin v27.2 (Yoast SEO v27.2) - https:\/\/yoast.com\/product\/yoast-seo-premium-wordpress\/ -->\n<title>Aina valmiina auttamaan - Espoon Meripelastajat<\/title>\n<meta name=\"robots\" content=\"index, follow, max-snippet:-1, max-image-preview:large, max-video-preview:-1\" \/>\n<link rel=\"canonical\" href=\"https:\/\/meripelastus.fi\/espoo\/espoon-meripelastajat\/tietoa-meista\/\" \/>\n<meta property=\"og:locale\" content=\"fi_FI\" \/>\n<meta property=\"og:type\" content=\"article\" \/>\n<meta property=\"og:title\" content=\"Aina valmiina auttamaan\" \/>\n<meta property=\"og:description\" content=\"Meripelastuksessa t\u00e4rkeint\u00e4 on ihmishenkien pelastaminen. Toimimme yhteisty\u00f6ss\u00e4 Merivartioston ja H\u00e4t\u00e4keskuksen kanssa. Vakavia h\u00e4t\u00e4tilanteita sattuu alueellamme onneksi harvoin, mutta kiireett\u00f6m\u00e4mpi\u00e4 havereita usein. Teht\u00e4viimme kuuluu muun muassa karilleajon tai konevian vuoksi toimintakyvytt\u00f6mien veneiden hinaukset. Lis\u00e4ksi autamme viranomaisia etsinn\u00f6iss\u00e4 ja suoritamme sairaankuljetuksia merialueella. Olemme sopimuspalokunta ja aluksillamme on siirrett\u00e4v\u00e4\u00e4 sammutuskalustoa, jota k\u00e4yt\u00e4mme L\u00e4nsi-Uudenmaan Pelastuslaitoksen johdolla. Meripelastusseura plus ja [&hellip;]\" \/>\n<meta property=\"og:url\" content=\"https:\/\/meripelastus.fi\/espoo\/espoon-meripelastajat\/tietoa-meista\/\" \/>\n<meta property=\"og:site_name\" content=\"Espoon Meripelastajat\" \/>\n<meta property=\"article:modified_time\" content=\"2025-12-03T15:01:36+00:00\" \/>\n<meta property=\"og:image\" content=\"https:\/\/meripelastus.fi\/espoo\/wp-content\/uploads\/sites\/15\/2018\/09\/IMG_3019-1.jpg\" \/>\n\t<meta property=\"og:image:width\" content=\"3208\" \/>\n\t<meta property=\"og:image:height\" content=\"1297\" \/>\n\t<meta property=\"og:image:type\" content=\"image\/jpeg\" \/>\n<meta name=\"twitter:card\" content=\"summary_large_image\" \/>\n<meta name=\"twitter:label1\" content=\"Arvioitu lukuaika\" \/>\n\t<meta name=\"twitter:data1\" content=\"1 minuutti\" \/>\n<script type=\"application\/ld+json\" class=\"yoast-schema-graph\">{\"@context\":\"https:\/\/schema.org\",\"@graph\":[{\"@type\":\"WebPage\",\"@id\":\"https:\/\/meripelastus.fi\/espoo\/espoon-meripelastajat\/tietoa-meista\/\",\"url\":\"https:\/\/meripelastus.fi\/espoo\/espoon-meripelastajat\/tietoa-meista\/\",\"name\":\"Aina valmiina auttamaan - Espoon Meripelastajat\",\"isPartOf\":{\"@id\":\"https:\/\/meripelastus.fi\/espoo\/#website\"},\"primaryImageOfPage\":{\"@id\":\"https:\/\/meripelastus.fi\/espoo\/espoon-meripelastajat\/tietoa-meista\/#primaryimage\"},\"image\":{\"@id\":\"https:\/\/meripelastus.fi\/espoo\/espoon-meripelastajat\/tietoa-meista\/#primaryimage\"},\"thumbnailUrl\":\"https:\/\/meripelastus.fi\/espoo\/wp-content\/uploads\/sites\/15\/2018\/09\/IMG_3019-1.jpg\",\"datePublished\":\"2018-03-19T07:16:29+00:00\",\"dateModified\":\"2025-12-03T15:01:36+00:00\",\"breadcrumb\":{\"@id\":\"https:\/\/meripelastus.fi\/espoo\/espoon-meripelastajat\/tietoa-meista\/#breadcrumb\"},\"inLanguage\":\"fi\",\"potentialAction\":[{\"@type\":\"ReadAction\",\"target\":[\"https:\/\/meripelastus.fi\/espoo\/espoon-meripelastajat\/tietoa-meista\/\"]}]},{\"@type\":\"ImageObject\",\"inLanguage\":\"fi\",\"@id\":\"https:\/\/meripelastus.fi\/espoo\/espoon-meripelastajat\/tietoa-meista\/#primaryimage\",\"url\":\"https:\/\/meripelastus.fi\/espoo\/wp-content\/uploads\/sites\/15\/2018\/09\/IMG_3019-1.jpg\",\"contentUrl\":\"https:\/\/meripelastus.fi\/espoo\/wp-content\/uploads\/sites\/15\/2018\/09\/IMG_3019-1.jpg\",\"width\":3208,\"height\":1297},{\"@type\":\"BreadcrumbList\",\"@id\":\"https:\/\/meripelastus.fi\/espoo\/espoon-meripelastajat\/tietoa-meista\/#breadcrumb\",\"itemListElement\":[{\"@type\":\"ListItem\",\"position\":1,\"name\":\"Etusivu\",\"item\":\"https:\/\/meripelastus.fi\/espoo\/\"},{\"@type\":\"ListItem\",\"position\":2,\"name\":\"Espoon Meripelastajat\",\"item\":\"https:\/\/meripelastus.fi\/espoo\/espoon-meripelastajat\/\"},{\"@type\":\"ListItem\",\"position\":3,\"name\":\"Aina valmiina auttamaan\"}]},{\"@type\":\"WebSite\",\"@id\":\"https:\/\/meripelastus.fi\/espoo\/#website\",\"url\":\"https:\/\/meripelastus.fi\/espoo\/\",\"name\":\"Espoon Meripelastajat\",\"description\":\"Vapaaehtoiset apunasi vesill\u00e4\",\"potentialAction\":[{\"@type\":\"SearchAction\",\"target\":{\"@type\":\"EntryPoint\",\"urlTemplate\":\"https:\/\/meripelastus.fi\/espoo\/?s={search_term_string}\"},\"query-input\":{\"@type\":\"PropertyValueSpecification\",\"valueRequired\":true,\"valueName\":\"search_term_string\"}}],\"inLanguage\":\"fi\"}]}<\/script>\n<!-- \/ Yoast SEO Premium plugin. -->","yoast_head_json":{"title":"Aina valmiina auttamaan - Espoon Meripelastajat","robots":{"index":"index","follow":"follow","max-snippet":"max-snippet:-1","max-image-preview":"max-image-preview:large","max-video-preview":"max-video-preview:-1"},"canonical":"https:\/\/meripelastus.fi\/espoo\/espoon-meripelastajat\/tietoa-meista\/","og_locale":"fi_FI","og_type":"article","og_title":"Aina valmiina auttamaan","og_description":"Meripelastuksessa t\u00e4rkeint\u00e4 on ihmishenkien pelastaminen. Toimimme yhteisty\u00f6ss\u00e4 Merivartioston ja H\u00e4t\u00e4keskuksen kanssa. Vakavia h\u00e4t\u00e4tilanteita sattuu alueellamme onneksi harvoin, mutta kiireett\u00f6m\u00e4mpi\u00e4 havereita usein. Teht\u00e4viimme kuuluu muun muassa karilleajon tai konevian vuoksi toimintakyvytt\u00f6mien veneiden hinaukset. Lis\u00e4ksi autamme viranomaisia etsinn\u00f6iss\u00e4 ja suoritamme sairaankuljetuksia merialueella. Olemme sopimuspalokunta ja aluksillamme on siirrett\u00e4v\u00e4\u00e4 sammutuskalustoa, jota k\u00e4yt\u00e4mme L\u00e4nsi-Uudenmaan Pelastuslaitoksen johdolla. Meripelastusseura plus ja [&hellip;]","og_url":"https:\/\/meripelastus.fi\/espoo\/espoon-meripelastajat\/tietoa-meista\/","og_site_name":"Espoon Meripelastajat","article_modified_time":"2025-12-03T15:01:36+00:00","og_image":[{"width":3208,"height":1297,"url":"https:\/\/meripelastus.fi\/espoo\/wp-content\/uploads\/sites\/15\/2018\/09\/IMG_3019-1.jpg","type":"image\/jpeg"}],"twitter_card":"summary_large_image","twitter_misc":{"Arvioitu lukuaika":"1 minuutti"},"schema":{"@context":"https:\/\/schema.org","@graph":[{"@type":"WebPage","@id":"https:\/\/meripelastus.fi\/espoo\/espoon-meripelastajat\/tietoa-meista\/","url":"https:\/\/meripelastus.fi\/espoo\/espoon-meripelastajat\/tietoa-meista\/","name":"Aina valmiina auttamaan - Espoon Meripelastajat","isPartOf":{"@id":"https:\/\/meripelastus.fi\/espoo\/#website"},"primaryImageOfPage":{"@id":"https:\/\/meripelastus.fi\/espoo\/espoon-meripelastajat\/tietoa-meista\/#primaryimage"},"image":{"@id":"https:\/\/meripelastus.fi\/espoo\/espoon-meripelastajat\/tietoa-meista\/#primaryimage"},"thumbnailUrl":"https:\/\/meripelastus.fi\/espoo\/wp-content\/uploads\/sites\/15\/2018\/09\/IMG_3019-1.jpg","datePublished":"2018-03-19T07:16:29+00:00","dateModified":"2025-12-03T15:01:36+00:00","breadcrumb":{"@id":"https:\/\/meripelastus.fi\/espoo\/espoon-meripelastajat\/tietoa-meista\/#breadcrumb"},"inLanguage":"fi","potentialAction":[{"@type":"ReadAction","target":["https:\/\/meripelastus.fi\/espoo\/espoon-meripelastajat\/tietoa-meista\/"]}]},{"@type":"ImageObject","inLanguage":"fi","@id":"https:\/\/meripelastus.fi\/espoo\/espoon-meripelastajat\/tietoa-meista\/#primaryimage","url":"https:\/\/meripelastus.fi\/espoo\/wp-content\/uploads\/sites\/15\/2018\/09\/IMG_3019-1.jpg","contentUrl":"https:\/\/meripelastus.fi\/espoo\/wp-content\/uploads\/sites\/15\/2018\/09\/IMG_3019-1.jpg","width":3208,"height":1297},{"@type":"BreadcrumbList","@id":"https:\/\/meripelastus.fi\/espoo\/espoon-meripelastajat\/tietoa-meista\/#breadcrumb","itemListElement":[{"@type":"ListItem","position":1,"name":"Etusivu","item":"https:\/\/meripelastus.fi\/espoo\/"},{"@type":"ListItem","position":2,"name":"Espoon Meripelastajat","item":"https:\/\/meripelastus.fi\/espoo\/espoon-meripelastajat\/"},{"@type":"ListItem","position":3,"name":"Aina valmiina auttamaan"}]},{"@type":"WebSite","@id":"https:\/\/meripelastus.fi\/espoo\/#website","url":"https:\/\/meripelastus.fi\/espoo\/","name":"Espoon Meripelastajat","description":"Vapaaehtoiset apunasi vesill\u00e4","potentialAction":[{"@type":"SearchAction","target":{"@type":"EntryPoint","urlTemplate":"https:\/\/meripelastus.fi\/espoo\/?s={search_term_string}"},"query-input":{"@type":"PropertyValueSpecification","valueRequired":true,"valueName":"search_term_string"}}],"inLanguage":"fi"}]}},"_links":{"self":[{"href":"https:\/\/meripelastus.fi\/espoo\/wp-json\/wp\/v2\/pages\/8","targetHints":{"allow":["GET"]}}],"collection":[{"href":"https:\/\/meripelastus.fi\/espoo\/wp-json\/wp\/v2\/pages"}],"about":[{"href":"https:\/\/meripelastus.fi\/espoo\/wp-json\/wp\/v2\/types\/page"}],"author":[{"embeddable":true,"href":"https:\/\/meripelastus.fi\/espoo\/wp-json\/wp\/v2\/users\/1"}],"replies":[{"embeddable":true,"href":"https:\/\/meripelastus.fi\/espoo\/wp-json\/wp\/v2\/comments?post=8"}],"version-history":[{"count":15,"href":"https:\/\/meripelastus.fi\/espoo\/wp-json\/wp\/v2\/pages\/8\/revisions"}],"predecessor-version":[{"id":660,"href":"https:\/\/meripelastus.fi\/espoo\/wp-json\/wp\/v2\/pages\/8\/revisions\/660"}],"up":[{"embeddable":true,"href":"https:\/\/meripelastus.fi\/espoo\/wp-json\/wp\/v2\/pages\/6"}],"wp:featuredmedia":[{"embeddable":true,"href":"https:\/\/meripelastus.fi\/espoo\/wp-json\/wp\/v2\/media\/204"}],"wp:attachment":[{"href":"https:\/\/meripelastus.fi\/espoo\/wp-json\/wp\/v2\/media?parent=8"}],"curies":[{"name":"wp","href":"https:\/\/api.w.org\/{rel}","templated":true}]}}