{"id":252,"date":"2018-10-29T11:42:31","date_gmt":"2018-10-29T09:42:31","guid":{"rendered":"https:\/\/meripelastus.fi\/espoo-vedos\/?page_id=252"},"modified":"2020-12-29T15:15:27","modified_gmt":"2020-12-29T13:15:27","slug":"rekisteriselosteet","status":"publish","type":"page","link":"https:\/\/meripelastus.fi\/espoo\/rekisteriselosteet\/","title":{"rendered":"Tietosuoja ja rekisteriselosteet"},"content":{"rendered":"<p>Rekisteri- ja tietosuojaselosteissa on kuvattu Espoon Meripelastajat ry:n yll\u00e4pit\u00e4mien henkil\u00f6rekisterien sis\u00e4lt\u00e4m\u00e4t tiedot sek\u00e4 tietojen k\u00e4ytt\u00f6tarkoitus, s\u00e4\u00e4nn\u00f6nmukaiset luovutukset ja suojauksen periaatteet. Lis\u00e4ksi tietosuojaselosteet sis\u00e4lt\u00e4v\u00e4t tietoja rekister\u00f6idyn oikeuksista sek\u00e4 yhteystiedot.<\/p>\n<p>Henkil\u00f6rekisterill\u00e4 tarkoitetaan sellaista henkil\u00f6tietojen muodostamaa kokonaisuutta, jossa henkil\u00f6tietoja k\u00e4ytet\u00e4\u00e4n\u00a0yhdenmukaisiin k\u00e4ytt\u00f6tarkoituksiin.<\/p>\n<p><strong>Henkil\u00f6rekisterit<\/strong><\/p>\n<p><a href=\"https:\/\/meripelastus.fi\/espoo\/wp-content\/uploads\/sites\/15\/2020\/12\/Rekisteriseloste_Messi.pdf\">Messin j\u00e4senrekisteri<\/a><\/p>\n<p><a href=\"https:\/\/meripelastus.fi\/espoo-vedos\/wp-content\/uploads\/sites\/15\/2018\/10\/Rekisteriseloste_avustussopimukset.pdf\">Avustussopimukset<\/a><\/p>\n<p><a href=\"https:\/\/meripelastus.fi\/espoo-vedos\/wp-content\/uploads\/sites\/15\/2018\/10\/Rekisteriseloste_laivap\u00e4iv\u00e4kirjat.pdf\">Laivap\u00e4iv\u00e4kirjat<\/a><\/p>\n<p><strong>Verkkosivut<\/strong><\/p>\n<p>Espoon Meripelastajien verkkosivujen selaaminen ei edellyt\u00e4 rekister\u00f6itymist\u00e4. Kysymme henkil\u00f6tietojasi ainoastaan silloin, jos haet yhdistyksen j\u00e4seneksi j\u00e4senlomakkeen avulla tai ilmoittaudut johonkin tapahtumaan.<\/p>\n<p>J\u00e4senlomakkeissa kysyttyj\u00e4 tietoja k\u00e4ytet\u00e4\u00e4n j\u00e4senrekisterin yll\u00e4pitoon. <a href=\"https:\/\/meripelastus.fi\/espoo-vedos\/wp-content\/uploads\/sites\/15\/2018\/10\/Rekisteriseloste_Messi.pdf\">Linkki j\u00e4senrekisterin rekisteriselosteeseen<\/a>.<\/p>\n<p>Aktiivij\u00e4senlomakkeessa kysyttyj\u00e4 tietoja k\u00e4ytet\u00e4\u00e4n j\u00e4senrekisterin yll\u00e4pitoon sek\u00e4 selvitt\u00e4m\u00e4\u00e4n hakijan mahdollisuuksia toimia vapaaehtoisena meripelastajana. Muut kuin j\u00e4senrekisterin yll\u00e4pitoon tarvittavat tiedot h\u00e4vitet\u00e4\u00e4n kun hakija ei ole en\u00e4\u00e4 mukana hakuprosessissa.<\/p>\n<p>Henkil\u00f6tietoja ker\u00e4t\u00e4\u00e4n my\u00f6s tilaisuuksiin ilmoittautumisten ja vastaavien yhteydess\u00e4 (esim. h\u00e4t\u00e4merkinantoharjoitukset). N\u00e4iss\u00e4 tapauksissa tietoja ker\u00e4t\u00e4\u00e4n ainoastaan kulloista tarkoitusta varten, eik\u00e4 niit\u00e4 s\u00e4ilytet\u00e4 tilaisuuden menty\u00e4.<\/p>\n","protected":false},"excerpt":{"rendered":"<p>Rekisteri- ja tietosuojaselosteissa on kuvattu Espoon Meripelastajat ry:n yll\u00e4pit\u00e4mien henkil\u00f6rekisterien sis\u00e4lt\u00e4m\u00e4t tiedot sek\u00e4 tietojen k\u00e4ytt\u00f6tarkoitus, s\u00e4\u00e4nn\u00f6nmukaiset luovutukset ja suojauksen periaatteet. Lis\u00e4ksi tietosuojaselosteet sis\u00e4lt\u00e4v\u00e4t tietoja rekister\u00f6idyn oikeuksista sek\u00e4 yhteystiedot. Henkil\u00f6rekisterill\u00e4 tarkoitetaan sellaista henkil\u00f6tietojen muodostamaa kokonaisuutta, jossa henkil\u00f6tietoja k\u00e4ytet\u00e4\u00e4n\u00a0yhdenmukaisiin k\u00e4ytt\u00f6tarkoituksiin. Henkil\u00f6rekisterit Messin j\u00e4senrekisteri Avustussopimukset Laivap\u00e4iv\u00e4kirjat Verkkosivut Espoon Meripelastajien verkkosivujen selaaminen ei edellyt\u00e4 rekister\u00f6itymist\u00e4. Kysymme henkil\u00f6tietojasi ainoastaan silloin, [&hellip;]<\/p>\n","protected":false},"author":30,"featured_media":0,"parent":0,"menu_order":0,"comment_status":"closed","ping_status":"closed","template":"","meta":{"_acf_changed":false,"inline_featured_image":false,"footnotes":""},"class_list":["post-252","page","type-page","status-publish","hentry"],"acf":[],"yoast_head":"<!-- This site is optimized with the Yoast SEO Premium plugin v27.2 (Yoast SEO v27.2) - https:\/\/yoast.com\/product\/yoast-seo-premium-wordpress\/ -->\n<title>Tietosuoja ja rekisteriselosteet - Espoon Meripelastajat<\/title>\n<meta name=\"description\" content=\"Espoon Meripelastajien verkkosivujen ja j\u00e4senrekistereiden tietosuojatieto ja rekisteriselosteet.\" \/>\n<meta name=\"robots\" content=\"index, follow, max-snippet:-1, max-image-preview:large, max-video-preview:-1\" \/>\n<link rel=\"canonical\" href=\"https:\/\/meripelastus.fi\/espoo\/rekisteriselosteet\/\" \/>\n<meta property=\"og:locale\" content=\"fi_FI\" \/>\n<meta property=\"og:type\" content=\"article\" \/>\n<meta property=\"og:title\" content=\"Tietosuoja ja rekisteriselosteet\" \/>\n<meta property=\"og:description\" content=\"Espoon Meripelastajien verkkosivujen ja j\u00e4senrekistereiden tietosuojatieto ja rekisteriselosteet.\" \/>\n<meta property=\"og:url\" content=\"https:\/\/meripelastus.fi\/espoo\/rekisteriselosteet\/\" \/>\n<meta property=\"og:site_name\" content=\"Espoon Meripelastajat\" \/>\n<meta property=\"article:modified_time\" content=\"2020-12-29T13:15:27+00:00\" \/>\n<meta name=\"twitter:card\" content=\"summary_large_image\" \/>\n<meta name=\"twitter:label1\" content=\"Arvioitu lukuaika\" \/>\n\t<meta name=\"twitter:data1\" content=\"1 minuutti\" \/>\n<script type=\"application\/ld+json\" class=\"yoast-schema-graph\">{\"@context\":\"https:\/\/schema.org\",\"@graph\":[{\"@type\":\"WebPage\",\"@id\":\"https:\/\/meripelastus.fi\/espoo\/rekisteriselosteet\/\",\"url\":\"https:\/\/meripelastus.fi\/espoo\/rekisteriselosteet\/\",\"name\":\"Tietosuoja ja rekisteriselosteet - Espoon Meripelastajat\",\"isPartOf\":{\"@id\":\"https:\/\/meripelastus.fi\/espoo\/#website\"},\"datePublished\":\"2018-10-29T09:42:31+00:00\",\"dateModified\":\"2020-12-29T13:15:27+00:00\",\"description\":\"Espoon Meripelastajien verkkosivujen ja j\u00e4senrekistereiden tietosuojatieto ja rekisteriselosteet.\",\"breadcrumb\":{\"@id\":\"https:\/\/meripelastus.fi\/espoo\/rekisteriselosteet\/#breadcrumb\"},\"inLanguage\":\"fi\",\"potentialAction\":[{\"@type\":\"ReadAction\",\"target\":[\"https:\/\/meripelastus.fi\/espoo\/rekisteriselosteet\/\"]}]},{\"@type\":\"BreadcrumbList\",\"@id\":\"https:\/\/meripelastus.fi\/espoo\/rekisteriselosteet\/#breadcrumb\",\"itemListElement\":[{\"@type\":\"ListItem\",\"position\":1,\"name\":\"Etusivu\",\"item\":\"https:\/\/meripelastus.fi\/espoo\/\"},{\"@type\":\"ListItem\",\"position\":2,\"name\":\"Tietosuoja ja rekisteriselosteet\"}]},{\"@type\":\"WebSite\",\"@id\":\"https:\/\/meripelastus.fi\/espoo\/#website\",\"url\":\"https:\/\/meripelastus.fi\/espoo\/\",\"name\":\"Espoon Meripelastajat\",\"description\":\"Vapaaehtoiset apunasi vesill\u00e4\",\"potentialAction\":[{\"@type\":\"SearchAction\",\"target\":{\"@type\":\"EntryPoint\",\"urlTemplate\":\"https:\/\/meripelastus.fi\/espoo\/?s={search_term_string}\"},\"query-input\":{\"@type\":\"PropertyValueSpecification\",\"valueRequired\":true,\"valueName\":\"search_term_string\"}}],\"inLanguage\":\"fi\"}]}<\/script>\n<!-- \/ Yoast SEO Premium plugin. -->","yoast_head_json":{"title":"Tietosuoja ja rekisteriselosteet - Espoon Meripelastajat","description":"Espoon Meripelastajien verkkosivujen ja j\u00e4senrekistereiden tietosuojatieto ja rekisteriselosteet.","robots":{"index":"index","follow":"follow","max-snippet":"max-snippet:-1","max-image-preview":"max-image-preview:large","max-video-preview":"max-video-preview:-1"},"canonical":"https:\/\/meripelastus.fi\/espoo\/rekisteriselosteet\/","og_locale":"fi_FI","og_type":"article","og_title":"Tietosuoja ja rekisteriselosteet","og_description":"Espoon Meripelastajien verkkosivujen ja j\u00e4senrekistereiden tietosuojatieto ja rekisteriselosteet.","og_url":"https:\/\/meripelastus.fi\/espoo\/rekisteriselosteet\/","og_site_name":"Espoon Meripelastajat","article_modified_time":"2020-12-29T13:15:27+00:00","twitter_card":"summary_large_image","twitter_misc":{"Arvioitu lukuaika":"1 minuutti"},"schema":{"@context":"https:\/\/schema.org","@graph":[{"@type":"WebPage","@id":"https:\/\/meripelastus.fi\/espoo\/rekisteriselosteet\/","url":"https:\/\/meripelastus.fi\/espoo\/rekisteriselosteet\/","name":"Tietosuoja ja rekisteriselosteet - Espoon Meripelastajat","isPartOf":{"@id":"https:\/\/meripelastus.fi\/espoo\/#website"},"datePublished":"2018-10-29T09:42:31+00:00","dateModified":"2020-12-29T13:15:27+00:00","description":"Espoon Meripelastajien verkkosivujen ja j\u00e4senrekistereiden tietosuojatieto ja rekisteriselosteet.","breadcrumb":{"@id":"https:\/\/meripelastus.fi\/espoo\/rekisteriselosteet\/#breadcrumb"},"inLanguage":"fi","potentialAction":[{"@type":"ReadAction","target":["https:\/\/meripelastus.fi\/espoo\/rekisteriselosteet\/"]}]},{"@type":"BreadcrumbList","@id":"https:\/\/meripelastus.fi\/espoo\/rekisteriselosteet\/#breadcrumb","itemListElement":[{"@type":"ListItem","position":1,"name":"Etusivu","item":"https:\/\/meripelastus.fi\/espoo\/"},{"@type":"ListItem","position":2,"name":"Tietosuoja ja rekisteriselosteet"}]},{"@type":"WebSite","@id":"https:\/\/meripelastus.fi\/espoo\/#website","url":"https:\/\/meripelastus.fi\/espoo\/","name":"Espoon Meripelastajat","description":"Vapaaehtoiset apunasi vesill\u00e4","potentialAction":[{"@type":"SearchAction","target":{"@type":"EntryPoint","urlTemplate":"https:\/\/meripelastus.fi\/espoo\/?s={search_term_string}"},"query-input":{"@type":"PropertyValueSpecification","valueRequired":true,"valueName":"search_term_string"}}],"inLanguage":"fi"}]}},"_links":{"self":[{"href":"https:\/\/meripelastus.fi\/espoo\/wp-json\/wp\/v2\/pages\/252","targetHints":{"allow":["GET"]}}],"collection":[{"href":"https:\/\/meripelastus.fi\/espoo\/wp-json\/wp\/v2\/pages"}],"about":[{"href":"https:\/\/meripelastus.fi\/espoo\/wp-json\/wp\/v2\/types\/page"}],"author":[{"embeddable":true,"href":"https:\/\/meripelastus.fi\/espoo\/wp-json\/wp\/v2\/users\/30"}],"replies":[{"embeddable":true,"href":"https:\/\/meripelastus.fi\/espoo\/wp-json\/wp\/v2\/comments?post=252"}],"version-history":[{"count":6,"href":"https:\/\/meripelastus.fi\/espoo\/wp-json\/wp\/v2\/pages\/252\/revisions"}],"predecessor-version":[{"id":385,"href":"https:\/\/meripelastus.fi\/espoo\/wp-json\/wp\/v2\/pages\/252\/revisions\/385"}],"wp:attachment":[{"href":"https:\/\/meripelastus.fi\/espoo\/wp-json\/wp\/v2\/media?parent=252"}],"curies":[{"name":"wp","href":"https:\/\/api.w.org\/{rel}","templated":true}]}}