{"id":239,"date":"2018-10-23T13:40:12","date_gmt":"2018-10-23T10:40:12","guid":{"rendered":"https:\/\/meripelastus.fi\/espoo-vedos\/?page_id=239"},"modified":"2024-01-19T13:30:17","modified_gmt":"2024-01-19T11:30:17","slug":"nuorisojasen","status":"publish","type":"page","link":"https:\/\/meripelastus.fi\/espoo\/nuorisojasen\/","title":{"rendered":"Nuorisoj\u00e4sen"},"content":{"rendered":"\n<p>Vapaaehtoinen meripelastustoiminta on sek\u00e4 yleishy\u00f6dyllinen ett\u00e4 hyvin antoisa harrastus. Meit\u00e4 yhdist\u00e4\u00e4 halu auttaa ja tuntea, ett\u00e4 teemme jotain, jolla on merkityst\u00e4. Samalla kehit\u00e4mme taitojamme laaja-alaisesti. T\u00e4m\u00e4 harrastus antaa uusia ulottuvuuksia kaikille veneily\u00e4 harrastaville tai veneilyst\u00e4 kiinnostuneille.&nbsp; Nuorisoj\u00e4senet harjoittelevat p\u00e4\u00e4s\u00e4\u00e4nt\u00f6isin sunnuntaisin klo 16-18. Avovesikaudella (touko-lokakuu) harjoitukset tehd\u00e4\u00e4n enimm\u00e4kseen merell\u00e4 ja muina aikoina harjoittelu tapahtuu asemalla (Mellstenintie 6) tai sen ymp\u00e4rist\u00f6ss\u00e4.<\/p>\n\n\n\n<p>Kun nuori t\u00e4ytt\u00e4\u00e4 16 vuotta, h\u00e4nell\u00e4 on mahdollisuus hakea miehist\u00f6harjoittelijaksi ja siirty\u00e4 varsinaisen vapaaehtoisen meripelastustoiminnan pariin.<\/p>\n\n\n\n<p>Nuorisoj\u00e4senen vaatimukset:<\/p>\n\n\n\n<ul class=\"wp-block-list\">\n<li>11-15 vuoden ik\u00e4<\/li>\n\n\n\n<li>Suomen kansalaisuus<\/li>\n\n\n\n<li>normaali terveys<\/li>\n<\/ul>\n\n\n\n<p><strong>Huom!\u00a0<\/strong>T\u00e4ll\u00e4 hetkell\u00e4 nuorisoryhm\u00e4mme on t\u00e4ynn\u00e4 ja voimme ottaa uusia nuoria joukkoomme satunnaisesti. Jos j\u00e4t\u00e4t meille tietosi lomakkeella, olemme yhteydess\u00e4 kun uusi nuorisoj\u00e4senhaku alkaa.<\/p>\n\n\n\n<div class=\"wp-block-contact-form-7-contact-form-selector\">\n<div class=\"wpcf7 no-js\" id=\"wpcf7-f241-o1\" lang=\"fi\" dir=\"ltr\" data-wpcf7-id=\"241\">\n<div class=\"screen-reader-response\"><p role=\"status\" aria-live=\"polite\" aria-atomic=\"true\"><\/p> <ul><\/ul><\/div>\n<form action=\"\/espoo\/wp-json\/wp\/v2\/pages\/239#wpcf7-f241-o1\" method=\"post\" class=\"wpcf7-form init\" aria-label=\"Yhteydenottolomake\" novalidate=\"novalidate\" data-status=\"init\">\n<fieldset class=\"hidden-fields-container\"><input type=\"hidden\" name=\"_wpcf7\" value=\"241\" \/><input type=\"hidden\" name=\"_wpcf7_version\" value=\"6.1.5\" \/><input type=\"hidden\" name=\"_wpcf7_locale\" value=\"fi\" \/><input type=\"hidden\" name=\"_wpcf7_unit_tag\" value=\"wpcf7-f241-o1\" \/><input type=\"hidden\" name=\"_wpcf7_container_post\" value=\"0\" \/><input type=\"hidden\" name=\"_wpcf7_posted_data_hash\" value=\"\" \/><input type=\"hidden\" name=\"_wpcf7_recaptcha_response\" value=\"\" \/>\n<\/fieldset>\n<div class=\"form-group\">\n\t<p><label for=\" youth-name\" class=\"control-label\">Nuorisoj\u00e4seneksi hakevan nimi<\/label><br \/>\n<span class=\"wpcf7-form-control-wrap\" data-name=\"youth-name\"><input size=\"40\" maxlength=\"400\" class=\"wpcf7-form-control wpcf7-text wpcf7-validates-as-required form-control\" aria-required=\"true\" aria-invalid=\"false\" value=\"\" type=\"text\" name=\"youth-name\" \/><\/span>\n\t<\/p>\n<\/div>\n<div class=\"form-group\">\n\t<p><label for=\" your-name\" class=\"control-label\">Huoltajan nimi<\/label><br \/>\n<span class=\"wpcf7-form-control-wrap\" data-name=\"your-name\"><input size=\"40\" maxlength=\"400\" class=\"wpcf7-form-control wpcf7-text wpcf7-validates-as-required form-control\" aria-required=\"true\" aria-invalid=\"false\" value=\"\" type=\"text\" name=\"your-name\" \/><\/span>\n\t<\/p>\n<\/div>\n<div class=\"form-group\">\n\t<p><label for=\" date\" class=\"control-label\">Nuoren syntym\u00e4aika<\/label><br \/>\n<span class=\"wpcf7-form-control-wrap\" data-name=\"Syntymaika\"><input class=\"wpcf7-form-control wpcf7-date wpcf7-validates-as-required wpcf7-validates-as-date form-control\" aria-required=\"true\" aria-invalid=\"false\" value=\"\" type=\"date\" name=\"Syntymaika\" \/><\/span>\n\t<\/p>\n<\/div>\n<div class=\"form-group\">\n\t<p><label for=\"street-address\" class=\"control-label\"> Katuosoite<\/label><br \/>\n<span class=\"wpcf7-form-control-wrap\" data-name=\"street-address\"><input size=\"40\" maxlength=\"400\" class=\"wpcf7-form-control wpcf7-text wpcf7-validates-as-required form-control\" aria-required=\"true\" aria-invalid=\"false\" value=\"\" type=\"text\" name=\"street-address\" \/><\/span>\n\t<\/p>\n<\/div>\n<div class=\"form-group\">\n\t<p><label for=\"post-code\" class=\"control-label\"> Postinumero ja -toimipaikka<\/label><br \/>\n<span class=\"wpcf7-form-control-wrap\" data-name=\"post-code\"><input size=\"40\" maxlength=\"400\" class=\"wpcf7-form-control wpcf7-text wpcf7-validates-as-required form-control\" aria-required=\"true\" aria-invalid=\"false\" value=\"\" type=\"text\" name=\"post-code\" \/><\/span>\n\t<\/p>\n<\/div>\n<div class=\"form-group\">\n\t<p><label for=\"tel-732\" class=\"control-label\"> Huoltajan puhelinnumero <\/label><br \/>\n<span class=\"wpcf7-form-control-wrap\" data-name=\"tel-732\"><input size=\"40\" maxlength=\"400\" class=\"wpcf7-form-control wpcf7-tel wpcf7-validates-as-required wpcf7-text wpcf7-validates-as-tel form-control\" aria-required=\"true\" aria-invalid=\"false\" value=\"\" type=\"tel\" name=\"tel-732\" \/><\/span>\n\t<\/p>\n<\/div>\n<div class=\"form-group\">\n\t<p><label for=\" youth-email\" class=\"control-label\"> Nuoren s\u00e4hk\u00f6postiosoite<\/label><br \/>\n<span class=\"wpcf7-form-control-wrap\" data-name=\"youth-email\"><input size=\"40\" maxlength=\"400\" class=\"wpcf7-form-control wpcf7-email wpcf7-text wpcf7-validates-as-email form-control\" aria-invalid=\"false\" value=\"\" type=\"email\" name=\"youth-email\" \/><\/span>\n\t<\/p>\n<\/div>\n<div class=\"form-group\">\n\t<p><label for=\" your-email\" class=\"control-label\"> Huoltajan s\u00e4hk\u00f6postiosoite<\/label><br \/>\n<span class=\"wpcf7-form-control-wrap\" data-name=\"your-email\"><input size=\"40\" maxlength=\"400\" class=\"wpcf7-form-control wpcf7-email wpcf7-validates-as-required wpcf7-text wpcf7-validates-as-email form-control\" aria-required=\"true\" aria-invalid=\"false\" value=\"\" type=\"email\" name=\"your-email\" \/><\/span>\n\t<\/p>\n<\/div>\n<div class=\"form-group\">\n\t<p><label for=\" textarea-536\" class=\"control-label\"> Muut harrastukset<\/label><br \/>\n<span class=\"wpcf7-form-control-wrap\" data-name=\"textarea-536\"><textarea cols=\"40\" rows=\"10\" maxlength=\"2000\" class=\"wpcf7-form-control wpcf7-textarea form-control\" aria-invalid=\"false\" name=\"textarea-536\"><\/textarea><\/span>\n\t<\/p>\n<\/div>\n<p><input class=\"wpcf7-form-control wpcf7-submit has-spinner btn-block btn btn-primary btn-lg\" type=\"submit\" value=\"L\u00e4het\u00e4\" \/>\n<\/p><div class=\"wpcf7-response-output\" aria-hidden=\"true\"><\/div>\n<\/form>\n<\/div>\n<\/div>\n","protected":false},"excerpt":{"rendered":"<p>Vapaaehtoinen meripelastustoiminta on sek\u00e4 yleishy\u00f6dyllinen ett\u00e4 hyvin antoisa harrastus. Meit\u00e4 yhdist\u00e4\u00e4 halu auttaa ja tuntea, ett\u00e4 teemme jotain, jolla on merkityst\u00e4. Samalla kehit\u00e4mme taitojamme laaja-alaisesti. T\u00e4m\u00e4 harrastus antaa uusia ulottuvuuksia kaikille veneily\u00e4 harrastaville tai veneilyst\u00e4 kiinnostuneille.&nbsp; Nuorisoj\u00e4senet harjoittelevat p\u00e4\u00e4s\u00e4\u00e4nt\u00f6isin sunnuntaisin klo 16-18. Avovesikaudella (touko-lokakuu) harjoitukset tehd\u00e4\u00e4n enimm\u00e4kseen merell\u00e4 ja muina aikoina harjoittelu tapahtuu asemalla (Mellstenintie [&hellip;]<\/p>\n","protected":false},"author":30,"featured_media":0,"parent":0,"menu_order":0,"comment_status":"closed","ping_status":"closed","template":"","meta":{"_acf_changed":false,"inline_featured_image":false,"footnotes":""},"class_list":["post-239","page","type-page","status-publish","hentry"],"acf":[],"yoast_head":"<!-- This site is optimized with the Yoast SEO Premium plugin v27.2 (Yoast SEO v27.2) - https:\/\/yoast.com\/product\/yoast-seo-premium-wordpress\/ -->\n<title>Nuorisoj\u00e4sen - Espoon Meripelastajat<\/title>\n<meta name=\"robots\" content=\"index, follow, max-snippet:-1, max-image-preview:large, max-video-preview:-1\" \/>\n<link rel=\"canonical\" href=\"https:\/\/meripelastus.fi\/espoo\/nuorisojasen\/\" \/>\n<meta property=\"og:locale\" content=\"fi_FI\" \/>\n<meta property=\"og:type\" content=\"article\" \/>\n<meta property=\"og:title\" content=\"Nuorisoj\u00e4sen\" \/>\n<meta property=\"og:description\" content=\"Vapaaehtoinen meripelastustoiminta on sek\u00e4 yleishy\u00f6dyllinen ett\u00e4 hyvin antoisa harrastus. Meit\u00e4 yhdist\u00e4\u00e4 halu auttaa ja tuntea, ett\u00e4 teemme jotain, jolla on merkityst\u00e4. Samalla kehit\u00e4mme taitojamme laaja-alaisesti. T\u00e4m\u00e4 harrastus antaa uusia ulottuvuuksia kaikille veneily\u00e4 harrastaville tai veneilyst\u00e4 kiinnostuneille.&nbsp; Nuorisoj\u00e4senet harjoittelevat p\u00e4\u00e4s\u00e4\u00e4nt\u00f6isin sunnuntaisin klo 16-18. Avovesikaudella (touko-lokakuu) harjoitukset tehd\u00e4\u00e4n enimm\u00e4kseen merell\u00e4 ja muina aikoina harjoittelu tapahtuu asemalla (Mellstenintie [&hellip;]\" \/>\n<meta property=\"og:url\" content=\"https:\/\/meripelastus.fi\/espoo\/nuorisojasen\/\" \/>\n<meta property=\"og:site_name\" content=\"Espoon Meripelastajat\" \/>\n<meta property=\"article:modified_time\" content=\"2024-01-19T11:30:17+00:00\" \/>\n<meta name=\"twitter:card\" content=\"summary_large_image\" \/>\n<meta name=\"twitter:label1\" content=\"Arvioitu lukuaika\" \/>\n\t<meta name=\"twitter:data1\" content=\"1 minuutti\" \/>\n<script type=\"application\/ld+json\" class=\"yoast-schema-graph\">{\"@context\":\"https:\/\/schema.org\",\"@graph\":[{\"@type\":\"WebPage\",\"@id\":\"https:\/\/meripelastus.fi\/espoo\/nuorisojasen\/\",\"url\":\"https:\/\/meripelastus.fi\/espoo\/nuorisojasen\/\",\"name\":\"Nuorisoj\u00e4sen - Espoon Meripelastajat\",\"isPartOf\":{\"@id\":\"https:\/\/meripelastus.fi\/espoo\/#website\"},\"datePublished\":\"2018-10-23T10:40:12+00:00\",\"dateModified\":\"2024-01-19T11:30:17+00:00\",\"breadcrumb\":{\"@id\":\"https:\/\/meripelastus.fi\/espoo\/nuorisojasen\/#breadcrumb\"},\"inLanguage\":\"fi\",\"potentialAction\":[{\"@type\":\"ReadAction\",\"target\":[\"https:\/\/meripelastus.fi\/espoo\/nuorisojasen\/\"]}]},{\"@type\":\"BreadcrumbList\",\"@id\":\"https:\/\/meripelastus.fi\/espoo\/nuorisojasen\/#breadcrumb\",\"itemListElement\":[{\"@type\":\"ListItem\",\"position\":1,\"name\":\"Etusivu\",\"item\":\"https:\/\/meripelastus.fi\/espoo\/\"},{\"@type\":\"ListItem\",\"position\":2,\"name\":\"Nuorisoj\u00e4sen\"}]},{\"@type\":\"WebSite\",\"@id\":\"https:\/\/meripelastus.fi\/espoo\/#website\",\"url\":\"https:\/\/meripelastus.fi\/espoo\/\",\"name\":\"Espoon Meripelastajat\",\"description\":\"Vapaaehtoiset apunasi vesill\u00e4\",\"potentialAction\":[{\"@type\":\"SearchAction\",\"target\":{\"@type\":\"EntryPoint\",\"urlTemplate\":\"https:\/\/meripelastus.fi\/espoo\/?s={search_term_string}\"},\"query-input\":{\"@type\":\"PropertyValueSpecification\",\"valueRequired\":true,\"valueName\":\"search_term_string\"}}],\"inLanguage\":\"fi\"}]}<\/script>\n<!-- \/ Yoast SEO Premium plugin. -->","yoast_head_json":{"title":"Nuorisoj\u00e4sen - Espoon Meripelastajat","robots":{"index":"index","follow":"follow","max-snippet":"max-snippet:-1","max-image-preview":"max-image-preview:large","max-video-preview":"max-video-preview:-1"},"canonical":"https:\/\/meripelastus.fi\/espoo\/nuorisojasen\/","og_locale":"fi_FI","og_type":"article","og_title":"Nuorisoj\u00e4sen","og_description":"Vapaaehtoinen meripelastustoiminta on sek\u00e4 yleishy\u00f6dyllinen ett\u00e4 hyvin antoisa harrastus. Meit\u00e4 yhdist\u00e4\u00e4 halu auttaa ja tuntea, ett\u00e4 teemme jotain, jolla on merkityst\u00e4. Samalla kehit\u00e4mme taitojamme laaja-alaisesti. T\u00e4m\u00e4 harrastus antaa uusia ulottuvuuksia kaikille veneily\u00e4 harrastaville tai veneilyst\u00e4 kiinnostuneille.&nbsp; Nuorisoj\u00e4senet harjoittelevat p\u00e4\u00e4s\u00e4\u00e4nt\u00f6isin sunnuntaisin klo 16-18. Avovesikaudella (touko-lokakuu) harjoitukset tehd\u00e4\u00e4n enimm\u00e4kseen merell\u00e4 ja muina aikoina harjoittelu tapahtuu asemalla (Mellstenintie [&hellip;]","og_url":"https:\/\/meripelastus.fi\/espoo\/nuorisojasen\/","og_site_name":"Espoon Meripelastajat","article_modified_time":"2024-01-19T11:30:17+00:00","twitter_card":"summary_large_image","twitter_misc":{"Arvioitu lukuaika":"1 minuutti"},"schema":{"@context":"https:\/\/schema.org","@graph":[{"@type":"WebPage","@id":"https:\/\/meripelastus.fi\/espoo\/nuorisojasen\/","url":"https:\/\/meripelastus.fi\/espoo\/nuorisojasen\/","name":"Nuorisoj\u00e4sen - Espoon Meripelastajat","isPartOf":{"@id":"https:\/\/meripelastus.fi\/espoo\/#website"},"datePublished":"2018-10-23T10:40:12+00:00","dateModified":"2024-01-19T11:30:17+00:00","breadcrumb":{"@id":"https:\/\/meripelastus.fi\/espoo\/nuorisojasen\/#breadcrumb"},"inLanguage":"fi","potentialAction":[{"@type":"ReadAction","target":["https:\/\/meripelastus.fi\/espoo\/nuorisojasen\/"]}]},{"@type":"BreadcrumbList","@id":"https:\/\/meripelastus.fi\/espoo\/nuorisojasen\/#breadcrumb","itemListElement":[{"@type":"ListItem","position":1,"name":"Etusivu","item":"https:\/\/meripelastus.fi\/espoo\/"},{"@type":"ListItem","position":2,"name":"Nuorisoj\u00e4sen"}]},{"@type":"WebSite","@id":"https:\/\/meripelastus.fi\/espoo\/#website","url":"https:\/\/meripelastus.fi\/espoo\/","name":"Espoon Meripelastajat","description":"Vapaaehtoiset apunasi vesill\u00e4","potentialAction":[{"@type":"SearchAction","target":{"@type":"EntryPoint","urlTemplate":"https:\/\/meripelastus.fi\/espoo\/?s={search_term_string}"},"query-input":{"@type":"PropertyValueSpecification","valueRequired":true,"valueName":"search_term_string"}}],"inLanguage":"fi"}]}},"_links":{"self":[{"href":"https:\/\/meripelastus.fi\/espoo\/wp-json\/wp\/v2\/pages\/239","targetHints":{"allow":["GET"]}}],"collection":[{"href":"https:\/\/meripelastus.fi\/espoo\/wp-json\/wp\/v2\/pages"}],"about":[{"href":"https:\/\/meripelastus.fi\/espoo\/wp-json\/wp\/v2\/types\/page"}],"author":[{"embeddable":true,"href":"https:\/\/meripelastus.fi\/espoo\/wp-json\/wp\/v2\/users\/30"}],"replies":[{"embeddable":true,"href":"https:\/\/meripelastus.fi\/espoo\/wp-json\/wp\/v2\/comments?post=239"}],"version-history":[{"count":7,"href":"https:\/\/meripelastus.fi\/espoo\/wp-json\/wp\/v2\/pages\/239\/revisions"}],"predecessor-version":[{"id":525,"href":"https:\/\/meripelastus.fi\/espoo\/wp-json\/wp\/v2\/pages\/239\/revisions\/525"}],"wp:attachment":[{"href":"https:\/\/meripelastus.fi\/espoo\/wp-json\/wp\/v2\/media?parent=239"}],"curies":[{"name":"wp","href":"https:\/\/api.w.org\/{rel}","templated":true}]}}