{"id":231,"date":"2018-10-22T16:28:09","date_gmt":"2018-10-22T13:28:09","guid":{"rendered":"https:\/\/meripelastus.fi\/espoo-vedos\/?page_id=231"},"modified":"2026-02-08T08:04:04","modified_gmt":"2026-02-08T06:04:04","slug":"aktiivijasen","status":"publish","type":"page","link":"https:\/\/meripelastus.fi\/espoo\/aktiivijasen\/","title":{"rendered":"Aktiivij\u00e4sen"},"content":{"rendered":"\n<p>Vapaaehtoinen meripelastustoiminta on sek\u00e4 yleishy\u00f6dyllinen ett\u00e4 hyvin antoisa harrastus. Meit\u00e4 yhdist\u00e4\u00e4 halu auttaa ja tuntea, ett\u00e4 teemme jotain, jolla on merkityst\u00e4. Samalla kehit\u00e4mme taitojamme laaja-alaisesti. T\u00e4m\u00e4 harrastus antaa uusia ulottuvuuksia kaikille veneily\u00e4 harrastaville tai veneilyst\u00e4 kiinnostuneille. Tule sin\u00e4kin mukaan! Mutta varoituksen sana on paikallaan: joukossamme on henkil\u00f6it\u00e4, jotka viett\u00e4v\u00e4t enemm\u00e4n aikaa aluksilla kuin kotona.<\/p>\n\n\n\n<p>Vapaaehtoinen meripelastustoiminta vaatii sitoutumista, mutta antaa paljon. Kanssaihmisten auttaminen, mahdollisuus p\u00e4\u00e4st\u00e4 vesille ilman omaa venett\u00e4 sek\u00e4 monipuolinen pelastus- ja merenkulkukoulutus ovat paketti, mit\u00e4 mik\u00e4\u00e4n muu harrastus ei tarjoa.<\/p>\n\n\n\n<h2 class=\"wp-block-heading\" id=\"h-mita-toivomme-sinulta\">Mit\u00e4 toivomme sinulta?<\/h2>\n\n\n\n<p>Emme edellyt\u00e4 veneilykokemusta tai muuta erityisosaamista. Halu auttaa, into oppia uutta ja mahdollisuus sitoutua aikaa viev\u00e4\u00e4n harrastukseen riitt\u00e4v\u00e4t. Mukana on sek\u00e4 miehi\u00e4 ett\u00e4 naisia, ja ammattialoja edustettuina sairaanhoitajasta kirjanpit\u00e4j\u00e4\u00e4n ja palomiehest\u00e4 kosmetologiin. <a href=\"http:\/\/view.24mags.com\/mobilev\/b96aff83a6a4bbbdcfbada9f7d2ead02#\/page=1\" target=\"_blank\" rel=\"noreferrer noopener\">Lataa hakijan opas ja tutustu lis\u00e4\u00e4!<\/a><\/p>\n\n\n\n<p>Pelastusaluksen miehist\u00f6n vaatimukset:<\/p>\n\n\n\n<ul class=\"wp-block-list\">\n<li>hyv\u00e4 peruskunto<\/li>\n\n\n\n<li>uimataito<\/li>\n\n\n\n<li>v\u00e4hint\u00e4\u00e4n 18 vuoden ik\u00e4 (voit hakea sin\u00e4 vuonna kun t\u00e4yt\u00e4t 18 vuotta)<\/li>\n\n\n\n<li>Suomen kansalaisuus ja vahva suomen kielen taito<\/li>\n\n\n\n<li>normaali terveys<\/li>\n\n\n\n<li>n\u00e4\u00f6ntarkkuus 0,5 silm\u00e4laseilla ja 0,1 ilman<\/li>\n<\/ul>\n\n\n\n<p>Lue vapaaehtoisen meripelastajan <a href=\"https:\/\/tinyurl.com\/terveysilmoitus\" target=\"_blank\" rel=\"noreferrer noopener\">terveysvaatimukset<\/a> sek\u00e4 <a href=\"https:\/\/tinyurl.com\/terveysilmoitus\" target=\"_blank\" rel=\"noreferrer noopener\">terveysilmoitus<\/a>, jonka jokaisen aktiivimiehist\u00f6\u00f6n liittyv\u00e4n tulee allekirjoittaa.<\/p>\n\n\n\n<h2 class=\"wp-block-heading\" id=\"h-espoon-tulokaskoulutus-2026\">Espoon tulokaskoulutus 2026<\/h2>\n\n\n\n<p>Haku on k\u00e4ynniss\u00e4 28.2.2026 saakka. Kutsumme osan hakijoista haastatteluihin maaliskuun aikana. Ilmoitamme my\u00f6s heille, joita emme kutsu haastatteluun.<\/p>\n\n\n\n<p>Tulokaskoulutuksemme on jaettu kahteen er\u00e4\u00e4n (toukokuu ja elokuu), joista toiseen tulee osallistua.<\/p>\n\n\n\n<p>On pakollista pysty\u00e4 osallistumaan kaikkiin koulutusp\u00e4iviin haluamastasi koulutuser\u00e4st\u00e4. Jos et pysty osallistumaan n\u00e4ihin p\u00e4iv\u00e4m\u00e4\u00e4riin, pyyd\u00e4mme sinua hakemaan vuonna 2027 uudestaan.<\/p>\n\n\n\n<p><b>Toukokuun koulutuser\u00e4:<\/b><br><br>Maanantai 18.5. klo 18-20 (Teams)<br>Torstai 21.5. klo 17.30-21.00 Haukilahti<br>Perjantai &#8211; sunnuntai 22.-24.5. Herr\u00f6kobben-saari (aloitus pe klo 17, lopetus su klo 18.00)<br>Tiistai 26.5. klo 17.30-21.00 Haukilahti (vapaaehtoinen)<br><br><b>Elokuun koulutuser\u00e4:<\/b><br><br>Maanantai 17.8. klo 18-20 (Teams)<br>Torstai 20.8. klo 17.30-21.00 Haukilahti<br>Perjantai &#8211; sunnuntai 21.-23.8. Herr\u00f6kobben-saari (aloitus pe klo 17, lopetus su klo 18.00)<br>Tiistai 25.8. klo 17.30-21.00 Haukilahti&nbsp;(vapaaehtoinen)<\/p>\n\n\n\n<div class=\"wp-block-buttons is-layout-flex wp-block-buttons-is-layout-flex\">\n<div class=\"wp-block-button\"><a class=\"wp-block-button__link wp-element-button\" href=\"https:\/\/forms.office.com\/r\/e7vFYyq1Gp\" target=\"_blank\" rel=\"noreferrer noopener\">Hae mukaan 28.2.2026 menness\u00e4<\/a><\/div>\n<\/div>\n\n\n\n<h2 class=\"wp-block-heading\" id=\"h-lisatietoja\">Lis\u00e4tietoja<\/h2>\n\n\n\n<p>Lis\u00e4tietoja tulokashausta antaa Fredrik Aspelin s\u00e4hk\u00f6postitse: tulokas.espoo@messi.meripelastus.fi tai puhelimitse 046 923 3336.<\/p>\n\n\n\n\n\n\n","protected":false},"excerpt":{"rendered":"<p>Vapaaehtoinen meripelastustoiminta on sek\u00e4 yleishy\u00f6dyllinen ett\u00e4 hyvin antoisa harrastus. Meit\u00e4 yhdist\u00e4\u00e4 halu auttaa ja tuntea, ett\u00e4 teemme jotain, jolla on merkityst\u00e4. Samalla kehit\u00e4mme taitojamme laaja-alaisesti. T\u00e4m\u00e4 harrastus antaa uusia ulottuvuuksia kaikille veneily\u00e4 harrastaville tai veneilyst\u00e4 kiinnostuneille. Tule sin\u00e4kin mukaan! Mutta varoituksen sana on paikallaan: joukossamme on henkil\u00f6it\u00e4, jotka viett\u00e4v\u00e4t enemm\u00e4n aikaa aluksilla kuin kotona. Vapaaehtoinen [&hellip;]<\/p>\n","protected":false},"author":30,"featured_media":355,"parent":0,"menu_order":0,"comment_status":"closed","ping_status":"closed","template":"","meta":{"_acf_changed":false,"inline_featured_image":false,"footnotes":""},"class_list":["post-231","page","type-page","status-publish","has-post-thumbnail","hentry"],"acf":[],"yoast_head":"<!-- This site is optimized with the Yoast SEO Premium plugin v27.2 (Yoast SEO v27.2) - https:\/\/yoast.com\/product\/yoast-seo-premium-wordpress\/ -->\n<title>Aktiivij\u00e4sen - Espoon Meripelastajat<\/title>\n<meta name=\"robots\" content=\"index, follow, max-snippet:-1, max-image-preview:large, max-video-preview:-1\" \/>\n<link rel=\"canonical\" href=\"https:\/\/meripelastus.fi\/espoo\/aktiivijasen\/\" \/>\n<meta property=\"og:locale\" content=\"fi_FI\" \/>\n<meta property=\"og:type\" content=\"article\" \/>\n<meta property=\"og:title\" content=\"Aktiivij\u00e4sen\" \/>\n<meta property=\"og:description\" content=\"Vapaaehtoinen meripelastustoiminta on sek\u00e4 yleishy\u00f6dyllinen ett\u00e4 hyvin antoisa harrastus. Meit\u00e4 yhdist\u00e4\u00e4 halu auttaa ja tuntea, ett\u00e4 teemme jotain, jolla on merkityst\u00e4. Samalla kehit\u00e4mme taitojamme laaja-alaisesti. T\u00e4m\u00e4 harrastus antaa uusia ulottuvuuksia kaikille veneily\u00e4 harrastaville tai veneilyst\u00e4 kiinnostuneille. Tule sin\u00e4kin mukaan! Mutta varoituksen sana on paikallaan: joukossamme on henkil\u00f6it\u00e4, jotka viett\u00e4v\u00e4t enemm\u00e4n aikaa aluksilla kuin kotona. Vapaaehtoinen [&hellip;]\" \/>\n<meta property=\"og:url\" content=\"https:\/\/meripelastus.fi\/espoo\/aktiivijasen\/\" \/>\n<meta property=\"og:site_name\" content=\"Espoon Meripelastajat\" \/>\n<meta property=\"article:modified_time\" content=\"2026-02-08T06:04:04+00:00\" \/>\n<meta property=\"og:image\" content=\"https:\/\/meripelastus.fi\/espoo\/wp-content\/uploads\/sites\/15\/2020\/02\/20190612_185251-3.jpg\" \/>\n\t<meta property=\"og:image:width\" content=\"1473\" \/>\n\t<meta property=\"og:image:height\" content=\"709\" \/>\n\t<meta property=\"og:image:type\" content=\"image\/jpeg\" \/>\n<meta name=\"twitter:card\" content=\"summary_large_image\" \/>\n<meta name=\"twitter:label1\" content=\"Arvioitu lukuaika\" \/>\n\t<meta name=\"twitter:data1\" content=\"3 minuuttia\" \/>\n<script type=\"application\/ld+json\" class=\"yoast-schema-graph\">{\"@context\":\"https:\/\/schema.org\",\"@graph\":[{\"@type\":\"WebPage\",\"@id\":\"https:\/\/meripelastus.fi\/espoo\/aktiivijasen\/\",\"url\":\"https:\/\/meripelastus.fi\/espoo\/aktiivijasen\/\",\"name\":\"Aktiivij\u00e4sen - Espoon Meripelastajat\",\"isPartOf\":{\"@id\":\"https:\/\/meripelastus.fi\/espoo\/#website\"},\"primaryImageOfPage\":{\"@id\":\"https:\/\/meripelastus.fi\/espoo\/aktiivijasen\/#primaryimage\"},\"image\":{\"@id\":\"https:\/\/meripelastus.fi\/espoo\/aktiivijasen\/#primaryimage\"},\"thumbnailUrl\":\"https:\/\/meripelastus.fi\/espoo\/wp-content\/uploads\/sites\/15\/2020\/02\/20190612_185251-3.jpg\",\"datePublished\":\"2018-10-22T13:28:09+00:00\",\"dateModified\":\"2026-02-08T06:04:04+00:00\",\"breadcrumb\":{\"@id\":\"https:\/\/meripelastus.fi\/espoo\/aktiivijasen\/#breadcrumb\"},\"inLanguage\":\"fi\",\"potentialAction\":[{\"@type\":\"ReadAction\",\"target\":[\"https:\/\/meripelastus.fi\/espoo\/aktiivijasen\/\"]}]},{\"@type\":\"ImageObject\",\"inLanguage\":\"fi\",\"@id\":\"https:\/\/meripelastus.fi\/espoo\/aktiivijasen\/#primaryimage\",\"url\":\"https:\/\/meripelastus.fi\/espoo\/wp-content\/uploads\/sites\/15\/2020\/02\/20190612_185251-3.jpg\",\"contentUrl\":\"https:\/\/meripelastus.fi\/espoo\/wp-content\/uploads\/sites\/15\/2020\/02\/20190612_185251-3.jpg\",\"width\":1473,\"height\":709,\"caption\":\"vapaaehtoisia meripelastajia aluksen kannella\"},{\"@type\":\"BreadcrumbList\",\"@id\":\"https:\/\/meripelastus.fi\/espoo\/aktiivijasen\/#breadcrumb\",\"itemListElement\":[{\"@type\":\"ListItem\",\"position\":1,\"name\":\"Etusivu\",\"item\":\"https:\/\/meripelastus.fi\/espoo\/\"},{\"@type\":\"ListItem\",\"position\":2,\"name\":\"Aktiivij\u00e4sen\"}]},{\"@type\":\"WebSite\",\"@id\":\"https:\/\/meripelastus.fi\/espoo\/#website\",\"url\":\"https:\/\/meripelastus.fi\/espoo\/\",\"name\":\"Espoon Meripelastajat\",\"description\":\"Vapaaehtoiset apunasi vesill\u00e4\",\"potentialAction\":[{\"@type\":\"SearchAction\",\"target\":{\"@type\":\"EntryPoint\",\"urlTemplate\":\"https:\/\/meripelastus.fi\/espoo\/?s={search_term_string}\"},\"query-input\":{\"@type\":\"PropertyValueSpecification\",\"valueRequired\":true,\"valueName\":\"search_term_string\"}}],\"inLanguage\":\"fi\"}]}<\/script>\n<!-- \/ Yoast SEO Premium plugin. -->","yoast_head_json":{"title":"Aktiivij\u00e4sen - Espoon Meripelastajat","robots":{"index":"index","follow":"follow","max-snippet":"max-snippet:-1","max-image-preview":"max-image-preview:large","max-video-preview":"max-video-preview:-1"},"canonical":"https:\/\/meripelastus.fi\/espoo\/aktiivijasen\/","og_locale":"fi_FI","og_type":"article","og_title":"Aktiivij\u00e4sen","og_description":"Vapaaehtoinen meripelastustoiminta on sek\u00e4 yleishy\u00f6dyllinen ett\u00e4 hyvin antoisa harrastus. Meit\u00e4 yhdist\u00e4\u00e4 halu auttaa ja tuntea, ett\u00e4 teemme jotain, jolla on merkityst\u00e4. Samalla kehit\u00e4mme taitojamme laaja-alaisesti. T\u00e4m\u00e4 harrastus antaa uusia ulottuvuuksia kaikille veneily\u00e4 harrastaville tai veneilyst\u00e4 kiinnostuneille. Tule sin\u00e4kin mukaan! Mutta varoituksen sana on paikallaan: joukossamme on henkil\u00f6it\u00e4, jotka viett\u00e4v\u00e4t enemm\u00e4n aikaa aluksilla kuin kotona. Vapaaehtoinen [&hellip;]","og_url":"https:\/\/meripelastus.fi\/espoo\/aktiivijasen\/","og_site_name":"Espoon Meripelastajat","article_modified_time":"2026-02-08T06:04:04+00:00","og_image":[{"width":1473,"height":709,"url":"https:\/\/meripelastus.fi\/espoo\/wp-content\/uploads\/sites\/15\/2020\/02\/20190612_185251-3.jpg","type":"image\/jpeg"}],"twitter_card":"summary_large_image","twitter_misc":{"Arvioitu lukuaika":"3 minuuttia"},"schema":{"@context":"https:\/\/schema.org","@graph":[{"@type":"WebPage","@id":"https:\/\/meripelastus.fi\/espoo\/aktiivijasen\/","url":"https:\/\/meripelastus.fi\/espoo\/aktiivijasen\/","name":"Aktiivij\u00e4sen - Espoon Meripelastajat","isPartOf":{"@id":"https:\/\/meripelastus.fi\/espoo\/#website"},"primaryImageOfPage":{"@id":"https:\/\/meripelastus.fi\/espoo\/aktiivijasen\/#primaryimage"},"image":{"@id":"https:\/\/meripelastus.fi\/espoo\/aktiivijasen\/#primaryimage"},"thumbnailUrl":"https:\/\/meripelastus.fi\/espoo\/wp-content\/uploads\/sites\/15\/2020\/02\/20190612_185251-3.jpg","datePublished":"2018-10-22T13:28:09+00:00","dateModified":"2026-02-08T06:04:04+00:00","breadcrumb":{"@id":"https:\/\/meripelastus.fi\/espoo\/aktiivijasen\/#breadcrumb"},"inLanguage":"fi","potentialAction":[{"@type":"ReadAction","target":["https:\/\/meripelastus.fi\/espoo\/aktiivijasen\/"]}]},{"@type":"ImageObject","inLanguage":"fi","@id":"https:\/\/meripelastus.fi\/espoo\/aktiivijasen\/#primaryimage","url":"https:\/\/meripelastus.fi\/espoo\/wp-content\/uploads\/sites\/15\/2020\/02\/20190612_185251-3.jpg","contentUrl":"https:\/\/meripelastus.fi\/espoo\/wp-content\/uploads\/sites\/15\/2020\/02\/20190612_185251-3.jpg","width":1473,"height":709,"caption":"vapaaehtoisia meripelastajia aluksen kannella"},{"@type":"BreadcrumbList","@id":"https:\/\/meripelastus.fi\/espoo\/aktiivijasen\/#breadcrumb","itemListElement":[{"@type":"ListItem","position":1,"name":"Etusivu","item":"https:\/\/meripelastus.fi\/espoo\/"},{"@type":"ListItem","position":2,"name":"Aktiivij\u00e4sen"}]},{"@type":"WebSite","@id":"https:\/\/meripelastus.fi\/espoo\/#website","url":"https:\/\/meripelastus.fi\/espoo\/","name":"Espoon Meripelastajat","description":"Vapaaehtoiset apunasi vesill\u00e4","potentialAction":[{"@type":"SearchAction","target":{"@type":"EntryPoint","urlTemplate":"https:\/\/meripelastus.fi\/espoo\/?s={search_term_string}"},"query-input":{"@type":"PropertyValueSpecification","valueRequired":true,"valueName":"search_term_string"}}],"inLanguage":"fi"}]}},"_links":{"self":[{"href":"https:\/\/meripelastus.fi\/espoo\/wp-json\/wp\/v2\/pages\/231","targetHints":{"allow":["GET"]}}],"collection":[{"href":"https:\/\/meripelastus.fi\/espoo\/wp-json\/wp\/v2\/pages"}],"about":[{"href":"https:\/\/meripelastus.fi\/espoo\/wp-json\/wp\/v2\/types\/page"}],"author":[{"embeddable":true,"href":"https:\/\/meripelastus.fi\/espoo\/wp-json\/wp\/v2\/users\/30"}],"replies":[{"embeddable":true,"href":"https:\/\/meripelastus.fi\/espoo\/wp-json\/wp\/v2\/comments?post=231"}],"version-history":[{"count":20,"href":"https:\/\/meripelastus.fi\/espoo\/wp-json\/wp\/v2\/pages\/231\/revisions"}],"predecessor-version":[{"id":668,"href":"https:\/\/meripelastus.fi\/espoo\/wp-json\/wp\/v2\/pages\/231\/revisions\/668"}],"wp:featuredmedia":[{"embeddable":true,"href":"https:\/\/meripelastus.fi\/espoo\/wp-json\/wp\/v2\/media\/355"}],"wp:attachment":[{"href":"https:\/\/meripelastus.fi\/espoo\/wp-json\/wp\/v2\/media?parent=231"}],"curies":[{"name":"wp","href":"https:\/\/api.w.org\/{rel}","templated":true}]}}