{"id":212,"date":"2018-09-04T15:17:58","date_gmt":"2018-09-04T12:17:58","guid":{"rendered":"https:\/\/meripelastus.fi\/espoo-vedos\/?page_id=212"},"modified":"2026-03-11T15:23:21","modified_gmt":"2026-03-11T13:23:21","slug":"jasenyys","status":"publish","type":"page","link":"https:\/\/meripelastus.fi\/espoo\/jasenyys\/","title":{"rendered":"Liity j\u00e4seneksi"},"content":{"rendered":"\n<p>Espoon Meripelastajat on vapaaehtoinen organisaatio, joka rahoittaa toimintansa ensisijaisesti lahjoituksilla ja j\u00e4senmaksuilla. Haluatko sin\u00e4 olla mukana varmistamassa, ett\u00e4 Espoon vesill\u00e4 on mahdollisimman turvallista liikkua? Jokainen j\u00e4sen edist\u00e4\u00e4 t\u00e4t\u00e4 tavoitetta j\u00e4senmaksullaan. <\/p>\n\n\n\n<h2 class=\"wp-block-heading\" id=\"h-meripelastus-plus-tai-premium-tuo-veneesi-turvaan\">Meripelastus plus tai premium tuo veneesi turvaan<\/h2>\n\n\n\n<p>Meripelastus Plus- tai Premium-j\u00e4senpalvelun avulla saat avun veneellesi kiireett\u00f6miss\u00e4kin tilanteissa.<\/p>\n\n\n\n<p>Valitse &#8221;henkil\u00f6j\u00e4sen&#8221; vaihtoehto, jos haluat liitty\u00e4 yhdistyksemme j\u00e4seneksi ja j\u00e4senmaksun avulla tukea toimintaamme.<\/p>\n\n\n\t\n\t<!--------TROSSI-FORM--------->\n\t<section id=\"liity\" class=\"section-trossi-form has-white-background-color pt-5\">\n\t\t<div class=\"container\">\t\t\n\t\t\t<div class=\"row\">\n\t\t\t\t<div class=\"col-10 offset-1 offset-md-0 col-md-12\">\n\t\t\t\t\t\t\t\t\t\t\t\t\t\t\t\t\t\t\n\t\t\t\t\t\t\t<iframe style=\"width:100%;border-width:0; height:auto;\" src=\"https:\/\/messi.meripelastus.fi\/forms\/fi\/join\/2\" class=\"resizejs\" title=\"Liittymislomake\" name=\"liittymislomake\" seamless=\"\">\n\t\t\t\t\t\t\t<a href=\"https:\/\/messi.meripelastus.fi\/forms\/fi\/join\/2\">Liity t\u00e4st\u00e4<\/a><\/iframe>\n\t\t\t\t\t\t\t\t\t\t\t\t\t\t\t<\/div>\n\t\t\t<\/div>\n\t\t<\/div>\n\t<\/section>\n\n\n<h2 class=\"wp-block-heading\" id=\"h-muut-jasenvaihtoehdot\">Muut j\u00e4senvaihtoehdot<\/h2>\n\n\n\n<h3 class=\"wp-block-heading\" id=\"h-nuorisojasen\"><a href=\"https:\/\/meripelastus.fi\/espoo\/nuorisojasen\/\">Nuorisoj\u00e4sen<\/a><\/h3>\n\n\n\n<p>Sinulle 11-15 vuotias nuori, joka haluat itsellesi uuden harrastuksen (42 euroa vuodessa).<\/p>\n\n\n\n<h3 class=\"wp-block-heading\" id=\"h-yhteisojasen\"><a href=\"https:\/\/meripelastus.fi\/espoo\/yhteisojasen\/\">Yhteis\u00f6j\u00e4sen<\/a><\/h3>\n\n\n\n<p>Esimerkiksi yrityksille, venekerhoille ja veneily-yhdistyksille, jotka haluavat olla mukana mahdollistamassa vapaaehtoista meripelastusta Espoossa (180 euroa vuodessa).<\/p>\n\n\n\n<h3 class=\"wp-block-heading\" id=\"h-aktiivijasen\"><a href=\"https:\/\/meripelastus.fi\/espoo\/aktiivijasen\/\">Aktiivij\u00e4sen<\/a><\/h3>\n\n\n\n<p>Sinulle, joka haluat itse osallistua toimintaamme vapaaehtoisena meripelastajana (42 euroa vuodessa)<\/p>\n\n\n\n<p><\/p>\n","protected":false},"excerpt":{"rendered":"<p>Espoon Meripelastajat on vapaaehtoinen organisaatio, joka rahoittaa toimintansa ensisijaisesti lahjoituksilla ja j\u00e4senmaksuilla. Haluatko sin\u00e4 olla mukana varmistamassa, ett\u00e4 Espoon vesill\u00e4 on mahdollisimman turvallista liikkua? Jokainen j\u00e4sen edist\u00e4\u00e4 t\u00e4t\u00e4 tavoitetta j\u00e4senmaksullaan. Meripelastus plus tai premium tuo veneesi turvaan Meripelastus Plus- tai Premium-j\u00e4senpalvelun avulla saat avun veneellesi kiireett\u00f6miss\u00e4kin tilanteissa. Valitse &#8221;henkil\u00f6j\u00e4sen&#8221; vaihtoehto, jos haluat liitty\u00e4 yhdistyksemme j\u00e4seneksi [&hellip;]<\/p>\n","protected":false},"author":30,"featured_media":602,"parent":0,"menu_order":0,"comment_status":"closed","ping_status":"closed","template":"","meta":{"_acf_changed":false,"inline_featured_image":false,"footnotes":""},"class_list":["post-212","page","type-page","status-publish","has-post-thumbnail","hentry"],"acf":[],"yoast_head":"<!-- This site is optimized with the Yoast SEO Premium plugin v27.2 (Yoast SEO v27.2) - https:\/\/yoast.com\/product\/yoast-seo-premium-wordpress\/ -->\n<title>Liity j\u00e4seneksi - Espoon Meripelastajat<\/title>\n<meta name=\"description\" content=\"Liity Espoon Meripelastajien j\u00e4seneksi. Voit tukea toimintaamme ottamalla veneellesi Trossin tai liittym\u00e4ll\u00e4 henkil\u00f6j\u00e4seneksi.\" \/>\n<meta name=\"robots\" content=\"index, follow, max-snippet:-1, max-image-preview:large, max-video-preview:-1\" \/>\n<link rel=\"canonical\" href=\"https:\/\/meripelastus.fi\/espoo\/jasenyys\/\" \/>\n<meta property=\"og:locale\" content=\"fi_FI\" \/>\n<meta property=\"og:type\" content=\"article\" \/>\n<meta property=\"og:title\" content=\"Liity j\u00e4seneksi\" \/>\n<meta property=\"og:description\" content=\"Liity Espoon Meripelastajien j\u00e4seneksi. Voit tukea toimintaamme ottamalla veneellesi Trossin tai liittym\u00e4ll\u00e4 henkil\u00f6j\u00e4seneksi.\" \/>\n<meta property=\"og:url\" content=\"https:\/\/meripelastus.fi\/espoo\/jasenyys\/\" \/>\n<meta property=\"og:site_name\" content=\"Espoon Meripelastajat\" \/>\n<meta property=\"article:modified_time\" content=\"2026-03-11T13:23:21+00:00\" \/>\n<meta property=\"og:image\" content=\"https:\/\/meripelastus.fi\/espoo\/wp-content\/uploads\/sites\/15\/2024\/05\/PV-Emmi-08052021_DSC_4177-1-scaled.jpg\" \/>\n\t<meta property=\"og:image:width\" content=\"2560\" \/>\n\t<meta property=\"og:image:height\" content=\"1707\" \/>\n\t<meta property=\"og:image:type\" content=\"image\/jpeg\" \/>\n<meta name=\"twitter:card\" content=\"summary_large_image\" \/>\n<meta name=\"twitter:label1\" content=\"Arvioitu lukuaika\" \/>\n\t<meta name=\"twitter:data1\" content=\"1 minuutti\" \/>\n<script type=\"application\/ld+json\" class=\"yoast-schema-graph\">{\"@context\":\"https:\/\/schema.org\",\"@graph\":[{\"@type\":\"WebPage\",\"@id\":\"https:\/\/meripelastus.fi\/espoo\/jasenyys\/\",\"url\":\"https:\/\/meripelastus.fi\/espoo\/jasenyys\/\",\"name\":\"Liity j\u00e4seneksi - Espoon Meripelastajat\",\"isPartOf\":{\"@id\":\"https:\/\/meripelastus.fi\/espoo\/#website\"},\"primaryImageOfPage\":{\"@id\":\"https:\/\/meripelastus.fi\/espoo\/jasenyys\/#primaryimage\"},\"image\":{\"@id\":\"https:\/\/meripelastus.fi\/espoo\/jasenyys\/#primaryimage\"},\"thumbnailUrl\":\"https:\/\/meripelastus.fi\/espoo\/wp-content\/uploads\/sites\/15\/2024\/05\/PV-Emmi-08052021_DSC_4177-1-scaled.jpg\",\"datePublished\":\"2018-09-04T12:17:58+00:00\",\"dateModified\":\"2026-03-11T13:23:21+00:00\",\"description\":\"Liity Espoon Meripelastajien j\u00e4seneksi. Voit tukea toimintaamme ottamalla veneellesi Trossin tai liittym\u00e4ll\u00e4 henkil\u00f6j\u00e4seneksi.\",\"breadcrumb\":{\"@id\":\"https:\/\/meripelastus.fi\/espoo\/jasenyys\/#breadcrumb\"},\"inLanguage\":\"fi\",\"potentialAction\":[{\"@type\":\"ReadAction\",\"target\":[\"https:\/\/meripelastus.fi\/espoo\/jasenyys\/\"]}]},{\"@type\":\"ImageObject\",\"inLanguage\":\"fi\",\"@id\":\"https:\/\/meripelastus.fi\/espoo\/jasenyys\/#primaryimage\",\"url\":\"https:\/\/meripelastus.fi\/espoo\/wp-content\/uploads\/sites\/15\/2024\/05\/PV-Emmi-08052021_DSC_4177-1-scaled.jpg\",\"contentUrl\":\"https:\/\/meripelastus.fi\/espoo\/wp-content\/uploads\/sites\/15\/2024\/05\/PV-Emmi-08052021_DSC_4177-1-scaled.jpg\",\"width\":2560,\"height\":1707},{\"@type\":\"BreadcrumbList\",\"@id\":\"https:\/\/meripelastus.fi\/espoo\/jasenyys\/#breadcrumb\",\"itemListElement\":[{\"@type\":\"ListItem\",\"position\":1,\"name\":\"Etusivu\",\"item\":\"https:\/\/meripelastus.fi\/espoo\/\"},{\"@type\":\"ListItem\",\"position\":2,\"name\":\"Liity j\u00e4seneksi\"}]},{\"@type\":\"WebSite\",\"@id\":\"https:\/\/meripelastus.fi\/espoo\/#website\",\"url\":\"https:\/\/meripelastus.fi\/espoo\/\",\"name\":\"Espoon Meripelastajat\",\"description\":\"Vapaaehtoiset apunasi vesill\u00e4\",\"potentialAction\":[{\"@type\":\"SearchAction\",\"target\":{\"@type\":\"EntryPoint\",\"urlTemplate\":\"https:\/\/meripelastus.fi\/espoo\/?s={search_term_string}\"},\"query-input\":{\"@type\":\"PropertyValueSpecification\",\"valueRequired\":true,\"valueName\":\"search_term_string\"}}],\"inLanguage\":\"fi\"}]}<\/script>\n<!-- \/ Yoast SEO Premium plugin. -->","yoast_head_json":{"title":"Liity j\u00e4seneksi - Espoon Meripelastajat","description":"Liity Espoon Meripelastajien j\u00e4seneksi. Voit tukea toimintaamme ottamalla veneellesi Trossin tai liittym\u00e4ll\u00e4 henkil\u00f6j\u00e4seneksi.","robots":{"index":"index","follow":"follow","max-snippet":"max-snippet:-1","max-image-preview":"max-image-preview:large","max-video-preview":"max-video-preview:-1"},"canonical":"https:\/\/meripelastus.fi\/espoo\/jasenyys\/","og_locale":"fi_FI","og_type":"article","og_title":"Liity j\u00e4seneksi","og_description":"Liity Espoon Meripelastajien j\u00e4seneksi. Voit tukea toimintaamme ottamalla veneellesi Trossin tai liittym\u00e4ll\u00e4 henkil\u00f6j\u00e4seneksi.","og_url":"https:\/\/meripelastus.fi\/espoo\/jasenyys\/","og_site_name":"Espoon Meripelastajat","article_modified_time":"2026-03-11T13:23:21+00:00","og_image":[{"width":2560,"height":1707,"url":"https:\/\/meripelastus.fi\/espoo\/wp-content\/uploads\/sites\/15\/2024\/05\/PV-Emmi-08052021_DSC_4177-1-scaled.jpg","type":"image\/jpeg"}],"twitter_card":"summary_large_image","twitter_misc":{"Arvioitu lukuaika":"1 minuutti"},"schema":{"@context":"https:\/\/schema.org","@graph":[{"@type":"WebPage","@id":"https:\/\/meripelastus.fi\/espoo\/jasenyys\/","url":"https:\/\/meripelastus.fi\/espoo\/jasenyys\/","name":"Liity j\u00e4seneksi - Espoon Meripelastajat","isPartOf":{"@id":"https:\/\/meripelastus.fi\/espoo\/#website"},"primaryImageOfPage":{"@id":"https:\/\/meripelastus.fi\/espoo\/jasenyys\/#primaryimage"},"image":{"@id":"https:\/\/meripelastus.fi\/espoo\/jasenyys\/#primaryimage"},"thumbnailUrl":"https:\/\/meripelastus.fi\/espoo\/wp-content\/uploads\/sites\/15\/2024\/05\/PV-Emmi-08052021_DSC_4177-1-scaled.jpg","datePublished":"2018-09-04T12:17:58+00:00","dateModified":"2026-03-11T13:23:21+00:00","description":"Liity Espoon Meripelastajien j\u00e4seneksi. Voit tukea toimintaamme ottamalla veneellesi Trossin tai liittym\u00e4ll\u00e4 henkil\u00f6j\u00e4seneksi.","breadcrumb":{"@id":"https:\/\/meripelastus.fi\/espoo\/jasenyys\/#breadcrumb"},"inLanguage":"fi","potentialAction":[{"@type":"ReadAction","target":["https:\/\/meripelastus.fi\/espoo\/jasenyys\/"]}]},{"@type":"ImageObject","inLanguage":"fi","@id":"https:\/\/meripelastus.fi\/espoo\/jasenyys\/#primaryimage","url":"https:\/\/meripelastus.fi\/espoo\/wp-content\/uploads\/sites\/15\/2024\/05\/PV-Emmi-08052021_DSC_4177-1-scaled.jpg","contentUrl":"https:\/\/meripelastus.fi\/espoo\/wp-content\/uploads\/sites\/15\/2024\/05\/PV-Emmi-08052021_DSC_4177-1-scaled.jpg","width":2560,"height":1707},{"@type":"BreadcrumbList","@id":"https:\/\/meripelastus.fi\/espoo\/jasenyys\/#breadcrumb","itemListElement":[{"@type":"ListItem","position":1,"name":"Etusivu","item":"https:\/\/meripelastus.fi\/espoo\/"},{"@type":"ListItem","position":2,"name":"Liity j\u00e4seneksi"}]},{"@type":"WebSite","@id":"https:\/\/meripelastus.fi\/espoo\/#website","url":"https:\/\/meripelastus.fi\/espoo\/","name":"Espoon Meripelastajat","description":"Vapaaehtoiset apunasi vesill\u00e4","potentialAction":[{"@type":"SearchAction","target":{"@type":"EntryPoint","urlTemplate":"https:\/\/meripelastus.fi\/espoo\/?s={search_term_string}"},"query-input":{"@type":"PropertyValueSpecification","valueRequired":true,"valueName":"search_term_string"}}],"inLanguage":"fi"}]}},"_links":{"self":[{"href":"https:\/\/meripelastus.fi\/espoo\/wp-json\/wp\/v2\/pages\/212","targetHints":{"allow":["GET"]}}],"collection":[{"href":"https:\/\/meripelastus.fi\/espoo\/wp-json\/wp\/v2\/pages"}],"about":[{"href":"https:\/\/meripelastus.fi\/espoo\/wp-json\/wp\/v2\/types\/page"}],"author":[{"embeddable":true,"href":"https:\/\/meripelastus.fi\/espoo\/wp-json\/wp\/v2\/users\/30"}],"replies":[{"embeddable":true,"href":"https:\/\/meripelastus.fi\/espoo\/wp-json\/wp\/v2\/comments?post=212"}],"version-history":[{"count":25,"href":"https:\/\/meripelastus.fi\/espoo\/wp-json\/wp\/v2\/pages\/212\/revisions"}],"predecessor-version":[{"id":673,"href":"https:\/\/meripelastus.fi\/espoo\/wp-json\/wp\/v2\/pages\/212\/revisions\/673"}],"wp:featuredmedia":[{"embeddable":true,"href":"https:\/\/meripelastus.fi\/espoo\/wp-json\/wp\/v2\/media\/602"}],"wp:attachment":[{"href":"https:\/\/meripelastus.fi\/espoo\/wp-json\/wp\/v2\/media?parent=212"}],"curies":[{"name":"wp","href":"https:\/\/api.w.org\/{rel}","templated":true}]}}