{"id":8,"date":"2018-03-19T09:16:29","date_gmt":"2018-03-19T07:16:29","guid":{"rendered":"http:\/\/basetemplate.smpsyhdistykset.16.testivedos.com\/?page_id=8"},"modified":"2023-11-08T16:04:08","modified_gmt":"2023-11-08T14:04:08","slug":"tietoa-meista","status":"publish","type":"page","link":"https:\/\/meripelastus.fi\/ala-keitele\/ala-keiteleen-jarvipelastajat\/tietoa-meista\/","title":{"rendered":"Tietoa meist\u00e4"},"content":{"rendered":"\n<p>Ala-Keiteleen J\u00e4rvipelastajat ry:n toiminta-alueena on Keiteleen kanavan pohjoisp\u00e4\u00e4 sek\u00e4 Ala- ja Keski-Keiteleen vesist\u00f6alue. Yhdistyksen tarkoituksena on toiminta-alueellaan<\/p>\n\n\n\n<ul class=\"wp-block-list\">\n<li>pelastaa ihmishenki\u00e4 merih\u00e4d\u00e4st\u00e4,<\/li>\n\n\n\n<li>avustaa vesill\u00e4liikkujia vahinko- ja vaaratilanteissa,<\/li>\n\n\n\n<li>toimia meripelastusty\u00f6n ja vesiliikenteen turvallisuuden edist\u00e4miseksi.<\/li>\n<\/ul>\n\n\n\n<p>Yhdistyksell\u00e4 on k\u00e4yt\u00f6ss\u00e4\u00e4n t\u00e4ll\u00e4 hetkell\u00e4 kaksi alusta, PV Barona ja AV Kuutinkari<\/p>\n\n\n\n<figure class=\"wp-block-image size-large\"><img loading=\"lazy\" decoding=\"async\" width=\"1024\" height=\"748\" src=\"https:\/\/meripelastus.fi\/ala-keitele\/wp-content\/uploads\/sites\/31\/2022\/05\/ZomboMeme-11052022094316-1024x748.jpg\" alt=\"\" class=\"wp-image-260\" srcset=\"https:\/\/meripelastus.fi\/ala-keitele\/wp-content\/uploads\/sites\/31\/2022\/05\/ZomboMeme-11052022094316-1024x748.jpg 1024w, https:\/\/meripelastus.fi\/ala-keitele\/wp-content\/uploads\/sites\/31\/2022\/05\/ZomboMeme-11052022094316-300x219.jpg 300w, https:\/\/meripelastus.fi\/ala-keitele\/wp-content\/uploads\/sites\/31\/2022\/05\/ZomboMeme-11052022094316-768x561.jpg 768w, https:\/\/meripelastus.fi\/ala-keitele\/wp-content\/uploads\/sites\/31\/2022\/05\/ZomboMeme-11052022094316-1536x1122.jpg 1536w, https:\/\/meripelastus.fi\/ala-keitele\/wp-content\/uploads\/sites\/31\/2022\/05\/ZomboMeme-11052022094316.jpg 1920w\" sizes=\"auto, (max-width: 1024px) 100vw, 1024px\" \/><\/figure>\n","protected":false},"excerpt":{"rendered":"<p>Ala-Keiteleen J\u00e4rvipelastajat ry:n toiminta-alueena on Keiteleen kanavan pohjoisp\u00e4\u00e4 sek\u00e4 Ala- ja Keski-Keiteleen vesist\u00f6alue. Yhdistyksen tarkoituksena on toiminta-alueellaan Yhdistyksell\u00e4 on k\u00e4yt\u00f6ss\u00e4\u00e4n t\u00e4ll\u00e4 hetkell\u00e4 kaksi alusta, PV Barona ja AV Kuutinkari<\/p>\n","protected":false},"author":1,"featured_media":0,"parent":6,"menu_order":0,"comment_status":"closed","ping_status":"closed","template":"","meta":{"_acf_changed":false,"inline_featured_image":false,"footnotes":""},"class_list":["post-8","page","type-page","status-publish","hentry"],"acf":[],"yoast_head":"<!-- This site is optimized with the Yoast SEO Premium plugin v27.2 (Yoast SEO v27.2) - https:\/\/yoast.com\/product\/yoast-seo-premium-wordpress\/ -->\n<title>Tietoa meist\u00e4 - Ala-Keiteleen J\u00e4rvipelastajat ry<\/title>\n<meta name=\"robots\" content=\"index, follow, max-snippet:-1, max-image-preview:large, max-video-preview:-1\" \/>\n<link rel=\"canonical\" href=\"https:\/\/meripelastus.fi\/ala-keitele\/ala-keiteleen-jarvipelastajat\/tietoa-meista\/\" \/>\n<meta property=\"og:locale\" content=\"fi_FI\" \/>\n<meta property=\"og:type\" content=\"article\" \/>\n<meta property=\"og:title\" content=\"Tietoa meist\u00e4\" \/>\n<meta property=\"og:description\" content=\"Ala-Keiteleen J\u00e4rvipelastajat ry:n toiminta-alueena on Keiteleen kanavan pohjoisp\u00e4\u00e4 sek\u00e4 Ala- ja Keski-Keiteleen vesist\u00f6alue. Yhdistyksen tarkoituksena on toiminta-alueellaan Yhdistyksell\u00e4 on k\u00e4yt\u00f6ss\u00e4\u00e4n t\u00e4ll\u00e4 hetkell\u00e4 kaksi alusta, PV Barona ja AV Kuutinkari\" \/>\n<meta property=\"og:url\" content=\"https:\/\/meripelastus.fi\/ala-keitele\/ala-keiteleen-jarvipelastajat\/tietoa-meista\/\" \/>\n<meta property=\"og:site_name\" content=\"Ala-Keiteleen J\u00e4rvipelastajat ry\" \/>\n<meta property=\"article:modified_time\" content=\"2023-11-08T14:04:08+00:00\" \/>\n<meta property=\"og:image\" content=\"https:\/\/meripelastus.fi\/ala-keitele\/wp-content\/uploads\/sites\/31\/2022\/05\/ZomboMeme-11052022094316-1024x748.jpg\" \/>\n<meta name=\"twitter:card\" content=\"summary_large_image\" \/>\n<meta name=\"twitter:label1\" content=\"Arvioitu lukuaika\" \/>\n\t<meta name=\"twitter:data1\" content=\"1 minuutti\" \/>\n<script type=\"application\/ld+json\" class=\"yoast-schema-graph\">{\"@context\":\"https:\/\/schema.org\",\"@graph\":[{\"@type\":\"WebPage\",\"@id\":\"https:\/\/meripelastus.fi\/ala-keitele\/ala-keiteleen-jarvipelastajat\/tietoa-meista\/\",\"url\":\"https:\/\/meripelastus.fi\/ala-keitele\/ala-keiteleen-jarvipelastajat\/tietoa-meista\/\",\"name\":\"Tietoa meist\u00e4 - Ala-Keiteleen J\u00e4rvipelastajat ry\",\"isPartOf\":{\"@id\":\"https:\/\/meripelastus.fi\/ala-keitele\/#website\"},\"primaryImageOfPage\":{\"@id\":\"https:\/\/meripelastus.fi\/ala-keitele\/ala-keiteleen-jarvipelastajat\/tietoa-meista\/#primaryimage\"},\"image\":{\"@id\":\"https:\/\/meripelastus.fi\/ala-keitele\/ala-keiteleen-jarvipelastajat\/tietoa-meista\/#primaryimage\"},\"thumbnailUrl\":\"https:\/\/meripelastus.fi\/ala-keitele\/wp-content\/uploads\/sites\/31\/2022\/05\/ZomboMeme-11052022094316-1024x748.jpg\",\"datePublished\":\"2018-03-19T07:16:29+00:00\",\"dateModified\":\"2023-11-08T14:04:08+00:00\",\"breadcrumb\":{\"@id\":\"https:\/\/meripelastus.fi\/ala-keitele\/ala-keiteleen-jarvipelastajat\/tietoa-meista\/#breadcrumb\"},\"inLanguage\":\"fi\",\"potentialAction\":[{\"@type\":\"ReadAction\",\"target\":[\"https:\/\/meripelastus.fi\/ala-keitele\/ala-keiteleen-jarvipelastajat\/tietoa-meista\/\"]}]},{\"@type\":\"ImageObject\",\"inLanguage\":\"fi\",\"@id\":\"https:\/\/meripelastus.fi\/ala-keitele\/ala-keiteleen-jarvipelastajat\/tietoa-meista\/#primaryimage\",\"url\":\"https:\/\/meripelastus.fi\/ala-keitele\/wp-content\/uploads\/sites\/31\/2022\/05\/ZomboMeme-11052022094316.jpg\",\"contentUrl\":\"https:\/\/meripelastus.fi\/ala-keitele\/wp-content\/uploads\/sites\/31\/2022\/05\/ZomboMeme-11052022094316.jpg\",\"width\":1920,\"height\":1403},{\"@type\":\"BreadcrumbList\",\"@id\":\"https:\/\/meripelastus.fi\/ala-keitele\/ala-keiteleen-jarvipelastajat\/tietoa-meista\/#breadcrumb\",\"itemListElement\":[{\"@type\":\"ListItem\",\"position\":1,\"name\":\"Etusivu\",\"item\":\"https:\/\/meripelastus.fi\/ala-keitele\/\"},{\"@type\":\"ListItem\",\"position\":2,\"name\":\"Ala-Keiteleen J\u00e4rvipelastajat\",\"item\":\"https:\/\/meripelastus.fi\/ala-keitele\/ala-keiteleen-jarvipelastajat\/\"},{\"@type\":\"ListItem\",\"position\":3,\"name\":\"Tietoa meist\u00e4\"}]},{\"@type\":\"WebSite\",\"@id\":\"https:\/\/meripelastus.fi\/ala-keitele\/#website\",\"url\":\"https:\/\/meripelastus.fi\/ala-keitele\/\",\"name\":\"Ala-Keiteleen J\u00e4rvipelastajat ry\",\"description\":\"Vapaaehtoiset apunasi vesill\u00e4\",\"potentialAction\":[{\"@type\":\"SearchAction\",\"target\":{\"@type\":\"EntryPoint\",\"urlTemplate\":\"https:\/\/meripelastus.fi\/ala-keitele\/?s={search_term_string}\"},\"query-input\":{\"@type\":\"PropertyValueSpecification\",\"valueRequired\":true,\"valueName\":\"search_term_string\"}}],\"inLanguage\":\"fi\"}]}<\/script>\n<!-- \/ Yoast SEO Premium plugin. -->","yoast_head_json":{"title":"Tietoa meist\u00e4 - Ala-Keiteleen J\u00e4rvipelastajat ry","robots":{"index":"index","follow":"follow","max-snippet":"max-snippet:-1","max-image-preview":"max-image-preview:large","max-video-preview":"max-video-preview:-1"},"canonical":"https:\/\/meripelastus.fi\/ala-keitele\/ala-keiteleen-jarvipelastajat\/tietoa-meista\/","og_locale":"fi_FI","og_type":"article","og_title":"Tietoa meist\u00e4","og_description":"Ala-Keiteleen J\u00e4rvipelastajat ry:n toiminta-alueena on Keiteleen kanavan pohjoisp\u00e4\u00e4 sek\u00e4 Ala- ja Keski-Keiteleen vesist\u00f6alue. Yhdistyksen tarkoituksena on toiminta-alueellaan Yhdistyksell\u00e4 on k\u00e4yt\u00f6ss\u00e4\u00e4n t\u00e4ll\u00e4 hetkell\u00e4 kaksi alusta, PV Barona ja AV Kuutinkari","og_url":"https:\/\/meripelastus.fi\/ala-keitele\/ala-keiteleen-jarvipelastajat\/tietoa-meista\/","og_site_name":"Ala-Keiteleen J\u00e4rvipelastajat ry","article_modified_time":"2023-11-08T14:04:08+00:00","og_image":[{"url":"https:\/\/meripelastus.fi\/ala-keitele\/wp-content\/uploads\/sites\/31\/2022\/05\/ZomboMeme-11052022094316-1024x748.jpg","type":"","width":"","height":""}],"twitter_card":"summary_large_image","twitter_misc":{"Arvioitu lukuaika":"1 minuutti"},"schema":{"@context":"https:\/\/schema.org","@graph":[{"@type":"WebPage","@id":"https:\/\/meripelastus.fi\/ala-keitele\/ala-keiteleen-jarvipelastajat\/tietoa-meista\/","url":"https:\/\/meripelastus.fi\/ala-keitele\/ala-keiteleen-jarvipelastajat\/tietoa-meista\/","name":"Tietoa meist\u00e4 - Ala-Keiteleen J\u00e4rvipelastajat ry","isPartOf":{"@id":"https:\/\/meripelastus.fi\/ala-keitele\/#website"},"primaryImageOfPage":{"@id":"https:\/\/meripelastus.fi\/ala-keitele\/ala-keiteleen-jarvipelastajat\/tietoa-meista\/#primaryimage"},"image":{"@id":"https:\/\/meripelastus.fi\/ala-keitele\/ala-keiteleen-jarvipelastajat\/tietoa-meista\/#primaryimage"},"thumbnailUrl":"https:\/\/meripelastus.fi\/ala-keitele\/wp-content\/uploads\/sites\/31\/2022\/05\/ZomboMeme-11052022094316-1024x748.jpg","datePublished":"2018-03-19T07:16:29+00:00","dateModified":"2023-11-08T14:04:08+00:00","breadcrumb":{"@id":"https:\/\/meripelastus.fi\/ala-keitele\/ala-keiteleen-jarvipelastajat\/tietoa-meista\/#breadcrumb"},"inLanguage":"fi","potentialAction":[{"@type":"ReadAction","target":["https:\/\/meripelastus.fi\/ala-keitele\/ala-keiteleen-jarvipelastajat\/tietoa-meista\/"]}]},{"@type":"ImageObject","inLanguage":"fi","@id":"https:\/\/meripelastus.fi\/ala-keitele\/ala-keiteleen-jarvipelastajat\/tietoa-meista\/#primaryimage","url":"https:\/\/meripelastus.fi\/ala-keitele\/wp-content\/uploads\/sites\/31\/2022\/05\/ZomboMeme-11052022094316.jpg","contentUrl":"https:\/\/meripelastus.fi\/ala-keitele\/wp-content\/uploads\/sites\/31\/2022\/05\/ZomboMeme-11052022094316.jpg","width":1920,"height":1403},{"@type":"BreadcrumbList","@id":"https:\/\/meripelastus.fi\/ala-keitele\/ala-keiteleen-jarvipelastajat\/tietoa-meista\/#breadcrumb","itemListElement":[{"@type":"ListItem","position":1,"name":"Etusivu","item":"https:\/\/meripelastus.fi\/ala-keitele\/"},{"@type":"ListItem","position":2,"name":"Ala-Keiteleen J\u00e4rvipelastajat","item":"https:\/\/meripelastus.fi\/ala-keitele\/ala-keiteleen-jarvipelastajat\/"},{"@type":"ListItem","position":3,"name":"Tietoa meist\u00e4"}]},{"@type":"WebSite","@id":"https:\/\/meripelastus.fi\/ala-keitele\/#website","url":"https:\/\/meripelastus.fi\/ala-keitele\/","name":"Ala-Keiteleen J\u00e4rvipelastajat ry","description":"Vapaaehtoiset apunasi vesill\u00e4","potentialAction":[{"@type":"SearchAction","target":{"@type":"EntryPoint","urlTemplate":"https:\/\/meripelastus.fi\/ala-keitele\/?s={search_term_string}"},"query-input":{"@type":"PropertyValueSpecification","valueRequired":true,"valueName":"search_term_string"}}],"inLanguage":"fi"}]}},"_links":{"self":[{"href":"https:\/\/meripelastus.fi\/ala-keitele\/wp-json\/wp\/v2\/pages\/8","targetHints":{"allow":["GET"]}}],"collection":[{"href":"https:\/\/meripelastus.fi\/ala-keitele\/wp-json\/wp\/v2\/pages"}],"about":[{"href":"https:\/\/meripelastus.fi\/ala-keitele\/wp-json\/wp\/v2\/types\/page"}],"author":[{"embeddable":true,"href":"https:\/\/meripelastus.fi\/ala-keitele\/wp-json\/wp\/v2\/users\/1"}],"replies":[{"embeddable":true,"href":"https:\/\/meripelastus.fi\/ala-keitele\/wp-json\/wp\/v2\/comments?post=8"}],"version-history":[{"count":9,"href":"https:\/\/meripelastus.fi\/ala-keitele\/wp-json\/wp\/v2\/pages\/8\/revisions"}],"predecessor-version":[{"id":273,"href":"https:\/\/meripelastus.fi\/ala-keitele\/wp-json\/wp\/v2\/pages\/8\/revisions\/273"}],"up":[{"embeddable":true,"href":"https:\/\/meripelastus.fi\/ala-keitele\/wp-json\/wp\/v2\/pages\/6"}],"wp:attachment":[{"href":"https:\/\/meripelastus.fi\/ala-keitele\/wp-json\/wp\/v2\/media?parent=8"}],"curies":[{"name":"wp","href":"https:\/\/api.w.org\/{rel}","templated":true}]}}