{"id":22,"date":"2018-03-19T09:18:43","date_gmt":"2018-03-19T07:18:43","guid":{"rendered":"http:\/\/basetemplate.smpsyhdistykset.16.testivedos.com\/?page_id=22"},"modified":"2024-06-02T10:53:19","modified_gmt":"2024-06-02T07:53:19","slug":"halytysohje","status":"publish","type":"page","link":"https:\/\/meripelastus.fi\/ala-keitele\/toiminta\/halytysohje\/","title":{"rendered":"H\u00e4lytysohje"},"content":{"rendered":"\n<h2 class=\"wp-block-heading\">H\u00e4lytys<\/h2>\n\n\n\n<h3 class=\"wp-block-heading\">Sis\u00e4vesill\u00e4 yleinen h\u00e4t\u00e4numero h\u00e4t\u00e4tilanteissa:  <\/h3>\n\n\n\n<h2 class=\"wp-block-heading\"><span><strong>112<\/strong><\/span><\/h2>\n\n\n\n<h3 class=\"wp-block-heading\">Kiireett\u00f6m\u00e4t teht\u00e4v\u00e4t suoraan Ala-Keiteleen J\u00e4rvipelastajien p\u00e4ivyst\u00e4j\u00e4n numeroon: <\/h3>\n\n\n\n<h2 class=\"wp-block-heading\"><span>045 1812 112\u00a0<\/span><\/h2>\n\n\n\n<h3 class=\"wp-block-heading\">Valtakunnallinen Trossipalvelun h\u00e4lytysnumero: <\/h3>\n\n\n\n<h2 class=\"wp-block-heading\"><span>0800 30 22 30<\/span><\/h2>\n\n\n\n<h3 class=\"wp-block-heading\">Tai VHF-kanava pelastusaluksen ollessa liikkeell\u00e4: <\/h3>\n\n\n\n<h2 class=\"wp-block-heading\">VHF 16 \/ VHF-DSC 70<\/h2>\n","protected":false},"excerpt":{"rendered":"<p>H\u00e4lytys Sis\u00e4vesill\u00e4 yleinen h\u00e4t\u00e4numero h\u00e4t\u00e4tilanteissa: 112 Kiireett\u00f6m\u00e4t teht\u00e4v\u00e4t suoraan Ala-Keiteleen J\u00e4rvipelastajien p\u00e4ivyst\u00e4j\u00e4n numeroon: 045 1812 112\u00a0 Valtakunnallinen Trossipalvelun h\u00e4lytysnumero: 0800 30 22 30 Tai VHF-kanava pelastusaluksen ollessa liikkeell\u00e4: VHF 16 \/ VHF-DSC 70<\/p>\n","protected":false},"author":1,"featured_media":0,"parent":20,"menu_order":0,"comment_status":"closed","ping_status":"closed","template":"","meta":{"_acf_changed":false,"inline_featured_image":false,"footnotes":""},"class_list":["post-22","page","type-page","status-publish","hentry"],"acf":[],"yoast_head":"<!-- This site is optimized with the Yoast SEO Premium plugin v27.2 (Yoast SEO v27.2) - https:\/\/yoast.com\/product\/yoast-seo-premium-wordpress\/ -->\n<title>H\u00e4lytysohje - Ala-Keiteleen J\u00e4rvipelastajat ry<\/title>\n<meta name=\"robots\" content=\"index, follow, max-snippet:-1, max-image-preview:large, max-video-preview:-1\" \/>\n<link rel=\"canonical\" href=\"https:\/\/meripelastus.fi\/ala-keitele\/toiminta\/halytysohje\/\" \/>\n<meta property=\"og:locale\" content=\"fi_FI\" \/>\n<meta property=\"og:type\" content=\"article\" \/>\n<meta property=\"og:title\" content=\"H\u00e4lytysohje\" \/>\n<meta property=\"og:description\" content=\"H\u00e4lytys Sis\u00e4vesill\u00e4 yleinen h\u00e4t\u00e4numero h\u00e4t\u00e4tilanteissa: 112 Kiireett\u00f6m\u00e4t teht\u00e4v\u00e4t suoraan Ala-Keiteleen J\u00e4rvipelastajien p\u00e4ivyst\u00e4j\u00e4n numeroon: 045 1812 112\u00a0 Valtakunnallinen Trossipalvelun h\u00e4lytysnumero: 0800 30 22 30 Tai VHF-kanava pelastusaluksen ollessa liikkeell\u00e4: VHF 16 \/ VHF-DSC 70\" \/>\n<meta property=\"og:url\" content=\"https:\/\/meripelastus.fi\/ala-keitele\/toiminta\/halytysohje\/\" \/>\n<meta property=\"og:site_name\" content=\"Ala-Keiteleen J\u00e4rvipelastajat ry\" \/>\n<meta property=\"article:modified_time\" content=\"2024-06-02T07:53:19+00:00\" \/>\n<meta name=\"twitter:card\" content=\"summary_large_image\" \/>\n<meta name=\"twitter:label1\" content=\"Arvioitu lukuaika\" \/>\n\t<meta name=\"twitter:data1\" content=\"1 minuutti\" \/>\n<script type=\"application\/ld+json\" class=\"yoast-schema-graph\">{\"@context\":\"https:\/\/schema.org\",\"@graph\":[{\"@type\":\"WebPage\",\"@id\":\"https:\/\/meripelastus.fi\/ala-keitele\/toiminta\/halytysohje\/\",\"url\":\"https:\/\/meripelastus.fi\/ala-keitele\/toiminta\/halytysohje\/\",\"name\":\"H\u00e4lytysohje - Ala-Keiteleen J\u00e4rvipelastajat ry\",\"isPartOf\":{\"@id\":\"https:\/\/meripelastus.fi\/ala-keitele\/#website\"},\"datePublished\":\"2018-03-19T07:18:43+00:00\",\"dateModified\":\"2024-06-02T07:53:19+00:00\",\"breadcrumb\":{\"@id\":\"https:\/\/meripelastus.fi\/ala-keitele\/toiminta\/halytysohje\/#breadcrumb\"},\"inLanguage\":\"fi\",\"potentialAction\":[{\"@type\":\"ReadAction\",\"target\":[\"https:\/\/meripelastus.fi\/ala-keitele\/toiminta\/halytysohje\/\"]}]},{\"@type\":\"BreadcrumbList\",\"@id\":\"https:\/\/meripelastus.fi\/ala-keitele\/toiminta\/halytysohje\/#breadcrumb\",\"itemListElement\":[{\"@type\":\"ListItem\",\"position\":1,\"name\":\"Etusivu\",\"item\":\"https:\/\/meripelastus.fi\/ala-keitele\/\"},{\"@type\":\"ListItem\",\"position\":2,\"name\":\"Toiminta\",\"item\":\"https:\/\/meripelastus.fi\/ala-keitele\/toiminta\/\"},{\"@type\":\"ListItem\",\"position\":3,\"name\":\"H\u00e4lytysohje\"}]},{\"@type\":\"WebSite\",\"@id\":\"https:\/\/meripelastus.fi\/ala-keitele\/#website\",\"url\":\"https:\/\/meripelastus.fi\/ala-keitele\/\",\"name\":\"Ala-Keiteleen J\u00e4rvipelastajat ry\",\"description\":\"Vapaaehtoiset apunasi vesill\u00e4\",\"potentialAction\":[{\"@type\":\"SearchAction\",\"target\":{\"@type\":\"EntryPoint\",\"urlTemplate\":\"https:\/\/meripelastus.fi\/ala-keitele\/?s={search_term_string}\"},\"query-input\":{\"@type\":\"PropertyValueSpecification\",\"valueRequired\":true,\"valueName\":\"search_term_string\"}}],\"inLanguage\":\"fi\"}]}<\/script>\n<!-- \/ Yoast SEO Premium plugin. -->","yoast_head_json":{"title":"H\u00e4lytysohje - Ala-Keiteleen J\u00e4rvipelastajat ry","robots":{"index":"index","follow":"follow","max-snippet":"max-snippet:-1","max-image-preview":"max-image-preview:large","max-video-preview":"max-video-preview:-1"},"canonical":"https:\/\/meripelastus.fi\/ala-keitele\/toiminta\/halytysohje\/","og_locale":"fi_FI","og_type":"article","og_title":"H\u00e4lytysohje","og_description":"H\u00e4lytys Sis\u00e4vesill\u00e4 yleinen h\u00e4t\u00e4numero h\u00e4t\u00e4tilanteissa: 112 Kiireett\u00f6m\u00e4t teht\u00e4v\u00e4t suoraan Ala-Keiteleen J\u00e4rvipelastajien p\u00e4ivyst\u00e4j\u00e4n numeroon: 045 1812 112\u00a0 Valtakunnallinen Trossipalvelun h\u00e4lytysnumero: 0800 30 22 30 Tai VHF-kanava pelastusaluksen ollessa liikkeell\u00e4: VHF 16 \/ VHF-DSC 70","og_url":"https:\/\/meripelastus.fi\/ala-keitele\/toiminta\/halytysohje\/","og_site_name":"Ala-Keiteleen J\u00e4rvipelastajat ry","article_modified_time":"2024-06-02T07:53:19+00:00","twitter_card":"summary_large_image","twitter_misc":{"Arvioitu lukuaika":"1 minuutti"},"schema":{"@context":"https:\/\/schema.org","@graph":[{"@type":"WebPage","@id":"https:\/\/meripelastus.fi\/ala-keitele\/toiminta\/halytysohje\/","url":"https:\/\/meripelastus.fi\/ala-keitele\/toiminta\/halytysohje\/","name":"H\u00e4lytysohje - Ala-Keiteleen J\u00e4rvipelastajat ry","isPartOf":{"@id":"https:\/\/meripelastus.fi\/ala-keitele\/#website"},"datePublished":"2018-03-19T07:18:43+00:00","dateModified":"2024-06-02T07:53:19+00:00","breadcrumb":{"@id":"https:\/\/meripelastus.fi\/ala-keitele\/toiminta\/halytysohje\/#breadcrumb"},"inLanguage":"fi","potentialAction":[{"@type":"ReadAction","target":["https:\/\/meripelastus.fi\/ala-keitele\/toiminta\/halytysohje\/"]}]},{"@type":"BreadcrumbList","@id":"https:\/\/meripelastus.fi\/ala-keitele\/toiminta\/halytysohje\/#breadcrumb","itemListElement":[{"@type":"ListItem","position":1,"name":"Etusivu","item":"https:\/\/meripelastus.fi\/ala-keitele\/"},{"@type":"ListItem","position":2,"name":"Toiminta","item":"https:\/\/meripelastus.fi\/ala-keitele\/toiminta\/"},{"@type":"ListItem","position":3,"name":"H\u00e4lytysohje"}]},{"@type":"WebSite","@id":"https:\/\/meripelastus.fi\/ala-keitele\/#website","url":"https:\/\/meripelastus.fi\/ala-keitele\/","name":"Ala-Keiteleen J\u00e4rvipelastajat ry","description":"Vapaaehtoiset apunasi vesill\u00e4","potentialAction":[{"@type":"SearchAction","target":{"@type":"EntryPoint","urlTemplate":"https:\/\/meripelastus.fi\/ala-keitele\/?s={search_term_string}"},"query-input":{"@type":"PropertyValueSpecification","valueRequired":true,"valueName":"search_term_string"}}],"inLanguage":"fi"}]}},"_links":{"self":[{"href":"https:\/\/meripelastus.fi\/ala-keitele\/wp-json\/wp\/v2\/pages\/22","targetHints":{"allow":["GET"]}}],"collection":[{"href":"https:\/\/meripelastus.fi\/ala-keitele\/wp-json\/wp\/v2\/pages"}],"about":[{"href":"https:\/\/meripelastus.fi\/ala-keitele\/wp-json\/wp\/v2\/types\/page"}],"author":[{"embeddable":true,"href":"https:\/\/meripelastus.fi\/ala-keitele\/wp-json\/wp\/v2\/users\/1"}],"replies":[{"embeddable":true,"href":"https:\/\/meripelastus.fi\/ala-keitele\/wp-json\/wp\/v2\/comments?post=22"}],"version-history":[{"count":9,"href":"https:\/\/meripelastus.fi\/ala-keitele\/wp-json\/wp\/v2\/pages\/22\/revisions"}],"predecessor-version":[{"id":348,"href":"https:\/\/meripelastus.fi\/ala-keitele\/wp-json\/wp\/v2\/pages\/22\/revisions\/348"}],"up":[{"embeddable":true,"href":"https:\/\/meripelastus.fi\/ala-keitele\/wp-json\/wp\/v2\/pages\/20"}],"wp:attachment":[{"href":"https:\/\/meripelastus.fi\/ala-keitele\/wp-json\/wp\/v2\/media?parent=22"}],"curies":[{"name":"wp","href":"https:\/\/api.w.org\/{rel}","templated":true}]}}