{"id":196,"date":"2020-05-27T16:06:39","date_gmt":"2020-05-27T13:06:39","guid":{"rendered":"https:\/\/meripelastus.fi\/ala-keitele-vedos\/?page_id=196"},"modified":"2025-05-13T12:45:51","modified_gmt":"2025-05-13T09:45:51","slug":"tule-mukaan","status":"publish","type":"page","link":"https:\/\/meripelastus.fi\/ala-keitele\/ala-keiteleen-jarvipelastajat\/tule-mukaan\/","title":{"rendered":"Tule mukaan!"},"content":{"rendered":"\n<figure class=\"wp-block-image\"><img loading=\"lazy\" decoding=\"async\" width=\"300\" height=\"180\" src=\"https:\/\/meripelastus.fi\/ala-keitele\/wp-content\/uploads\/sites\/31\/2021\/03\/ledmaisno-final-300x180.jpg\" alt=\"\" class=\"wp-image-226\" srcset=\"https:\/\/meripelastus.fi\/ala-keitele\/wp-content\/uploads\/sites\/31\/2021\/03\/ledmaisno-final-300x180.jpg 300w, https:\/\/meripelastus.fi\/ala-keitele\/wp-content\/uploads\/sites\/31\/2021\/03\/ledmaisno-final-768x462.jpg 768w, https:\/\/meripelastus.fi\/ala-keitele\/wp-content\/uploads\/sites\/31\/2021\/03\/ledmaisno-final.jpg 800w\" sizes=\"auto, (max-width: 300px) 100vw, 300px\" \/><\/figure>\n\n\n\n<p>Ala-Keiteleen J\u00e4rvipelastajat etsiv\u00e4t jatkuvasti uusia j\u00e4seni\u00e4 miehist\u00f6\u00f6ns\u00e4. Et tarvitse aikaisempaa osaamista tai koulutusta, koulutamme kaikki miehist\u00f6n j\u00e4senemme Suomen Meripelastusseuran koulutussuunnitelman mukaisesti. Normaali terveys ja toimintakyky riitt\u00e4v\u00e4t h\u00e4lytysmiehist\u00f6ss\u00e4 toimimiseen.<\/p>\n\n\n\n<p>Mukaan toimintaan p\u00e4\u00e4see liittym\u00e4ll\u00e4 Ala-Keiteleen J\u00e4rvipelastajien j\u00e4seneksi. Toimintaan voi tutustua kes\u00e4aikaan viikkoharjoitusten yhteydess\u00e4 keskiviikkoisin kello 17 Suolahden satamassa olevalla tuvalla. Ilmoitathan tulostasi etuk\u00e4teen joko yhdistyksen puhelinnumeroon tai Puheenjohtajalle: Raine Viander 040 849 6152<\/p>\n\n\n\n<p>J\u00e4rvipelastustoiminta on parhaimmillaan mukavaa yhdess\u00e4oloa, veneilytaitojen opettelua ja liikkumista Ala-Keiteleen vesist\u00f6alueella asianmukaisilla ja turvallisilla aluksilla. Meripelastusseura tarjoaa my\u00f6s valtakunnallisia kursseja ja verkko-opetusta paikallisten harjoitusten tueksi.<\/p>\n\n\n\n<figure class=\"wp-block-image\"><img loading=\"lazy\" decoding=\"async\" width=\"300\" height=\"225\" src=\"https:\/\/meripelastus.fi\/ala-keitele\/wp-content\/uploads\/sites\/31\/2022\/05\/Resized-pictures-1-Barona-300x225.jpg\" alt=\"\" class=\"wp-image-254\" srcset=\"https:\/\/meripelastus.fi\/ala-keitele\/wp-content\/uploads\/sites\/31\/2022\/05\/Resized-pictures-1-Barona-300x225.jpg 300w, https:\/\/meripelastus.fi\/ala-keitele\/wp-content\/uploads\/sites\/31\/2022\/05\/Resized-pictures-1-Barona-1024x768.jpg 1024w, https:\/\/meripelastus.fi\/ala-keitele\/wp-content\/uploads\/sites\/31\/2022\/05\/Resized-pictures-1-Barona-768x576.jpg 768w, https:\/\/meripelastus.fi\/ala-keitele\/wp-content\/uploads\/sites\/31\/2022\/05\/Resized-pictures-1-Barona-1536x1152.jpg 1536w, https:\/\/meripelastus.fi\/ala-keitele\/wp-content\/uploads\/sites\/31\/2022\/05\/Resized-pictures-1-Barona-2048x1536.jpg 2048w, https:\/\/meripelastus.fi\/ala-keitele\/wp-content\/uploads\/sites\/31\/2022\/05\/Resized-pictures-1-Barona-1600x1200.jpg 1600w\" sizes=\"auto, (max-width: 300px) 100vw, 300px\" \/><\/figure>\n","protected":false},"excerpt":{"rendered":"<p>Ala-Keiteleen J\u00e4rvipelastajat etsiv\u00e4t jatkuvasti uusia j\u00e4seni\u00e4 miehist\u00f6\u00f6ns\u00e4. Et tarvitse aikaisempaa osaamista tai koulutusta, koulutamme kaikki miehist\u00f6n j\u00e4senemme Suomen Meripelastusseuran koulutussuunnitelman mukaisesti. Normaali terveys ja toimintakyky riitt\u00e4v\u00e4t h\u00e4lytysmiehist\u00f6ss\u00e4 toimimiseen. Mukaan toimintaan p\u00e4\u00e4see liittym\u00e4ll\u00e4 Ala-Keiteleen J\u00e4rvipelastajien j\u00e4seneksi. Toimintaan voi tutustua kes\u00e4aikaan viikkoharjoitusten yhteydess\u00e4 keskiviikkoisin kello 17 Suolahden satamassa olevalla tuvalla. Ilmoitathan tulostasi etuk\u00e4teen joko yhdistyksen puhelinnumeroon tai [&hellip;]<\/p>\n","protected":false},"author":76,"featured_media":0,"parent":6,"menu_order":0,"comment_status":"closed","ping_status":"closed","template":"","meta":{"_acf_changed":false,"inline_featured_image":false,"footnotes":""},"class_list":["post-196","page","type-page","status-publish","hentry"],"acf":[],"yoast_head":"<!-- This site is optimized with the Yoast SEO Premium plugin v27.2 (Yoast SEO v27.2) - https:\/\/yoast.com\/product\/yoast-seo-premium-wordpress\/ -->\n<title>Tule mukaan! - Ala-Keiteleen J\u00e4rvipelastajat ry<\/title>\n<meta name=\"robots\" content=\"index, follow, max-snippet:-1, max-image-preview:large, max-video-preview:-1\" \/>\n<link rel=\"canonical\" href=\"https:\/\/meripelastus.fi\/ala-keitele\/ala-keiteleen-jarvipelastajat\/tule-mukaan\/\" \/>\n<meta property=\"og:locale\" content=\"fi_FI\" \/>\n<meta property=\"og:type\" content=\"article\" \/>\n<meta property=\"og:title\" content=\"Tule mukaan!\" \/>\n<meta property=\"og:description\" content=\"Ala-Keiteleen J\u00e4rvipelastajat etsiv\u00e4t jatkuvasti uusia j\u00e4seni\u00e4 miehist\u00f6\u00f6ns\u00e4. Et tarvitse aikaisempaa osaamista tai koulutusta, koulutamme kaikki miehist\u00f6n j\u00e4senemme Suomen Meripelastusseuran koulutussuunnitelman mukaisesti. Normaali terveys ja toimintakyky riitt\u00e4v\u00e4t h\u00e4lytysmiehist\u00f6ss\u00e4 toimimiseen. Mukaan toimintaan p\u00e4\u00e4see liittym\u00e4ll\u00e4 Ala-Keiteleen J\u00e4rvipelastajien j\u00e4seneksi. Toimintaan voi tutustua kes\u00e4aikaan viikkoharjoitusten yhteydess\u00e4 keskiviikkoisin kello 17 Suolahden satamassa olevalla tuvalla. Ilmoitathan tulostasi etuk\u00e4teen joko yhdistyksen puhelinnumeroon tai [&hellip;]\" \/>\n<meta property=\"og:url\" content=\"https:\/\/meripelastus.fi\/ala-keitele\/ala-keiteleen-jarvipelastajat\/tule-mukaan\/\" \/>\n<meta property=\"og:site_name\" content=\"Ala-Keiteleen J\u00e4rvipelastajat ry\" \/>\n<meta property=\"article:modified_time\" content=\"2025-05-13T09:45:51+00:00\" \/>\n<meta property=\"og:image\" content=\"https:\/\/meripelastus.fi\/ala-keitele\/wp-content\/uploads\/sites\/31\/2021\/03\/ledmaisno-final.jpg\" \/>\n\t<meta property=\"og:image:width\" content=\"800\" \/>\n\t<meta property=\"og:image:height\" content=\"481\" \/>\n\t<meta property=\"og:image:type\" content=\"image\/jpeg\" \/>\n<meta name=\"twitter:card\" content=\"summary_large_image\" \/>\n<meta name=\"twitter:label1\" content=\"Arvioitu lukuaika\" \/>\n\t<meta name=\"twitter:data1\" content=\"1 minuutti\" \/>\n<script type=\"application\/ld+json\" class=\"yoast-schema-graph\">{\"@context\":\"https:\/\/schema.org\",\"@graph\":[{\"@type\":\"WebPage\",\"@id\":\"https:\/\/meripelastus.fi\/ala-keitele\/ala-keiteleen-jarvipelastajat\/tule-mukaan\/\",\"url\":\"https:\/\/meripelastus.fi\/ala-keitele\/ala-keiteleen-jarvipelastajat\/tule-mukaan\/\",\"name\":\"Tule mukaan! - Ala-Keiteleen J\u00e4rvipelastajat ry\",\"isPartOf\":{\"@id\":\"https:\/\/meripelastus.fi\/ala-keitele\/#website\"},\"primaryImageOfPage\":{\"@id\":\"https:\/\/meripelastus.fi\/ala-keitele\/ala-keiteleen-jarvipelastajat\/tule-mukaan\/#primaryimage\"},\"image\":{\"@id\":\"https:\/\/meripelastus.fi\/ala-keitele\/ala-keiteleen-jarvipelastajat\/tule-mukaan\/#primaryimage\"},\"thumbnailUrl\":\"https:\/\/meripelastus.fi\/ala-keitele\/wp-content\/uploads\/sites\/31\/2021\/03\/ledmaisno-final-300x180.jpg\",\"datePublished\":\"2020-05-27T13:06:39+00:00\",\"dateModified\":\"2025-05-13T09:45:51+00:00\",\"breadcrumb\":{\"@id\":\"https:\/\/meripelastus.fi\/ala-keitele\/ala-keiteleen-jarvipelastajat\/tule-mukaan\/#breadcrumb\"},\"inLanguage\":\"fi\",\"potentialAction\":[{\"@type\":\"ReadAction\",\"target\":[\"https:\/\/meripelastus.fi\/ala-keitele\/ala-keiteleen-jarvipelastajat\/tule-mukaan\/\"]}]},{\"@type\":\"ImageObject\",\"inLanguage\":\"fi\",\"@id\":\"https:\/\/meripelastus.fi\/ala-keitele\/ala-keiteleen-jarvipelastajat\/tule-mukaan\/#primaryimage\",\"url\":\"https:\/\/meripelastus.fi\/ala-keitele\/wp-content\/uploads\/sites\/31\/2021\/03\/ledmaisno-final.jpg\",\"contentUrl\":\"https:\/\/meripelastus.fi\/ala-keitele\/wp-content\/uploads\/sites\/31\/2021\/03\/ledmaisno-final.jpg\",\"width\":800,\"height\":481},{\"@type\":\"BreadcrumbList\",\"@id\":\"https:\/\/meripelastus.fi\/ala-keitele\/ala-keiteleen-jarvipelastajat\/tule-mukaan\/#breadcrumb\",\"itemListElement\":[{\"@type\":\"ListItem\",\"position\":1,\"name\":\"Etusivu\",\"item\":\"https:\/\/meripelastus.fi\/ala-keitele\/\"},{\"@type\":\"ListItem\",\"position\":2,\"name\":\"Ala-Keiteleen J\u00e4rvipelastajat\",\"item\":\"https:\/\/meripelastus.fi\/ala-keitele\/ala-keiteleen-jarvipelastajat\/\"},{\"@type\":\"ListItem\",\"position\":3,\"name\":\"Tule mukaan!\"}]},{\"@type\":\"WebSite\",\"@id\":\"https:\/\/meripelastus.fi\/ala-keitele\/#website\",\"url\":\"https:\/\/meripelastus.fi\/ala-keitele\/\",\"name\":\"Ala-Keiteleen J\u00e4rvipelastajat ry\",\"description\":\"Vapaaehtoiset apunasi vesill\u00e4\",\"potentialAction\":[{\"@type\":\"SearchAction\",\"target\":{\"@type\":\"EntryPoint\",\"urlTemplate\":\"https:\/\/meripelastus.fi\/ala-keitele\/?s={search_term_string}\"},\"query-input\":{\"@type\":\"PropertyValueSpecification\",\"valueRequired\":true,\"valueName\":\"search_term_string\"}}],\"inLanguage\":\"fi\"}]}<\/script>\n<!-- \/ Yoast SEO Premium plugin. -->","yoast_head_json":{"title":"Tule mukaan! - Ala-Keiteleen J\u00e4rvipelastajat ry","robots":{"index":"index","follow":"follow","max-snippet":"max-snippet:-1","max-image-preview":"max-image-preview:large","max-video-preview":"max-video-preview:-1"},"canonical":"https:\/\/meripelastus.fi\/ala-keitele\/ala-keiteleen-jarvipelastajat\/tule-mukaan\/","og_locale":"fi_FI","og_type":"article","og_title":"Tule mukaan!","og_description":"Ala-Keiteleen J\u00e4rvipelastajat etsiv\u00e4t jatkuvasti uusia j\u00e4seni\u00e4 miehist\u00f6\u00f6ns\u00e4. Et tarvitse aikaisempaa osaamista tai koulutusta, koulutamme kaikki miehist\u00f6n j\u00e4senemme Suomen Meripelastusseuran koulutussuunnitelman mukaisesti. Normaali terveys ja toimintakyky riitt\u00e4v\u00e4t h\u00e4lytysmiehist\u00f6ss\u00e4 toimimiseen. Mukaan toimintaan p\u00e4\u00e4see liittym\u00e4ll\u00e4 Ala-Keiteleen J\u00e4rvipelastajien j\u00e4seneksi. Toimintaan voi tutustua kes\u00e4aikaan viikkoharjoitusten yhteydess\u00e4 keskiviikkoisin kello 17 Suolahden satamassa olevalla tuvalla. Ilmoitathan tulostasi etuk\u00e4teen joko yhdistyksen puhelinnumeroon tai [&hellip;]","og_url":"https:\/\/meripelastus.fi\/ala-keitele\/ala-keiteleen-jarvipelastajat\/tule-mukaan\/","og_site_name":"Ala-Keiteleen J\u00e4rvipelastajat ry","article_modified_time":"2025-05-13T09:45:51+00:00","og_image":[{"width":800,"height":481,"url":"https:\/\/meripelastus.fi\/ala-keitele\/wp-content\/uploads\/sites\/31\/2021\/03\/ledmaisno-final.jpg","type":"image\/jpeg"}],"twitter_card":"summary_large_image","twitter_misc":{"Arvioitu lukuaika":"1 minuutti"},"schema":{"@context":"https:\/\/schema.org","@graph":[{"@type":"WebPage","@id":"https:\/\/meripelastus.fi\/ala-keitele\/ala-keiteleen-jarvipelastajat\/tule-mukaan\/","url":"https:\/\/meripelastus.fi\/ala-keitele\/ala-keiteleen-jarvipelastajat\/tule-mukaan\/","name":"Tule mukaan! - Ala-Keiteleen J\u00e4rvipelastajat ry","isPartOf":{"@id":"https:\/\/meripelastus.fi\/ala-keitele\/#website"},"primaryImageOfPage":{"@id":"https:\/\/meripelastus.fi\/ala-keitele\/ala-keiteleen-jarvipelastajat\/tule-mukaan\/#primaryimage"},"image":{"@id":"https:\/\/meripelastus.fi\/ala-keitele\/ala-keiteleen-jarvipelastajat\/tule-mukaan\/#primaryimage"},"thumbnailUrl":"https:\/\/meripelastus.fi\/ala-keitele\/wp-content\/uploads\/sites\/31\/2021\/03\/ledmaisno-final-300x180.jpg","datePublished":"2020-05-27T13:06:39+00:00","dateModified":"2025-05-13T09:45:51+00:00","breadcrumb":{"@id":"https:\/\/meripelastus.fi\/ala-keitele\/ala-keiteleen-jarvipelastajat\/tule-mukaan\/#breadcrumb"},"inLanguage":"fi","potentialAction":[{"@type":"ReadAction","target":["https:\/\/meripelastus.fi\/ala-keitele\/ala-keiteleen-jarvipelastajat\/tule-mukaan\/"]}]},{"@type":"ImageObject","inLanguage":"fi","@id":"https:\/\/meripelastus.fi\/ala-keitele\/ala-keiteleen-jarvipelastajat\/tule-mukaan\/#primaryimage","url":"https:\/\/meripelastus.fi\/ala-keitele\/wp-content\/uploads\/sites\/31\/2021\/03\/ledmaisno-final.jpg","contentUrl":"https:\/\/meripelastus.fi\/ala-keitele\/wp-content\/uploads\/sites\/31\/2021\/03\/ledmaisno-final.jpg","width":800,"height":481},{"@type":"BreadcrumbList","@id":"https:\/\/meripelastus.fi\/ala-keitele\/ala-keiteleen-jarvipelastajat\/tule-mukaan\/#breadcrumb","itemListElement":[{"@type":"ListItem","position":1,"name":"Etusivu","item":"https:\/\/meripelastus.fi\/ala-keitele\/"},{"@type":"ListItem","position":2,"name":"Ala-Keiteleen J\u00e4rvipelastajat","item":"https:\/\/meripelastus.fi\/ala-keitele\/ala-keiteleen-jarvipelastajat\/"},{"@type":"ListItem","position":3,"name":"Tule mukaan!"}]},{"@type":"WebSite","@id":"https:\/\/meripelastus.fi\/ala-keitele\/#website","url":"https:\/\/meripelastus.fi\/ala-keitele\/","name":"Ala-Keiteleen J\u00e4rvipelastajat ry","description":"Vapaaehtoiset apunasi vesill\u00e4","potentialAction":[{"@type":"SearchAction","target":{"@type":"EntryPoint","urlTemplate":"https:\/\/meripelastus.fi\/ala-keitele\/?s={search_term_string}"},"query-input":{"@type":"PropertyValueSpecification","valueRequired":true,"valueName":"search_term_string"}}],"inLanguage":"fi"}]}},"_links":{"self":[{"href":"https:\/\/meripelastus.fi\/ala-keitele\/wp-json\/wp\/v2\/pages\/196","targetHints":{"allow":["GET"]}}],"collection":[{"href":"https:\/\/meripelastus.fi\/ala-keitele\/wp-json\/wp\/v2\/pages"}],"about":[{"href":"https:\/\/meripelastus.fi\/ala-keitele\/wp-json\/wp\/v2\/types\/page"}],"author":[{"embeddable":true,"href":"https:\/\/meripelastus.fi\/ala-keitele\/wp-json\/wp\/v2\/users\/76"}],"replies":[{"embeddable":true,"href":"https:\/\/meripelastus.fi\/ala-keitele\/wp-json\/wp\/v2\/comments?post=196"}],"version-history":[{"count":8,"href":"https:\/\/meripelastus.fi\/ala-keitele\/wp-json\/wp\/v2\/pages\/196\/revisions"}],"predecessor-version":[{"id":353,"href":"https:\/\/meripelastus.fi\/ala-keitele\/wp-json\/wp\/v2\/pages\/196\/revisions\/353"}],"up":[{"embeddable":true,"href":"https:\/\/meripelastus.fi\/ala-keitele\/wp-json\/wp\/v2\/pages\/6"}],"wp:attachment":[{"href":"https:\/\/meripelastus.fi\/ala-keitele\/wp-json\/wp\/v2\/media?parent=196"}],"curies":[{"name":"wp","href":"https:\/\/api.w.org\/{rel}","templated":true}]}}